{"id":1145,"date":"2019-06-19T18:39:04","date_gmt":"2019-06-19T21:39:04","guid":{"rendered":"https:\/\/wp.ufpel.edu.br\/petfisica\/?page_id=1145"},"modified":"2020-05-15T16:56:23","modified_gmt":"2020-05-15T19:56:23","slug":"fisiquiz-regulamento","status":"publish","type":"page","link":"https:\/\/wp.ufpel.edu.br\/petfisica\/atividades\/fisiquiz\/fisiquiz-regulamento\/","title":{"rendered":"FisiQuiz \u2013 Regulamento"},"content":{"rendered":"<p><span style=\"font-family: arial, helvetica, sans-serif\"><img loading=\"lazy\" decoding=\"async\" class=\"size-medium wp-image-1134 aligncenter\" src=\"https:\/\/wp.ufpel.edu.br\/petfisica\/files\/2019\/05\/FISIQUIZ_COLORIDO-424x170.png\" alt=\"\" width=\"424\" height=\"170\" srcset=\"https:\/\/wp.ufpel.edu.br\/petfisica\/files\/2019\/05\/FISIQUIZ_COLORIDO-424x170.png 424w, https:\/\/wp.ufpel.edu.br\/petfisica\/files\/2019\/05\/FISIQUIZ_COLORIDO-212x85.png 212w, https:\/\/wp.ufpel.edu.br\/petfisica\/files\/2019\/05\/FISIQUIZ_COLORIDO-768x308.png 768w, https:\/\/wp.ufpel.edu.br\/petfisica\/files\/2019\/05\/FISIQUIZ_COLORIDO.png 1236w\" sizes=\"auto, (max-width: 424px) 100vw, 424px\" \/><\/span><\/p>\n<p><span style=\"font-family: arial, helvetica, sans-serif\">Essa atividade foi pensada e desenvolvida pelos petianos do grupo PET-F\u00edsica com o intuito de promover um momento de aprendizagem e descontra\u00e7\u00e3o entre alunos dos cursos de licenciatura e bacharelado em f\u00edsica da UFPel. <strong>Queremos que todos participem!<\/strong> N\u00e3o s\u00f3 pelo, maravilhoso, pr\u00eamio final mas tamb\u00e9m para que voc\u00eas busquem conhecimento sempre e evoluam em seus respectivos cursos!<\/span><\/p>\n<p><span style=\"font-family: arial, helvetica, sans-serif\">Confira o regulamento completo do FisiQuiz no link abaixo:<\/span><\/p>\n<p><span style=\"font-family: arial, helvetica, sans-serif\"><a href=\"https:\/\/wp.ufpel.edu.br\/petfisica\/files\/2019\/05\/regulamento-fisiquiz.pdf\">Regulamento completo<\/a><\/span><\/p>\n<p><span style=\"font-family: arial, helvetica, sans-serif\"><img loading=\"lazy\" decoding=\"async\" class=\"wp-image-1133 alignleft\" src=\"https:\/\/wp.ufpel.edu.br\/petfisica\/files\/2019\/05\/bonecodasarah-318x318.png\" alt=\"\" width=\"159\" height=\"159\" srcset=\"https:\/\/wp.ufpel.edu.br\/petfisica\/files\/2019\/05\/bonecodasarah-318x318.png 318w, https:\/\/wp.ufpel.edu.br\/petfisica\/files\/2019\/05\/bonecodasarah-159x159.png 159w, https:\/\/wp.ufpel.edu.br\/petfisica\/files\/2019\/05\/bonecodasarah-768x768.png 768w, https:\/\/wp.ufpel.edu.br\/petfisica\/files\/2019\/05\/bonecodasarah.png 1000w\" sizes=\"auto, (max-width: 159px) 100vw, 159px\" \/><strong>Datas importantes:\u00a0<\/strong><\/span><\/p>\n<p><span style=\"font-family: arial, helvetica, sans-serif\">In\u00edcio das inscri\u00e7\u00f5es: 27\/05\/2019<\/span><\/p>\n<p><span style=\"font-family: arial, helvetica, sans-serif\">T\u00e9rmino das inscri\u00e7\u00f5es: 10\/06\/2019<\/span><\/p>\n<p><span style=\"font-family: arial, helvetica, sans-serif\"><strong>Monte seu grupo e venha participar!!!<\/strong><\/span><\/p>\n<p>&nbsp;<\/p>\n","protected":false},"excerpt":{"rendered":"<p>Essa atividade foi pensada e desenvolvida pelos petianos do grupo PET-F\u00edsica com o intuito de promover um momento de aprendizagem e descontra\u00e7\u00e3o entre alunos dos cursos de licenciatura e bacharelado em f\u00edsica da UFPel. Queremos que todos participem! N\u00e3o s\u00f3 pelo, maravilhoso, pr\u00eamio final mas tamb\u00e9m para que voc\u00eas busquem conhecimento sempre e evoluam em [&hellip;]<\/p>\n","protected":false},"author":684,"featured_media":1171,"parent":1143,"menu_order":0,"comment_status":"closed","ping_status":"closed","template":"","meta":{"footnotes":""},"class_list":["post-1145","page","type-page","status-publish","has-post-thumbnail","hentry"],"_links":{"self":[{"href":"https:\/\/wp.ufpel.edu.br\/petfisica\/wp-json\/wp\/v2\/pages\/1145","targetHints":{"allow":["GET"]}}],"collection":[{"href":"https:\/\/wp.ufpel.edu.br\/petfisica\/wp-json\/wp\/v2\/pages"}],"about":[{"href":"https:\/\/wp.ufpel.edu.br\/petfisica\/wp-json\/wp\/v2\/types\/page"}],"author":[{"embeddable":true,"href":"https:\/\/wp.ufpel.edu.br\/petfisica\/wp-json\/wp\/v2\/users\/684"}],"replies":[{"embeddable":true,"href":"https:\/\/wp.ufpel.edu.br\/petfisica\/wp-json\/wp\/v2\/comments?post=1145"}],"version-history":[{"count":3,"href":"https:\/\/wp.ufpel.edu.br\/petfisica\/wp-json\/wp\/v2\/pages\/1145\/revisions"}],"predecessor-version":[{"id":1547,"href":"https:\/\/wp.ufpel.edu.br\/petfisica\/wp-json\/wp\/v2\/pages\/1145\/revisions\/1547"}],"up":[{"embeddable":true,"href":"https:\/\/wp.ufpel.edu.br\/petfisica\/wp-json\/wp\/v2\/pages\/1143"}],"wp:featuredmedia":[{"embeddable":true,"href":"https:\/\/wp.ufpel.edu.br\/petfisica\/wp-json\/wp\/v2\/media\/1171"}],"wp:attachment":[{"href":"https:\/\/wp.ufpel.edu.br\/petfisica\/wp-json\/wp\/v2\/media?parent=1145"}],"curies":[{"name":"wp","href":"https:\/\/api.w.org\/{rel}","templated":true}]}}