{"id":1108,"date":"2019-04-03T12:51:38","date_gmt":"2019-04-03T15:51:38","guid":{"rendered":"https:\/\/wp.ufpel.edu.br\/petfisica\/?page_id=1108"},"modified":"2020-05-15T17:08:16","modified_gmt":"2020-05-15T20:08:16","slug":"edital-2019-1-2","status":"publish","type":"page","link":"https:\/\/wp.ufpel.edu.br\/petfisica\/selecao-de-bolsistas-2\/edital-2019-1-2\/","title":{"rendered":"Edital N\u00b0 01\/2019-1"},"content":{"rendered":"<p><span style=\"font-family: arial, helvetica, sans-serif;font-size: 14pt\"><strong>Sele\u00e7\u00e3o de novos petianos Edital 2019-1 <\/strong><\/span><\/p>\n<p><span style=\"font-family: arial, helvetica, sans-serif;font-size: 14pt\"><strong>RESULTADO FINAL (por ordem de classifica\u00e7\u00e3o)<\/strong><\/span><\/p>\n<p><span style=\"font-family: arial, helvetica, sans-serif;font-size: 14pt\">Os aprovados devem comparecer na sala do grupo PET-F\u00edsica, dia 17\/04\/2019 \u00e0s 13:00 horas.<\/span><\/p>\n<table border=\"0\" cellspacing=\"0\">\n<colgroup width=\"270\"><\/colgroup>\n<tbody>\n<tr>\n<td align=\"left\" height=\"17\"><span style=\"font-family: arial, helvetica, sans-serif;font-size: 14pt\">Jo\u00e3o Eduardo de Magalh\u00e3es Salvador<\/span><\/td>\n<\/tr>\n<tr>\n<td align=\"left\" height=\"17\"><span style=\"font-family: arial, helvetica, sans-serif;font-size: 14pt\">Sarah Esther da Silva Saab<\/span><\/td>\n<\/tr>\n<tr>\n<td align=\"left\" height=\"17\"><span style=\"font-family: arial, helvetica, sans-serif;font-size: 14pt\">J\u00falia Pacheco Nunez<\/span><\/td>\n<\/tr>\n<tr>\n<td align=\"left\" height=\"17\"><span style=\"font-family: arial, helvetica, sans-serif;font-size: 14pt\">Lucas Avila Pinheiro<\/span><\/td>\n<\/tr>\n<tr>\n<td align=\"left\" height=\"17\"><span style=\"font-family: arial, helvetica, sans-serif;font-size: 14pt\">Milena Costa Guidotti<\/span><\/td>\n<\/tr>\n<tr>\n<td align=\"left\" height=\"17\"><span style=\"font-family: arial, helvetica, sans-serif;font-size: 14pt\">Bernardo Pinto Silveira<\/span><\/td>\n<\/tr>\n<tr>\n<td align=\"left\" height=\"17\"><span style=\"font-family: arial, helvetica, sans-serif;font-size: 14pt\">Maur\u00edcio Fonseca Rodrigues<\/span><\/td>\n<\/tr>\n<\/tbody>\n<\/table>\n<p>&nbsp;<\/p>\n<p><span style=\"font-family: arial, helvetica, sans-serif;font-size: 14pt\"><strong>Inscri\u00e7\u00f5es homologadas<br \/>\n<\/strong>Alfredo Achterberg Sanchonete Pacheco<\/span><br \/>\n<span style=\"font-family: arial, helvetica, sans-serif;font-size: 14pt\">Bernardo Pinto Silveira<\/span><br \/>\n<span style=\"font-family: arial, helvetica, sans-serif;font-size: 14pt\">Giovani da Silva Vargas<\/span><br \/>\n<span style=\"font-family: arial, helvetica, sans-serif;font-size: 14pt\">Henrique Gonczoroski da Silva<\/span><br \/>\n<span style=\"font-family: arial, helvetica, sans-serif;font-size: 14pt\">Jo\u00e3o Eduardo de Magalh\u00e3es Salvador<\/span><br \/>\n<span style=\"font-family: arial, helvetica, sans-serif;font-size: 14pt\">Jonathan Ribeiro Avila<\/span><br \/>\n<span style=\"font-family: arial, helvetica, sans-serif;font-size: 14pt\">J\u00falia Pacheco Nunez<\/span><br \/>\n<span style=\"font-family: arial, helvetica, sans-serif;font-size: 14pt\">Leonardo Vilela da Silva<\/span><br \/>\n<span style=\"font-family: arial, helvetica, sans-serif;font-size: 14pt\">Lucas Avila Pinheiro<\/span><br \/>\n<span style=\"font-family: arial, helvetica, sans-serif;font-size: 14pt\">Mateus Alkimim Alves<\/span><br \/>\n<span style=\"font-family: arial, helvetica, sans-serif;font-size: 14pt\">Matheus Thome Dieger<\/span><br \/>\n<span style=\"font-family: arial, helvetica, sans-serif;font-size: 14pt\">Maur\u00edcio Fonseca Rodrigues<\/span><br \/>\n<span style=\"font-family: arial, helvetica, sans-serif;font-size: 14pt\">Milena Costa Guidotti<\/span><br \/>\n<span style=\"font-family: arial, helvetica, sans-serif;font-size: 14pt\">Neilson Lopes de Sousa<\/span><br \/>\n<span style=\"font-family: arial, helvetica, sans-serif;font-size: 14pt\">Richard de Oliveira Rodrigues<\/span><br \/>\n<span style=\"font-family: arial, helvetica, sans-serif;font-size: 14pt\">Sarah Esther da Silva Saab<\/span><br \/>\n<span style=\"font-family: arial, helvetica, sans-serif;font-size: 14pt\">Thissiana da Cunha Fernandes<\/span><\/p>\n<p><span style=\"font-family: arial, helvetica, sans-serif;font-size: 14pt\"><strong>N\u00e3o homologado<br \/>\n<\/strong>Miguel Moura dos Santos (falta de documentos)<\/span><\/p>\n<p align=\"center\"><span style=\"font-family: arial, helvetica, sans-serif;font-size: 14pt\"><strong><span style=\"color: #000000\">Pr\u00f3ximas etapas do processo:<\/span><br \/>\nTodas as etapas ocorrer\u00e3o na sala do Grupo PET-F\u00edsica.<br \/>\n<\/strong><\/span><\/p>\n<p style=\"text-align: justify\" align=\"center\"><span style=\"font-family: arial, helvetica, sans-serif;font-size: 14pt\">Cada candidato \u00e9 respons\u00e1vel pela sua presen\u00e7a em cada etapa do processo, sendo crit\u00e9rio para desclassifica\u00e7\u00e3o. Os hor\u00e1rios para as atividades seguir\u00e3o o cronograma abaixo.<\/span><\/p>\n<ul>\n<li><span style=\"font-family: arial, helvetica, sans-serif;font-size: 14pt\"><strong>Entrega do memorial descritivo<\/strong><\/span><br \/>\n<span style=\"font-family: arial, helvetica, sans-serif;font-size: 14pt\">Data: 03 de abril de 2019 das 13:00 horas \u00e0s 13:30 horas<\/span><br \/>\n<span style=\"font-family: arial, helvetica, sans-serif;font-size: 14pt\"><strong>Sorteio dos grupos de trabalho<\/strong> (Apresenta\u00e7\u00e3o MOB e Proposta de atividade) Ap\u00f3s e entrega de memorial.<\/span><\/li>\n<li><span style=\"font-family: arial, helvetica, sans-serif;font-size: 14pt\"><strong>Trabalho em Grupo sobre o PET- Apresenta\u00e7\u00e3o do MOB<\/strong><strong>.<\/strong><\/span><\/li>\n<\/ul>\n<table style=\"height: 168px;width: 100%;border-collapse: collapse;border-style: solid;border-color: #000000\" border=\"1\">\n<tbody>\n<tr style=\"height: 24px\">\n<td style=\"width: 114.844%;height: 24px;text-align: center\" colspan=\"3\"><span style=\"font-size: 14pt;font-family: arial, helvetica, sans-serif\"><strong>08 de abril de 2019<\/strong><\/span><\/td>\n<\/tr>\n<tr style=\"height: 24px\">\n<td style=\"width: 58.1081%;height: 24px\"><span style=\"font-family: arial, helvetica, sans-serif;font-size: 14pt\"><strong>Grupos<\/strong><\/span><\/td>\n<td style=\"width: 21.7559%;height: 24px;text-align: center\"><span style=\"font-family: arial, helvetica, sans-serif;font-size: 14pt\"><strong>Hor\u00e1rio in\u00edcio<\/strong><\/span><\/td>\n<td style=\"width: 34.9797%;height: 24px;text-align: center\"><span style=\"font-family: arial, helvetica, sans-serif;font-size: 14pt\"><strong>Hor\u00e1rio final<\/strong><\/span><\/td>\n<\/tr>\n<tr style=\"height: 24px\">\n<td style=\"width: 58.1081%;height: 24px\"><span style=\"font-family: arial, helvetica, sans-serif;font-size: 14pt\">B (Jonathan, Maur\u00edcio e Neilson)<\/span><\/td>\n<td style=\"width: 21.7559%;height: 24px;text-align: center\"><span style=\"font-family: arial, helvetica, sans-serif;font-size: 14pt\">17:00<\/span><\/td>\n<td style=\"width: 34.9797%;height: 24px;text-align: center\"><span style=\"font-family: arial, helvetica, sans-serif;font-size: 14pt\">17:20<\/span><\/td>\n<\/tr>\n<tr style=\"height: 24px\">\n<td style=\"width: 58.1081%;height: 24px\"><span style=\"font-family: arial, helvetica, sans-serif;font-size: 14pt\">C (Bernando, J\u00falia e Lucas)<\/span><\/td>\n<td style=\"width: 21.7559%;height: 24px;text-align: center\"><span style=\"font-family: arial, helvetica, sans-serif;font-size: 14pt\">17:25<\/span><\/td>\n<td style=\"width: 34.9797%;height: 24px;text-align: center\"><span style=\"font-family: arial, helvetica, sans-serif;font-size: 14pt\">17:45<\/span><\/td>\n<\/tr>\n<tr style=\"height: 24px\">\n<td style=\"width: 58.1081%;height: 24px\"><span style=\"font-family: arial, helvetica, sans-serif;font-size: 14pt\">D (Alfredo, Leonardo, Mateus Alves e Milena)<\/span><\/td>\n<td style=\"width: 21.7559%;height: 24px;text-align: center\"><span style=\"font-family: arial, helvetica, sans-serif;font-size: 14pt\">17:50<\/span><\/td>\n<td style=\"width: 34.9797%;height: 24px;text-align: center\"><span style=\"font-family: arial, helvetica, sans-serif;font-size: 14pt\">18:10<\/span><\/td>\n<\/tr>\n<tr style=\"height: 24px\">\n<td style=\"width: 58.1081%;height: 24px\"><span style=\"font-family: arial, helvetica, sans-serif;font-size: 14pt\">E (Jo\u00e3o, Sarah e Thissiana)<\/span><\/td>\n<td style=\"width: 21.7559%;height: 24px;text-align: center\"><span style=\"font-family: arial, helvetica, sans-serif;font-size: 14pt\">18:15<\/span><\/td>\n<td style=\"width: 34.9797%;height: 24px;text-align: center\"><span style=\"font-family: arial, helvetica, sans-serif;font-size: 14pt\">18:35<\/span><\/td>\n<\/tr>\n<\/tbody>\n<\/table>\n<p>&nbsp;<\/p>\n<ul>\n<li><span style=\"font-family: arial, helvetica, sans-serif;font-size: 14pt\"><strong>Proposta de atividade<\/strong><\/span><br \/>\n<table style=\"border-style: none\" border=\"1\">\n<tbody>\n<tr style=\"height: 28px\">\n<td style=\"width: 625px;height: 28px;text-align: center\" colspan=\"3\"><span style=\"font-size: 14pt;font-family: arial, helvetica, sans-serif\"><strong>10 de abril de 2019<\/strong><\/span><\/td>\n<\/tr>\n<tr style=\"height: 24px\">\n<td style=\"width: 471px;height: 24px\"><span style=\"font-family: arial, helvetica, sans-serif;font-size: 14pt\"><strong>Grupos<\/strong><\/span><\/td>\n<td style=\"width: 127px;height: 24px\"><span style=\"font-family: arial, helvetica, sans-serif;font-size: 14pt\"><strong>Hor\u00e1rio in\u00edcio<\/strong><\/span><\/td>\n<td style=\"width: 27px;height: 24px\"><span style=\"font-family: arial, helvetica, sans-serif;font-size: 14pt\"><strong>Hor\u00e1rio final<\/strong><\/span><\/td>\n<\/tr>\n<tr style=\"height: 24px\">\n<td style=\"width: 471px;height: 24px\"><span style=\"font-family: arial, helvetica, sans-serif;font-size: 14pt\">1 (Alfredo, Jonathan, Maur\u00edcio e Neilson)<\/span><\/td>\n<td style=\"width: 127px;height: 24px\"><span style=\"font-family: arial, helvetica, sans-serif;font-size: 14pt\">17:00<\/span><\/td>\n<td style=\"width: 27px;height: 24px\"><span style=\"font-family: arial, helvetica, sans-serif;font-size: 14pt\">17:20<\/span><\/td>\n<\/tr>\n<tr style=\"height: 24px\">\n<td style=\"width: 471px;height: 24px\"><span style=\"font-family: arial, helvetica, sans-serif;font-size: 14pt\">2 (Jo\u00e3o, Lucas e Thissiana)<\/span><\/td>\n<td style=\"width: 127px;height: 24px\"><span style=\"font-family: arial, helvetica, sans-serif;font-size: 14pt\">17:25<\/span><\/td>\n<td style=\"width: 27px;height: 24px\"><span style=\"font-family: arial, helvetica, sans-serif;font-size: 14pt\">17:45<\/span><\/td>\n<\/tr>\n<tr style=\"height: 24px\">\n<td style=\"width: 471px;height: 24px\"><span style=\"font-family: arial, helvetica, sans-serif;font-size: 14pt\">3 (Bernando, Milena e Sarah)<\/span><\/td>\n<td style=\"width: 127px;height: 24px\"><span style=\"font-family: arial, helvetica, sans-serif;font-size: 14pt\">17:50<\/span><\/td>\n<td style=\"width: 27px;height: 24px\"><span style=\"font-family: arial, helvetica, sans-serif;font-size: 14pt\">18:10<\/span><\/td>\n<\/tr>\n<tr style=\"height: 24px\">\n<td style=\"width: 471px;height: 24px\"><span style=\"font-family: arial, helvetica, sans-serif;font-size: 14pt\">4 (J\u00falia, Leonardo e Mateus Alves)<\/span><\/td>\n<td style=\"width: 127px;height: 24px\"><span style=\"font-family: arial, helvetica, sans-serif;font-size: 14pt\">18:15<\/span><\/td>\n<td style=\"width: 27px;height: 24px\"><span style=\"font-family: arial, helvetica, sans-serif;font-size: 14pt\">18:35<\/span><\/td>\n<\/tr>\n<\/tbody>\n<\/table>\n<\/li>\n<li><span style=\"font-family: arial, helvetica, sans-serif;font-size: 14pt\"><strong>Defesa de memorial:<\/strong><\/span><\/li>\n<\/ul>\n<table style=\"border-collapse: collapse;width: 100%\" border=\"1\">\n<tbody>\n<tr style=\"height: 24px\">\n<td style=\"width: 100%;text-align: center;height: 24px\" colspan=\"3\"><span style=\"font-size: 14pt;font-family: arial, helvetica, sans-serif\"><strong>12 de abril de 2019<\/strong><\/span><\/td>\n<\/tr>\n<tr style=\"height: 24px\">\n<td style=\"width: 53.1771%;height: 24px\"><span style=\"font-family: arial, helvetica, sans-serif;font-size: 14pt\"><strong>Candidato<\/strong><\/span><\/td>\n<td style=\"width: 23.9586%;height: 24px;text-align: center\"><span style=\"font-family: arial, helvetica, sans-serif;font-size: 14pt\"><strong>Hor\u00e1rio in\u00edcio<\/strong><\/span><\/td>\n<td style=\"width: 22.8646%;height: 24px;text-align: center\"><span style=\"font-family: arial, helvetica, sans-serif;font-size: 14pt\"><strong>Hor\u00e1rio final<\/strong><\/span><\/td>\n<\/tr>\n<tr style=\"height: 24px\">\n<td style=\"width: 53.1771%;height: 24px\"><span style=\"font-family: arial, helvetica, sans-serif;font-size: 14pt\">Alfredo Achterberg Sanchonete Pacheco<\/span><\/td>\n<td style=\"width: 23.9586%;height: 24px;text-align: center\"><span style=\"font-family: arial, helvetica, sans-serif;font-size: 14pt\">16:00<\/span><\/td>\n<td style=\"width: 22.8646%;height: 24px;text-align: center\"><span style=\"font-family: arial, helvetica, sans-serif;font-size: 14pt\">16:20<\/span><\/td>\n<\/tr>\n<tr style=\"height: 24px\">\n<td style=\"width: 53.1771%;height: 24px\"><span style=\"font-family: arial, helvetica, sans-serif;font-size: 14pt\">Bernardo Pinto Silveira<\/span><\/td>\n<td style=\"width: 23.9586%;height: 24px;text-align: center\"><span style=\"font-family: arial, helvetica, sans-serif;font-size: 14pt\">16:20<\/span><\/td>\n<td style=\"width: 22.8646%;height: 24px;text-align: center\"><span style=\"font-family: arial, helvetica, sans-serif;font-size: 14pt\">16:40<\/span><\/td>\n<\/tr>\n<tr style=\"height: 24px\">\n<td style=\"width: 53.1771%;height: 24px\"><span style=\"font-family: arial, helvetica, sans-serif;font-size: 14pt\">Jonathan Ribeiro Avila<\/span><\/td>\n<td style=\"width: 23.9586%;height: 24px;text-align: center\"><span style=\"font-family: arial, helvetica, sans-serif;font-size: 14pt\">16:40<\/span><\/td>\n<td style=\"width: 22.8646%;height: 24px;text-align: center\"><span style=\"font-family: arial, helvetica, sans-serif;font-size: 14pt\">17:00<\/span><\/td>\n<\/tr>\n<tr style=\"height: 24px\">\n<td style=\"width: 53.1771%;height: 24px\"><span style=\"font-family: arial, helvetica, sans-serif;font-size: 14pt\">J\u00falia Pacheco Nunez<\/span><\/td>\n<td style=\"width: 23.9586%;height: 24px;text-align: center\"><span style=\"font-family: arial, helvetica, sans-serif;font-size: 14pt\">17:00<\/span><\/td>\n<td style=\"width: 22.8646%;height: 24px;text-align: center\"><span style=\"font-family: arial, helvetica, sans-serif;font-size: 14pt\">17:20<\/span><\/td>\n<\/tr>\n<tr style=\"height: 24px\">\n<td style=\"width: 53.1771%;height: 24px\"><span style=\"font-family: arial, helvetica, sans-serif;font-size: 14pt\">Leonardo Vilela da Silva<\/span><\/td>\n<td style=\"width: 23.9586%;height: 24px;text-align: center\"><span style=\"font-family: arial, helvetica, sans-serif;font-size: 14pt\">17:20<\/span><\/td>\n<td style=\"width: 22.8646%;height: 24px;text-align: center\"><span style=\"font-family: arial, helvetica, sans-serif;font-size: 14pt\">17:40<\/span><\/td>\n<\/tr>\n<tr style=\"height: 24px\">\n<td style=\"width: 53.1771%;height: 24px\"><span style=\"font-family: arial, helvetica, sans-serif;font-size: 14pt\">Lucas Avila Pinheiro<\/span><\/td>\n<td style=\"width: 23.9586%;height: 24px;text-align: center\"><span style=\"font-family: arial, helvetica, sans-serif;font-size: 14pt\">17:40<\/span><\/td>\n<td style=\"width: 22.8646%;height: 24px;text-align: center\"><span style=\"font-family: arial, helvetica, sans-serif;font-size: 14pt\">18:00<\/span><\/td>\n<\/tr>\n<\/tbody>\n<\/table>\n<p>&nbsp;<\/p>\n<table style=\"height: 268px\" border=\"1\">\n<tbody>\n<tr style=\"height: 28px\">\n<td style=\"text-align: center;width: 640px;height: 28px\" colspan=\"3\"><span style=\"font-size: 14pt;font-family: arial, helvetica, sans-serif\"><strong>15 de abril de 2019<\/strong><\/span><\/td>\n<\/tr>\n<tr style=\"height: 24px\">\n<td style=\"width: 395px;height: 24px\"><span style=\"font-family: arial, helvetica, sans-serif;font-size: 14pt\"><strong><span style=\"color: #000000\">Candidato<\/span><\/strong><\/span><\/td>\n<td style=\"text-align: center;width: 128px;height: 24px\"><span style=\"font-family: arial, helvetica, sans-serif;font-size: 14pt\"><strong><span style=\"color: #000000\">Hor\u00e1rio in\u00edcio<\/span><\/strong><\/span><\/td>\n<td style=\"text-align: center;width: 117px;height: 24px\"><span style=\"font-family: arial, helvetica, sans-serif;font-size: 14pt\"><strong><span style=\"color: #000000\">Hor\u00e1rio final<\/span><\/strong><\/span><\/td>\n<\/tr>\n<tr style=\"height: 24px\">\n<td style=\"width: 395px;height: 24px\"><span style=\"font-family: arial, helvetica, sans-serif;font-size: 14pt\">Mateus Alkimim Alves<\/span><\/td>\n<td style=\"text-align: center;width: 128px;height: 24px\"><span style=\"font-family: arial, helvetica, sans-serif;font-size: 14pt\">16:00<\/span><\/td>\n<td style=\"text-align: center;width: 117px;height: 24px\"><span style=\"font-family: arial, helvetica, sans-serif;font-size: 14pt\">16:20<\/span><\/td>\n<\/tr>\n<tr style=\"height: 24px\">\n<td style=\"width: 395px;height: 24px\"><span style=\"font-family: arial, helvetica, sans-serif;font-size: 14pt\">Maur\u00edcio Fonseca Rodrigues<\/span><\/td>\n<td style=\"text-align: center;width: 128px;height: 24px\"><span style=\"font-family: arial, helvetica, sans-serif;font-size: 14pt\">16:20<\/span><\/td>\n<td style=\"text-align: center;width: 117px;height: 24px\"><span style=\"font-family: arial, helvetica, sans-serif;font-size: 14pt\">16:40<\/span><\/td>\n<\/tr>\n<tr style=\"height: 24px\">\n<td style=\"width: 395px;height: 24px\"><span style=\"font-family: arial, helvetica, sans-serif;font-size: 14pt\">Milena Costa Guidotti<\/span><\/td>\n<td style=\"text-align: center;width: 128px;height: 24px\"><span style=\"font-family: arial, helvetica, sans-serif;font-size: 14pt\">16:40<\/span><\/td>\n<td style=\"text-align: center;width: 117px;height: 24px\"><span style=\"font-family: arial, helvetica, sans-serif;font-size: 14pt\">17:00<\/span><\/td>\n<\/tr>\n<tr style=\"height: 24px\">\n<td style=\"width: 395px;height: 24px\"><span style=\"font-family: arial, helvetica, sans-serif;font-size: 14pt\">Neilson Lopes de Sousa<\/span><\/td>\n<td style=\"text-align: center;width: 128px;height: 24px\"><span style=\"font-family: arial, helvetica, sans-serif;font-size: 14pt\">17:00<\/span><\/td>\n<td style=\"text-align: center;width: 117px;height: 24px\"><span style=\"font-family: arial, helvetica, sans-serif;font-size: 14pt\">17:20<\/span><\/td>\n<\/tr>\n<tr style=\"height: 24px\">\n<td style=\"width: 395px;height: 24px\"><span style=\"font-family: arial, helvetica, sans-serif;font-size: 14pt\">Sarah Esther da Silva Saab<\/span><\/td>\n<td style=\"text-align: center;width: 128px;height: 24px\"><span style=\"font-family: arial, helvetica, sans-serif;font-size: 14pt\">17:20<\/span><\/td>\n<td style=\"text-align: center;width: 117px;height: 24px\"><span style=\"font-family: arial, helvetica, sans-serif;font-size: 14pt\">17:40<\/span><\/td>\n<\/tr>\n<tr style=\"height: 24px\">\n<td style=\"width: 395px;height: 24px\"><span style=\"font-family: arial, helvetica, sans-serif;font-size: 14pt\">Thissiana da Cunha Fernandes<\/span><\/td>\n<td style=\"text-align: center;width: 128px;height: 24px\"><span style=\"font-family: arial, helvetica, sans-serif;font-size: 14pt\">17:40<\/span><\/td>\n<td style=\"text-align: center;width: 117px;height: 24px\"><span style=\"font-family: arial, helvetica, sans-serif;font-size: 14pt\">18:00<\/span><\/td>\n<\/tr>\n<tr style=\"height: 24px\">\n<td style=\"width: 395px;height: 24px\"><span style=\"font-family: arial, helvetica, sans-serif;font-size: 14pt\">Jo\u00e3o Eduardo de Magalh\u00e3es Salvador<\/span><\/td>\n<td style=\"text-align: center;width: 128px;height: 24px\"><span style=\"font-family: arial, helvetica, sans-serif;font-size: 14pt\">18:00<\/span><\/td>\n<td style=\"text-align: center;width: 117px;height: 24px\"><span style=\"font-family: arial, helvetica, sans-serif;font-size: 14pt\">18:20<\/span><\/td>\n<\/tr>\n<\/tbody>\n<\/table>\n<p>&nbsp;<\/p>\n<ul>\n<li><span style=\"font-family: arial, helvetica, sans-serif;font-size: 14pt\"><strong>Divulga\u00e7\u00e3o dos resultados:<\/strong> A partir do dia 17 de abril de 2019.<\/span><\/li>\n<\/ul>\n<hr \/>\n<p><span style=\"font-family: arial, helvetica, sans-serif;font-size: 14pt\"><strong>O Grupo PET-F\u00edsica torna p\u00fablico o edital para a sele\u00e7\u00e3o de novos petianos 2019 &#8211; 1 (treze vagas)<\/strong><\/span><\/p>\n<p align=\"justify\"><span style=\"font-family: arial, helvetica, sans-serif;font-size: 14pt\">Edital para o preenchimento de <b>1<\/b><b>3<\/b> <b>(<\/b><b>treze<\/b><b>) <\/b>vagas, das quais 07<b> (<\/b><b>se<\/b><b>te<\/b><b>) na qualidade de bolsistas<\/b> (provimentos de R$ 400,00) e as outras 06 (seis)<b> na qualidade de n\u00e3o bolsistas<\/b>.<b> <\/b>Poder\u00e3o participar do processo acad\u00eamicos dos cursos de <u>Licenciatura em F\u00edsica <\/u><u>e<\/u><u> Bacharelado em F\u00edsica,<\/u> devidamente matriculados.<\/span><\/p>\n<p><span style=\"font-family: arial, helvetica, sans-serif;font-size: 14pt\"><strong>As inscri\u00e7\u00f5es devem ser realizadas na sala do grupo PET-F\u00edsica (sala 101, no pr\u00e9dio 16 do IFM).<\/strong> <strong>No per\u00edodo entre 13 \u00e0 29 de mar\u00e7o de 2019 das 8:30h \u00e0s 17h.<\/strong><\/span><\/p>\n<p><span style=\"font-family: arial, helvetica, sans-serif;font-size: 14pt\">Para mais informa\u00e7\u00f5es, consultar o edital completo. (<a href=\"https:\/\/wp.ufpel.edu.br\/petfisica\/files\/2019\/03\/Fisica-edital_selecao-2019-1.pdf\" target=\"_blank\" rel=\"noopener noreferrer\">Edital-2019-1<\/a>)<\/span><\/p>\n<p>&nbsp;<\/p>\n<p>&nbsp;<\/p>\n<p>&nbsp;<\/p>\n","protected":false},"excerpt":{"rendered":"<p>Sele\u00e7\u00e3o de novos petianos Edital 2019-1 RESULTADO FINAL (por ordem de classifica\u00e7\u00e3o) Os aprovados devem comparecer na sala do grupo PET-F\u00edsica, dia 17\/04\/2019 \u00e0s 13:00 horas. Jo\u00e3o Eduardo de Magalh\u00e3es Salvador Sarah Esther da Silva Saab J\u00falia Pacheco Nunez Lucas Avila Pinheiro Milena Costa Guidotti Bernardo Pinto Silveira Maur\u00edcio Fonseca Rodrigues &nbsp; Inscri\u00e7\u00f5es homologadas Alfredo [&hellip;]<\/p>\n","protected":false},"author":684,"featured_media":0,"parent":1087,"menu_order":96,"comment_status":"closed","ping_status":"closed","template":"","meta":{"footnotes":""},"class_list":["post-1108","page","type-page","status-publish","hentry"],"_links":{"self":[{"href":"https:\/\/wp.ufpel.edu.br\/petfisica\/wp-json\/wp\/v2\/pages\/1108","targetHints":{"allow":["GET"]}}],"collection":[{"href":"https:\/\/wp.ufpel.edu.br\/petfisica\/wp-json\/wp\/v2\/pages"}],"about":[{"href":"https:\/\/wp.ufpel.edu.br\/petfisica\/wp-json\/wp\/v2\/types\/page"}],"author":[{"embeddable":true,"href":"https:\/\/wp.ufpel.edu.br\/petfisica\/wp-json\/wp\/v2\/users\/684"}],"replies":[{"embeddable":true,"href":"https:\/\/wp.ufpel.edu.br\/petfisica\/wp-json\/wp\/v2\/comments?post=1108"}],"version-history":[{"count":16,"href":"https:\/\/wp.ufpel.edu.br\/petfisica\/wp-json\/wp\/v2\/pages\/1108\/revisions"}],"predecessor-version":[{"id":1577,"href":"https:\/\/wp.ufpel.edu.br\/petfisica\/wp-json\/wp\/v2\/pages\/1108\/revisions\/1577"}],"up":[{"embeddable":true,"href":"https:\/\/wp.ufpel.edu.br\/petfisica\/wp-json\/wp\/v2\/pages\/1087"}],"wp:attachment":[{"href":"https:\/\/wp.ufpel.edu.br\/petfisica\/wp-json\/wp\/v2\/media?parent=1108"}],"curies":[{"name":"wp","href":"https:\/\/api.w.org\/{rel}","templated":true}]}}