{"id":1094,"date":"2019-03-25T23:11:02","date_gmt":"2019-03-26T02:11:02","guid":{"rendered":"https:\/\/wp.ufpel.edu.br\/petfisica\/?page_id=1094"},"modified":"2020-05-15T17:08:42","modified_gmt":"2020-05-15T20:08:42","slug":"1094-2","status":"publish","type":"page","link":"https:\/\/wp.ufpel.edu.br\/petfisica\/selecao-de-bolsistas-2\/1094-2\/","title":{"rendered":"Edital N\u00b0 01\/2018-1"},"content":{"rendered":"<ul>\n<li><span style=\"font-family: arial, helvetica, sans-serif;font-size: 14pt\"><strong>INSCRI\u00c7\u00d5ES HOMOLOGADAS &#8211; Edital 2018\/1<br \/>\n<\/strong><\/span><\/p>\n<table border=\"0\" cellspacing=\"0\">\n<colgroup width=\"295\"><\/colgroup>\n<colgroup span=\"2\" width=\"85\"><\/colgroup>\n<tbody>\n<tr>\n<td align=\"left\" height=\"17\"><span style=\"font-family: arial, helvetica, sans-serif;font-size: 14pt\">Andrei Rocha Furtado<\/span><\/td>\n<td align=\"left\"><span style=\"font-family: arial, helvetica, sans-serif;font-size: 14pt\">18102373<\/span><\/td>\n<\/tr>\n<tr>\n<td align=\"left\" height=\"17\"><span style=\"font-family: arial, helvetica, sans-serif;font-size: 14pt\">Alessandra Horbach Barbosa<\/span><\/td>\n<td align=\"left\"><span style=\"font-family: arial, helvetica, sans-serif;font-size: 14pt\">18102163<\/span><\/td>\n<\/tr>\n<tr>\n<td align=\"left\" height=\"17\"><span style=\"font-family: arial, helvetica, sans-serif;font-size: 14pt\">Gabriel Martins dos Santos<\/span><\/td>\n<td align=\"left\"><span style=\"font-family: arial, helvetica, sans-serif;font-size: 14pt\">17100475<\/span><\/td>\n<\/tr>\n<tr>\n<td align=\"left\" height=\"17\"><span style=\"font-family: arial, helvetica, sans-serif;font-size: 14pt\">Icaro dos Santos Costa<\/span><\/td>\n<td align=\"left\"><span style=\"font-family: arial, helvetica, sans-serif;font-size: 14pt\">18100430<\/span><\/td>\n<\/tr>\n<tr>\n<td align=\"left\" height=\"17\"><span style=\"font-family: arial, helvetica, sans-serif;font-size: 14pt\">Jean Batista Carneiro<\/span><\/td>\n<td align=\"left\"><span style=\"font-family: arial, helvetica, sans-serif;font-size: 14pt\">18103012<\/span><\/td>\n<\/tr>\n<tr>\n<td align=\"left\" height=\"17\"><span style=\"font-family: arial, helvetica, sans-serif;font-size: 14pt\">Jo\u00e3o Henrique Ricaldone de Sousa<\/span><\/td>\n<td align=\"left\"><span style=\"font-family: arial, helvetica, sans-serif;font-size: 14pt\">18102174<\/span><\/td>\n<\/tr>\n<tr>\n<td align=\"left\" height=\"17\"><span style=\"font-family: arial, helvetica, sans-serif;font-size: 14pt\">Jonathan Gon\u00e7alves Barbosa<\/span><\/td>\n<td align=\"left\"><span style=\"font-family: arial, helvetica, sans-serif;font-size: 14pt\">18100320<\/span><\/td>\n<\/tr>\n<tr>\n<td align=\"left\" height=\"17\"><span style=\"font-family: arial, helvetica, sans-serif;font-size: 14pt\">Marcelo Augusto Pereira dos Santos<\/span><\/td>\n<td align=\"left\"><span style=\"font-family: arial, helvetica, sans-serif;font-size: 14pt\">17100435<\/span><\/td>\n<\/tr>\n<tr>\n<td align=\"left\" height=\"17\"><span style=\"font-family: arial, helvetica, sans-serif;font-size: 14pt\">Maxwel Henri da Silva<\/span><\/td>\n<td align=\"left\"><span style=\"font-family: arial, helvetica, sans-serif;font-size: 14pt\">16101617<\/span><\/td>\n<\/tr>\n<tr>\n<td align=\"left\" height=\"17\"><span style=\"font-family: arial, helvetica, sans-serif;font-size: 14pt\">Pablo dos Santos Sodr\u00e9<\/span><\/td>\n<td align=\"left\"><span style=\"font-family: arial, helvetica, sans-serif;font-size: 14pt\">17102585<\/span><\/td>\n<\/tr>\n<tr>\n<td align=\"left\" height=\"17\"><span style=\"font-family: arial, helvetica, sans-serif;font-size: 14pt\">S\u00e9rgio Vin\u00edcius de Faria Scholante<\/span><\/td>\n<td align=\"left\"><span style=\"font-family: arial, helvetica, sans-serif;font-size: 14pt\">18100234<\/span><\/td>\n<\/tr>\n<\/tbody>\n<\/table>\n<p>&nbsp;<\/p>\n<p><span style=\"font-family: arial, helvetica, sans-serif;font-size: 14pt\"><strong>INSCRI\u00c7\u00d5ES N\u00c3O HOMOLOGADAS<\/strong><\/span><\/p>\n<table border=\"0\" cellspacing=\"0\">\n<colgroup width=\"295\"><\/colgroup>\n<colgroup span=\"2\" width=\"85\"><\/colgroup>\n<tbody>\n<tr>\n<td align=\"left\" height=\"17\"><span style=\"font-family: arial, helvetica, sans-serif;font-size: 14pt\">Giovani da Silva Vargas*<\/span><\/td>\n<td align=\"left\"><span style=\"font-family: arial, helvetica, sans-serif;font-size: 14pt\">18100645<\/span><\/td>\n<\/tr>\n<\/tbody>\n<\/table>\n<p><span style=\"font-family: arial, helvetica, sans-serif;font-size: 14pt\">*Conforme o item 1.2 do edital N\u00ba1\/2018 PET-F\u00edsica, \u00e9 necess\u00e1rio o comprovante de ingresso da Universidade Federal de Pelotas mediante cotas.<\/span><br \/>\n<span style=\"font-family: arial, helvetica, sans-serif;font-size: 14pt\"><strong>Prazo para recurso:<\/strong> At\u00e9 \u00e0s 12h do dia 17 de abril de 2018.<\/span><\/p>\n<h2><span style=\"font-family: arial, helvetica, sans-serif;font-size: 14pt\"><strong>CRONOGRAMA DAS ATIVIDADES<\/strong><\/span><\/h2>\n<p><span style=\"font-family: arial, helvetica, sans-serif;font-size: 14pt\"><strong>DATA\u2003\u2003\u2003\u2003\u2003\u2003HOR\u00c1RIO\u2003\u2003\u2003\u2003\u2003ATIVIDADE<\/strong><\/span><br \/>\n<span style=\"font-family: arial, helvetica, sans-serif;font-size: 14pt\">17\/04\/2018\u2003\u2003\u2003\u200313:00h\u2003\u2003\u2003\u2003\u2003Entrega do memorial<\/span><br \/>\n<span style=\"font-family: arial, helvetica, sans-serif;font-size: 14pt\">Sorteio dos grupos de trabalho sobre o MOB<\/span><\/p>\n<p><span style=\"font-family: arial, helvetica, sans-serif;font-size: 14pt\">19\/04\/2018\u2003\u2003\u2003\u200312:30h\u2003\u2003\u2003\u2003\u2003Apresenta\u00e7\u00e3o do trabalho sobre o MOB<\/span><\/p>\n<p><span style=\"font-family: arial, helvetica, sans-serif;font-size: 14pt\">20\/04\/2018\u2003\u2003\u2003\u200313:00h\u2003\u2003\u2003\u2003\u2003Din\u00e2mica de grupo<\/span><\/p>\n<p><span style=\"font-family: arial, helvetica, sans-serif;font-size: 14pt\"><strong>Todas as atividades ser\u00e3o realizadas na sala do grupo (sala 101 do pr\u00e9dio 16 &#8211; IFM).<\/strong><\/span><br \/>\n<span style=\"font-family: arial, helvetica, sans-serif;font-size: 14pt\"><strong><br \/>\nENTREVISTAS<\/strong><\/span><\/p>\n<p><span style=\"font-family: arial, helvetica, sans-serif;font-size: 14pt\">Datas a serem definidas durante o processo do edital N\u00ba1\/2018.<\/span><\/p>\n<hr \/>\n<\/li>\n<li><span style=\"font-family: arial, helvetica, sans-serif;font-size: 14pt\"><strong>Sele\u00e7\u00e3o de Bolsistas PET-F\u00edsica 2018\/1<\/strong><\/span><\/li>\n<li><span style=\"font-family: arial, helvetica, sans-serif;font-size: 14pt\">O grupo PET-F\u00edsica torna p\u00fablico o edital para a sele\u00e7\u00e3o de nove petianos\u00a0 (bolsistas e n\u00e3o bolsistas) para o Programa de Educa\u00e7\u00e3o Tutorial (PET-F\u00edsica). O PET \u00e9 um programa que trabalha com a indissociabilidade entre ensino, pesquisa e extens\u00e3o atrav\u00e9s de uma tutoria assistida, o qual visa aprimorar a aprendizagem dos discentes nos cursos de gradua\u00e7\u00e3o fazendo com que os mesmos tenham uma ampla forma\u00e7\u00e3o acad\u00eamica.O edital completo pode ser obtido em: (<a href=\"https:\/\/wp.ufpel.edu.br\/petfisica\/files\/2018\/04\/2018-1edital_PET-Fisica.pdf\" target=\"_blank\" rel=\"noopener noreferrer\">2018-1edital_PET-Fisica<\/a>)<\/span><\/li>\n<li><span style=\"font-family: arial, helvetica, sans-serif;font-size: 14pt\">Prazo de Inscri\u00e7\u00f5es: <strong>2 de abril a 12 de abril de 2018<\/strong><\/span>\n<p><span style=\"font-family: arial, helvetica, sans-serif;font-size: 14pt\">As inscri\u00e7\u00f5es devem ser realizadas exclusivamente na sala 101 no pr\u00e9dio 16 \u2013 IFM Campus Cap\u00e3o do Le\u00e3o, das 8:30 \u00e0s 17:00 horas.<\/span><\/li>\n<\/ul>\n<p><span style=\"font-family: arial, helvetica, sans-serif;font-size: 14pt\">OBS: As demais etapas do processo ser\u00e3o publicadas juntamente com a homologa\u00e7\u00e3o das inscri\u00e7\u00f5es.<\/span><\/p>\n<ul>\n<li><span class=\"Apple-style-span\" style=\"font-family: arial, helvetica, sans-serif;font-size: 14pt\">Para maiores informa\u00e7\u00f5es:<br \/>\nE-mail: petfisica@ufpel.edu.br<\/span><\/li>\n<\/ul>\n<p><span style=\"float: none;background-color: transparent;color: #444444;cursor: text;font-family: arial, helvetica, sans-serif;font-size: 14pt;font-style: normal;font-variant: normal;font-weight: 400;letter-spacing: normal;line-height: 18px;text-align: left;text-decoration: none;text-indent: 0px;text-transform: none\">____________________________________________________________<\/span><\/p>\n","protected":false},"excerpt":{"rendered":"<p>INSCRI\u00c7\u00d5ES HOMOLOGADAS &#8211; Edital 2018\/1 Andrei Rocha Furtado 18102373 Alessandra Horbach Barbosa 18102163 Gabriel Martins dos Santos 17100475 Icaro dos Santos Costa 18100430 Jean Batista Carneiro 18103012 Jo\u00e3o Henrique Ricaldone de Sousa 18102174 Jonathan Gon\u00e7alves Barbosa 18100320 Marcelo Augusto Pereira dos Santos 17100435 Maxwel Henri da Silva 16101617 Pablo dos Santos Sodr\u00e9 17102585 S\u00e9rgio Vin\u00edcius [&hellip;]<\/p>\n","protected":false},"author":684,"featured_media":0,"parent":1087,"menu_order":99,"comment_status":"closed","ping_status":"closed","template":"","meta":{"footnotes":""},"class_list":["post-1094","page","type-page","status-publish","hentry"],"_links":{"self":[{"href":"https:\/\/wp.ufpel.edu.br\/petfisica\/wp-json\/wp\/v2\/pages\/1094","targetHints":{"allow":["GET"]}}],"collection":[{"href":"https:\/\/wp.ufpel.edu.br\/petfisica\/wp-json\/wp\/v2\/pages"}],"about":[{"href":"https:\/\/wp.ufpel.edu.br\/petfisica\/wp-json\/wp\/v2\/types\/page"}],"author":[{"embeddable":true,"href":"https:\/\/wp.ufpel.edu.br\/petfisica\/wp-json\/wp\/v2\/users\/684"}],"replies":[{"embeddable":true,"href":"https:\/\/wp.ufpel.edu.br\/petfisica\/wp-json\/wp\/v2\/comments?post=1094"}],"version-history":[{"count":4,"href":"https:\/\/wp.ufpel.edu.br\/petfisica\/wp-json\/wp\/v2\/pages\/1094\/revisions"}],"predecessor-version":[{"id":1579,"href":"https:\/\/wp.ufpel.edu.br\/petfisica\/wp-json\/wp\/v2\/pages\/1094\/revisions\/1579"}],"up":[{"embeddable":true,"href":"https:\/\/wp.ufpel.edu.br\/petfisica\/wp-json\/wp\/v2\/pages\/1087"}],"wp:attachment":[{"href":"https:\/\/wp.ufpel.edu.br\/petfisica\/wp-json\/wp\/v2\/media?parent=1094"}],"curies":[{"name":"wp","href":"https:\/\/api.w.org\/{rel}","templated":true}]}}