{"id":1092,"date":"2019-03-25T23:09:31","date_gmt":"2019-03-26T02:09:31","guid":{"rendered":"https:\/\/wp.ufpel.edu.br\/petfisica\/?page_id=1092"},"modified":"2020-05-15T17:08:24","modified_gmt":"2020-05-15T20:08:24","slug":"edital-2018-2","status":"publish","type":"page","link":"https:\/\/wp.ufpel.edu.br\/petfisica\/selecao-de-bolsistas-2\/edital-2018-2\/","title":{"rendered":"Edital N\u00b0 02\/2018-2"},"content":{"rendered":"<p><span style=\"font-family: arial, helvetica, sans-serif;font-size: 14pt\"><strong>O Grupo PET-F\u00edsica torna p\u00fablico o edital para a sele\u00e7\u00e3o de novos petianos<\/strong><\/span><\/p>\n<p><span style=\"font-family: arial, helvetica, sans-serif;font-size: 14pt\"><strong><a href=\"https:\/\/wp.ufpel.edu.br\/petfisica\/files\/2018\/10\/Fisica-edital_selecao-2018-2.pdf\">PET-F\u00cdSICA edital sele\u00e7\u00e3o 2018-2<\/a><\/strong><\/span><\/p>\n<p><span style=\"font-family: arial, helvetica, sans-serif;font-size: 14pt\">Essa sele\u00e7\u00e3o visa o preenchimento de<strong> 9 vagas<\/strong>, sendo 6 vagas na qualidade de bolsistas e 3 n\u00e3o-bolsistas. Para alunos dos cursos de licenciatura em f\u00edsica e bacharelado em f\u00edsica.<\/span><\/p>\n<p><span style=\"font-family: arial, helvetica, sans-serif;font-size: 14pt\"><strong>As inscri\u00e7\u00f5es devem ser realizadas na sala do grupo PET-F\u00edsica (sala 101, no pr\u00e9dio 16 do IFM).<\/strong> <strong>No per\u00edodo entre 03 de outubro e 10 de outubro das 8:30h \u00e0s 17h.<\/strong><\/span><\/p>\n<p><span style=\"font-family: arial, helvetica, sans-serif;font-size: 14pt\"><strong>IMPORTANTE! A entrega do memorial ser\u00e1 no dia 11 de outubro das 13:00h \u00e0s 14:00h na sala do grupo. A inscri\u00e7\u00e3o s\u00f3 ser\u00e1 homologada com a entrega do mesmo.<\/strong><\/span><\/p>\n<p><span style=\"font-family: arial, helvetica, sans-serif;font-size: 14pt\">A divulga\u00e7\u00e3o das inscri\u00e7\u00f5es homologadas ocorrer\u00e1 no dia 11 de outubro na p\u00e1gina oficial do grupo. Juntamente ao cronograma das demais etapas do processo seletivo.<\/span><\/p>\n<p><span style=\"font-family: arial, helvetica, sans-serif;font-size: 14pt\">Para mais informa\u00e7\u00f5es, consultar o edital e\/ou o grupo.<\/span><\/p>\n<h2><span style=\"font-family: arial, helvetica, sans-serif;font-size: 14pt\"><strong>Entrevistas\u00a0<\/strong><\/span><\/h2>\n<p><span style=\"font-family: arial, helvetica, sans-serif;font-size: 14pt\">OBS: Todos os candidatos devem comparecer no in\u00edcio da se\u00e7\u00e3o. As entrevistas ocorrer\u00e3o na sala do PET.<\/span><\/p>\n<p><span style=\"font-family: arial, helvetica, sans-serif;font-size: 14pt\"><strong>Ordem de apresenta\u00e7\u00f5es:\u00a0<\/strong><\/span><\/p>\n<p><span style=\"font-family: arial, helvetica, sans-serif;font-size: 14pt\"><strong>Ter\u00e7a-Feira 30\/10\/2018 \u00e0s 18horas.<\/strong><\/span><\/p>\n<table border=\"0\" cellspacing=\"0\">\n<tbody>\n<tr>\n<td align=\"left\" height=\"17\"><span style=\"font-family: arial, helvetica, sans-serif;font-size: 14pt\">Bruna Moura Nogueira<\/span><\/td>\n<td align=\"left\"><span style=\"font-family: arial, helvetica, sans-serif;font-size: 14pt\">16101621<\/span><\/td>\n<\/tr>\n<tr>\n<td align=\"left\" height=\"17\"><span style=\"font-family: arial, helvetica, sans-serif;font-size: 14pt\">Leonardo dos Santos Ferreira<\/span><\/td>\n<td align=\"left\"><span style=\"font-family: arial, helvetica, sans-serif;font-size: 14pt\">17100598<\/span><\/td>\n<\/tr>\n<tr>\n<td align=\"left\" height=\"17\"><span style=\"font-family: arial, helvetica, sans-serif;font-size: 14pt\">Luiza Jardim da Cunha Saraiva<\/span><\/td>\n<td align=\"left\"><span style=\"font-family: arial, helvetica, sans-serif;font-size: 14pt\">16103067<\/span><\/td>\n<\/tr>\n<\/tbody>\n<\/table>\n<p><span style=\"font-family: arial, helvetica, sans-serif;font-size: 14pt\"><strong>Quinta-Feira 01\/11\/2018 \u00e0s 16horas.<\/strong><\/span><\/p>\n<table border=\"0\" cellspacing=\"0\">\n<tbody>\n<tr>\n<td><span style=\"font-family: arial, helvetica, sans-serif;font-size: 14pt\">Marcelo Augusto Pereira dos Santos<\/span><\/td>\n<td><span style=\"font-family: arial, helvetica, sans-serif;font-size: 14pt\">17100435<\/span><\/td>\n<\/tr>\n<tr>\n<td align=\"left\" height=\"17\"><span style=\"font-family: arial, helvetica, sans-serif;font-size: 14pt\">Maxwel Henri da Silva<\/span><\/td>\n<td align=\"left\"><span style=\"font-family: arial, helvetica, sans-serif;font-size: 14pt\">16101617<\/span><\/td>\n<\/tr>\n<tr>\n<td align=\"left\" height=\"17\"><span style=\"font-family: arial, helvetica, sans-serif;font-size: 14pt\">Rennan Pereira de Souza<\/span><\/td>\n<td align=\"left\"><span style=\"font-family: arial, helvetica, sans-serif;font-size: 14pt\">18102222<\/span><\/td>\n<\/tr>\n<tr>\n<td align=\"left\" height=\"17\"><span style=\"font-family: arial, helvetica, sans-serif;font-size: 14pt\">Vitor Mateus Conzatti<\/span><\/td>\n<td align=\"left\"><span style=\"font-family: arial, helvetica, sans-serif;font-size: 14pt\">18100354<\/span><\/td>\n<\/tr>\n<\/tbody>\n<\/table>\n<p><span style=\"font-family: arial, helvetica, sans-serif;font-size: 14pt\">______________________________________________________________<\/span><\/p>\n","protected":false},"excerpt":{"rendered":"<p>O Grupo PET-F\u00edsica torna p\u00fablico o edital para a sele\u00e7\u00e3o de novos petianos PET-F\u00cdSICA edital sele\u00e7\u00e3o 2018-2 Essa sele\u00e7\u00e3o visa o preenchimento de 9 vagas, sendo 6 vagas na qualidade de bolsistas e 3 n\u00e3o-bolsistas. Para alunos dos cursos de licenciatura em f\u00edsica e bacharelado em f\u00edsica. As inscri\u00e7\u00f5es devem ser realizadas na sala do [&hellip;]<\/p>\n","protected":false},"author":684,"featured_media":0,"parent":1087,"menu_order":98,"comment_status":"closed","ping_status":"closed","template":"","meta":{"footnotes":""},"class_list":["post-1092","page","type-page","status-publish","hentry"],"_links":{"self":[{"href":"https:\/\/wp.ufpel.edu.br\/petfisica\/wp-json\/wp\/v2\/pages\/1092","targetHints":{"allow":["GET"]}}],"collection":[{"href":"https:\/\/wp.ufpel.edu.br\/petfisica\/wp-json\/wp\/v2\/pages"}],"about":[{"href":"https:\/\/wp.ufpel.edu.br\/petfisica\/wp-json\/wp\/v2\/types\/page"}],"author":[{"embeddable":true,"href":"https:\/\/wp.ufpel.edu.br\/petfisica\/wp-json\/wp\/v2\/users\/684"}],"replies":[{"embeddable":true,"href":"https:\/\/wp.ufpel.edu.br\/petfisica\/wp-json\/wp\/v2\/comments?post=1092"}],"version-history":[{"count":3,"href":"https:\/\/wp.ufpel.edu.br\/petfisica\/wp-json\/wp\/v2\/pages\/1092\/revisions"}],"predecessor-version":[{"id":1578,"href":"https:\/\/wp.ufpel.edu.br\/petfisica\/wp-json\/wp\/v2\/pages\/1092\/revisions\/1578"}],"up":[{"embeddable":true,"href":"https:\/\/wp.ufpel.edu.br\/petfisica\/wp-json\/wp\/v2\/pages\/1087"}],"wp:attachment":[{"href":"https:\/\/wp.ufpel.edu.br\/petfisica\/wp-json\/wp\/v2\/media?parent=1092"}],"curies":[{"name":"wp","href":"https:\/\/api.w.org\/{rel}","templated":true}]}}