{"id":100,"date":"2016-08-08T10:32:16","date_gmt":"2016-08-08T13:32:16","guid":{"rendered":"https:\/\/wp.ufpel.edu.br\/petfisica\/?page_id=100"},"modified":"2020-05-28T19:39:24","modified_gmt":"2020-05-28T22:39:24","slug":"fotos","status":"publish","type":"page","link":"https:\/\/wp.ufpel.edu.br\/petfisica\/fotos-2\/fotos\/","title":{"rendered":"Fotos de 2019"},"content":{"rendered":"<p><span style=\"font-size: 14pt;font-family: arial, helvetica, sans-serif\">Escola Bibiano de Almeida &#8211; dia 23 de novembro<\/span><\/p>\n<p><span style=\"font-family: arial, helvetica, sans-serif;font-size: 14pt\"><img loading=\"lazy\" decoding=\"async\" class=\"alignnone size-medium wp-image-1370\" src=\"https:\/\/wp.ufpel.edu.br\/petfisica\/files\/2019\/12\/23-1-424x283.jpg\" alt=\"\" width=\"424\" height=\"283\" srcset=\"https:\/\/wp.ufpel.edu.br\/petfisica\/files\/2019\/12\/23-1-424x283.jpg 424w, https:\/\/wp.ufpel.edu.br\/petfisica\/files\/2019\/12\/23-1-212x141.jpg 212w, https:\/\/wp.ufpel.edu.br\/petfisica\/files\/2019\/12\/23-1-768x512.jpg 768w, https:\/\/wp.ufpel.edu.br\/petfisica\/files\/2019\/12\/23-1.jpg 1280w\" sizes=\"auto, (max-width: 424px) 100vw, 424px\" \/><\/span><\/p>\n<p><span style=\"font-size: 14pt;font-family: arial, helvetica, sans-serif\"><a href=\"https:\/\/wp.ufpel.edu.br\/petfisica\/2019\/12\/04\/escola-bibiano-de-almeida-dia-23-de-novembro\/\">Mais fotos dispon\u00edveis aqui<\/a><\/span><\/p>\n<p><span style=\"font-family: arial, helvetica, sans-serif;font-size: 14pt\">Escola Nossa Senhora de Lourdes &#8211; dia 14 de setembro<\/span><\/p>\n<p><span style=\"font-family: arial, helvetica, sans-serif;font-size: 14pt\"><img loading=\"lazy\" decoding=\"async\" class=\"alignnone size-medium wp-image-1317\" src=\"https:\/\/wp.ufpel.edu.br\/petfisica\/files\/2019\/12\/8eb210fa-5590-486e-8f55-3598c947e4f2-424x283.jpg\" alt=\"\" width=\"424\" height=\"283\" srcset=\"https:\/\/wp.ufpel.edu.br\/petfisica\/files\/2019\/12\/8eb210fa-5590-486e-8f55-3598c947e4f2-424x283.jpg 424w, https:\/\/wp.ufpel.edu.br\/petfisica\/files\/2019\/12\/8eb210fa-5590-486e-8f55-3598c947e4f2-212x141.jpg 212w, https:\/\/wp.ufpel.edu.br\/petfisica\/files\/2019\/12\/8eb210fa-5590-486e-8f55-3598c947e4f2-768x512.jpg 768w, https:\/\/wp.ufpel.edu.br\/petfisica\/files\/2019\/12\/8eb210fa-5590-486e-8f55-3598c947e4f2.jpg 1280w\" sizes=\"auto, (max-width: 424px) 100vw, 424px\" \/><\/span><\/p>\n<p><span style=\"font-size: 14pt;font-family: arial, helvetica, sans-serif\"><a href=\"https:\/\/wp.ufpel.edu.br\/petfisica\/2019\/12\/04\/escola-nossa-senhora-de-lourdes-dia-14-de-setembro\/\" target=\"_blank\" rel=\"noopener noreferrer\">Mais fotos dispon\u00edveis aqui<\/a><\/span><\/p>\n<p><span style=\"font-family: arial, helvetica, sans-serif;font-size: 14pt\">SULPET &#8211; UFPel &#8211; 2019<\/span><\/p>\n<p><span style=\"font-family: arial, helvetica, sans-serif;font-size: 14pt\"><img loading=\"lazy\" decoding=\"async\" class=\"aligncenter wp-image-1139 size-full\" src=\"https:\/\/wp.ufpel.edu.br\/petfisica\/files\/2019\/06\/IMG_4029.jpg\" alt=\"\" width=\"3456\" height=\"2304\" srcset=\"https:\/\/wp.ufpel.edu.br\/petfisica\/files\/2019\/06\/IMG_4029.jpg 3456w, https:\/\/wp.ufpel.edu.br\/petfisica\/files\/2019\/06\/IMG_4029-212x141.jpg 212w, https:\/\/wp.ufpel.edu.br\/petfisica\/files\/2019\/06\/IMG_4029-424x283.jpg 424w, https:\/\/wp.ufpel.edu.br\/petfisica\/files\/2019\/06\/IMG_4029-768x512.jpg 768w\" sizes=\"auto, (max-width: 3456px) 100vw, 3456px\" \/><\/span><\/p>\n<p><span style=\"font-family: arial, helvetica, sans-serif;font-size: 14pt\"><a href=\"https:\/\/wp.ufpel.edu.br\/sulpet\/xxii-sulpet\/\" target=\"_blank\" rel=\"noopener noreferrer\">Mais fotos e informa\u00e7\u00f5es do evento aqui<\/a><\/span><\/p>\n<p><a href=\"https:\/\/wp.ufpel.edu.br\/petfisica\/2020\/05\/28\/fotos-sulpet\/\"><span style=\"font-family: arial, helvetica, sans-serif;font-size: 14pt\">Outras fotos do grupo PET-F\u00edsica<\/span><\/a><\/p>\n","protected":false},"excerpt":{"rendered":"<p>Escola Bibiano de Almeida &#8211; dia 23 de novembro Mais fotos dispon\u00edveis aqui Escola Nossa Senhora de Lourdes &#8211; dia 14 de setembro Mais fotos dispon\u00edveis aqui SULPET &#8211; UFPel &#8211; 2019 Mais fotos e informa\u00e7\u00f5es do evento aqui Outras fotos do grupo PET-F\u00edsica<\/p>\n","protected":false},"author":96,"featured_media":0,"parent":1373,"menu_order":0,"comment_status":"closed","ping_status":"closed","template":"","meta":{"footnotes":""},"class_list":["post-100","page","type-page","status-publish","hentry"],"_links":{"self":[{"href":"https:\/\/wp.ufpel.edu.br\/petfisica\/wp-json\/wp\/v2\/pages\/100","targetHints":{"allow":["GET"]}}],"collection":[{"href":"https:\/\/wp.ufpel.edu.br\/petfisica\/wp-json\/wp\/v2\/pages"}],"about":[{"href":"https:\/\/wp.ufpel.edu.br\/petfisica\/wp-json\/wp\/v2\/types\/page"}],"author":[{"embeddable":true,"href":"https:\/\/wp.ufpel.edu.br\/petfisica\/wp-json\/wp\/v2\/users\/96"}],"replies":[{"embeddable":true,"href":"https:\/\/wp.ufpel.edu.br\/petfisica\/wp-json\/wp\/v2\/comments?post=100"}],"version-history":[{"count":24,"href":"https:\/\/wp.ufpel.edu.br\/petfisica\/wp-json\/wp\/v2\/pages\/100\/revisions"}],"predecessor-version":[{"id":1714,"href":"https:\/\/wp.ufpel.edu.br\/petfisica\/wp-json\/wp\/v2\/pages\/100\/revisions\/1714"}],"up":[{"embeddable":true,"href":"https:\/\/wp.ufpel.edu.br\/petfisica\/wp-json\/wp\/v2\/pages\/1373"}],"wp:attachment":[{"href":"https:\/\/wp.ufpel.edu.br\/petfisica\/wp-json\/wp\/v2\/media?parent=100"}],"curies":[{"name":"wp","href":"https:\/\/api.w.org\/{rel}","templated":true}]}}