{"id":826,"date":"2016-08-29T18:08:25","date_gmt":"2016-08-29T21:08:25","guid":{"rendered":"https:\/\/wp.ufpel.edu.br\/petea\/?page_id=826"},"modified":"2018-03-28T21:34:49","modified_gmt":"2018-03-29T00:34:49","slug":"pesquisa","status":"publish","type":"page","link":"https:\/\/wp.ufpel.edu.br\/petea\/pesquisa\/","title":{"rendered":"Pesquisa"},"content":{"rendered":"<p style=\"text-align: justify\">Os petianos est\u00e3o envolvidos em atividades de pesquisa, juntamente com alunos n\u00e3o pertencentes ao programa, sob a orienta\u00e7\u00e3o de diversos docentes. As atividades de pesquisa n\u00e3o se restringem ao espa\u00e7o f\u00edsico da Engenharia Agr\u00edcola, visto que foram desenvolvidos projetos em outras unidades da universidade. Esta integra\u00e7\u00e3o contribui grandemente com o desenvolvimento e andamento de algumas atividades e permite a divulga\u00e7\u00e3o da filosofia do programa a outros \u00f3rg\u00e3os da universidade.<\/p>\n","protected":false},"excerpt":{"rendered":"<p>Os petianos est\u00e3o envolvidos em atividades de pesquisa, juntamente com alunos n\u00e3o pertencentes ao programa, sob a orienta\u00e7\u00e3o de diversos docentes. As atividades de pesquisa n\u00e3o se restringem ao espa\u00e7o f\u00edsico da Engenharia Agr\u00edcola, visto que foram desenvolvidos projetos em outras unidades da universidade. Esta integra\u00e7\u00e3o contribui grandemente com o desenvolvimento e andamento de algumas &hellip; <\/p>\n<p><a class=\"more-link btn\" href=\"https:\/\/wp.ufpel.edu.br\/petea\/pesquisa\/\">Continue lendo<\/a><\/p>\n","protected":false},"author":512,"featured_media":0,"parent":0,"menu_order":4,"comment_status":"closed","ping_status":"closed","template":"","meta":{"jetpack_post_was_ever_published":false,"footnotes":""},"class_list":["post-826","page","type-page","status-publish","hentry","nodate","item-wrap"],"jetpack_sharing_enabled":true,"jetpack_shortlink":"https:\/\/wp.me\/P6dZ8h-dk","_links":{"self":[{"href":"https:\/\/wp.ufpel.edu.br\/petea\/wp-json\/wp\/v2\/pages\/826","targetHints":{"allow":["GET"]}}],"collection":[{"href":"https:\/\/wp.ufpel.edu.br\/petea\/wp-json\/wp\/v2\/pages"}],"about":[{"href":"https:\/\/wp.ufpel.edu.br\/petea\/wp-json\/wp\/v2\/types\/page"}],"author":[{"embeddable":true,"href":"https:\/\/wp.ufpel.edu.br\/petea\/wp-json\/wp\/v2\/users\/512"}],"replies":[{"embeddable":true,"href":"https:\/\/wp.ufpel.edu.br\/petea\/wp-json\/wp\/v2\/comments?post=826"}],"version-history":[{"count":3,"href":"https:\/\/wp.ufpel.edu.br\/petea\/wp-json\/wp\/v2\/pages\/826\/revisions"}],"predecessor-version":[{"id":1087,"href":"https:\/\/wp.ufpel.edu.br\/petea\/wp-json\/wp\/v2\/pages\/826\/revisions\/1087"}],"wp:attachment":[{"href":"https:\/\/wp.ufpel.edu.br\/petea\/wp-json\/wp\/v2\/media?parent=826"}],"curies":[{"name":"wp","href":"https:\/\/api.w.org\/{rel}","templated":true}]}}