{"id":2705,"date":"2022-09-04T18:51:02","date_gmt":"2022-09-04T21:51:02","guid":{"rendered":"https:\/\/wp.ufpel.edu.br\/petea\/?page_id=2705"},"modified":"2026-03-23T19:33:36","modified_gmt":"2026-03-23T22:33:36","slug":"relatorio-consolidado","status":"publish","type":"page","link":"https:\/\/wp.ufpel.edu.br\/petea\/relatorio-consolidado\/","title":{"rendered":"Relat\u00f3rio Consolidado"},"content":{"rendered":"<p style=\"text-align: justify;\"><span style=\"color: #000000;\">O relat\u00f3rio consolidado visa apresentar as atividades desenvolvidas pelo Programa de <\/span><span style=\"color: #000000;\">Educa\u00e7\u00e3o Tutorial do curso de Engenharia Agr\u00edcola da Universidade Federal de <\/span><span style=\"color: #000000;\">Pelotas durante o ano. O objetivo \u00e9 compartilhar as atividades e projetos <\/span><span style=\"color: #000000;\">acad\u00eamicos desenvolvidas pelo PET-EA\u00a0 e espera tamb\u00e9m auxiliar <\/span><span style=\"color: #000000;\">os leitores a fomentar a\u00e7\u00f5es que visem o desenvolvimento de novas ideias.<\/span><\/p>\n<p><span style=\"font-family: arial, helvetica, sans-serif; font-size: 12pt;\"><a href=\"https:\/\/wp.ufpel.edu.br\/petea\/files\/2022\/09\/Relatorio-Consolidado-2019.pdf\"><span style=\"color: #000000;\">Relat\u00f3rio Consolidado 2019<\/span><\/a><\/span><\/p>\n<p><span style=\"font-family: arial, helvetica, sans-serif; font-size: 12pt;\"><a href=\"https:\/\/wp.ufpel.edu.br\/petea\/files\/2022\/09\/Relatorio-Consolidado-2020.pdf\"><span style=\"color: #000000;\">Relat\u00f3rio Consolidado 2020<\/span><\/a><\/span><\/p>\n<p><span style=\"font-family: arial, helvetica, sans-serif; font-size: 12pt;\"><a href=\"https:\/\/wp.ufpel.edu.br\/petea\/files\/2022\/09\/Relatorio-Consolidado-2021.pdf\"><span style=\"color: #000000;\">Relat\u00f3rio Consolidado 2021<\/span><\/a><\/span><\/p>\n<p><span style=\"font-family: arial, helvetica, sans-serif; font-size: 12pt;\"><a href=\"https:\/\/wp.ufpel.edu.br\/petea\/files\/2024\/02\/Caderno-de-atividades-2022_compressed.pdf\"><span style=\"color: #000000;\">Relat\u00f3rio Consolidado 2022<\/span><\/a><\/span><\/p>\n<p><span style=\"font-family: arial, helvetica, sans-serif; font-size: 12pt;\"><a href=\"https:\/\/wp.ufpel.edu.br\/petea\/files\/2025\/03\/Caderno-de-atividades-2023-2.pdf\">Relat\u00f3rio Consolidado 2023<\/a><\/span><\/p>\n<p><span style=\"font-family: arial, helvetica, sans-serif; font-size: 12pt;\"><a href=\"https:\/\/wp.ufpel.edu.br\/petea\/files\/2025\/12\/Caderno-de-atividades-2024-_compressed.pdf\">Relat\u00f3rio Consolidado 2024<\/a><\/span><\/p>\n","protected":false},"excerpt":{"rendered":"<p>O relat\u00f3rio consolidado visa apresentar as atividades desenvolvidas pelo Programa de Educa\u00e7\u00e3o Tutorial do curso de Engenharia Agr\u00edcola da Universidade Federal de Pelotas durante o ano. O objetivo \u00e9 compartilhar as atividades e projetos acad\u00eamicos desenvolvidas pelo PET-EA\u00a0 e espera tamb\u00e9m auxiliar os leitores a fomentar a\u00e7\u00f5es que visem o desenvolvimento de novas ideias. Relat\u00f3rio &hellip; <\/p>\n<p><a class=\"more-link btn\" href=\"https:\/\/wp.ufpel.edu.br\/petea\/relatorio-consolidado\/\">Continue lendo<\/a><\/p>\n","protected":false},"author":512,"featured_media":0,"parent":0,"menu_order":0,"comment_status":"closed","ping_status":"closed","template":"","meta":{"jetpack_post_was_ever_published":false,"footnotes":""},"class_list":["post-2705","page","type-page","status-publish","hentry","nodate","item-wrap"],"jetpack_sharing_enabled":true,"jetpack_shortlink":"https:\/\/wp.me\/P6dZ8h-HD","_links":{"self":[{"href":"https:\/\/wp.ufpel.edu.br\/petea\/wp-json\/wp\/v2\/pages\/2705","targetHints":{"allow":["GET"]}}],"collection":[{"href":"https:\/\/wp.ufpel.edu.br\/petea\/wp-json\/wp\/v2\/pages"}],"about":[{"href":"https:\/\/wp.ufpel.edu.br\/petea\/wp-json\/wp\/v2\/types\/page"}],"author":[{"embeddable":true,"href":"https:\/\/wp.ufpel.edu.br\/petea\/wp-json\/wp\/v2\/users\/512"}],"replies":[{"embeddable":true,"href":"https:\/\/wp.ufpel.edu.br\/petea\/wp-json\/wp\/v2\/comments?post=2705"}],"version-history":[{"count":4,"href":"https:\/\/wp.ufpel.edu.br\/petea\/wp-json\/wp\/v2\/pages\/2705\/revisions"}],"predecessor-version":[{"id":3425,"href":"https:\/\/wp.ufpel.edu.br\/petea\/wp-json\/wp\/v2\/pages\/2705\/revisions\/3425"}],"wp:attachment":[{"href":"https:\/\/wp.ufpel.edu.br\/petea\/wp-json\/wp\/v2\/media?parent=2705"}],"curies":[{"name":"wp","href":"https:\/\/api.w.org\/{rel}","templated":true}]}}