{"id":2229,"date":"2020-04-29T12:16:45","date_gmt":"2020-04-29T15:16:45","guid":{"rendered":"https:\/\/wp.ufpel.edu.br\/petea\/?page_id=2229"},"modified":"2020-05-03T11:48:06","modified_gmt":"2020-05-03T14:48:06","slug":"desenvolvimento-de-equipamentos-para-agricultura-familiar","status":"publish","type":"page","link":"https:\/\/wp.ufpel.edu.br\/petea\/pesquisa\/desenvolvimento-de-equipamentos-para-agricultura-familiar\/","title":{"rendered":"Desenvolvimento de equipamentos para agricultura familiar"},"content":{"rendered":"<p>No nosso cen\u00e1rio atual, grande parte dos alimentos que s\u00e3o consumidos em nossas resid\u00eancias vem da agricultura familiar, que juntos, esses produtores familiares det\u00e9m mais de 70% da produ\u00e7\u00e3o de comida de todo o Brasil, sendo esses alimentos indispens\u00e1veis para o nosso bem estar.<\/p>\n<p>O setor obt\u00e9m grande import\u00e2ncia, ele \u00e9 basicamente produzido em pequenas propriedades e com m\u00e3o de obra familiar, no Brasil contabilizam em torno de 4,4 milh\u00f5es de fam\u00edlias produzindo alimento, sendo um grande bra\u00e7o para manter a economia nacional forte.<\/p>\n<p>Mesmo sendo este um setor muito grande e forte, este passa por diversas dificuldades de expans\u00e3o e infraestrutura, devido \u00e0 falta de incentivo, falta de financiamentos de equipamentos e maquin\u00e1rios para uma melhor produ\u00e7\u00e3o, pouco acesso \u00e0s grandes tecnologias, dif\u00edcil escoamento da produ\u00e7\u00e3o por serem de maioria da zona rural e ainda mais condi\u00e7\u00f5es clim\u00e1ticas.<\/p>\n<p>Diante das dificuldades ainda existentes, o grupo elaborou o projeto com o intuito de ajudar este setor com o conhecimento que \u00e9 adquirido em nosso meio acad\u00eamico, buscando desenvolver, aperfei\u00e7oar e adaptar os maquin\u00e1rios utilizados pela agricultura familiar, com o objetivo de melhorar e facilitar os processos para que se haja uma maior produ\u00e7\u00e3o e tamb\u00e9m uma melhor qualidade de vida dessa popula\u00e7\u00e3o.<\/p>\n<p>O projeto vem sendo desenvolvido em etapas previamente planejadas, revisando quais as culturas mais produzidas por esses produtores familiares, a fim de ter conhecimento dos problemas encontrados, dos maquin\u00e1rios utilizados e tamb\u00e9m as poss\u00edveis melhorias dos equipamentos. Posteriormente ser\u00e3o recolhidos dados da nossa regi\u00e3o, para conhecer os pequenos agricultores e descobrir as maiores dificuldades enfrentadas.<\/p>\n<p>Com todos esses dados em m\u00e3os e os problemas encontrados, iremos analisar as informa\u00e7\u00f5es encontradas e decidir quem poderemos ajudar, assim saberemos quais as condi\u00e7\u00f5es para uma melhor abordagem, e nessa etapa ser\u00e3o analisadas as condi\u00e7\u00f5es dos equipamentos e como podemos melhor\u00e1-los. Por fim, iremos formular a melhor solu\u00e7\u00e3o ao produtor para o caso que se encontra a propriedade e executaremos a proposta, se ela for aceita, e realiza-la na propriedade do agricultor.<\/p>\n","protected":false},"excerpt":{"rendered":"<p>No nosso cen\u00e1rio atual, grande parte dos alimentos que s\u00e3o consumidos em nossas resid\u00eancias vem da agricultura familiar, que juntos, esses produtores familiares det\u00e9m mais de 70% da produ\u00e7\u00e3o de comida de todo o Brasil, sendo esses alimentos indispens\u00e1veis para o nosso bem estar. O setor obt\u00e9m grande import\u00e2ncia, ele \u00e9 basicamente produzido em pequenas &hellip; <\/p>\n<p><a class=\"more-link btn\" href=\"https:\/\/wp.ufpel.edu.br\/petea\/pesquisa\/desenvolvimento-de-equipamentos-para-agricultura-familiar\/\">Continue lendo<\/a><\/p>\n","protected":false},"author":512,"featured_media":0,"parent":826,"menu_order":0,"comment_status":"closed","ping_status":"closed","template":"","meta":{"jetpack_post_was_ever_published":false,"footnotes":""},"class_list":["post-2229","page","type-page","status-publish","hentry","nodate","item-wrap"],"jetpack_sharing_enabled":true,"jetpack_shortlink":"https:\/\/wp.me\/P6dZ8h-zX","_links":{"self":[{"href":"https:\/\/wp.ufpel.edu.br\/petea\/wp-json\/wp\/v2\/pages\/2229","targetHints":{"allow":["GET"]}}],"collection":[{"href":"https:\/\/wp.ufpel.edu.br\/petea\/wp-json\/wp\/v2\/pages"}],"about":[{"href":"https:\/\/wp.ufpel.edu.br\/petea\/wp-json\/wp\/v2\/types\/page"}],"author":[{"embeddable":true,"href":"https:\/\/wp.ufpel.edu.br\/petea\/wp-json\/wp\/v2\/users\/512"}],"replies":[{"embeddable":true,"href":"https:\/\/wp.ufpel.edu.br\/petea\/wp-json\/wp\/v2\/comments?post=2229"}],"version-history":[{"count":3,"href":"https:\/\/wp.ufpel.edu.br\/petea\/wp-json\/wp\/v2\/pages\/2229\/revisions"}],"predecessor-version":[{"id":2344,"href":"https:\/\/wp.ufpel.edu.br\/petea\/wp-json\/wp\/v2\/pages\/2229\/revisions\/2344"}],"up":[{"embeddable":true,"href":"https:\/\/wp.ufpel.edu.br\/petea\/wp-json\/wp\/v2\/pages\/826"}],"wp:attachment":[{"href":"https:\/\/wp.ufpel.edu.br\/petea\/wp-json\/wp\/v2\/media?parent=2229"}],"curies":[{"name":"wp","href":"https:\/\/api.w.org\/{rel}","templated":true}]}}