{"id":2227,"date":"2020-04-29T12:16:45","date_gmt":"2020-04-29T15:16:45","guid":{"rendered":"https:\/\/wp.ufpel.edu.br\/petea\/?page_id=2227"},"modified":"2020-05-02T17:56:57","modified_gmt":"2020-05-02T20:56:57","slug":"manejo-da-irrigacao-em-pequenas-propriedades-rurais","status":"publish","type":"page","link":"https:\/\/wp.ufpel.edu.br\/petea\/pesquisa\/manejo-da-irrigacao-em-pequenas-propriedades-rurais\/","title":{"rendered":"Manejo da irriga\u00e7\u00e3o em pequenas propriedades rurais"},"content":{"rendered":"<p style=\"text-align: justify\">Ao longo dos \u00faltimos anos, \u00e1rea de conserva\u00e7\u00e3o e manejo de \u00e1guas est\u00e1 se difundindo progressivamente, e assim influenciando de forma direta ou indireta na produtividade das culturas. Entre os processos modernos que englobam o manejo de \u00e1gua na cultura, encontra-se a t\u00e9cnica de irriga\u00e7\u00e3o que consiste em disponibilizar \u00e1gua para as culturas de maneira a contribuir para a maximiza\u00e7\u00e3o da produ\u00e7\u00e3o.<\/p>\n<p style=\"text-align: justify\">Entre os aspectos que impulsionam a melhora dos sistemas de irriga\u00e7\u00e3o est\u00e3o a preocupa\u00e7\u00e3o com a conserva\u00e7\u00e3o dos recursos h\u00eddricos e aspectos indesej\u00e1veis ligados ao solo cultivado, como a lixivia\u00e7\u00e3o e percola\u00e7\u00e3o de nutrientes agr\u00edcolas.<\/p>\n<p style=\"text-align: justify\">Dessa forma a efici\u00eancia do uso da \u00e1gua na agricultura \u00e9 um fator extremamente relevante para conservar os recursos h\u00eddricos e estrutura do solo. Colaborando com o uso racional dos recursos h\u00eddricos e tamb\u00e9m, ajuda a evitar gastos desnecess\u00e1rios na propriedade.<\/p>\n<p style=\"text-align: justify\">Contudo, ainda existem produtores que questionam as vantagens obtidas pela utiliza\u00e7\u00e3o da irriga\u00e7\u00e3o controlada. \u00a0A partir disso, o grupo PET Engenharia Agr\u00edcola prop\u00f5e o projeto como forma de apresentar aos pequenos produtores rurais como o manejo de irriga\u00e7\u00e3o correta pode influenciar nos custos de produ\u00e7\u00e3o e produtividade da lavoura.<\/p>\n<p style=\"text-align: justify\">Uma ferramenta muito utilizada para medir a tens\u00e3o matricial, em tempo real s\u00e3o, os tensi\u00f4metros. O tensi\u00f4metro\u00a0 \u00e9 um sensor respons\u00e1veis por medir a tens\u00e3o matricial de \u00e1gua no solo, ou seja, indicam a for\u00e7a com que a \u00e1gua est\u00e1 retida no solo.<\/p>\n<p style=\"text-align: justify\">O projeto ir\u00e1 ser desenvolvido em uma propriedade rural localizada no interior do munic\u00edpio de Pelotas\/RS. A partir da instala\u00e7\u00e3o de tensi\u00f4metros em uma parcela da lavoura conseguiremos auxiliar o produtor para realizar a correta irriga\u00e7\u00e3o. Durante as colheitas, a \u00e1rea com o sistema de monitoramento de irriga\u00e7\u00e3o e sem o sistema ser\u00e3o colhidas separadamente afim de se contabilizar os diferentes efeitos que a \u00e1rea experimental trar\u00e1 ao produtor.<\/p>\n<p style=\"text-align: center\"><strong>Figura 1<\/strong> &#8211; Tensi\u00f4metros que foram instalados na propriedade com o intuito de saber o momento exato em que o produtor deveria ligar o sistema de irriga\u00e7\u00e3o. <img loading=\"lazy\" decoding=\"async\" data-attachment-id=\"2259\" data-permalink=\"https:\/\/wp.ufpel.edu.br\/petea\/pesquisa\/manejo-da-irrigacao-em-pequenas-propriedades-rurais\/karen-1\/\" data-orig-file=\"https:\/\/wp.ufpel.edu.br\/petea\/files\/2020\/05\/Karen-1.png\" data-orig-size=\"264,421\" data-comments-opened=\"0\" data-image-meta=\"{&quot;aperture&quot;:&quot;0&quot;,&quot;credit&quot;:&quot;&quot;,&quot;camera&quot;:&quot;&quot;,&quot;caption&quot;:&quot;&quot;,&quot;created_timestamp&quot;:&quot;0&quot;,&quot;copyright&quot;:&quot;&quot;,&quot;focal_length&quot;:&quot;0&quot;,&quot;iso&quot;:&quot;0&quot;,&quot;shutter_speed&quot;:&quot;0&quot;,&quot;title&quot;:&quot;&quot;,&quot;orientation&quot;:&quot;0&quot;}\" data-image-title=\"Karen 1\" data-image-description=\"\" data-image-caption=\"\" data-medium-file=\"https:\/\/wp.ufpel.edu.br\/petea\/files\/2020\/05\/Karen-1-251x400.png\" data-large-file=\"https:\/\/wp.ufpel.edu.br\/petea\/files\/2020\/05\/Karen-1.png\" class=\"wp-image-2259 size-full aligncenter\" src=\"https:\/\/wp.ufpel.edu.br\/petea\/files\/2020\/05\/Karen-1.png\" alt=\"\" width=\"264\" height=\"421\" srcset=\"https:\/\/wp.ufpel.edu.br\/petea\/files\/2020\/05\/Karen-1.png 264w, https:\/\/wp.ufpel.edu.br\/petea\/files\/2020\/05\/Karen-1-251x400.png 251w\" sizes=\"auto, (max-width: 264px) 100vw, 264px\" \/><\/p>\n<p>&nbsp;<\/p>\n","protected":false},"excerpt":{"rendered":"<p>Ao longo dos \u00faltimos anos, \u00e1rea de conserva\u00e7\u00e3o e manejo de \u00e1guas est\u00e1 se difundindo progressivamente, e assim influenciando de forma direta ou indireta na produtividade das culturas. Entre os processos modernos que englobam o manejo de \u00e1gua na cultura, encontra-se a t\u00e9cnica de irriga\u00e7\u00e3o que consiste em disponibilizar \u00e1gua para as culturas de maneira &hellip; <\/p>\n<p><a class=\"more-link btn\" href=\"https:\/\/wp.ufpel.edu.br\/petea\/pesquisa\/manejo-da-irrigacao-em-pequenas-propriedades-rurais\/\">Continue lendo<\/a><\/p>\n","protected":false},"author":512,"featured_media":0,"parent":826,"menu_order":0,"comment_status":"closed","ping_status":"closed","template":"","meta":{"jetpack_post_was_ever_published":false,"footnotes":""},"class_list":["post-2227","page","type-page","status-publish","hentry","nodate","item-wrap"],"jetpack_sharing_enabled":true,"jetpack_shortlink":"https:\/\/wp.me\/P6dZ8h-zV","_links":{"self":[{"href":"https:\/\/wp.ufpel.edu.br\/petea\/wp-json\/wp\/v2\/pages\/2227","targetHints":{"allow":["GET"]}}],"collection":[{"href":"https:\/\/wp.ufpel.edu.br\/petea\/wp-json\/wp\/v2\/pages"}],"about":[{"href":"https:\/\/wp.ufpel.edu.br\/petea\/wp-json\/wp\/v2\/types\/page"}],"author":[{"embeddable":true,"href":"https:\/\/wp.ufpel.edu.br\/petea\/wp-json\/wp\/v2\/users\/512"}],"replies":[{"embeddable":true,"href":"https:\/\/wp.ufpel.edu.br\/petea\/wp-json\/wp\/v2\/comments?post=2227"}],"version-history":[{"count":4,"href":"https:\/\/wp.ufpel.edu.br\/petea\/wp-json\/wp\/v2\/pages\/2227\/revisions"}],"predecessor-version":[{"id":2281,"href":"https:\/\/wp.ufpel.edu.br\/petea\/wp-json\/wp\/v2\/pages\/2227\/revisions\/2281"}],"up":[{"embeddable":true,"href":"https:\/\/wp.ufpel.edu.br\/petea\/wp-json\/wp\/v2\/pages\/826"}],"wp:attachment":[{"href":"https:\/\/wp.ufpel.edu.br\/petea\/wp-json\/wp\/v2\/media?parent=2227"}],"curies":[{"name":"wp","href":"https:\/\/api.w.org\/{rel}","templated":true}]}}