{"id":2226,"date":"2020-04-29T12:16:45","date_gmt":"2020-04-29T15:16:45","guid":{"rendered":"https:\/\/wp.ufpel.edu.br\/petea\/?page_id=2226"},"modified":"2020-05-03T17:53:17","modified_gmt":"2020-05-03T20:53:17","slug":"descontaminacao-de-efluentes-de-agrotoxicos","status":"publish","type":"page","link":"https:\/\/wp.ufpel.edu.br\/petea\/pesquisa\/descontaminacao-de-efluentes-de-agrotoxicos\/","title":{"rendered":"Descontamina\u00e7\u00e3o de efluentes de agrot\u00f3xicos"},"content":{"rendered":"<p>A agricultura vem se modernizando a cada ano, mas algo que \u00e9 inevit\u00e1vel s\u00e3o ataques de pragas e doen\u00e7as nas lavouras, o que pode comprometer a produ\u00e7\u00e3o, devido a isso, os defensivos s\u00e3o utilizados para proteger a lavoura desses poss\u00edveis ataques, para que a produ\u00e7\u00e3o n\u00e3o seja comprometida e com o passar dos anos o modo de aplica\u00e7\u00e3o vem se tornando cada vez mais moderno.<\/p>\n<p>Um dos grandes avan\u00e7os \u00e9 o uso de avi\u00f5es agr\u00edcolas para a pulveriza\u00e7\u00e3o, estes s\u00e3o muito vi\u00e1veis economicamente, pois conseguem pulverizar uma \u00e1rea extremamente grande com um alto n\u00edvel de uniformidade em pouco tempo. Entretanto o seu uso possui dificuldades em saber com o que fazer com os res\u00edduos da lavagem dessas aeronaves que possuem estes defensivos agr\u00edcolas. Estes res\u00edduos s\u00e3o extremamente t\u00f3xicos se forem descartados de maneira incorreta, podem contaminar \u00e1gua, solo e ar, como tamb\u00e9m pode causar danos \u00e0 sa\u00fade humana.<\/p>\n<p>Portanto, o grupo est\u00e1 desenvolvendo uma projeto de pesquisa visando a descontamina\u00e7\u00e3o desses efluentes atrav\u00e9s de uso de processos oxidativos, que s\u00e3o capazes de degradar estes compostos qu\u00edmicos, utilizando os processo de ozoniza\u00e7\u00e3o e fotocat\u00e1lise, para obter res\u00edduos sem contaminantes e poluentes, analisando a diminui\u00e7\u00e3o da toxicidade, demanda qu\u00edmica de oxig\u00eanio, demanda bioqu\u00edmica de oxig\u00eanio e cor, para que que os efluentes possam ser dispersos sem riscos.<\/p>\n<p>A atividade ocorrer\u00e1 em etapas previamente planejadas, sendo feita uma revis\u00e3o bibliogr\u00e1fica para que se tenha conhecimento dos principais agrot\u00f3xicos utilizados, m\u00e9todos de tratamento, os tipos de catalisadores e resultados de efluentes j\u00e1 obtidos sobre esse estudo.<\/p>\n<p>Na pr\u00f3xima etapa ser\u00e3o confeccionados os prot\u00f3tipos, um reator de fotocat\u00e1lise e um de ozoniza\u00e7\u00e3o, ap\u00f3s a montagem ser\u00e1 escolhida uma mol\u00e9cula presente em um defensivo e testada em fotocat\u00e1lise, em ozoniza\u00e7\u00e3o e os dois sistemas em conjunto, ap\u00f3s comprovada a destrui\u00e7\u00e3o da mol\u00e9cula que est\u00e1 sendo analisada, ser\u00e1 analisada a poss\u00edvel presen\u00e7a de outras mol\u00e9culas, at\u00e9 que se haja certeza da destrui\u00e7\u00e3o total para que seja poss\u00edvel fazer testes em efluentes reais.<\/p>\n<p>Na etapa de testes em efluentes reais, estes passar\u00e3o por uma an\u00e1lise em laborat\u00f3rio para que se analise a cor, a demanda qu\u00edmica de oxig\u00eanio, a demanda bioqu\u00edmica de oxig\u00eanio, a fitotoxicidade, a mutagenicidade, os s\u00f3lidos dos efluentes brutos e tratados. Os resultados ser\u00e3o tabulados e analisados pelo software WINSAT, utilizando an\u00e1lise de vari\u00e2ncia e as diferen\u00e7as ser\u00e3o analisadas pelos testes de compara\u00e7\u00e3o de Tukey.<\/p>\n","protected":false},"excerpt":{"rendered":"<p>A agricultura vem se modernizando a cada ano, mas algo que \u00e9 inevit\u00e1vel s\u00e3o ataques de pragas e doen\u00e7as nas lavouras, o que pode comprometer a produ\u00e7\u00e3o, devido a isso, os defensivos s\u00e3o utilizados para proteger a lavoura desses poss\u00edveis ataques, para que a produ\u00e7\u00e3o n\u00e3o seja comprometida e com o passar dos anos o &hellip; <\/p>\n<p><a class=\"more-link btn\" href=\"https:\/\/wp.ufpel.edu.br\/petea\/pesquisa\/descontaminacao-de-efluentes-de-agrotoxicos\/\">Continue lendo<\/a><\/p>\n","protected":false},"author":512,"featured_media":0,"parent":826,"menu_order":0,"comment_status":"closed","ping_status":"closed","template":"","meta":{"jetpack_post_was_ever_published":false,"footnotes":""},"class_list":["post-2226","page","type-page","status-publish","hentry","nodate","item-wrap"],"jetpack_sharing_enabled":true,"jetpack_shortlink":"https:\/\/wp.me\/P6dZ8h-zU","_links":{"self":[{"href":"https:\/\/wp.ufpel.edu.br\/petea\/wp-json\/wp\/v2\/pages\/2226","targetHints":{"allow":["GET"]}}],"collection":[{"href":"https:\/\/wp.ufpel.edu.br\/petea\/wp-json\/wp\/v2\/pages"}],"about":[{"href":"https:\/\/wp.ufpel.edu.br\/petea\/wp-json\/wp\/v2\/types\/page"}],"author":[{"embeddable":true,"href":"https:\/\/wp.ufpel.edu.br\/petea\/wp-json\/wp\/v2\/users\/512"}],"replies":[{"embeddable":true,"href":"https:\/\/wp.ufpel.edu.br\/petea\/wp-json\/wp\/v2\/comments?post=2226"}],"version-history":[{"count":3,"href":"https:\/\/wp.ufpel.edu.br\/petea\/wp-json\/wp\/v2\/pages\/2226\/revisions"}],"predecessor-version":[{"id":2348,"href":"https:\/\/wp.ufpel.edu.br\/petea\/wp-json\/wp\/v2\/pages\/2226\/revisions\/2348"}],"up":[{"embeddable":true,"href":"https:\/\/wp.ufpel.edu.br\/petea\/wp-json\/wp\/v2\/pages\/826"}],"wp:attachment":[{"href":"https:\/\/wp.ufpel.edu.br\/petea\/wp-json\/wp\/v2\/media?parent=2226"}],"curies":[{"name":"wp","href":"https:\/\/api.w.org\/{rel}","templated":true}]}}