{"id":22,"date":"2015-04-06T14:41:26","date_gmt":"2015-04-06T17:41:26","guid":{"rendered":"https:\/\/wp.ufpel.edu.br\/petea\/?page_id=22"},"modified":"2020-02-24T18:25:44","modified_gmt":"2020-02-24T21:25:44","slug":"ensino","status":"publish","type":"page","link":"https:\/\/wp.ufpel.edu.br\/petea\/ensino\/","title":{"rendered":"Ensino"},"content":{"rendered":"<p>O grupo PET-EA desenvolve diferentes projetos de ensino com vista \u00e0 melhoria da forma\u00e7\u00e3o acad\u00eamica dos petianos e dos demais alunos desta unidade acad\u00eamica e cidad\u00e3. Os petianos participam e desenvolvem constantemente esse tipo de atividade o que al\u00e9m de promover o crescimento da unidade, ainda proporciona uma experi\u00eancia \u00edmpar para seus participantes.<\/p>\n","protected":false},"excerpt":{"rendered":"<p>O grupo PET-EA desenvolve diferentes projetos de ensino com vista \u00e0 melhoria da forma\u00e7\u00e3o acad\u00eamica dos petianos e dos demais alunos desta unidade acad\u00eamica e cidad\u00e3. Os petianos participam e desenvolvem constantemente esse tipo de atividade o que al\u00e9m de promover o crescimento da unidade, ainda proporciona uma experi\u00eancia \u00edmpar para seus participantes.<\/p>\n","protected":false},"author":512,"featured_media":0,"parent":0,"menu_order":4,"comment_status":"closed","ping_status":"closed","template":"","meta":{"jetpack_post_was_ever_published":false,"footnotes":""},"class_list":["post-22","page","type-page","status-publish","hentry","nodate","item-wrap"],"jetpack_sharing_enabled":true,"jetpack_shortlink":"https:\/\/wp.me\/P6dZ8h-m","_links":{"self":[{"href":"https:\/\/wp.ufpel.edu.br\/petea\/wp-json\/wp\/v2\/pages\/22","targetHints":{"allow":["GET"]}}],"collection":[{"href":"https:\/\/wp.ufpel.edu.br\/petea\/wp-json\/wp\/v2\/pages"}],"about":[{"href":"https:\/\/wp.ufpel.edu.br\/petea\/wp-json\/wp\/v2\/types\/page"}],"author":[{"embeddable":true,"href":"https:\/\/wp.ufpel.edu.br\/petea\/wp-json\/wp\/v2\/users\/512"}],"replies":[{"embeddable":true,"href":"https:\/\/wp.ufpel.edu.br\/petea\/wp-json\/wp\/v2\/comments?post=22"}],"version-history":[{"count":18,"href":"https:\/\/wp.ufpel.edu.br\/petea\/wp-json\/wp\/v2\/pages\/22\/revisions"}],"predecessor-version":[{"id":2176,"href":"https:\/\/wp.ufpel.edu.br\/petea\/wp-json\/wp\/v2\/pages\/22\/revisions\/2176"}],"wp:attachment":[{"href":"https:\/\/wp.ufpel.edu.br\/petea\/wp-json\/wp\/v2\/media?parent=22"}],"curies":[{"name":"wp","href":"https:\/\/api.w.org\/{rel}","templated":true}]}}