{"id":2116,"date":"2020-02-21T19:10:52","date_gmt":"2020-02-21T22:10:52","guid":{"rendered":"https:\/\/wp.ufpel.edu.br\/petea\/?page_id=2116"},"modified":"2020-05-04T14:53:53","modified_gmt":"2020-05-04T17:53:53","slug":"agrinews","status":"publish","type":"page","link":"https:\/\/wp.ufpel.edu.br\/petea\/ensino\/agrinews\/","title":{"rendered":"AgriNews"},"content":{"rendered":"<p>O avan\u00e7o tecnol\u00f3gico est\u00e1 presente no nosso cotidiano, \u00e0 import\u00e2ncia das redes de comunica\u00e7\u00e3o online se torna cada vez mais evidente a partir do momento que estamos buscando informa\u00e7\u00f5es ou se comunicando a distancia atrav\u00e9s dela. A internet veio para modificar a forma que enxergamos a informa\u00e7\u00e3o, atrav\u00e9s dela possu\u00edmos f\u00e1cil acesso e formas de compartilhar as not\u00edcias.<\/p>\n<p>O agroneg\u00f3cio tamb\u00e9m \u00e9 afetado por esse avan\u00e7o tecnol\u00f3gico, atrav\u00e9s da rede de comunica\u00e7\u00e3o torna-se pratico para o produtor se atualizar sobre o clima, pre\u00e7os de insumos, valores da sua mercadoria e acompanhamento da sua pr\u00f3pria propriedade a distancia. \u00a0Devido ao bombardeio de informa\u00e7\u00f5es jogadas na internet muitas vezes fica complicado ao leitor selecionar o que pode ser \u00fatil a ele em rela\u00e7\u00e3o a conhecimento.<\/p>\n<p>Portanto, o grupo PET \u2013 Engenharia Agr\u00edcola elaborou postagens retiradas de ve\u00edculos de comunica\u00e7\u00e3o confi\u00e1veis, de forma resumida e dando os devidos cr\u00e9ditos ao autor da mat\u00e9ria. O projeto AgriNews surgiu no ano de 2018, e teve como objetivo fazer um compilado de noticias, informa\u00e7\u00f5es e curiosidades sobre o agroneg\u00f3cio e assim, o grupo realiza postagens semanais aumentando a visualiza\u00e7\u00e3o de suas redes sociais e colaborando com o conhecimento dos seus seguidores.<\/p>\n<p>O desenvolvimento do projeto ocorreu da seguinte forma, cada petiano ficou respons\u00e1vel pela cria\u00e7\u00e3o de uma postagem semanal, assim era montado um resumo junto a uma foto e depois enviado \u00e0 equipe respons\u00e1vel pelas atualiza\u00e7\u00f5es das redes sociais do grupo para a realiza\u00e7\u00e3o da postagem.<\/p>\n<p><strong>Tenha acesso a todos AgriNews postados em apenas um <a href=\"https:\/\/wp.ufpel.edu.br\/petea\/?s=AgriNews\">clique!<\/a><\/strong><\/p>\n","protected":false},"excerpt":{"rendered":"<p>O avan\u00e7o tecnol\u00f3gico est\u00e1 presente no nosso cotidiano, \u00e0 import\u00e2ncia das redes de comunica\u00e7\u00e3o online se torna cada vez mais evidente a partir do momento que estamos buscando informa\u00e7\u00f5es ou se comunicando a distancia atrav\u00e9s dela. A internet veio para modificar a forma que enxergamos a informa\u00e7\u00e3o, atrav\u00e9s dela possu\u00edmos f\u00e1cil acesso e formas de &hellip; <\/p>\n<p><a class=\"more-link btn\" href=\"https:\/\/wp.ufpel.edu.br\/petea\/ensino\/agrinews\/\">Continue lendo<\/a><\/p>\n","protected":false},"author":512,"featured_media":0,"parent":22,"menu_order":4,"comment_status":"closed","ping_status":"closed","template":"","meta":{"jetpack_post_was_ever_published":false,"footnotes":""},"class_list":["post-2116","page","type-page","status-publish","hentry","nodate","item-wrap"],"jetpack_sharing_enabled":true,"jetpack_shortlink":"https:\/\/wp.me\/P6dZ8h-y8","_links":{"self":[{"href":"https:\/\/wp.ufpel.edu.br\/petea\/wp-json\/wp\/v2\/pages\/2116","targetHints":{"allow":["GET"]}}],"collection":[{"href":"https:\/\/wp.ufpel.edu.br\/petea\/wp-json\/wp\/v2\/pages"}],"about":[{"href":"https:\/\/wp.ufpel.edu.br\/petea\/wp-json\/wp\/v2\/types\/page"}],"author":[{"embeddable":true,"href":"https:\/\/wp.ufpel.edu.br\/petea\/wp-json\/wp\/v2\/users\/512"}],"replies":[{"embeddable":true,"href":"https:\/\/wp.ufpel.edu.br\/petea\/wp-json\/wp\/v2\/comments?post=2116"}],"version-history":[{"count":4,"href":"https:\/\/wp.ufpel.edu.br\/petea\/wp-json\/wp\/v2\/pages\/2116\/revisions"}],"predecessor-version":[{"id":2368,"href":"https:\/\/wp.ufpel.edu.br\/petea\/wp-json\/wp\/v2\/pages\/2116\/revisions\/2368"}],"up":[{"embeddable":true,"href":"https:\/\/wp.ufpel.edu.br\/petea\/wp-json\/wp\/v2\/pages\/22"}],"wp:attachment":[{"href":"https:\/\/wp.ufpel.edu.br\/petea\/wp-json\/wp\/v2\/media?parent=2116"}],"curies":[{"name":"wp","href":"https:\/\/api.w.org\/{rel}","templated":true}]}}