{"id":2094,"date":"2020-02-21T15:13:24","date_gmt":"2020-02-21T18:13:24","guid":{"rendered":"https:\/\/wp.ufpel.edu.br\/petea\/?page_id=2094"},"modified":"2020-05-02T14:41:01","modified_gmt":"2020-05-02T17:41:01","slug":"sap","status":"publish","type":"page","link":"https:\/\/wp.ufpel.edu.br\/petea\/ensino\/sap\/","title":{"rendered":"Semin\u00e1rio Sul-rio-grandense de Agricultura de Precis\u00e3o &#8211; SAP"},"content":{"rendered":"<p style=\"text-align: justify\">Visto que a agricultura vem sofrendo r\u00e1pidas transforma\u00e7\u00f5es nos \u00faltimos anos, atrav\u00e9s de investimentos na moderniza\u00e7\u00e3o, surgiu assim,\u00a0 a utiliza\u00e7\u00e3o da Agricultura de Precis\u00e3o que \u00e9 um conjunto de ferramentas e tecnologias aplicadas para permitir um sistema de gerenciamento agr\u00edcola baseado na variabilidade espacial e temporal da unidade produtiva, visando o aumento de retorno econ\u00f4mico e a redu\u00e7\u00e3o de impactos negativos ao ambiente.<\/p>\n<p style=\"text-align: justify\">Dessa forma o agroneg\u00f3cio exige da comunidade acad\u00eamica e dos produtores rurais um alto grau de especializa\u00e7\u00e3o e de profissionalismo afim de aumentar a capacidade de gerenciar e aplicar essas tecnologias nas propriedades.<\/p>\n<p style=\"text-align: justify\">Portanto, o Programa de Educa\u00e7\u00e3o Tutorial (PET) do Curso de Engenharia Agr\u00edcola da Universidade Federal de Pelotas (UFPel), criou o projeto Simp\u00f3sio de Agricultura de Precis\u00e3o (SAP) no ano de 2014, com o intuito de proporcionar uma intensa troca de experi\u00eancias, bem como, apresentar aos participantes do evento alguns especialistas na \u00e1rea, afim de apresentar e discutir os conceitos de Agricultura de Precis\u00e3o, assim como as recentes tecnologias e inova\u00e7\u00f5es associadas ao tema, al\u00e9m de promover uma rela\u00e7\u00e3o entre participa antes, organizadores e apoiadores.\u00a0 Em 2016, ano que ocorreu a segunda edi\u00e7\u00e3o do evento, o mesmo passou a ser chama de Semin\u00e1rio Sul-rio-grandense de\u00a0 Agricultura de Precis\u00e3o, nome o qual \u00e9 conhecido at\u00e9 hoje.<\/p>\n<p style=\"text-align: justify\">A \u00faltima edi\u00e7\u00e3o ocorreu no final no ano de 2018 na Associa\u00e7\u00e3o Rural de Pelotas, juntamente com a 92\u00ba Expofeira de Pelotas, onde pode-se observar uma grande ades\u00e3o do p\u00fablico, como produtores, gerentes, t\u00e9cnicos e pesquisadores, al\u00e9m do corpo acad\u00eamico e docentes da Universidade Federal de Pelotas. E tamb\u00e9m houve uma excelente troca de experi\u00eancias entre os participantes, atrav\u00e9s da apresenta\u00e7\u00e3o e discuss\u00e3o dos conceitos de agricultura de precis\u00e3o por especialistas da \u00e1rea.<\/p>\n<p style=\"text-align: center\"><strong>Figura 1<\/strong> &#8211; Logo criado para o III Semin\u00e1rio Sul-rio-grandense de Agricultura de Precis\u00e3o.<\/p>\n<p><img loading=\"lazy\" decoding=\"async\" class=\"aligncenter size-medium wp-image-2265\" src=\"https:\/\/wp.ufpel.edu.br\/petea\/files\/2020\/05\/K2-1-391x400.png\" alt=\"\" width=\"391\" height=\"400\" \/><\/p>\n<p style=\"text-align: center\"><strong>Figura 2<\/strong> &#8211; Foto tirada no III Semin\u00e1rio Sul-rio-grandense de Agricultura de Precis\u00e3o durante a palestra do represente da empresa Drakkar.<\/p>\n<p><img loading=\"lazy\" decoding=\"async\" data-attachment-id=\"2263\" data-permalink=\"https:\/\/wp.ufpel.edu.br\/petea\/ensino\/sap\/k3\/\" data-orig-file=\"https:\/\/wp.ufpel.edu.br\/petea\/files\/2020\/05\/K3.png\" data-orig-size=\"1123,501\" data-comments-opened=\"0\" data-image-meta=\"{&quot;aperture&quot;:&quot;0&quot;,&quot;credit&quot;:&quot;&quot;,&quot;camera&quot;:&quot;&quot;,&quot;caption&quot;:&quot;&quot;,&quot;created_timestamp&quot;:&quot;0&quot;,&quot;copyright&quot;:&quot;&quot;,&quot;focal_length&quot;:&quot;0&quot;,&quot;iso&quot;:&quot;0&quot;,&quot;shutter_speed&quot;:&quot;0&quot;,&quot;title&quot;:&quot;&quot;,&quot;orientation&quot;:&quot;0&quot;}\" data-image-title=\"K3\" data-image-description=\"\" data-image-caption=\"\" data-medium-file=\"https:\/\/wp.ufpel.edu.br\/petea\/files\/2020\/05\/K3-400x178.png\" data-large-file=\"https:\/\/wp.ufpel.edu.br\/petea\/files\/2020\/05\/K3-1024x457.png\" class=\"wp-image-2263 size-large aligncenter\" src=\"https:\/\/wp.ufpel.edu.br\/petea\/files\/2020\/05\/K3-1024x457.png\" alt=\"\" width=\"750\" height=\"335\" srcset=\"https:\/\/wp.ufpel.edu.br\/petea\/files\/2020\/05\/K3-1024x457.png 1024w, https:\/\/wp.ufpel.edu.br\/petea\/files\/2020\/05\/K3-400x178.png 400w, https:\/\/wp.ufpel.edu.br\/petea\/files\/2020\/05\/K3-768x343.png 768w, https:\/\/wp.ufpel.edu.br\/petea\/files\/2020\/05\/K3.png 1123w\" sizes=\"auto, (max-width: 750px) 100vw, 750px\" \/><\/p>\n<p>&nbsp;<\/p>\n<p>&nbsp;<\/p>\n<p>&nbsp;<\/p>\n<p>&nbsp;<\/p>\n<p>&nbsp;<\/p>\n<p>&nbsp;<\/p>\n<p>&nbsp;<\/p>\n<p>&nbsp;<\/p>\n<p>&nbsp;<\/p>\n","protected":false},"excerpt":{"rendered":"<p>Visto que a agricultura vem sofrendo r\u00e1pidas transforma\u00e7\u00f5es nos \u00faltimos anos, atrav\u00e9s de investimentos na moderniza\u00e7\u00e3o, surgiu assim,\u00a0 a utiliza\u00e7\u00e3o da Agricultura de Precis\u00e3o que \u00e9 um conjunto de ferramentas e tecnologias aplicadas para permitir um sistema de gerenciamento agr\u00edcola baseado na variabilidade espacial e temporal da unidade produtiva, visando o aumento de retorno econ\u00f4mico &hellip; <\/p>\n<p><a class=\"more-link btn\" href=\"https:\/\/wp.ufpel.edu.br\/petea\/ensino\/sap\/\">Continue lendo<\/a><\/p>\n","protected":false},"author":512,"featured_media":0,"parent":22,"menu_order":0,"comment_status":"closed","ping_status":"closed","template":"","meta":{"jetpack_post_was_ever_published":false,"footnotes":""},"class_list":["post-2094","page","type-page","status-publish","hentry","nodate","item-wrap"],"jetpack_sharing_enabled":true,"jetpack_shortlink":"https:\/\/wp.me\/P6dZ8h-xM","_links":{"self":[{"href":"https:\/\/wp.ufpel.edu.br\/petea\/wp-json\/wp\/v2\/pages\/2094","targetHints":{"allow":["GET"]}}],"collection":[{"href":"https:\/\/wp.ufpel.edu.br\/petea\/wp-json\/wp\/v2\/pages"}],"about":[{"href":"https:\/\/wp.ufpel.edu.br\/petea\/wp-json\/wp\/v2\/types\/page"}],"author":[{"embeddable":true,"href":"https:\/\/wp.ufpel.edu.br\/petea\/wp-json\/wp\/v2\/users\/512"}],"replies":[{"embeddable":true,"href":"https:\/\/wp.ufpel.edu.br\/petea\/wp-json\/wp\/v2\/comments?post=2094"}],"version-history":[{"count":5,"href":"https:\/\/wp.ufpel.edu.br\/petea\/wp-json\/wp\/v2\/pages\/2094\/revisions"}],"predecessor-version":[{"id":2267,"href":"https:\/\/wp.ufpel.edu.br\/petea\/wp-json\/wp\/v2\/pages\/2094\/revisions\/2267"}],"up":[{"embeddable":true,"href":"https:\/\/wp.ufpel.edu.br\/petea\/wp-json\/wp\/v2\/pages\/22"}],"wp:attachment":[{"href":"https:\/\/wp.ufpel.edu.br\/petea\/wp-json\/wp\/v2\/media?parent=2094"}],"curies":[{"name":"wp","href":"https:\/\/api.w.org\/{rel}","templated":true}]}}