{"id":2048,"date":"2020-02-21T14:39:14","date_gmt":"2020-02-21T17:39:14","guid":{"rendered":"https:\/\/wp.ufpel.edu.br\/petea\/?page_id=2048"},"modified":"2020-05-04T13:33:00","modified_gmt":"2020-05-04T16:33:00","slug":"peteajuda","status":"publish","type":"page","link":"https:\/\/wp.ufpel.edu.br\/petea\/ensino\/peteajuda\/","title":{"rendered":"PetEAjuda"},"content":{"rendered":"<p>O curso de Engenharia Agr\u00edcola da Universidade Federal de Pelotas, como as demais engenharias, possui um grau de complexidade bem elevado, obrigando aos seus acad\u00eamicos a terem uma dedica\u00e7\u00e3o especial ao longo da forma\u00e7\u00e3o. Grande parte dos ingressantes em cursos de engenheira possui um alto \u00edndice de dificuldade com as disciplinas do n\u00facleo b\u00e1sico, o que torna a experi\u00eancia de discente algo problem\u00e1tica que, contribui para o alto \u00edndice de desist\u00eancia.<\/p>\n<p>O projeto tem o intuito de auxiliar os discentes sempre esteve presente no planejamento do grupo PET-EA, inicialmente, era conhecido como Oficina do Ensino, onde os petianos atrav\u00e9s de hor\u00e1rios agendados com os alunos retiravam suas duvidas em determinadas disciplinas. Posteriormente, no ano de 2016 o projeto passou a ser conhecido por Oficina do Saber mantendo-se o mesmo formato que o anterior. A partir do ano de 2018 o projeto teve altera\u00e7\u00f5es na sua metodologia, passando os petianos a terem um hor\u00e1rio fixo na sala do PET onde os discentes poderiam procurar por eles para sanarem as duvidas.<\/p>\n<p>O projeto Oficina do Saber permaneceu nesse formato at\u00e9 o ano de 2020, sendo alterado o nome e o formato para PetEAjuda, isto ocorreu devido a baixa quantidade de p\u00fablico esperada em semanas comuns e tamb\u00e9m, principalmente no final do semestre, quando os estudos geralmente se intensificam, a sala ficava lotada, impossibilitando que os petianos realizassem outros projetos.<\/p>\n<p>Visto a continuidade do problema e a melhor forma de atend\u00ea-lo, o grupo PET-EA desenvolveu m\u00e9todos que auxiliem os discentes de forma mais pratica. O instrumento did\u00e1tico escolhido foi as v\u00eddeo aulas, que atrav\u00e9s do canal na plataforma <strong><a href=\"https:\/\/www.youtube.com\/channel\/UCa4MBL3A7yvP7iPJfWV8ETw\">Youtube<\/a>,<\/strong> conseguir\u00e1 ajudar o aluno revisando os conte\u00fados, realizando alguns exerc\u00edcios e sanando as suas duvidas.<\/p>\n<p>O material gerado no formato online pelo PET-EA se torna mais atrativo aos alunos que os demais canais de auxilio, pois conta com exerc\u00edcios resolvidos da pr\u00f3pria lista do professor e tamb\u00e9m com v\u00eddeos do pr\u00f3prio docente explicando conte\u00fados vistos em sala de aula.<\/p>\n<p>O PET \u2013 Engenharia Agr\u00edcola sempre se preocupou com o desempenho dos alunos do curso, e oferece o m\u00e1ximo de apoio poss\u00edvel, e atrav\u00e9s do formato online encontrou uma maneira de facilitar os estudos da fra\u00e7\u00e3o de alunos que apresenta dificuldades, podendo dessa forma interferir diretamente no grau de absor\u00e7\u00e3o de conte\u00fado e na aprova\u00e7\u00e3o desses acad\u00eamicos.<\/p>\n<p style=\"text-align: center\">Figura 1 &#8211;\u00a0 Foto do auxilio prestado pelo grupo PET-EA no antigo projeto Oficina do Saber.<\/p>\n<p><img loading=\"lazy\" decoding=\"async\" data-attachment-id=\"1807\" data-permalink=\"https:\/\/wp.ufpel.edu.br\/petea\/ensino\/download\/\" data-orig-file=\"https:\/\/wp.ufpel.edu.br\/petea\/files\/2020\/02\/download.png\" data-orig-size=\"1366,575\" data-comments-opened=\"0\" data-image-meta=\"{&quot;aperture&quot;:&quot;0&quot;,&quot;credit&quot;:&quot;&quot;,&quot;camera&quot;:&quot;&quot;,&quot;caption&quot;:&quot;&quot;,&quot;created_timestamp&quot;:&quot;0&quot;,&quot;copyright&quot;:&quot;&quot;,&quot;focal_length&quot;:&quot;0&quot;,&quot;iso&quot;:&quot;0&quot;,&quot;shutter_speed&quot;:&quot;0&quot;,&quot;title&quot;:&quot;&quot;,&quot;orientation&quot;:&quot;0&quot;}\" data-image-title=\"download\" data-image-description=\"\" data-image-caption=\"\" data-medium-file=\"https:\/\/wp.ufpel.edu.br\/petea\/files\/2020\/02\/download-400x168.png\" data-large-file=\"https:\/\/wp.ufpel.edu.br\/petea\/files\/2020\/02\/download-1024x431.png\" class=\"aligncenter wp-image-1807 size-large\" src=\"https:\/\/wp.ufpel.edu.br\/petea\/files\/2020\/02\/download-1024x431.png\" alt=\"\" width=\"750\" height=\"316\" srcset=\"https:\/\/wp.ufpel.edu.br\/petea\/files\/2020\/02\/download-1024x431.png 1024w, https:\/\/wp.ufpel.edu.br\/petea\/files\/2020\/02\/download-400x168.png 400w, https:\/\/wp.ufpel.edu.br\/petea\/files\/2020\/02\/download-768x323.png 768w, https:\/\/wp.ufpel.edu.br\/petea\/files\/2020\/02\/download-945x398.png 945w, https:\/\/wp.ufpel.edu.br\/petea\/files\/2020\/02\/download-600x253.png 600w, https:\/\/wp.ufpel.edu.br\/petea\/files\/2020\/02\/download.png 1366w\" sizes=\"auto, (max-width: 750px) 100vw, 750px\" \/><\/p>\n<p><strong>PUBLICA\u00c7\u00d5ES:<\/strong><\/p>\n<p style=\"text-align: justify\"><a href=\"https:\/\/wp.ufpel.edu.br\/sulpet\/files\/2019\/11\/AnaisSulPetXXII.pdf\">SILVA, Henrique Peglow da; NEUTZLING, Henrique Passos; TILLMANN, Carlos Ant\u00f4nio da Costa. Projeto Oficina do Saber Empregado Como Recurso no Combate de Evas\u00e3o no Curso de Engenharia Agr\u00edcola. In: ENCONTRO REGIONAL DOS GRUPOS PET DO SUL, 22., 2019, Pelotas. <strong>Anais&#8230; .\u00a0<\/strong>Pelotas., 2019. p. 261 &#8211; 263.<\/a><\/p>\n","protected":false},"excerpt":{"rendered":"<p>O curso de Engenharia Agr\u00edcola da Universidade Federal de Pelotas, como as demais engenharias, possui um grau de complexidade bem elevado, obrigando aos seus acad\u00eamicos a terem uma dedica\u00e7\u00e3o especial ao longo da forma\u00e7\u00e3o. Grande parte dos ingressantes em cursos de engenheira possui um alto \u00edndice de dificuldade com as disciplinas do n\u00facleo b\u00e1sico, o &hellip; <\/p>\n<p><a class=\"more-link btn\" href=\"https:\/\/wp.ufpel.edu.br\/petea\/ensino\/peteajuda\/\">Continue lendo<\/a><\/p>\n","protected":false},"author":512,"featured_media":0,"parent":22,"menu_order":5,"comment_status":"closed","ping_status":"closed","template":"","meta":{"jetpack_post_was_ever_published":false,"footnotes":""},"class_list":["post-2048","page","type-page","status-publish","hentry","nodate","item-wrap"],"jetpack_sharing_enabled":true,"jetpack_shortlink":"https:\/\/wp.me\/P6dZ8h-x2","_links":{"self":[{"href":"https:\/\/wp.ufpel.edu.br\/petea\/wp-json\/wp\/v2\/pages\/2048","targetHints":{"allow":["GET"]}}],"collection":[{"href":"https:\/\/wp.ufpel.edu.br\/petea\/wp-json\/wp\/v2\/pages"}],"about":[{"href":"https:\/\/wp.ufpel.edu.br\/petea\/wp-json\/wp\/v2\/types\/page"}],"author":[{"embeddable":true,"href":"https:\/\/wp.ufpel.edu.br\/petea\/wp-json\/wp\/v2\/users\/512"}],"replies":[{"embeddable":true,"href":"https:\/\/wp.ufpel.edu.br\/petea\/wp-json\/wp\/v2\/comments?post=2048"}],"version-history":[{"count":7,"href":"https:\/\/wp.ufpel.edu.br\/petea\/wp-json\/wp\/v2\/pages\/2048\/revisions"}],"predecessor-version":[{"id":2357,"href":"https:\/\/wp.ufpel.edu.br\/petea\/wp-json\/wp\/v2\/pages\/2048\/revisions\/2357"}],"up":[{"embeddable":true,"href":"https:\/\/wp.ufpel.edu.br\/petea\/wp-json\/wp\/v2\/pages\/22"}],"wp:attachment":[{"href":"https:\/\/wp.ufpel.edu.br\/petea\/wp-json\/wp\/v2\/media?parent=2048"}],"curies":[{"name":"wp","href":"https:\/\/api.w.org\/{rel}","templated":true}]}}