{"id":2045,"date":"2020-02-21T14:39:13","date_gmt":"2020-02-21T17:39:13","guid":{"rendered":"https:\/\/wp.ufpel.edu.br\/petea\/?page_id=2045"},"modified":"2020-05-02T14:43:46","modified_gmt":"2020-05-02T17:43:46","slug":"educacao-ambiental","status":"publish","type":"page","link":"https:\/\/wp.ufpel.edu.br\/petea\/extensao\/educacao-ambiental\/","title":{"rendered":"Educa\u00e7\u00e3o Ambiental"},"content":{"rendered":"<p>As crises ambientais t\u00eam-se intensificado gradativamente, diante disso surge a preocupa\u00e7\u00e3o com a limita\u00e7\u00e3o os recursos naturais e a degrada\u00e7\u00e3o do meio ambiente. Essa preocupa\u00e7\u00e3o promove a busca por meios que propiciem a redu\u00e7\u00e3o dos impactos causados pela a\u00e7\u00e3o do homem.<\/p>\n<p>Assim, a educa\u00e7\u00e3o ambiental surge como alternativa para a difus\u00e3o da conscientiza\u00e7\u00e3o ambiental. A degrada\u00e7\u00e3o ambiental \u00e9 decorrente, dentre outros aspectos, da maneira como enxergamos o meio ambiente, portanto a aus\u00eancia desse conhecimento, por muitas vezes, gera impactos no meio ambiente.<\/p>\n<p>Nesse sentido, a escola torna-se um dos principais caminhos para a implementa\u00e7\u00e3o da quest\u00e3o ambiental atrav\u00e9s da educa\u00e7\u00e3o das crian\u00e7as com a finalidade de despertar o desenvolvimento de pr\u00e1ticas em busca de um futuro sustent\u00e1vel, construindo valores sociais, conhecimentos, habilidades, atitudes e compet\u00eancias voltadas a conserva\u00e7\u00e3o do meio ambiente.<\/p>\n<p>Dessa forma, torna-se necess\u00e1rio que institui\u00e7\u00f5es desenvolvam pr\u00e1ticas de a\u00e7\u00f5es que promovam a educa\u00e7\u00e3o ambiental em escolas. Portanto, o PET-Engenharia Agr\u00edcola prop\u00f5e o Projeto de Educa\u00e7\u00e3o Ambiental. O Projeto de Educa\u00e7\u00e3o Ambiental tem como objetivo geral disseminar a educa\u00e7\u00e3o ambiental em institui\u00e7\u00f5es de ensino do munic\u00edpio de Pelotas e regi\u00e3o, atrav\u00e9s da realiza\u00e7\u00e3o de<br \/>\npr\u00e1ticas sustent\u00e1veis.<\/p>\n<p class=\"post-title entry-title\" style=\"text-align: center\"><strong><span style=\"font-size: 12pt\">TEATRO EDUCATIVO SOBRE CONSCIENTIZA\u00c7\u00c3O\u00a0<\/span><\/strong><span style=\"font-size: 12pt\"><b>AMBIENTAL<\/b><\/span><\/p>\n<p>&nbsp;<\/p>\n<p class=\"jetpack-slideshow-noscript robots-nocontent\">Este slideshow necessita de JavaScript.<\/p><div id=\"gallery-2045-1-slideshow\" class=\"jetpack-slideshow-window jetpack-slideshow jetpack-slideshow-black\" data-trans=\"fade\" data-autostart=\"1\" data-gallery=\"[{&quot;src&quot;:&quot;https:\\\/\\\/wp.ufpel.edu.br\\\/petea\\\/files\\\/2020\\\/02\\\/WhatsApp-Image-2019-11-04-at-16.17.00-1.jpeg&quot;,&quot;id&quot;:&quot;1976&quot;,&quot;title&quot;:&quot;ambiental teatro&quot;,&quot;alt&quot;:&quot;&quot;,&quot;caption&quot;:&quot;&quot;,&quot;itemprop&quot;:&quot;image&quot;}]\" itemscope itemtype=\"https:\/\/schema.org\/ImageGallery\"><\/div>\n<p style=\"text-align: center\"><b>EDUCA\u00c7\u00c3O SOBRE PLANTIO DE HORTA <\/b><\/p>\n<p class=\"jetpack-slideshow-noscript robots-nocontent\">Este slideshow necessita de JavaScript.<\/p><div id=\"gallery-2045-2-slideshow\" class=\"jetpack-slideshow-window jetpack-slideshow jetpack-slideshow-black\" data-trans=\"fade\" data-autostart=\"1\" data-gallery=\"[{&quot;src&quot;:&quot;https:\\\/\\\/wp.ufpel.edu.br\\\/petea\\\/files\\\/2020\\\/02\\\/WhatsApp-Image-2019-09-05-at-17.58.11-27.jpeg&quot;,&quot;id&quot;:&quot;1974&quot;,&quot;title&quot;:&quot;WhatsApp Image 2019-09-05 at 17.58.11 (27)&quot;,&quot;alt&quot;:&quot;&quot;,&quot;caption&quot;:&quot;&quot;,&quot;itemprop&quot;:&quot;image&quot;},{&quot;src&quot;:&quot;https:\\\/\\\/wp.ufpel.edu.br\\\/petea\\\/files\\\/2020\\\/02\\\/WhatsApp-Image-2019-09-05-at-14.46.05-3.jpeg&quot;,&quot;id&quot;:&quot;1962&quot;,&quot;title&quot;:&quot;WhatsApp Image 2019-09-05 at 14.46.05 (3)&quot;,&quot;alt&quot;:&quot;&quot;,&quot;caption&quot;:&quot;&quot;,&quot;itemprop&quot;:&quot;image&quot;},{&quot;src&quot;:&quot;https:\\\/\\\/wp.ufpel.edu.br\\\/petea\\\/files\\\/2020\\\/02\\\/WhatsApp-Image-2019-09-05-at-14.46.05-10.jpeg&quot;,&quot;id&quot;:&quot;1967&quot;,&quot;title&quot;:&quot;WhatsApp Image 2019-09-05 at 14.46.05 (10)&quot;,&quot;alt&quot;:&quot;&quot;,&quot;caption&quot;:&quot;&quot;,&quot;itemprop&quot;:&quot;image&quot;},{&quot;src&quot;:&quot;https:\\\/\\\/wp.ufpel.edu.br\\\/petea\\\/files\\\/2020\\\/02\\\/WhatsApp-Image-2019-09-05-at-14.45.55.jpeg&quot;,&quot;id&quot;:&quot;1960&quot;,&quot;title&quot;:&quot;WhatsApp Image 2019-09-05 at 14.45.55&quot;,&quot;alt&quot;:&quot;&quot;,&quot;caption&quot;:&quot;&quot;,&quot;itemprop&quot;:&quot;image&quot;}]\" itemscope itemtype=\"https:\/\/schema.org\/ImageGallery\"><\/div>\n<p><strong>PUBLICA\u00c7\u00d5ES:<\/strong><\/p>\n<p><a href=\"https:\/\/wp.ufpel.edu.br\/congressoextensao\/files\/2018\/12\/Meio-Ambiente.pdf\">DOS SANTOS, Thalia Strelov, et al. Educa\u00e7\u00e3o ambiental nas escolas. In: Congresso de Extens\u00e3o e cultura, 5., 2018, Pelotas . Anais&#8230;.Pelotas, 2018. p.143 &#8211; 146<\/a><\/p>\n","protected":false},"excerpt":{"rendered":"<p>As crises ambientais t\u00eam-se intensificado gradativamente, diante disso surge a preocupa\u00e7\u00e3o com a limita\u00e7\u00e3o os recursos naturais e a degrada\u00e7\u00e3o do meio ambiente. Essa preocupa\u00e7\u00e3o promove a busca por meios que propiciem a redu\u00e7\u00e3o dos impactos causados pela a\u00e7\u00e3o do homem. Assim, a educa\u00e7\u00e3o ambiental surge como alternativa para a difus\u00e3o da conscientiza\u00e7\u00e3o ambiental. A &hellip; <\/p>\n<p><a class=\"more-link btn\" href=\"https:\/\/wp.ufpel.edu.br\/petea\/extensao\/educacao-ambiental\/\">Continue lendo<\/a><\/p>\n","protected":false},"author":512,"featured_media":0,"parent":24,"menu_order":0,"comment_status":"closed","ping_status":"closed","template":"","meta":{"jetpack_post_was_ever_published":false,"footnotes":""},"class_list":["post-2045","page","type-page","status-publish","hentry","nodate","item-wrap"],"jetpack_sharing_enabled":true,"jetpack_shortlink":"https:\/\/wp.me\/P6dZ8h-wZ","_links":{"self":[{"href":"https:\/\/wp.ufpel.edu.br\/petea\/wp-json\/wp\/v2\/pages\/2045","targetHints":{"allow":["GET"]}}],"collection":[{"href":"https:\/\/wp.ufpel.edu.br\/petea\/wp-json\/wp\/v2\/pages"}],"about":[{"href":"https:\/\/wp.ufpel.edu.br\/petea\/wp-json\/wp\/v2\/types\/page"}],"author":[{"embeddable":true,"href":"https:\/\/wp.ufpel.edu.br\/petea\/wp-json\/wp\/v2\/users\/512"}],"replies":[{"embeddable":true,"href":"https:\/\/wp.ufpel.edu.br\/petea\/wp-json\/wp\/v2\/comments?post=2045"}],"version-history":[{"count":5,"href":"https:\/\/wp.ufpel.edu.br\/petea\/wp-json\/wp\/v2\/pages\/2045\/revisions"}],"predecessor-version":[{"id":2171,"href":"https:\/\/wp.ufpel.edu.br\/petea\/wp-json\/wp\/v2\/pages\/2045\/revisions\/2171"}],"up":[{"embeddable":true,"href":"https:\/\/wp.ufpel.edu.br\/petea\/wp-json\/wp\/v2\/pages\/24"}],"wp:attachment":[{"href":"https:\/\/wp.ufpel.edu.br\/petea\/wp-json\/wp\/v2\/media?parent=2045"}],"curies":[{"name":"wp","href":"https:\/\/api.w.org\/{rel}","templated":true}]}}