{"id":1886,"date":"2020-02-21T13:56:35","date_gmt":"2020-02-21T16:56:35","guid":{"rendered":"https:\/\/wp.ufpel.edu.br\/petea\/?page_id=1886"},"modified":"2020-04-29T14:48:43","modified_gmt":"2020-04-29T17:48:43","slug":"faca-parte-da-nossa-equipe","status":"publish","type":"page","link":"https:\/\/wp.ufpel.edu.br\/petea\/faca-parte-da-nossa-equipe\/","title":{"rendered":"Fa\u00e7a parte da nossa Equipe"},"content":{"rendered":"<h3>Processo Seletivo<\/h3>\n<p>&nbsp;<\/p>\n<p><span style=\"font-size: 14pt\"><strong>Bolsistas<\/strong><\/span><\/p>\n<p style=\"text-align: justify\">O processo seletivo ocorre de forma obrigat\u00e1rio quando o grupo estiver com vagas dispon\u00edveis para bolsista, mas isto, n\u00e3o impede do grupo abrir um edital para completar as vagas para volunt\u00e1rio (total de seis vagas), ou seja, o grupo PET-EA fica completo quando estiver seus 12 petianos bolsistas e seus 6 petianos volunt\u00e1rios. A aprova\u00e7\u00e3o do aluno no processo seletivo do PET-EA n\u00e3o dar\u00e1 direito a uma bolsa imediatamente, o aluno entrar\u00e1 como volunt\u00e1rio e atrav\u00e9s do seu empenho dentro do grupo receber\u00e1 por m\u00e9rito a bolsa do pr\u00f3ximo\u00a0 petiano(a) bolsista desligado(a) do programa.<\/p>\n<p style=\"text-align: justify\">O processo de sele\u00e7\u00e3o \u00e9 efetuado por uma comiss\u00e3o composta por 3 docentes (um docente do nosso curso, um tutor de outro PET UFPEL e o nosso tutor vigente), 3 discentes (dois petianos(as) do grupo PET-EA e um petiano(a) de outro PET UFPEL). Essa banca avaliar\u00e1 os candidatos em dois dias, onde ser\u00e1 observado o curr\u00edculo Lattes, o hist\u00f3rico acad\u00eamico, o memorial descritivo, o comportamento na din\u00e2mica de grupo, a apresenta\u00e7\u00e3o oral, a entrevista individual e a reda\u00e7\u00e3o.<\/p>\n<p style=\"text-align: justify\">A sele\u00e7\u00e3o \u00e9 efetuada entre os alunos do curso de gradua\u00e7\u00e3o que teve a sua proposta aprovada pela SESu\/MEC e que preencham os requisitos constantes na Lei N\u00ba 11.180\/2005, na Portaria MEC n\u00ba 3.385\/2005 e no Manual de Orienta\u00e7\u00f5es B\u00e1sicas do Programa de Educa\u00e7\u00e3o Tutorial.<\/p>\n<p><span style=\"font-size: 14pt\"><strong>Tutor<\/strong><\/span><\/p>\n<p>O processo de sele\u00e7\u00e3o para a substitui\u00e7\u00e3o do tutor dever\u00e1 ser coordenado pelo Comit\u00ea Local de Acompanhamento do PET\/CLAA, garantido-se a representa\u00e7\u00e3o de todos os seus membros.<\/p>\n<p>O edital de sele\u00e7\u00e3o de um novo tutor dever\u00e1 ser divulgado oficialmente com antecedencia minima de oito dias de sua realiza\u00e7\u00e3o, nele deve estar incluso informa\u00e7\u00f5es sobre a data, local, hor\u00e1rio, crit\u00e9rios e procedimento de sele\u00e7\u00e3o.<\/p>\n<p>O resultado do processo seletivo ser\u00e1 sistematizado e encaminhado pelo CLAA \u00e0 Pr\u00f3-Reitoria de Gradua\u00e7\u00e3o para homologa\u00e7\u00e3o e encaminhamento a SESu\/MEC.<\/p>\n","protected":false},"excerpt":{"rendered":"<p>Processo Seletivo &nbsp; Bolsistas O processo seletivo ocorre de forma obrigat\u00e1rio quando o grupo estiver com vagas dispon\u00edveis para bolsista, mas isto, n\u00e3o impede do grupo abrir um edital para completar as vagas para volunt\u00e1rio (total de seis vagas), ou seja, o grupo PET-EA fica completo quando estiver seus 12 petianos bolsistas e seus 6 &hellip; <\/p>\n<p><a class=\"more-link btn\" href=\"https:\/\/wp.ufpel.edu.br\/petea\/faca-parte-da-nossa-equipe\/\">Continue lendo<\/a><\/p>\n","protected":false},"author":512,"featured_media":0,"parent":0,"menu_order":0,"comment_status":"closed","ping_status":"closed","template":"","meta":{"jetpack_post_was_ever_published":false,"footnotes":""},"class_list":["post-1886","page","type-page","status-publish","hentry","nodate","item-wrap"],"jetpack_sharing_enabled":true,"jetpack_shortlink":"https:\/\/wp.me\/P6dZ8h-uq","_links":{"self":[{"href":"https:\/\/wp.ufpel.edu.br\/petea\/wp-json\/wp\/v2\/pages\/1886","targetHints":{"allow":["GET"]}}],"collection":[{"href":"https:\/\/wp.ufpel.edu.br\/petea\/wp-json\/wp\/v2\/pages"}],"about":[{"href":"https:\/\/wp.ufpel.edu.br\/petea\/wp-json\/wp\/v2\/types\/page"}],"author":[{"embeddable":true,"href":"https:\/\/wp.ufpel.edu.br\/petea\/wp-json\/wp\/v2\/users\/512"}],"replies":[{"embeddable":true,"href":"https:\/\/wp.ufpel.edu.br\/petea\/wp-json\/wp\/v2\/comments?post=1886"}],"version-history":[{"count":4,"href":"https:\/\/wp.ufpel.edu.br\/petea\/wp-json\/wp\/v2\/pages\/1886\/revisions"}],"predecessor-version":[{"id":2242,"href":"https:\/\/wp.ufpel.edu.br\/petea\/wp-json\/wp\/v2\/pages\/1886\/revisions\/2242"}],"wp:attachment":[{"href":"https:\/\/wp.ufpel.edu.br\/petea\/wp-json\/wp\/v2\/media?parent=1886"}],"curies":[{"name":"wp","href":"https:\/\/api.w.org\/{rel}","templated":true}]}}