{"id":1857,"date":"2020-02-21T13:49:31","date_gmt":"2020-02-21T16:49:31","guid":{"rendered":"https:\/\/wp.ufpel.edu.br\/petea\/?page_id=1857"},"modified":"2020-02-24T18:20:06","modified_gmt":"2020-02-24T21:20:06","slug":"projeto-de-producao-integrada-agropecuaria","status":"publish","type":"page","link":"https:\/\/wp.ufpel.edu.br\/petea\/extensao\/projeto-de-producao-integrada-agropecuaria\/","title":{"rendered":"Projeto de Produ\u00e7\u00e3o Integrada Agropecu\u00e1ria"},"content":{"rendered":"<p>O Projeto de Produ\u00e7\u00e3o Integrada Agropecu\u00e1ria buscou ampliar os conhecimentos de produ\u00e7\u00e3o convencional na regi\u00e3o de Pelotas\/RS, de modo que a tecnologia e pr\u00e1ticas modernas revolucionassem o meio agr\u00edcola. Para isso, idealizou-se propiciar treinamentos de pesquisadores, t\u00e9cnicos e produtores na produ\u00e7\u00e3o integrada de produtos agropecu\u00e1rios, assim fomentando a troca de informa\u00e7\u00e3o e tecnologia.<\/p>\n<p>O projeto idealiza a capacita\u00e7\u00e3o de produtores agropecu\u00e1rios atrav\u00e9s da uni\u00e3o entre as institui\u00e7\u00f5es Universidade Federal de Pelotas (UFPel) e Empresa Brasileira de Pesquisa Agropecu\u00e1ria (Embrapa), com o grupo do Programa de Educa\u00e7\u00e3o Tutorial (PET) do curso de Engenharia Agr\u00edcola servindo como agente de conex\u00e3o. Se planeja treinamento presencial em forma de palestras e cursos, ministrados por profissionais das ci\u00eancias agr\u00e1rias de ambas institui\u00e7\u00f5es. Atividades seriam realizadas na Embrapa Clima Temperado, que fica \u00e0s margens da cidade de Pelotas\/RS, ou em qualquer outro local acordado entre institui\u00e7\u00f5es para os exerc\u00edcios propostos. Estudos apresentados aos produtores poder\u00e3o variar de acordo com a cultura em quest\u00e3o e necessidade do mercado consumidor, por\u00e9m sempre viabilizando maior produ\u00e7\u00e3o com t\u00e9cnicas mais modernas.<\/p>\n<p>Em 2019, o PET Engenharia Agr\u00edcola buscou reunir-se com funcion\u00e1rios da Embrapa para estabelecer os treinamentos pensados. Contudo, por diverg\u00eancias de hor\u00e1rios dispon\u00edveis da empresa, atividades foram postergadas para o ano de 2020. Encontros informais e contatos est\u00e3o sendo feitos para que se estabele\u00e7a um calend\u00e1rio adequado para ambos funcion\u00e1rios da empresa e alunos do programa.<\/p>\n<p style=\"text-align: center\"><strong>REUNI\u00c3O DO PROJETO<\/strong><\/p>\n<p><img loading=\"lazy\" decoding=\"async\" data-attachment-id=\"2174\" data-permalink=\"https:\/\/wp.ufpel.edu.br\/petea\/extensao\/projeto-de-producao-integrada-agropecuaria\/whatsapp-image-2020-02-24-at-15-44-53\/\" data-orig-file=\"https:\/\/wp.ufpel.edu.br\/petea\/files\/2020\/02\/WhatsApp-Image-2020-02-24-at-15.44.53.jpeg\" data-orig-size=\"1280,960\" data-comments-opened=\"0\" data-image-meta=\"{&quot;aperture&quot;:&quot;0&quot;,&quot;credit&quot;:&quot;&quot;,&quot;camera&quot;:&quot;&quot;,&quot;caption&quot;:&quot;&quot;,&quot;created_timestamp&quot;:&quot;0&quot;,&quot;copyright&quot;:&quot;&quot;,&quot;focal_length&quot;:&quot;0&quot;,&quot;iso&quot;:&quot;0&quot;,&quot;shutter_speed&quot;:&quot;0&quot;,&quot;title&quot;:&quot;&quot;,&quot;orientation&quot;:&quot;0&quot;}\" data-image-title=\"REUNI\u00c3O\" data-image-description=\"\" data-image-caption=\"\" data-medium-file=\"https:\/\/wp.ufpel.edu.br\/petea\/files\/2020\/02\/WhatsApp-Image-2020-02-24-at-15.44.53-400x300.jpeg\" data-large-file=\"https:\/\/wp.ufpel.edu.br\/petea\/files\/2020\/02\/WhatsApp-Image-2020-02-24-at-15.44.53-1024x768.jpeg\" class=\"aligncenter size-medium wp-image-2174\" src=\"https:\/\/wp.ufpel.edu.br\/petea\/files\/2020\/02\/WhatsApp-Image-2020-02-24-at-15.44.53-400x300.jpeg\" alt=\"\" width=\"400\" height=\"300\" srcset=\"https:\/\/wp.ufpel.edu.br\/petea\/files\/2020\/02\/WhatsApp-Image-2020-02-24-at-15.44.53-400x300.jpeg 400w, https:\/\/wp.ufpel.edu.br\/petea\/files\/2020\/02\/WhatsApp-Image-2020-02-24-at-15.44.53-1024x768.jpeg 1024w, https:\/\/wp.ufpel.edu.br\/petea\/files\/2020\/02\/WhatsApp-Image-2020-02-24-at-15.44.53-768x576.jpeg 768w, https:\/\/wp.ufpel.edu.br\/petea\/files\/2020\/02\/WhatsApp-Image-2020-02-24-at-15.44.53.jpeg 1280w\" sizes=\"auto, (max-width: 400px) 100vw, 400px\" \/><\/p>\n","protected":false},"excerpt":{"rendered":"<p>O Projeto de Produ\u00e7\u00e3o Integrada Agropecu\u00e1ria buscou ampliar os conhecimentos de produ\u00e7\u00e3o convencional na regi\u00e3o de Pelotas\/RS, de modo que a tecnologia e pr\u00e1ticas modernas revolucionassem o meio agr\u00edcola. Para isso, idealizou-se propiciar treinamentos de pesquisadores, t\u00e9cnicos e produtores na produ\u00e7\u00e3o integrada de produtos agropecu\u00e1rios, assim fomentando a troca de informa\u00e7\u00e3o e tecnologia. O projeto &hellip; <\/p>\n<p><a class=\"more-link btn\" href=\"https:\/\/wp.ufpel.edu.br\/petea\/extensao\/projeto-de-producao-integrada-agropecuaria\/\">Continue lendo<\/a><\/p>\n","protected":false},"author":512,"featured_media":0,"parent":24,"menu_order":0,"comment_status":"closed","ping_status":"closed","template":"","meta":{"jetpack_post_was_ever_published":false,"footnotes":""},"class_list":["post-1857","page","type-page","status-publish","hentry","nodate","item-wrap"],"jetpack_sharing_enabled":true,"jetpack_shortlink":"https:\/\/wp.me\/P6dZ8h-tX","_links":{"self":[{"href":"https:\/\/wp.ufpel.edu.br\/petea\/wp-json\/wp\/v2\/pages\/1857","targetHints":{"allow":["GET"]}}],"collection":[{"href":"https:\/\/wp.ufpel.edu.br\/petea\/wp-json\/wp\/v2\/pages"}],"about":[{"href":"https:\/\/wp.ufpel.edu.br\/petea\/wp-json\/wp\/v2\/types\/page"}],"author":[{"embeddable":true,"href":"https:\/\/wp.ufpel.edu.br\/petea\/wp-json\/wp\/v2\/users\/512"}],"replies":[{"embeddable":true,"href":"https:\/\/wp.ufpel.edu.br\/petea\/wp-json\/wp\/v2\/comments?post=1857"}],"version-history":[{"count":3,"href":"https:\/\/wp.ufpel.edu.br\/petea\/wp-json\/wp\/v2\/pages\/1857\/revisions"}],"predecessor-version":[{"id":2175,"href":"https:\/\/wp.ufpel.edu.br\/petea\/wp-json\/wp\/v2\/pages\/1857\/revisions\/2175"}],"up":[{"embeddable":true,"href":"https:\/\/wp.ufpel.edu.br\/petea\/wp-json\/wp\/v2\/pages\/24"}],"wp:attachment":[{"href":"https:\/\/wp.ufpel.edu.br\/petea\/wp-json\/wp\/v2\/media?parent=1857"}],"curies":[{"name":"wp","href":"https:\/\/api.w.org\/{rel}","templated":true}]}}