{"id":1845,"date":"2020-02-21T11:53:46","date_gmt":"2020-02-21T14:53:46","guid":{"rendered":"https:\/\/wp.ufpel.edu.br\/petea\/?page_id=1845"},"modified":"2020-05-02T18:16:10","modified_gmt":"2020-05-02T21:16:10","slug":"minicursos","status":"publish","type":"page","link":"https:\/\/wp.ufpel.edu.br\/petea\/ensino\/minicursos\/","title":{"rendered":"Ciclo Permanente de Minicursos"},"content":{"rendered":"<p>O projeto Ciclo Permanente de Minicursos \u00e9 um Projeto de Ensino realizado pelo grupo PET \u2013 Engenharia Agr\u00edcola, que surgiu com o intuito de promover atualiza\u00e7\u00e3o constante dos acad\u00eamicos diante das inova\u00e7\u00f5es provenientes das \u00e1reas de forma\u00e7\u00e3o da Engenharia Agr\u00edcola. Onde primeiramente realiza-se os minicursos interno para a avalia\u00e7\u00e3o do petiano e ap\u00f3s aprovado, ministra-se os minicursos externos.<br \/>\nA escolha dos minicursos ofertados ao longo do ano surgiu atrav\u00e9s de uma pesquisa utilizando a ferramenta do Google Forms realizada no in\u00edcio de cada ano, onde s\u00e3o fornecidos alguns exemplos de softwares os quais s\u00e3o utilizados durante o ciclo acad\u00eamico e posteriormente, no \u00e2mbito profissional.<br \/>\nDurante este ano 2019 foram realizados os minicursos de AutoCAD, Excel, Estat\u00edstica Experimental, Canva e Prezi, obtendo uma m\u00e9dia de p\u00fablico de 10 a 15 pessoas por curso. Como o projeto ocorreu satisfatoriamente durante o ano de 2019, ir\u00e1 ocorrer no pr\u00f3ximo ano.<\/p>\n<p class=\"jetpack-slideshow-noscript robots-nocontent\">Este slideshow necessita de JavaScript.<\/p><div id=\"gallery-1845-1-slideshow\" class=\"jetpack-slideshow-window jetpack-slideshow jetpack-slideshow-black\" data-trans=\"fade\" data-autostart=\"1\" data-gallery=\"[{&quot;src&quot;:&quot;https:\\\/\\\/wp.ufpel.edu.br\\\/petea\\\/files\\\/2020\\\/02\\\/IMG-20190626-WA0000-1024x768.jpg&quot;,&quot;id&quot;:&quot;1847&quot;,&quot;title&quot;:&quot;IMG-20190626-WA0000&quot;,&quot;alt&quot;:&quot;&quot;,&quot;caption&quot;:&quot;&quot;,&quot;itemprop&quot;:&quot;image&quot;},{&quot;src&quot;:&quot;https:\\\/\\\/wp.ufpel.edu.br\\\/petea\\\/files\\\/2020\\\/02\\\/IMG-20190626-WA0001-1024x768.jpg&quot;,&quot;id&quot;:&quot;1848&quot;,&quot;title&quot;:&quot;IMG-20190626-WA0001&quot;,&quot;alt&quot;:&quot;&quot;,&quot;caption&quot;:&quot;&quot;,&quot;itemprop&quot;:&quot;image&quot;},{&quot;src&quot;:&quot;https:\\\/\\\/wp.ufpel.edu.br\\\/petea\\\/files\\\/2020\\\/02\\\/IMG-20191115-WA0000-1024x767.jpg&quot;,&quot;id&quot;:&quot;1849&quot;,&quot;title&quot;:&quot;IMG-20191115-WA0000&quot;,&quot;alt&quot;:&quot;&quot;,&quot;caption&quot;:&quot;&quot;,&quot;itemprop&quot;:&quot;image&quot;},{&quot;src&quot;:&quot;https:\\\/\\\/wp.ufpel.edu.br\\\/petea\\\/files\\\/2020\\\/02\\\/IMG-20190522-WA0016-768x1024.jpg&quot;,&quot;id&quot;:&quot;1850&quot;,&quot;title&quot;:&quot;IMG-20190522-WA0016&quot;,&quot;alt&quot;:&quot;&quot;,&quot;caption&quot;:&quot;&quot;,&quot;itemprop&quot;:&quot;image&quot;},{&quot;src&quot;:&quot;https:\\\/\\\/wp.ufpel.edu.br\\\/petea\\\/files\\\/2020\\\/02\\\/IMG_20190626_110509_627-1024x768.jpg&quot;,&quot;id&quot;:&quot;1851&quot;,&quot;title&quot;:&quot;IMG_20190626_110509_627&quot;,&quot;alt&quot;:&quot;&quot;,&quot;caption&quot;:&quot;&quot;,&quot;itemprop&quot;:&quot;image&quot;},{&quot;src&quot;:&quot;https:\\\/\\\/wp.ufpel.edu.br\\\/petea\\\/files\\\/2020\\\/02\\\/IMG_20191126_173820051-1024x768.jpg&quot;,&quot;id&quot;:&quot;1852&quot;,&quot;title&quot;:&quot;IMG_20191126_173820051&quot;,&quot;alt&quot;:&quot;&quot;,&quot;caption&quot;:&quot;&quot;,&quot;itemprop&quot;:&quot;image&quot;},{&quot;src&quot;:&quot;https:\\\/\\\/wp.ufpel.edu.br\\\/petea\\\/files\\\/2020\\\/02\\\/IMG-20191122-WA0014-1024x576.jpg&quot;,&quot;id&quot;:&quot;1853&quot;,&quot;title&quot;:&quot;IMG-20191122-WA0014&quot;,&quot;alt&quot;:&quot;&quot;,&quot;caption&quot;:&quot;&quot;,&quot;itemprop&quot;:&quot;image&quot;}]\" itemscope itemtype=\"https:\/\/schema.org\/ImageGallery\"><\/div>\n<p>&nbsp;<\/p>\n","protected":false},"excerpt":{"rendered":"<p>O projeto Ciclo Permanente de Minicursos \u00e9 um Projeto de Ensino realizado pelo grupo PET \u2013 Engenharia Agr\u00edcola, que surgiu com o intuito de promover atualiza\u00e7\u00e3o constante dos acad\u00eamicos diante das inova\u00e7\u00f5es provenientes das \u00e1reas de forma\u00e7\u00e3o da Engenharia Agr\u00edcola. Onde primeiramente realiza-se os minicursos interno para a avalia\u00e7\u00e3o do petiano e ap\u00f3s aprovado, ministra-se &hellip; <\/p>\n<p><a class=\"more-link btn\" href=\"https:\/\/wp.ufpel.edu.br\/petea\/ensino\/minicursos\/\">Continue lendo<\/a><\/p>\n","protected":false},"author":512,"featured_media":0,"parent":22,"menu_order":2,"comment_status":"closed","ping_status":"closed","template":"","meta":{"jetpack_post_was_ever_published":false,"footnotes":""},"class_list":["post-1845","page","type-page","status-publish","hentry","nodate","item-wrap"],"jetpack_sharing_enabled":true,"jetpack_shortlink":"https:\/\/wp.me\/P6dZ8h-tL","_links":{"self":[{"href":"https:\/\/wp.ufpel.edu.br\/petea\/wp-json\/wp\/v2\/pages\/1845","targetHints":{"allow":["GET"]}}],"collection":[{"href":"https:\/\/wp.ufpel.edu.br\/petea\/wp-json\/wp\/v2\/pages"}],"about":[{"href":"https:\/\/wp.ufpel.edu.br\/petea\/wp-json\/wp\/v2\/types\/page"}],"author":[{"embeddable":true,"href":"https:\/\/wp.ufpel.edu.br\/petea\/wp-json\/wp\/v2\/users\/512"}],"replies":[{"embeddable":true,"href":"https:\/\/wp.ufpel.edu.br\/petea\/wp-json\/wp\/v2\/comments?post=1845"}],"version-history":[{"count":4,"href":"https:\/\/wp.ufpel.edu.br\/petea\/wp-json\/wp\/v2\/pages\/1845\/revisions"}],"predecessor-version":[{"id":2285,"href":"https:\/\/wp.ufpel.edu.br\/petea\/wp-json\/wp\/v2\/pages\/1845\/revisions\/2285"}],"up":[{"embeddable":true,"href":"https:\/\/wp.ufpel.edu.br\/petea\/wp-json\/wp\/v2\/pages\/22"}],"wp:attachment":[{"href":"https:\/\/wp.ufpel.edu.br\/petea\/wp-json\/wp\/v2\/media?parent=1845"}],"curies":[{"name":"wp","href":"https:\/\/api.w.org\/{rel}","templated":true}]}}