{"id":1823,"date":"2020-02-21T11:12:54","date_gmt":"2020-02-21T14:12:54","guid":{"rendered":"https:\/\/wp.ufpel.edu.br\/petea\/?page_id=1823"},"modified":"2020-02-21T11:12:54","modified_gmt":"2020-02-21T14:12:54","slug":"acoes-solidarias","status":"publish","type":"page","link":"https:\/\/wp.ufpel.edu.br\/petea\/extensao\/acoes-solidarias\/","title":{"rendered":"A\u00e7\u00f5es Solid\u00e1rias"},"content":{"rendered":"<p>A\u00e7\u00f5es Solid\u00e1rias consiste em um Projeto de Extens\u00e3o desenvolvido pelo Grupo PET &#8211; Engenharia Agr\u00edcola, com o objetivo de promover a\u00e7\u00f5es sociais, que trazem o sentimento de bem-estar aos alunos, desenvolvendo-os como cidad\u00e3os ao ajudar a comunidade em que habitam. As formas destas a\u00e7\u00f5es s\u00e3o variadas, desde coopera\u00e7\u00e3o em campanhas de arrecada\u00e7\u00e3o de alimentos, rem\u00e9dios, agasalhos, sangue, etc.<\/p>\n<p>Em 2019, uma das a\u00e7\u00f5es promovidas foi de Dia das M\u00e3es, junto \u00e0 casa da gestante de Pelotas, com o intuito de contribuir de alguma forma com as mulheres gr\u00e1vidas que necessitavam de apoio. Com isso, o grupo adquiriu 14 pacotes de fraldas descart\u00e1veis, com cerca de 80 unidades em cada pacote, para doar a 13 gestantes que se encontravam no local. Posteriormente, foi realizada uma doa\u00e7\u00e3o de sangue coletiva no Hemocentro de Pelotas com o intuito de elevar a quantidade de bolsas de sangue contidas no estoque do local.<\/p>\n<p>Ent\u00e3o, neste ano de 2020 o grupo PET &#8211; EA pretende continuar promovendo a inser\u00e7\u00e3o social, com a\u00e7\u00f5es para ajudar pessoas carentes da regi\u00e3o de Pelotas.<\/p>\n<p class=\"jetpack-slideshow-noscript robots-nocontent\">Este slideshow necessita de JavaScript.<\/p><div id=\"gallery-1823-1-slideshow\" class=\"jetpack-slideshow-window jetpack-slideshow jetpack-slideshow-black\" data-trans=\"fade\" data-autostart=\"1\" data-gallery=\"[{&quot;src&quot;:&quot;https:\\\/\\\/wp.ufpel.edu.br\\\/petea\\\/files\\\/2020\\\/02\\\/IMG-20190610-WA0001-1024x768.jpg&quot;,&quot;id&quot;:&quot;1824&quot;,&quot;title&quot;:&quot;IMG-20190610-WA0001&quot;,&quot;alt&quot;:&quot;&quot;,&quot;caption&quot;:&quot;&quot;,&quot;itemprop&quot;:&quot;image&quot;},{&quot;src&quot;:&quot;https:\\\/\\\/wp.ufpel.edu.br\\\/petea\\\/files\\\/2020\\\/02\\\/IMG-20190610-WA0004-1024x768.jpg&quot;,&quot;id&quot;:&quot;1826&quot;,&quot;title&quot;:&quot;IMG-20190610-WA0004&quot;,&quot;alt&quot;:&quot;&quot;,&quot;caption&quot;:&quot;&quot;,&quot;itemprop&quot;:&quot;image&quot;},{&quot;src&quot;:&quot;https:\\\/\\\/wp.ufpel.edu.br\\\/petea\\\/files\\\/2020\\\/02\\\/IMG-20190612-WA0074-1024x768.jpg&quot;,&quot;id&quot;:&quot;1827&quot;,&quot;title&quot;:&quot;IMG-20190612-WA0074&quot;,&quot;alt&quot;:&quot;&quot;,&quot;caption&quot;:&quot;&quot;,&quot;itemprop&quot;:&quot;image&quot;},{&quot;src&quot;:&quot;https:\\\/\\\/wp.ufpel.edu.br\\\/petea\\\/files\\\/2020\\\/02\\\/IMG-20190916-WA0001-1024x768.jpg&quot;,&quot;id&quot;:&quot;1828&quot;,&quot;title&quot;:&quot;IMG-20190916-WA0001&quot;,&quot;alt&quot;:&quot;&quot;,&quot;caption&quot;:&quot;&quot;,&quot;itemprop&quot;:&quot;image&quot;}]\" itemscope itemtype=\"https:\/\/schema.org\/ImageGallery\"><\/div>\n","protected":false},"excerpt":{"rendered":"<p>A\u00e7\u00f5es Solid\u00e1rias consiste em um Projeto de Extens\u00e3o desenvolvido pelo Grupo PET &#8211; Engenharia Agr\u00edcola, com o objetivo de promover a\u00e7\u00f5es sociais, que trazem o sentimento de bem-estar aos alunos, desenvolvendo-os como cidad\u00e3os ao ajudar a comunidade em que habitam. As formas destas a\u00e7\u00f5es s\u00e3o variadas, desde coopera\u00e7\u00e3o em campanhas de arrecada\u00e7\u00e3o de alimentos, rem\u00e9dios, &hellip; <\/p>\n<p><a class=\"more-link btn\" href=\"https:\/\/wp.ufpel.edu.br\/petea\/extensao\/acoes-solidarias\/\">Continue lendo<\/a><\/p>\n","protected":false},"author":512,"featured_media":0,"parent":24,"menu_order":2,"comment_status":"closed","ping_status":"closed","template":"","meta":{"jetpack_post_was_ever_published":false,"footnotes":""},"class_list":["post-1823","page","type-page","status-publish","hentry","nodate","item-wrap"],"jetpack_sharing_enabled":true,"jetpack_shortlink":"https:\/\/wp.me\/P6dZ8h-tp","_links":{"self":[{"href":"https:\/\/wp.ufpel.edu.br\/petea\/wp-json\/wp\/v2\/pages\/1823","targetHints":{"allow":["GET"]}}],"collection":[{"href":"https:\/\/wp.ufpel.edu.br\/petea\/wp-json\/wp\/v2\/pages"}],"about":[{"href":"https:\/\/wp.ufpel.edu.br\/petea\/wp-json\/wp\/v2\/types\/page"}],"author":[{"embeddable":true,"href":"https:\/\/wp.ufpel.edu.br\/petea\/wp-json\/wp\/v2\/users\/512"}],"replies":[{"embeddable":true,"href":"https:\/\/wp.ufpel.edu.br\/petea\/wp-json\/wp\/v2\/comments?post=1823"}],"version-history":[{"count":1,"href":"https:\/\/wp.ufpel.edu.br\/petea\/wp-json\/wp\/v2\/pages\/1823\/revisions"}],"predecessor-version":[{"id":1829,"href":"https:\/\/wp.ufpel.edu.br\/petea\/wp-json\/wp\/v2\/pages\/1823\/revisions\/1829"}],"up":[{"embeddable":true,"href":"https:\/\/wp.ufpel.edu.br\/petea\/wp-json\/wp\/v2\/pages\/24"}],"wp:attachment":[{"href":"https:\/\/wp.ufpel.edu.br\/petea\/wp-json\/wp\/v2\/media?parent=1823"}],"curies":[{"name":"wp","href":"https:\/\/api.w.org\/{rel}","templated":true}]}}