{"id":1756,"date":"2020-02-21T10:21:51","date_gmt":"2020-02-21T13:21:51","guid":{"rendered":"https:\/\/wp.ufpel.edu.br\/petea\/?page_id=1756"},"modified":"2020-02-21T11:41:08","modified_gmt":"2020-02-21T14:41:08","slug":"divulgacao-do-curso","status":"publish","type":"page","link":"https:\/\/wp.ufpel.edu.br\/petea\/extensao\/divulgacao-do-curso\/","title":{"rendered":"Divulga\u00e7\u00e3o do Curso"},"content":{"rendered":"<p style=\"text-align: left\">A expans\u00e3o do agroneg\u00f3cio no Brasil coloca hoje a Engenharia Agr\u00edcola como um dos mais promissores mercados, em paralelo a isso, existe uma enorme demanda de informa\u00e7\u00e3o por parte dos jovens que est\u00e3o finalizando o ensino m\u00e9dio, falta de informa\u00e7\u00e3o quanto \u00e0 que faculdade cursar e quanto ao que realmente engloba cada curso. N\u00f3s, do PET \u2013 Engenharia Agr\u00edcola atacamos em tr\u00eas frentes para solucionar este problema, foram elas: Mostra de cursos da Universidade Federal de Pelotas, onde os bolsistas do programa dedicaram-se a explicar o curso, tirar as d\u00favidas dos alunos que participaram do evento, mostrando apresenta\u00e7\u00f5es e maquetes. Divulga\u00e7\u00e3o do curso nas escolas, inicialmente em tr\u00eas escolas Pelotenses: M\u00e1rio Quintana, Pelotense e Nossa Senhora Lourdes no qual foi apresentado as principais \u00e1reas da Engenharia Agr\u00edcola, sendo a mecaniza\u00e7\u00e3o agr\u00edcola, engenharia de \u00e1gua e solos, constru\u00e7\u00e3o e ambi\u00eancia , energiza\u00e7\u00e3o e a p\u00f3s-colheita; ap\u00f3s a \u00a0apresenta\u00e7\u00e3o teve conversa e rodas de perguntas para sanar d\u00favidas sobre o curso. Outra forma de divulga\u00e7\u00e3o do curso foi a realiza\u00e7\u00e3o da primeira Mateada da Agr\u00edcola, onde participaram 36 discentes e 7 docentes do curso de Engenharia Agr\u00edcola, no qual todos participaram de din\u00e2micas envolvendo as \u00e1reas de atua\u00e7\u00e3o do nosso curso.<\/p>\n<p style=\"text-align: left\">O projeto tem a pretens\u00e3o de desmistificar algumas dificuldades que os cursos da \u00e1rea tecnol\u00f3gica apresentam, e assim promover aumento na procura pelo curso, contribuindo para a inclus\u00e3o sociocultural do p\u00fablico alvo, al\u00e9m de apresentar laborat\u00f3rios e depend\u00eancias da Universidade dispon\u00edveis ao curso.<\/p>\n<p style=\"text-align: center\"><strong>DIVULGA\u00c7\u00c3O DO CURSO<\/strong><\/p>\n<p class=\"jetpack-slideshow-noscript robots-nocontent\">Este slideshow necessita de JavaScript.<\/p><div id=\"gallery-1756-1-slideshow\" class=\"jetpack-slideshow-window jetpack-slideshow jetpack-slideshow-black\" data-trans=\"fade\" data-autostart=\"1\" data-gallery=\"[{&quot;src&quot;:&quot;https:\\\/\\\/wp.ufpel.edu.br\\\/petea\\\/files\\\/2020\\\/02\\\/FB_IMG_1568822748208.jpg&quot;,&quot;id&quot;:&quot;1790&quot;,&quot;title&quot;:&quot;FB_IMG_1568822748208&quot;,&quot;alt&quot;:&quot;&quot;,&quot;caption&quot;:&quot;&quot;,&quot;itemprop&quot;:&quot;image&quot;},{&quot;src&quot;:&quot;https:\\\/\\\/wp.ufpel.edu.br\\\/petea\\\/files\\\/2020\\\/02\\\/IMG_20190918_102004738-768x1024.jpg&quot;,&quot;id&quot;:&quot;1793&quot;,&quot;title&quot;:&quot;IMG_20190918_102004738&quot;,&quot;alt&quot;:&quot;&quot;,&quot;caption&quot;:&quot;&quot;,&quot;itemprop&quot;:&quot;image&quot;},{&quot;src&quot;:&quot;https:\\\/\\\/wp.ufpel.edu.br\\\/petea\\\/files\\\/2020\\\/02\\\/IMG-20191121-WA0010-768x1024.jpg&quot;,&quot;id&quot;:&quot;1796&quot;,&quot;title&quot;:&quot;IMG-20191121-WA0010&quot;,&quot;alt&quot;:&quot;&quot;,&quot;caption&quot;:&quot;&quot;,&quot;itemprop&quot;:&quot;image&quot;},{&quot;src&quot;:&quot;https:\\\/\\\/wp.ufpel.edu.br\\\/petea\\\/files\\\/2020\\\/02\\\/IMG_20191128_102144141-1024x768.jpg&quot;,&quot;id&quot;:&quot;1795&quot;,&quot;title&quot;:&quot;IMG_20191128_102144141&quot;,&quot;alt&quot;:&quot;&quot;,&quot;caption&quot;:&quot;&quot;,&quot;itemprop&quot;:&quot;image&quot;},{&quot;src&quot;:&quot;https:\\\/\\\/wp.ufpel.edu.br\\\/petea\\\/files\\\/2020\\\/02\\\/IMG_20191128_102105050-1024x768.jpg&quot;,&quot;id&quot;:&quot;1794&quot;,&quot;title&quot;:&quot;IMG_20191128_102105050&quot;,&quot;alt&quot;:&quot;&quot;,&quot;caption&quot;:&quot;&quot;,&quot;itemprop&quot;:&quot;image&quot;},{&quot;src&quot;:&quot;https:\\\/\\\/wp.ufpel.edu.br\\\/petea\\\/files\\\/2020\\\/02\\\/Imagem2.png&quot;,&quot;id&quot;:&quot;1792&quot;,&quot;title&quot;:&quot;Imagem2&quot;,&quot;alt&quot;:&quot;&quot;,&quot;caption&quot;:&quot;&quot;,&quot;itemprop&quot;:&quot;image&quot;},{&quot;src&quot;:&quot;https:\\\/\\\/wp.ufpel.edu.br\\\/petea\\\/files\\\/2020\\\/02\\\/Imagem1.png&quot;,&quot;id&quot;:&quot;1791&quot;,&quot;title&quot;:&quot;Imagem1&quot;,&quot;alt&quot;:&quot;&quot;,&quot;caption&quot;:&quot;&quot;,&quot;itemprop&quot;:&quot;image&quot;},{&quot;src&quot;:&quot;https:\\\/\\\/wp.ufpel.edu.br\\\/petea\\\/files\\\/2020\\\/02\\\/instasize_190326202623-1024x1024.png&quot;,&quot;id&quot;:&quot;1797&quot;,&quot;title&quot;:&quot;instasize_190326202623&quot;,&quot;alt&quot;:&quot;&quot;,&quot;caption&quot;:&quot;&quot;,&quot;itemprop&quot;:&quot;image&quot;}]\" itemscope itemtype=\"https:\/\/schema.org\/ImageGallery\"><\/div>\n<p style=\"text-align: center\"><strong>I MATEADA DA AGR\u00cdCOLA<\/strong><\/p>\n<p class=\"jetpack-slideshow-noscript robots-nocontent\">Este slideshow necessita de JavaScript.<\/p><div id=\"gallery-1756-2-slideshow\" class=\"jetpack-slideshow-window jetpack-slideshow jetpack-slideshow-black\" data-trans=\"fade\" data-autostart=\"1\" data-gallery=\"[{&quot;src&quot;:&quot;https:\\\/\\\/wp.ufpel.edu.br\\\/petea\\\/files\\\/2020\\\/02\\\/IMG-20190612-WA0066-1-1024x768.jpg&quot;,&quot;id&quot;:&quot;1789&quot;,&quot;title&quot;:&quot;IMG-20190612-WA0066&quot;,&quot;alt&quot;:&quot;&quot;,&quot;caption&quot;:&quot;&quot;,&quot;itemprop&quot;:&quot;image&quot;},{&quot;src&quot;:&quot;https:\\\/\\\/wp.ufpel.edu.br\\\/petea\\\/files\\\/2020\\\/02\\\/IMG-20190612-WA0063-1-1024x768.jpg&quot;,&quot;id&quot;:&quot;1788&quot;,&quot;title&quot;:&quot;IMG-20190612-WA0063&quot;,&quot;alt&quot;:&quot;&quot;,&quot;caption&quot;:&quot;&quot;,&quot;itemprop&quot;:&quot;image&quot;},{&quot;src&quot;:&quot;https:\\\/\\\/wp.ufpel.edu.br\\\/petea\\\/files\\\/2020\\\/02\\\/IMG-20190612-WA0055-1-1024x768.jpg&quot;,&quot;id&quot;:&quot;1784&quot;,&quot;title&quot;:&quot;IMG-20190612-WA0055&quot;,&quot;alt&quot;:&quot;&quot;,&quot;caption&quot;:&quot;&quot;,&quot;itemprop&quot;:&quot;image&quot;},{&quot;src&quot;:&quot;https:\\\/\\\/wp.ufpel.edu.br\\\/petea\\\/files\\\/2020\\\/02\\\/IMG-20190612-WA0054-1-1024x768.jpg&quot;,&quot;id&quot;:&quot;1783&quot;,&quot;title&quot;:&quot;IMG-20190612-WA0054&quot;,&quot;alt&quot;:&quot;&quot;,&quot;caption&quot;:&quot;&quot;,&quot;itemprop&quot;:&quot;image&quot;},{&quot;src&quot;:&quot;https:\\\/\\\/wp.ufpel.edu.br\\\/petea\\\/files\\\/2020\\\/02\\\/IMG-20190612-WA0052-1-1024x768.jpg&quot;,&quot;id&quot;:&quot;1782&quot;,&quot;title&quot;:&quot;IMG-20190612-WA0052&quot;,&quot;alt&quot;:&quot;&quot;,&quot;caption&quot;:&quot;&quot;,&quot;itemprop&quot;:&quot;image&quot;},{&quot;src&quot;:&quot;https:\\\/\\\/wp.ufpel.edu.br\\\/petea\\\/files\\\/2020\\\/02\\\/IMG-20190612-WA0036-1-1024x768.jpg&quot;,&quot;id&quot;:&quot;1779&quot;,&quot;title&quot;:&quot;IMG-20190612-WA0036&quot;,&quot;alt&quot;:&quot;&quot;,&quot;caption&quot;:&quot;&quot;,&quot;itemprop&quot;:&quot;image&quot;},{&quot;src&quot;:&quot;https:\\\/\\\/wp.ufpel.edu.br\\\/petea\\\/files\\\/2020\\\/02\\\/IMG-20190612-WA0035-1-1024x768.jpg&quot;,&quot;id&quot;:&quot;1778&quot;,&quot;title&quot;:&quot;IMG-20190612-WA0035&quot;,&quot;alt&quot;:&quot;&quot;,&quot;caption&quot;:&quot;&quot;,&quot;itemprop&quot;:&quot;image&quot;},{&quot;src&quot;:&quot;https:\\\/\\\/wp.ufpel.edu.br\\\/petea\\\/files\\\/2020\\\/02\\\/IMG-20190612-WA0030-1-1024x768.jpg&quot;,&quot;id&quot;:&quot;1777&quot;,&quot;title&quot;:&quot;IMG-20190612-WA0030&quot;,&quot;alt&quot;:&quot;&quot;,&quot;caption&quot;:&quot;&quot;,&quot;itemprop&quot;:&quot;image&quot;},{&quot;src&quot;:&quot;https:\\\/\\\/wp.ufpel.edu.br\\\/petea\\\/files\\\/2020\\\/02\\\/IMG_20190611_104400424-1-1024x768.jpg&quot;,&quot;id&quot;:&quot;1775&quot;,&quot;title&quot;:&quot;IMG_20190611_104400424&quot;,&quot;alt&quot;:&quot;&quot;,&quot;caption&quot;:&quot;&quot;,&quot;itemprop&quot;:&quot;image&quot;},{&quot;src&quot;:&quot;https:\\\/\\\/wp.ufpel.edu.br\\\/petea\\\/files\\\/2020\\\/02\\\/IMG-20190612-WA0037-1024x768.jpg&quot;,&quot;id&quot;:&quot;1763&quot;,&quot;title&quot;:&quot;IMG-20190612-WA0037&quot;,&quot;alt&quot;:&quot;&quot;,&quot;caption&quot;:&quot;&quot;,&quot;itemprop&quot;:&quot;image&quot;},{&quot;src&quot;:&quot;https:\\\/\\\/wp.ufpel.edu.br\\\/petea\\\/files\\\/2020\\\/02\\\/IMG-20190612-WA0035-1024x768.jpg&quot;,&quot;id&quot;:&quot;1761&quot;,&quot;title&quot;:&quot;IMG-20190612-WA0035&quot;,&quot;alt&quot;:&quot;&quot;,&quot;caption&quot;:&quot;&quot;,&quot;itemprop&quot;:&quot;image&quot;},{&quot;src&quot;:&quot;https:\\\/\\\/wp.ufpel.edu.br\\\/petea\\\/files\\\/2020\\\/02\\\/IMG-20190612-WA0030-1024x768.jpg&quot;,&quot;id&quot;:&quot;1760&quot;,&quot;title&quot;:&quot;IMG-20190612-WA0030&quot;,&quot;alt&quot;:&quot;&quot;,&quot;caption&quot;:&quot;&quot;,&quot;itemprop&quot;:&quot;image&quot;},{&quot;src&quot;:&quot;https:\\\/\\\/wp.ufpel.edu.br\\\/petea\\\/files\\\/2020\\\/02\\\/IMG_20190611_104400424-1024x768.jpg&quot;,&quot;id&quot;:&quot;1758&quot;,&quot;title&quot;:&quot;IMG_20190611_104400424&quot;,&quot;alt&quot;:&quot;&quot;,&quot;caption&quot;:&quot;&quot;,&quot;itemprop&quot;:&quot;image&quot;},{&quot;src&quot;:&quot;https:\\\/\\\/wp.ufpel.edu.br\\\/petea\\\/files\\\/2020\\\/02\\\/IMG_20190611_102708531_HDR-1024x863.jpg&quot;,&quot;id&quot;:&quot;1757&quot;,&quot;title&quot;:&quot;IMG_20190611_102708531_HDR&quot;,&quot;alt&quot;:&quot;&quot;,&quot;caption&quot;:&quot;&quot;,&quot;itemprop&quot;:&quot;image&quot;},{&quot;src&quot;:&quot;https:\\\/\\\/wp.ufpel.edu.br\\\/petea\\\/files\\\/2020\\\/02\\\/IMG-20190612-WA0028-768x1024.jpg&quot;,&quot;id&quot;:&quot;1759&quot;,&quot;title&quot;:&quot;IMG-20190612-WA0028&quot;,&quot;alt&quot;:&quot;&quot;,&quot;caption&quot;:&quot;&quot;,&quot;itemprop&quot;:&quot;image&quot;}]\" itemscope itemtype=\"https:\/\/schema.org\/ImageGallery\"><\/div>\n<p>&nbsp;<\/p>\n<p style=\"text-align: left\"><strong>PUBLICA\u00c7\u00d5ES:<\/strong><\/p>\n<p style=\"text-align: justify\"><a href=\"https:\/\/wp.ufpel.edu.br\/congressoextensao\/files\/2019\/11\/Comunica%C3%A7%C3%A3o.pdf\">CUNHA, Sth\u00e9fanie, et al. I Mateada do Curso de Engenharia Agr\u00edcola. In: CONGRESSO DE EXTENS\u00c3O E CULTURA, 6., 2019, Pelotas. <strong>Anais&#8230; .\u00a0<\/strong>Pelotas, 2019. p. 49 &#8211; 52.<\/a><\/p>\n","protected":false},"excerpt":{"rendered":"<p>A expans\u00e3o do agroneg\u00f3cio no Brasil coloca hoje a Engenharia Agr\u00edcola como um dos mais promissores mercados, em paralelo a isso, existe uma enorme demanda de informa\u00e7\u00e3o por parte dos jovens que est\u00e3o finalizando o ensino m\u00e9dio, falta de informa\u00e7\u00e3o quanto \u00e0 que faculdade cursar e quanto ao que realmente engloba cada curso. N\u00f3s, do &hellip; <\/p>\n<p><a class=\"more-link btn\" href=\"https:\/\/wp.ufpel.edu.br\/petea\/extensao\/divulgacao-do-curso\/\">Continue lendo<\/a><\/p>\n","protected":false},"author":512,"featured_media":0,"parent":24,"menu_order":1,"comment_status":"closed","ping_status":"closed","template":"","meta":{"jetpack_post_was_ever_published":false,"footnotes":""},"class_list":["post-1756","page","type-page","status-publish","hentry","nodate","item-wrap"],"jetpack_sharing_enabled":true,"jetpack_shortlink":"https:\/\/wp.me\/P6dZ8h-sk","_links":{"self":[{"href":"https:\/\/wp.ufpel.edu.br\/petea\/wp-json\/wp\/v2\/pages\/1756","targetHints":{"allow":["GET"]}}],"collection":[{"href":"https:\/\/wp.ufpel.edu.br\/petea\/wp-json\/wp\/v2\/pages"}],"about":[{"href":"https:\/\/wp.ufpel.edu.br\/petea\/wp-json\/wp\/v2\/types\/page"}],"author":[{"embeddable":true,"href":"https:\/\/wp.ufpel.edu.br\/petea\/wp-json\/wp\/v2\/users\/512"}],"replies":[{"embeddable":true,"href":"https:\/\/wp.ufpel.edu.br\/petea\/wp-json\/wp\/v2\/comments?post=1756"}],"version-history":[{"count":9,"href":"https:\/\/wp.ufpel.edu.br\/petea\/wp-json\/wp\/v2\/pages\/1756\/revisions"}],"predecessor-version":[{"id":1843,"href":"https:\/\/wp.ufpel.edu.br\/petea\/wp-json\/wp\/v2\/pages\/1756\/revisions\/1843"}],"up":[{"embeddable":true,"href":"https:\/\/wp.ufpel.edu.br\/petea\/wp-json\/wp\/v2\/pages\/24"}],"wp:attachment":[{"href":"https:\/\/wp.ufpel.edu.br\/petea\/wp-json\/wp\/v2\/media?parent=1756"}],"curies":[{"name":"wp","href":"https:\/\/api.w.org\/{rel}","templated":true}]}}