{"id":1747,"date":"2020-02-20T21:11:40","date_gmt":"2020-02-21T00:11:40","guid":{"rendered":"https:\/\/wp.ufpel.edu.br\/petea\/?page_id=1747"},"modified":"2020-05-04T14:18:27","modified_gmt":"2020-05-04T17:18:27","slug":"grupo-de-conversacao","status":"publish","type":"page","link":"https:\/\/wp.ufpel.edu.br\/petea\/ensino\/grupo-de-conversacao\/","title":{"rendered":"Grupo de Conversa\u00e7\u00e3o"},"content":{"rendered":"<p>A globaliza\u00e7\u00e3o \u00e9 presente no cotidiano, atrav\u00e9s dela ocorre o compartilhamento de informa\u00e7\u00f5es com mais efici\u00eancia e velocidade. Devido essa\u00a0 variedade de conhecimento que se encontra em diversos idiomas, nunca houve tanto a necessidade de uma l\u00edngua em comum, que no momento atual da sociedade \u00e9 o ingl\u00eas.<\/p>\n<p>Sabendo a import\u00e2ncia da l\u00edngua inglesa dentro e fora do \u00e2mbito acad\u00eamico e de sua extrema import\u00e2ncia no mercado de trabalho atual, o grupo PET-EA vem por meio do projeto Grupo de Convers\u00e3o alcan\u00e7ar o maior numero de pessoas universit\u00e1rias e auxilia-las atrav\u00e9s de din\u00e2micas e rodas de conversa a praticarem esse idioma.\u00a0Essa ideia vem sendo praticada pelo o grupo desda sua forma\u00e7\u00e3o inicial com o intuito dos petianos praticarem, entre si, a l\u00edngua inglesa. A partir do no ano de 2019, a ideia virou um projeto, com o nome de Grupo de Conversa\u00e7\u00e3o, este tinha como objetivo atrair os alunos para praticarem junto com os petianos o idioma.<\/p>\n<p>O Grupo de Conversa\u00e7\u00e3o com Alunos das Engenharias \u00e9 um projeto de ensino desenvolvido pelo grupo PET \u2013 Engenharia Agr\u00edcola no decorrer do ano de 2019, a fim de promover e oportunizar o di\u00e1logo em outros idiomas entre os alunos dos cursos de Engenharia da UFPel. O grupo de conversa\u00e7\u00e3o contemplou o aprendizado da l\u00edngua inglesa para leigos ou para quem apresentava baixo conhecimento, apresentando resultados positivos a aqueles que antes possu\u00edam muita dificuldade na fala.<\/p>\n<p>O projeto foi desenvolvido por um equipe composta por alguns petianos, onde esses organizavam os encontros definindo qual os temas e as din\u00e2micas que seriam utilizadas naquela semana. O encontro era realizado uma vez por semana, a data foi definida atrav\u00e9s de um question\u00e1rio divulgado ao resto dos discentes.<\/p>\n<p class=\"jetpack-slideshow-noscript robots-nocontent\">Este slideshow necessita de JavaScript.<\/p><div id=\"gallery-1747-1-slideshow\" class=\"jetpack-slideshow-window jetpack-slideshow jetpack-slideshow-black\" data-trans=\"fade\" data-autostart=\"1\" data-gallery=\"[{&quot;src&quot;:&quot;https:\\\/\\\/wp.ufpel.edu.br\\\/petea\\\/files\\\/2020\\\/02\\\/IMG-20190625-WA0007-768x1024.jpg&quot;,&quot;id&quot;:&quot;1748&quot;,&quot;title&quot;:&quot;IMG-20190625-WA0007&quot;,&quot;alt&quot;:&quot;&quot;,&quot;caption&quot;:&quot;&quot;,&quot;itemprop&quot;:&quot;image&quot;},{&quot;src&quot;:&quot;https:\\\/\\\/wp.ufpel.edu.br\\\/petea\\\/files\\\/2020\\\/02\\\/IMG-20190625-WA0008-1024x768.jpg&quot;,&quot;id&quot;:&quot;1749&quot;,&quot;title&quot;:&quot;IMG-20190625-WA0008&quot;,&quot;alt&quot;:&quot;&quot;,&quot;caption&quot;:&quot;&quot;,&quot;itemprop&quot;:&quot;image&quot;},{&quot;src&quot;:&quot;https:\\\/\\\/wp.ufpel.edu.br\\\/petea\\\/files\\\/2020\\\/02\\\/IMG-20190625-WA0009-1024x844.jpg&quot;,&quot;id&quot;:&quot;1750&quot;,&quot;title&quot;:&quot;IMG-20190625-WA0009&quot;,&quot;alt&quot;:&quot;&quot;,&quot;caption&quot;:&quot;&quot;,&quot;itemprop&quot;:&quot;image&quot;}]\" itemscope itemtype=\"https:\/\/schema.org\/ImageGallery\"><\/div>\n","protected":false},"excerpt":{"rendered":"<p>A globaliza\u00e7\u00e3o \u00e9 presente no cotidiano, atrav\u00e9s dela ocorre o compartilhamento de informa\u00e7\u00f5es com mais efici\u00eancia e velocidade. Devido essa\u00a0 variedade de conhecimento que se encontra em diversos idiomas, nunca houve tanto a necessidade de uma l\u00edngua em comum, que no momento atual da sociedade \u00e9 o ingl\u00eas. Sabendo a import\u00e2ncia da l\u00edngua inglesa dentro &hellip; <\/p>\n<p><a class=\"more-link btn\" href=\"https:\/\/wp.ufpel.edu.br\/petea\/ensino\/grupo-de-conversacao\/\">Continue lendo<\/a><\/p>\n","protected":false},"author":512,"featured_media":0,"parent":22,"menu_order":2,"comment_status":"closed","ping_status":"closed","template":"","meta":{"jetpack_post_was_ever_published":false,"footnotes":""},"class_list":["post-1747","page","type-page","status-publish","hentry","nodate","item-wrap"],"jetpack_sharing_enabled":true,"jetpack_shortlink":"https:\/\/wp.me\/P6dZ8h-sb","_links":{"self":[{"href":"https:\/\/wp.ufpel.edu.br\/petea\/wp-json\/wp\/v2\/pages\/1747","targetHints":{"allow":["GET"]}}],"collection":[{"href":"https:\/\/wp.ufpel.edu.br\/petea\/wp-json\/wp\/v2\/pages"}],"about":[{"href":"https:\/\/wp.ufpel.edu.br\/petea\/wp-json\/wp\/v2\/types\/page"}],"author":[{"embeddable":true,"href":"https:\/\/wp.ufpel.edu.br\/petea\/wp-json\/wp\/v2\/users\/512"}],"replies":[{"embeddable":true,"href":"https:\/\/wp.ufpel.edu.br\/petea\/wp-json\/wp\/v2\/comments?post=1747"}],"version-history":[{"count":5,"href":"https:\/\/wp.ufpel.edu.br\/petea\/wp-json\/wp\/v2\/pages\/1747\/revisions"}],"predecessor-version":[{"id":2359,"href":"https:\/\/wp.ufpel.edu.br\/petea\/wp-json\/wp\/v2\/pages\/1747\/revisions\/2359"}],"up":[{"embeddable":true,"href":"https:\/\/wp.ufpel.edu.br\/petea\/wp-json\/wp\/v2\/pages\/22"}],"wp:attachment":[{"href":"https:\/\/wp.ufpel.edu.br\/petea\/wp-json\/wp\/v2\/media?parent=1747"}],"curies":[{"name":"wp","href":"https:\/\/api.w.org\/{rel}","templated":true}]}}