{"id":12,"date":"2015-04-06T14:38:36","date_gmt":"2015-04-06T17:38:36","guid":{"rendered":"https:\/\/wp.ufpel.edu.br\/petea\/?page_id=12"},"modified":"2020-02-24T18:48:34","modified_gmt":"2020-02-24T21:48:34","slug":"nossotrabalho","status":"publish","type":"page","link":"https:\/\/wp.ufpel.edu.br\/petea\/nossotrabalho\/","title":{"rendered":"Nosso Trabalho"},"content":{"rendered":"<p class=\"font_7\" style=\"text-align: justify\">O PET-EA visa completar a forma\u00e7\u00e3o acad\u00eamica de seus participantes atrav\u00e9s da realiza\u00e7\u00e3o de atividades extracurriculares que al\u00e9m de contribuir para uma melhor qualifica\u00e7\u00e3o profissional colabora na forma\u00e7\u00e3o do car\u00e1ter social dos mesmos. O grupo realiza trabalhos na \u00e1rea de ensino, pesquisa e extens\u00e3o.<\/p>\n<p>&nbsp;<\/p>\n","protected":false},"excerpt":{"rendered":"<p>O PET-EA visa completar a forma\u00e7\u00e3o acad\u00eamica de seus participantes atrav\u00e9s da realiza\u00e7\u00e3o de atividades extracurriculares que al\u00e9m de contribuir para uma melhor qualifica\u00e7\u00e3o profissional colabora na forma\u00e7\u00e3o do car\u00e1ter social dos mesmos. O grupo realiza trabalhos na \u00e1rea de ensino, pesquisa e extens\u00e3o. &nbsp;<\/p>\n","protected":false},"author":512,"featured_media":0,"parent":0,"menu_order":3,"comment_status":"closed","ping_status":"closed","template":"","meta":{"jetpack_post_was_ever_published":false,"footnotes":""},"class_list":["post-12","page","type-page","status-publish","hentry","nodate","item-wrap"],"jetpack_sharing_enabled":true,"jetpack_shortlink":"https:\/\/wp.me\/P6dZ8h-c","_links":{"self":[{"href":"https:\/\/wp.ufpel.edu.br\/petea\/wp-json\/wp\/v2\/pages\/12","targetHints":{"allow":["GET"]}}],"collection":[{"href":"https:\/\/wp.ufpel.edu.br\/petea\/wp-json\/wp\/v2\/pages"}],"about":[{"href":"https:\/\/wp.ufpel.edu.br\/petea\/wp-json\/wp\/v2\/types\/page"}],"author":[{"embeddable":true,"href":"https:\/\/wp.ufpel.edu.br\/petea\/wp-json\/wp\/v2\/users\/512"}],"replies":[{"embeddable":true,"href":"https:\/\/wp.ufpel.edu.br\/petea\/wp-json\/wp\/v2\/comments?post=12"}],"version-history":[{"count":34,"href":"https:\/\/wp.ufpel.edu.br\/petea\/wp-json\/wp\/v2\/pages\/12\/revisions"}],"predecessor-version":[{"id":2184,"href":"https:\/\/wp.ufpel.edu.br\/petea\/wp-json\/wp\/v2\/pages\/12\/revisions\/2184"}],"wp:attachment":[{"href":"https:\/\/wp.ufpel.edu.br\/petea\/wp-json\/wp\/v2\/media?parent=12"}],"curies":[{"name":"wp","href":"https:\/\/api.w.org\/{rel}","templated":true}]}}