{"id":1586,"date":"2025-10-29T11:37:24","date_gmt":"2025-10-29T14:37:24","guid":{"rendered":"https:\/\/wp.ufpel.edu.br\/petdiversidade\/?page_id=1586"},"modified":"2025-10-29T11:39:46","modified_gmt":"2025-10-29T14:39:46","slug":"alessandra-gasparotto-tutora-ate-outubro-2025","status":"publish","type":"page","link":"https:\/\/wp.ufpel.edu.br\/petdiversidade\/sobre-nos\/tutoria\/alessandra-gasparotto-tutora-ate-outubro-2025\/","title":{"rendered":"Alessandra Gasparotto &#8211; Tutora at\u00e9 outubro\/2025"},"content":{"rendered":"<p><a href=\"https:\/\/wp.ufpel.edu.br\/petdiversidade\/files\/2023\/03\/Imagem-do-WhatsApp-de-2023-03-06-as-09.14.54.jpg\"><img loading=\"lazy\" decoding=\"async\" class=\"size-medium wp-image-1295 alignleft\" src=\"https:\/\/wp.ufpel.edu.br\/petdiversidade\/files\/2023\/03\/Imagem-do-WhatsApp-de-2023-03-06-as-09.14.54-239x318.jpg\" alt=\"\" width=\"239\" height=\"318\" srcset=\"https:\/\/wp.ufpel.edu.br\/petdiversidade\/files\/2023\/03\/Imagem-do-WhatsApp-de-2023-03-06-as-09.14.54-239x318.jpg 239w, https:\/\/wp.ufpel.edu.br\/petdiversidade\/files\/2023\/03\/Imagem-do-WhatsApp-de-2023-03-06-as-09.14.54-119x159.jpg 119w, https:\/\/wp.ufpel.edu.br\/petdiversidade\/files\/2023\/03\/Imagem-do-WhatsApp-de-2023-03-06-as-09.14.54-768x1024.jpg 768w, https:\/\/wp.ufpel.edu.br\/petdiversidade\/files\/2023\/03\/Imagem-do-WhatsApp-de-2023-03-06-as-09.14.54-600x800.jpg 600w, https:\/\/wp.ufpel.edu.br\/petdiversidade\/files\/2023\/03\/Imagem-do-WhatsApp-de-2023-03-06-as-09.14.54-945x1260.jpg 945w, https:\/\/wp.ufpel.edu.br\/petdiversidade\/files\/2023\/03\/Imagem-do-WhatsApp-de-2023-03-06-as-09.14.54.jpg 972w\" sizes=\"auto, (max-width: 239px) 100vw, 239px\" \/><\/a><\/p>\n<h1><strong>Alessandra Gasparotto<\/strong><\/h1>\n<p>&nbsp;<\/p>\n<p>Licenciada em Hist\u00f3ria pela Universidade Federal do Rio Grande do Sul, Mestre e Doutora em Hist\u00f3ria pela mesma institui\u00e7\u00e3o. \u00c9 professora do Departamento e do Programa de P\u00f3s-Gradua\u00e7\u00e3o em Hist\u00f3ria da Universidade Federal de Pelotas. Integra o Laborat\u00f3rio de Ensino de Hist\u00f3ria da UFPel, onde desenvolve projetos que tratam sobre o ensino de Hist\u00f3ria no tempo presente e a educa\u00e7\u00e3o em direitos humanos. No campo da pesquisa tem se dedicado a investigar o per\u00edodo de ditadura civil-militar no Brasil (1964-1985) e seus desdobramentos na atualidade, bem como sobre a atua\u00e7\u00e3o do patronato rural e os movimentos sociais de luta pela terra em nosso passado recente. \u00c9 m\u00e3e de Lorenzo e Lorena e esteve em licen\u00e7a maternidade entre novembro de 2020 e abril de 2021. Assumiu a tutoria do PET DT em fevereiro de 2023.<\/p>\n<p>&nbsp;<\/p>\n","protected":false},"excerpt":{"rendered":"<p>Alessandra Gasparotto &nbsp; Licenciada em Hist\u00f3ria pela Universidade Federal do Rio Grande do Sul, Mestre e Doutora em Hist\u00f3ria pela mesma institui\u00e7\u00e3o. \u00c9 professora do Departamento e do Programa de P\u00f3s-Gradua\u00e7\u00e3o em Hist\u00f3ria da Universidade Federal de Pelotas. Integra o&#8230; <a class=\"more-link\" href=\"https:\/\/wp.ufpel.edu.br\/petdiversidade\/sobre-nos\/tutoria\/alessandra-gasparotto-tutora-ate-outubro-2025\/\">Continue lendo &rarr;<\/a><\/p>\n","protected":false},"author":1261,"featured_media":0,"parent":1294,"menu_order":0,"comment_status":"closed","ping_status":"closed","template":"","meta":{"footnotes":""},"class_list":["post-1586","page","type-page","status-publish","hentry"],"_links":{"self":[{"href":"https:\/\/wp.ufpel.edu.br\/petdiversidade\/wp-json\/wp\/v2\/pages\/1586","targetHints":{"allow":["GET"]}}],"collection":[{"href":"https:\/\/wp.ufpel.edu.br\/petdiversidade\/wp-json\/wp\/v2\/pages"}],"about":[{"href":"https:\/\/wp.ufpel.edu.br\/petdiversidade\/wp-json\/wp\/v2\/types\/page"}],"author":[{"embeddable":true,"href":"https:\/\/wp.ufpel.edu.br\/petdiversidade\/wp-json\/wp\/v2\/users\/1261"}],"replies":[{"embeddable":true,"href":"https:\/\/wp.ufpel.edu.br\/petdiversidade\/wp-json\/wp\/v2\/comments?post=1586"}],"version-history":[{"count":2,"href":"https:\/\/wp.ufpel.edu.br\/petdiversidade\/wp-json\/wp\/v2\/pages\/1586\/revisions"}],"predecessor-version":[{"id":1590,"href":"https:\/\/wp.ufpel.edu.br\/petdiversidade\/wp-json\/wp\/v2\/pages\/1586\/revisions\/1590"}],"up":[{"embeddable":true,"href":"https:\/\/wp.ufpel.edu.br\/petdiversidade\/wp-json\/wp\/v2\/pages\/1294"}],"wp:attachment":[{"href":"https:\/\/wp.ufpel.edu.br\/petdiversidade\/wp-json\/wp\/v2\/media?parent=1586"}],"curies":[{"name":"wp","href":"https:\/\/api.w.org\/{rel}","templated":true}]}}