{"id":155,"date":"2017-03-09T14:14:19","date_gmt":"2017-03-09T17:14:19","guid":{"rendered":"https:\/\/wp.ufpel.edu.br\/petdiversidade\/?page_id=155"},"modified":"2025-12-23T14:46:06","modified_gmt":"2025-12-23T17:46:06","slug":"petianos","status":"publish","type":"page","link":"https:\/\/wp.ufpel.edu.br\/petdiversidade\/petianos\/","title":{"rendered":"Petianos"},"content":{"rendered":"<p style=\"text-align: left;\"><a href=\"https:\/\/wp.ufpel.edu.br\/petdiversidade\/files\/2020\/02\/BIANCA.jpg\"><img loading=\"lazy\" decoding=\"async\" class=\"wp-image-715 alignleft\" src=\"https:\/\/wp.ufpel.edu.br\/petdiversidade\/files\/2020\/02\/BIANCA.jpg\" alt=\"\" width=\"151\" height=\"151\" srcset=\"https:\/\/wp.ufpel.edu.br\/petdiversidade\/files\/2020\/02\/BIANCA.jpg 624w, https:\/\/wp.ufpel.edu.br\/petdiversidade\/files\/2020\/02\/BIANCA-319x318.jpg 319w, https:\/\/wp.ufpel.edu.br\/petdiversidade\/files\/2020\/02\/BIANCA-159x159.jpg 159w, https:\/\/wp.ufpel.edu.br\/petdiversidade\/files\/2020\/02\/BIANCA-600x599.jpg 600w\" sizes=\"auto, (max-width: 151px) 100vw, 151px\" \/><\/a><\/p>\n<p style=\"text-align: left;\"><span style=\"font-family: impact, sans-serif; font-size: 18pt;\">Bianca Duarte\u00a0<\/span><\/p>\n<p>Acad\u00eamica do Curso de Nutri\u00e7\u00e3o (UFPel)<\/p>\n<p>&nbsp;<\/p>\n<p>&nbsp;<\/p>\n<p>&nbsp;<\/p>\n<p><img loading=\"lazy\" decoding=\"async\" class=\"wp-image-1637 size-thumbnail alignleft\" src=\"https:\/\/wp.ufpel.edu.br\/petdiversidade\/files\/2025\/12\/4bfd172b-33d8-40b7-8bd9-1978941e4373-159x159.jpg\" alt=\"\" width=\"159\" height=\"159\" srcset=\"https:\/\/wp.ufpel.edu.br\/petdiversidade\/files\/2025\/12\/4bfd172b-33d8-40b7-8bd9-1978941e4373-159x159.jpg 159w, https:\/\/wp.ufpel.edu.br\/petdiversidade\/files\/2025\/12\/4bfd172b-33d8-40b7-8bd9-1978941e4373-318x318.jpg 318w, https:\/\/wp.ufpel.edu.br\/petdiversidade\/files\/2025\/12\/4bfd172b-33d8-40b7-8bd9-1978941e4373-600x600.jpg 600w, https:\/\/wp.ufpel.edu.br\/petdiversidade\/files\/2025\/12\/4bfd172b-33d8-40b7-8bd9-1978941e4373.jpg 640w\" sizes=\"auto, (max-width: 159px) 100vw, 159px\" \/><span style=\"font-family: impact, sans-serif; font-size: 18pt;\">Graziele Gerhardt<\/span><\/p>\n<p>Acad\u00eamica do Curso de Terapia Ocupacional (UFPel)<\/p>\n<p>&nbsp;<\/p>\n<p>&nbsp;<\/p>\n<p>&nbsp;<\/p>\n<p><a href=\"https:\/\/wp.ufpel.edu.br\/petdiversidade\/files\/2024\/11\/FE608AAC-E104-408D-B6D0-C743557584FE.jpeg\"><img loading=\"lazy\" decoding=\"async\" class=\"wp-image-1486 size-thumbnail alignleft\" src=\"https:\/\/wp.ufpel.edu.br\/petdiversidade\/files\/2024\/11\/FE608AAC-E104-408D-B6D0-C743557584FE-159x159.jpeg\" alt=\"\" width=\"159\" height=\"159\" srcset=\"https:\/\/wp.ufpel.edu.br\/petdiversidade\/files\/2024\/11\/FE608AAC-E104-408D-B6D0-C743557584FE-159x159.jpeg 159w, https:\/\/wp.ufpel.edu.br\/petdiversidade\/files\/2024\/11\/FE608AAC-E104-408D-B6D0-C743557584FE-318x318.jpeg 318w, https:\/\/wp.ufpel.edu.br\/petdiversidade\/files\/2024\/11\/FE608AAC-E104-408D-B6D0-C743557584FE-600x600.jpeg 600w, https:\/\/wp.ufpel.edu.br\/petdiversidade\/files\/2024\/11\/FE608AAC-E104-408D-B6D0-C743557584FE.jpeg 730w\" sizes=\"auto, (max-width: 159px) 100vw, 159px\" \/><\/a><span style=\"font-family: impact, sans-serif;\"><span style=\"font-size: 24px;\">Isadora Ugoski Dam\u00e9 Pacheco<\/span><\/span><\/p>\n<p>Acad\u00eamico do Curso de Medicina (UFPel)<\/p>\n<p>&nbsp;<\/p>\n<p>&nbsp;<\/p>\n<p>&nbsp;<\/p>\n<p><a href=\"https:\/\/wp.ufpel.edu.br\/petdiversidade\/files\/2025\/03\/IMG_2054-scaled.jpg\"><img loading=\"lazy\" decoding=\"async\" class=\"alignleft wp-image-1538\" src=\"https:\/\/wp.ufpel.edu.br\/petdiversidade\/files\/2025\/03\/IMG_2054-212x318.jpg\" alt=\"\" width=\"147\" height=\"220\" \/><\/a><span style=\"font-family: georgia, palatino, serif;\"><span style=\"font-size: 18pt; font-family: impact, sans-serif;\"> Luan Lucas Valins da Silveira<\/span><\/span><\/p>\n<p>Acad\u00eamico do Curso de Medicina (UFPel)<\/p>\n<p><a href=\"http:\/\/lattes.cnpq.br\/7939252587042603\" target=\"_blank\" rel=\"noopener\">Curr\u00edculo Lattes<\/a><\/p>\n<p>&nbsp;<\/p>\n<p>&nbsp;<\/p>\n<p>&nbsp;<\/p>\n<p><img loading=\"lazy\" decoding=\"async\" class=\"alignleft wp-image-1608\" src=\"https:\/\/wp.ufpel.edu.br\/petdiversidade\/files\/2025\/10\/WhatsApp-Image-2025-10-30-at-22.02.32-247x318.jpeg\" alt=\"\" width=\"147\" height=\"190\" srcset=\"https:\/\/wp.ufpel.edu.br\/petdiversidade\/files\/2025\/10\/WhatsApp-Image-2025-10-30-at-22.02.32-247x318.jpeg 247w, https:\/\/wp.ufpel.edu.br\/petdiversidade\/files\/2025\/10\/WhatsApp-Image-2025-10-30-at-22.02.32-123x159.jpeg 123w, https:\/\/wp.ufpel.edu.br\/petdiversidade\/files\/2025\/10\/WhatsApp-Image-2025-10-30-at-22.02.32-768x991.jpeg 768w, https:\/\/wp.ufpel.edu.br\/petdiversidade\/files\/2025\/10\/WhatsApp-Image-2025-10-30-at-22.02.32-600x774.jpeg 600w, https:\/\/wp.ufpel.edu.br\/petdiversidade\/files\/2025\/10\/WhatsApp-Image-2025-10-30-at-22.02.32.jpeg 890w\" sizes=\"auto, (max-width: 147px) 100vw, 147px\" \/><\/p>\n<p><span style=\"font-family: georgia, palatino, serif;\"><span style=\"font-size: 18pt; font-family: impact, sans-serif;\">Lucimara Libarino Silva<\/span><\/span><\/p>\n<p>Acad\u00eamica do Curso de Direito (UFPel)<\/p>\n<p><a href=\"https:\/\/lattes.cnpq.br\/9831943351633327\">Curr\u00edculo Lattes<\/a><\/p>\n<p>&nbsp;<\/p>\n<p>&nbsp;<\/p>\n<p><img loading=\"lazy\" decoding=\"async\" class=\"wp-image-1370 alignleft\" src=\"https:\/\/wp.ufpel.edu.br\/petdiversidade\/files\/2023\/06\/a2-119x159.jpg\" alt=\"\" width=\"147\" height=\"196\" srcset=\"https:\/\/wp.ufpel.edu.br\/petdiversidade\/files\/2023\/06\/a2-119x159.jpg 119w, https:\/\/wp.ufpel.edu.br\/petdiversidade\/files\/2023\/06\/a2-239x318.jpg 239w, https:\/\/wp.ufpel.edu.br\/petdiversidade\/files\/2023\/06\/a2-768x1022.jpg 768w, https:\/\/wp.ufpel.edu.br\/petdiversidade\/files\/2023\/06\/a2-600x798.jpg 600w, https:\/\/wp.ufpel.edu.br\/petdiversidade\/files\/2023\/06\/a2-945x1257.jpg 945w, https:\/\/wp.ufpel.edu.br\/petdiversidade\/files\/2023\/06\/a2.jpg 962w\" sizes=\"auto, (max-width: 147px) 100vw, 147px\" \/>\u00a0<span style=\"font-family: impact, sans-serif; font-size: 18pt;\">Luiza de Oliveira Maciel<\/span><\/p>\n<p>Acad\u00eamica do Curso de Psicologia (UFPel)<\/p>\n<p>&nbsp;<\/p>\n<p>&nbsp;<\/p>\n<p>&nbsp;<\/p>\n<p>&nbsp;<\/p>\n<p><img loading=\"lazy\" decoding=\"async\" class=\"wp-image-1607 alignleft\" src=\"https:\/\/wp.ufpel.edu.br\/petdiversidade\/files\/2025\/10\/WhatsApp-Image-2025-10-31-at-10.39.12-1-390x318.jpeg\" alt=\"\" width=\"180\" height=\"147\" srcset=\"https:\/\/wp.ufpel.edu.br\/petdiversidade\/files\/2025\/10\/WhatsApp-Image-2025-10-31-at-10.39.12-1-390x318.jpeg 390w, https:\/\/wp.ufpel.edu.br\/petdiversidade\/files\/2025\/10\/WhatsApp-Image-2025-10-31-at-10.39.12-1-195x159.jpeg 195w, https:\/\/wp.ufpel.edu.br\/petdiversidade\/files\/2025\/10\/WhatsApp-Image-2025-10-31-at-10.39.12-1-768x627.jpeg 768w, https:\/\/wp.ufpel.edu.br\/petdiversidade\/files\/2025\/10\/WhatsApp-Image-2025-10-31-at-10.39.12-1-600x490.jpeg 600w, https:\/\/wp.ufpel.edu.br\/petdiversidade\/files\/2025\/10\/WhatsApp-Image-2025-10-31-at-10.39.12-1.jpeg 882w\" sizes=\"auto, (max-width: 180px) 100vw, 180px\" \/><\/p>\n<p><span style=\"font-size: 18pt; font-family: impact, sans-serif;\">Maria Fernanda Fernandes<\/span><\/p>\n<p>Acad\u00eamica do Curso de Psicologia (UFPel)<\/p>\n<p><a href=\"http:\/\/lattes.cnpq.br\/1732752932159736\">Curr\u00edculo Lattes<\/a><\/p>\n<p>&nbsp;<\/p>\n<p>&nbsp;<\/p>\n<p><span style=\"font-size: 18pt; font-family: impact, sans-serif;\"><a href=\"https:\/\/wp.ufpel.edu.br\/petdiversidade\/files\/2025\/12\/Foto-653.jpg\"><img loading=\"lazy\" decoding=\"async\" class=\"size-thumbnail wp-image-1642 alignleft\" src=\"https:\/\/wp.ufpel.edu.br\/petdiversidade\/files\/2025\/12\/Foto-653-151x159.jpg\" alt=\"\" width=\"151\" height=\"159\" srcset=\"https:\/\/wp.ufpel.edu.br\/petdiversidade\/files\/2025\/12\/Foto-653-151x159.jpg 151w, https:\/\/wp.ufpel.edu.br\/petdiversidade\/files\/2025\/12\/Foto-653-301x318.jpg 301w, https:\/\/wp.ufpel.edu.br\/petdiversidade\/files\/2025\/12\/Foto-653-768x811.jpg 768w, https:\/\/wp.ufpel.edu.br\/petdiversidade\/files\/2025\/12\/Foto-653-600x634.jpg 600w, https:\/\/wp.ufpel.edu.br\/petdiversidade\/files\/2025\/12\/Foto-653-945x998.jpg 945w, https:\/\/wp.ufpel.edu.br\/petdiversidade\/files\/2025\/12\/Foto-653.jpg 1296w\" sizes=\"auto, (max-width: 151px) 100vw, 151px\" \/><\/a>Mateus Ribeiro da Silva de Melo<\/span><\/p>\n<p>Acad\u00eamico do Curso de Medicina (UFPel)<\/p>\n<p><a href=\"http:\/\/lattes.cnpq.br\/1269460695306876\" target=\"_blank\" rel=\"noopener\">Curr\u00edculo Lattes<\/a><\/p>\n<p>&nbsp;<\/p>\n<p>&nbsp;<\/p>\n<p><img loading=\"lazy\" decoding=\"async\" class=\"wp-image-1603 alignleft\" src=\"https:\/\/wp.ufpel.edu.br\/petdiversidade\/files\/2025\/10\/WhatsApp-Image-2025-10-30-at-22.00.34-212x318.jpeg\" alt=\"\" width=\"147\" height=\"196\" \/><span style=\"font-size: 18pt; font-family: impact, sans-serif;\">Max Chagas Soares<\/span><\/p>\n<p>Acad\u00eamico do Curso de Psicologia (UFPel)<\/p>\n<p><a href=\"https:\/\/lattes.cnpq.br\/3277657690989569\">Curr\u00edculo Lattes<\/a><\/p>\n<p>&nbsp;<\/p>\n<p><span style=\"font-size: 18pt; font-family: impact, sans-serif;\">\u00a0<\/span><\/p>\n<p>&nbsp;<\/p>\n<p><a href=\"https:\/\/wp.ufpel.edu.br\/petdiversidade\/files\/2022\/10\/WhatsApp-Image-2022-10-01-at-11.18.04.jpeg\"><img loading=\"lazy\" decoding=\"async\" class=\"alignleft wp-image-1174 \" src=\"https:\/\/wp.ufpel.edu.br\/petdiversidade\/files\/2022\/10\/WhatsApp-Image-2022-10-01-at-11.18.04-318x318.jpeg\" alt=\"\" width=\"153\" height=\"153\" srcset=\"https:\/\/wp.ufpel.edu.br\/petdiversidade\/files\/2022\/10\/WhatsApp-Image-2022-10-01-at-11.18.04-318x318.jpeg 318w, https:\/\/wp.ufpel.edu.br\/petdiversidade\/files\/2022\/10\/WhatsApp-Image-2022-10-01-at-11.18.04-159x159.jpeg 159w, https:\/\/wp.ufpel.edu.br\/petdiversidade\/files\/2022\/10\/WhatsApp-Image-2022-10-01-at-11.18.04-600x600.jpeg 600w, https:\/\/wp.ufpel.edu.br\/petdiversidade\/files\/2022\/10\/WhatsApp-Image-2022-10-01-at-11.18.04.jpeg 640w\" sizes=\"auto, (max-width: 153px) 100vw, 153px\" \/><\/a><\/p>\n<p><span style=\"font-size: 18pt; font-family: impact, sans-serif;\">Robson da Silva Junior\u00a0<\/span><\/p>\n<p>Acad\u00eamico do Curso de Odontologia (UFPel)<\/p>\n<p><a href=\"http:\/\/lattes.cnpq.br\/3930897828801550\" target=\"_blank\" rel=\"noopener\">Curr\u00edculo Lattes<\/a><\/p>\n<p>&nbsp;<\/p>\n<p>&nbsp;<\/p>\n<p><a href=\"https:\/\/wp.ufpel.edu.br\/petdiversidade\/files\/2025\/10\/WhatsApp-Image-2025-10-29-at-20.44.23-1.jpeg\"><img loading=\"lazy\" decoding=\"async\" class=\"wp-image-1602 alignleft\" src=\"https:\/\/wp.ufpel.edu.br\/petdiversidade\/files\/2025\/10\/WhatsApp-Image-2025-10-29-at-20.44.23-1-215x318.jpeg\" alt=\"\" width=\"147\" height=\"196\" \/> <\/a><span style=\"font-family: impact, sans-serif; font-size: 18pt;\">Tayanne Costa<\/span><\/p>\n<p>Acad\u00eamica do Curso de Rela\u00e7\u00f5es Internacionais (UFPel)<\/p>\n<p>&nbsp;<\/p>\n<p>&nbsp;<\/p>\n<p>&nbsp;<\/p>\n<p>&nbsp;<\/p>\n<p><img loading=\"lazy\" decoding=\"async\" class=\"wp-image-1604 alignleft\" src=\"https:\/\/wp.ufpel.edu.br\/petdiversidade\/files\/2025\/10\/WhatsApp-Image-2025-10-30-at-20.09.19-e1761941219891-250x318.jpeg\" alt=\"\" width=\"147\" height=\"187\" srcset=\"https:\/\/wp.ufpel.edu.br\/petdiversidade\/files\/2025\/10\/WhatsApp-Image-2025-10-30-at-20.09.19-e1761941219891-250x318.jpeg 250w, https:\/\/wp.ufpel.edu.br\/petdiversidade\/files\/2025\/10\/WhatsApp-Image-2025-10-30-at-20.09.19-e1761941219891-125x159.jpeg 125w, https:\/\/wp.ufpel.edu.br\/petdiversidade\/files\/2025\/10\/WhatsApp-Image-2025-10-30-at-20.09.19-e1761941219891-768x977.jpeg 768w, https:\/\/wp.ufpel.edu.br\/petdiversidade\/files\/2025\/10\/WhatsApp-Image-2025-10-30-at-20.09.19-e1761941219891-600x763.jpeg 600w, https:\/\/wp.ufpel.edu.br\/petdiversidade\/files\/2025\/10\/WhatsApp-Image-2025-10-30-at-20.09.19-e1761941219891.jpeg 882w\" sizes=\"auto, (max-width: 147px) 100vw, 147px\" \/><span style=\"font-family: impact, sans-serif; font-size: 18pt;\">Vinicius Diogo Paz Amorim\u00a0<\/span><\/p>\n<p>Acad\u00eamico do Curso de Rela\u00e7\u00f5es Internacionais (UFPel)<\/p>\n<p><a href=\"http:\/\/lattes.cnpq.br\/0461082453534704\">Curr\u00edculo Lattes<\/a><\/p>\n<div id=\"gtx-trans\" style=\"position: absolute; left: 337px; top: 2532.67px;\">\n<div class=\"gtx-trans-icon\"><\/div>\n<\/div>\n","protected":false},"excerpt":{"rendered":"<p>Bianca Duarte\u00a0 Acad\u00eamica do Curso de Nutri\u00e7\u00e3o (UFPel) &nbsp; &nbsp; &nbsp; Graziele Gerhardt Acad\u00eamica do Curso de Terapia Ocupacional (UFPel) &nbsp; &nbsp; &nbsp; Isadora Ugoski Dam\u00e9 Pacheco Acad\u00eamico do Curso de Medicina (UFPel) &nbsp; &nbsp; &nbsp; Luan Lucas Valins da&#8230; <a class=\"more-link\" href=\"https:\/\/wp.ufpel.edu.br\/petdiversidade\/petianos\/\">Continue lendo &rarr;<\/a><\/p>\n","protected":false},"author":365,"featured_media":0,"parent":0,"menu_order":0,"comment_status":"closed","ping_status":"closed","template":"","meta":{"footnotes":""},"class_list":["post-155","page","type-page","status-publish","hentry"],"_links":{"self":[{"href":"https:\/\/wp.ufpel.edu.br\/petdiversidade\/wp-json\/wp\/v2\/pages\/155","targetHints":{"allow":["GET"]}}],"collection":[{"href":"https:\/\/wp.ufpel.edu.br\/petdiversidade\/wp-json\/wp\/v2\/pages"}],"about":[{"href":"https:\/\/wp.ufpel.edu.br\/petdiversidade\/wp-json\/wp\/v2\/types\/page"}],"author":[{"embeddable":true,"href":"https:\/\/wp.ufpel.edu.br\/petdiversidade\/wp-json\/wp\/v2\/users\/365"}],"replies":[{"embeddable":true,"href":"https:\/\/wp.ufpel.edu.br\/petdiversidade\/wp-json\/wp\/v2\/comments?post=155"}],"version-history":[{"count":5,"href":"https:\/\/wp.ufpel.edu.br\/petdiversidade\/wp-json\/wp\/v2\/pages\/155\/revisions"}],"predecessor-version":[{"id":1644,"href":"https:\/\/wp.ufpel.edu.br\/petdiversidade\/wp-json\/wp\/v2\/pages\/155\/revisions\/1644"}],"wp:attachment":[{"href":"https:\/\/wp.ufpel.edu.br\/petdiversidade\/wp-json\/wp\/v2\/media?parent=155"}],"curies":[{"name":"wp","href":"https:\/\/api.w.org\/{rel}","templated":true}]}}