{"id":144,"date":"2017-03-09T14:09:11","date_gmt":"2017-03-09T17:09:11","guid":{"rendered":"https:\/\/wp.ufpel.edu.br\/petdiversidade\/?page_id=144"},"modified":"2020-05-13T21:11:55","modified_gmt":"2020-05-14T00:11:55","slug":"projetos","status":"publish","type":"page","link":"https:\/\/wp.ufpel.edu.br\/petdiversidade\/projetos\/","title":{"rendered":"Projetos"},"content":{"rendered":"<p><em><strong>Alguns projetos com participa\u00e7\u00e3o do PET DT:<\/strong><\/em><\/p>\n<ul>\n<li>\u00a0Participa\u00e7\u00e3o em InterPET<\/li>\n<li>\u00a0Gerenciamento de Redes sociais (facebook e Instagram)<\/li>\n<li>\u00a0Participa\u00e7\u00e3o no\u00a0 Sulpet<\/li>\n<li>Organiza\u00e7\u00e3o do Sulpet<\/li>\n<li>\u00a0Participa\u00e7\u00e3o no Enapet<\/li>\n<li>\u00a0Projeto Fenadoce na Escola<\/li>\n<li>Participa\u00e7\u00e3o na UNAPI<\/li>\n<li>\u00a0Projeto a\u00e7\u00e3o 2011<\/li>\n<li>\u00a0Gincana do meio ambiente<\/li>\n<li>\u00a0Ciclo de Document\u00e1rios e Debates<\/li>\n<li>\u00a0Oficinas de leitura<\/li>\n<li>Pizzalattes<\/li>\n<li>\u00a0Encontro Conex\u00f5es de Saberes \u2013 Porto Alegre- abril de 2011<\/li>\n<li>\u00a0VI Encontro Regional Sul de Hist\u00f3ria Oral \u2013 maio de 2011<\/li>\n<li>\u00a0III Encontro Ga\u00facho de Hist\u00f3ria e Sa\u00fade\u00a0\u2013 junho de 2011<\/li>\n<li>\u00a0Ci\u00eancia e Cultura \u2013 ESEF<\/li>\n<li>\u00a0Promo\u00e7\u00e3o da Jornada de Estudos NEAB<\/li>\n<li>\u00a0Semin\u00e1rio Viol\u00eancia na Escola \u2013 FURG<\/li>\n<li>\u00a0Evento Periferia<\/li>\n<li>\u00a0Oficina de Hist\u00f3ria Oral<\/li>\n<li>\u00a0SIIEPE<\/li>\n<li>\u00a0Jornal Conectando Saberes<\/li>\n<li>\u00a0Blog<\/li>\n<li>\u00a0Projeto interven\u00e7\u00e3o Diversifica\u00e7\u00e3o PET DT e PET ESEF<\/li>\n<li>\u00a0Simp\u00f3sio ESEF<\/li>\n<li>\u00a0Jornada Diversidade Sexual \u2013 novembro de 2011<\/li>\n<li>\u00a0Plano de Desenvolvimento do Dunas\u00a0\u2013 Coordenadoria de Cultura, Educa\u00e7\u00e3o comunit\u00e1ria, Esporte e Lazer do Dunas<\/li>\n<\/ul>\n","protected":false},"excerpt":{"rendered":"<p>Alguns projetos com participa\u00e7\u00e3o do PET DT: \u00a0Participa\u00e7\u00e3o em InterPET \u00a0Gerenciamento de Redes sociais (facebook e Instagram) \u00a0Participa\u00e7\u00e3o no\u00a0 Sulpet Organiza\u00e7\u00e3o do Sulpet \u00a0Participa\u00e7\u00e3o no Enapet \u00a0Projeto Fenadoce na Escola Participa\u00e7\u00e3o na UNAPI \u00a0Projeto a\u00e7\u00e3o 2011 \u00a0Gincana do meio ambiente&#8230; <a class=\"more-link\" href=\"https:\/\/wp.ufpel.edu.br\/petdiversidade\/projetos\/\">Continue lendo &rarr;<\/a><\/p>\n","protected":false},"author":365,"featured_media":0,"parent":0,"menu_order":0,"comment_status":"closed","ping_status":"closed","template":"","meta":{"footnotes":""},"class_list":["post-144","page","type-page","status-publish","hentry"],"_links":{"self":[{"href":"https:\/\/wp.ufpel.edu.br\/petdiversidade\/wp-json\/wp\/v2\/pages\/144","targetHints":{"allow":["GET"]}}],"collection":[{"href":"https:\/\/wp.ufpel.edu.br\/petdiversidade\/wp-json\/wp\/v2\/pages"}],"about":[{"href":"https:\/\/wp.ufpel.edu.br\/petdiversidade\/wp-json\/wp\/v2\/types\/page"}],"author":[{"embeddable":true,"href":"https:\/\/wp.ufpel.edu.br\/petdiversidade\/wp-json\/wp\/v2\/users\/365"}],"replies":[{"embeddable":true,"href":"https:\/\/wp.ufpel.edu.br\/petdiversidade\/wp-json\/wp\/v2\/comments?post=144"}],"version-history":[{"count":7,"href":"https:\/\/wp.ufpel.edu.br\/petdiversidade\/wp-json\/wp\/v2\/pages\/144\/revisions"}],"predecessor-version":[{"id":763,"href":"https:\/\/wp.ufpel.edu.br\/petdiversidade\/wp-json\/wp\/v2\/pages\/144\/revisions\/763"}],"wp:attachment":[{"href":"https:\/\/wp.ufpel.edu.br\/petdiversidade\/wp-json\/wp\/v2\/media?parent=144"}],"curies":[{"name":"wp","href":"https:\/\/api.w.org\/{rel}","templated":true}]}}