{"id":1379,"date":"2023-07-01T14:33:13","date_gmt":"2023-07-01T17:33:13","guid":{"rendered":"https:\/\/wp.ufpel.edu.br\/petdiversidade\/?page_id=1379"},"modified":"2025-01-18T13:21:34","modified_gmt":"2025-01-18T16:21:34","slug":"jornal-conectando-saberes","status":"publish","type":"page","link":"https:\/\/wp.ufpel.edu.br\/petdiversidade\/jornal-conectando-saberes\/","title":{"rendered":"Jornal Conectando Saberes"},"content":{"rendered":"<p>Confira abaixo as \u00faltimas edi\u00e7\u00f5es do Jornal Conectando Saberes<\/p>\n<p>&nbsp;<\/p>\n<p><a href=\"https:\/\/wp.ufpel.edu.br\/petdiversidade\/files\/2025\/01\/jornal-ed.-32-1-compactado.pdf\" target=\"_blank\" rel=\"noopener\">32\u00aa Edi\u00e7\u00e3o &#8211; Enchentes no Rio Grande do Sul<\/a><\/p>\n<p>&nbsp;<\/p>\n<p><a href=\"https:\/\/wp.ufpel.edu.br\/petdiversidade\/files\/2023\/08\/31a-Ed-Jornal.pdf\" target=\"_blank\" rel=\"noopener\">31\u00aa Edi\u00e7\u00e3o<\/a><\/p>\n<p><a href=\"https:\/\/wp.ufpel.edu.br\/petdiversidade\/files\/2022\/11\/Jornal-Conectando-Saberes-30a-edicao-Cartas-para-o-Futuro.pdf\">30\u00aa Edi\u00e7\u00e3o<\/a><\/p>\n<p><a href=\"https:\/\/wp.ufpel.edu.br\/petdiversidade\/files\/2022\/09\/7.-29a-Edicao-Semana-de-Arte-Moderna-Cem-Anos-Jornal-Conectando-Saberes.pdf\">29\u00aa Edi\u00e7\u00e3o<\/a><\/p>\n<p><a href=\"https:\/\/wp.ufpel.edu.br\/petdiversidade\/files\/2022\/04\/6.Jornal-Conectando-Saberes-28a-edicao-Cidadania-e-Voto.pdf\">28\u00aa Edi\u00e7\u00e3o<\/a><\/p>\n<p><a href=\"https:\/\/wp.ufpel.edu.br\/petdiversidade\/files\/2021\/10\/Jornal-Conectando-Saberes-27-EDICAO-Diversidade-e-Cultura.pdf\">27\u00aa Edi\u00e7\u00e3o<\/a><\/p>\n<p><a href=\"https:\/\/wp.ufpel.edu.br\/petdiversidade\/files\/2021\/10\/Jornal-Conectando-Saberes-27-EDICAO-Diversidade-e-Cultura.pdf\">26\u00aa Edi\u00e7\u00e3o<\/a><\/p>\n<p><a href=\"https:\/\/wp.ufpel.edu.br\/petdiversidade\/2021\/03\/29\/jornal-conectando-saberes-25-edicao\/\">25\u00aa Edi\u00e7\u00e3o<\/a><\/p>\n<p><a href=\"https:\/\/wp.ufpel.edu.br\/petdiversidade\/files\/2020\/12\/Jornal-Conectando-Saberes_-Vidas-Negras-Importam-_-24o-edicao.pdf\">24\u00aa Edi\u00e7\u00e3o<\/a><\/p>\n<p><a href=\"https:\/\/wp.ufpel.edu.br\/petdiversidade\/files\/2020\/07\/Jornal-pet-072020.pdf\">23\u00aa Edi\u00e7\u00e3o<\/a><\/p>\n<p><a href=\"https:\/\/wp.ufpel.edu.br\/petdiversidade\/files\/2020\/05\/Jornal-Conectando-Saberes.pdf\">22\u00aa Edi\u00e7\u00e3o<\/a><\/p>\n<p><a href=\"https:\/\/wp.ufpel.edu.br\/petdiversidade\/files\/2023\/11\/EDICAO_III_ANO_I.pdf\" target=\"_blank\" rel=\"noopener\">3\u00aa Edi\u00e7\u00e3o<\/a><\/p>\n","protected":false},"excerpt":{"rendered":"<p>Confira abaixo as \u00faltimas edi\u00e7\u00f5es do Jornal Conectando Saberes &nbsp; 32\u00aa Edi\u00e7\u00e3o &#8211; Enchentes no Rio Grande do Sul &nbsp; 31\u00aa Edi\u00e7\u00e3o 30\u00aa Edi\u00e7\u00e3o 29\u00aa Edi\u00e7\u00e3o 28\u00aa Edi\u00e7\u00e3o 27\u00aa Edi\u00e7\u00e3o 26\u00aa Edi\u00e7\u00e3o 25\u00aa Edi\u00e7\u00e3o 24\u00aa Edi\u00e7\u00e3o 23\u00aa Edi\u00e7\u00e3o 22\u00aa Edi\u00e7\u00e3o&#8230; <a class=\"more-link\" href=\"https:\/\/wp.ufpel.edu.br\/petdiversidade\/jornal-conectando-saberes\/\">Continue lendo &rarr;<\/a><\/p>\n","protected":false},"author":365,"featured_media":0,"parent":0,"menu_order":0,"comment_status":"closed","ping_status":"closed","template":"","meta":{"footnotes":""},"class_list":["post-1379","page","type-page","status-publish","hentry"],"_links":{"self":[{"href":"https:\/\/wp.ufpel.edu.br\/petdiversidade\/wp-json\/wp\/v2\/pages\/1379","targetHints":{"allow":["GET"]}}],"collection":[{"href":"https:\/\/wp.ufpel.edu.br\/petdiversidade\/wp-json\/wp\/v2\/pages"}],"about":[{"href":"https:\/\/wp.ufpel.edu.br\/petdiversidade\/wp-json\/wp\/v2\/types\/page"}],"author":[{"embeddable":true,"href":"https:\/\/wp.ufpel.edu.br\/petdiversidade\/wp-json\/wp\/v2\/users\/365"}],"replies":[{"embeddable":true,"href":"https:\/\/wp.ufpel.edu.br\/petdiversidade\/wp-json\/wp\/v2\/comments?post=1379"}],"version-history":[{"count":9,"href":"https:\/\/wp.ufpel.edu.br\/petdiversidade\/wp-json\/wp\/v2\/pages\/1379\/revisions"}],"predecessor-version":[{"id":1510,"href":"https:\/\/wp.ufpel.edu.br\/petdiversidade\/wp-json\/wp\/v2\/pages\/1379\/revisions\/1510"}],"wp:attachment":[{"href":"https:\/\/wp.ufpel.edu.br\/petdiversidade\/wp-json\/wp\/v2\/media?parent=1379"}],"curies":[{"name":"wp","href":"https:\/\/api.w.org\/{rel}","templated":true}]}}