{"id":1294,"date":"2023-03-06T22:39:10","date_gmt":"2023-03-07T01:39:10","guid":{"rendered":"https:\/\/wp.ufpel.edu.br\/petdiversidade\/?page_id=1294"},"modified":"2025-10-29T11:48:52","modified_gmt":"2025-10-29T14:48:52","slug":"tutoria","status":"publish","type":"page","link":"https:\/\/wp.ufpel.edu.br\/petdiversidade\/sobre-nos\/tutoria\/","title":{"rendered":"Tutoria do PET DT"},"content":{"rendered":"<p><a href=\"https:\/\/wp.ufpel.edu.br\/petdiversidade\/files\/2025\/10\/WhatsApp-Image-2025-10-29-at-11.45.36.jpeg\"><img loading=\"lazy\" decoding=\"async\" class=\"wp-image-1594 size-medium alignleft\" src=\"https:\/\/wp.ufpel.edu.br\/petdiversidade\/files\/2025\/10\/WhatsApp-Image-2025-10-29-at-11.45.36-295x318.jpeg\" alt=\"\" width=\"295\" height=\"318\" srcset=\"https:\/\/wp.ufpel.edu.br\/petdiversidade\/files\/2025\/10\/WhatsApp-Image-2025-10-29-at-11.45.36-295x318.jpeg 295w, https:\/\/wp.ufpel.edu.br\/petdiversidade\/files\/2025\/10\/WhatsApp-Image-2025-10-29-at-11.45.36-147x159.jpeg 147w, https:\/\/wp.ufpel.edu.br\/petdiversidade\/files\/2025\/10\/WhatsApp-Image-2025-10-29-at-11.45.36-600x647.jpeg 600w, https:\/\/wp.ufpel.edu.br\/petdiversidade\/files\/2025\/10\/WhatsApp-Image-2025-10-29-at-11.45.36.jpeg 628w\" sizes=\"auto, (max-width: 295px) 100vw, 295px\" \/><\/a><\/p>\n<h1>DANIEL MAURICIO VIANA DE SOUZA<\/h1>\n<p>Doutor em Sociologia pelo Programa de PPGS da Universidade Federal do Rio Grande do Sul &#8211; UFRGS, com per\u00edodo sandu\u00edche no Instituto de Ci\u00eancias Sociais (ICS) da Universidade de Lisboa (2016). Mestre em Ci\u00eancia da Informa\u00e7\u00e3o pelo Programa de PPGCI- IBICT\/UFF (2007). Graduado em Museologia pela Universidade Federal do Estado do Rio de Janeiro &#8211; UNIRIO (2004). Professor do Departamento de Museologia, Conserva\u00e7\u00e3o e Restauro, e do Programa de P\u00f3s-Gradua\u00e7\u00e3o em Mem\u00f3ria Social e Patrim\u00f4nio Cultural da Universidade Federal de Pelotas. Coordenador no N\u00facleo de Estudos sobre Museus, Ci\u00eancia e Sociedade (NEMuCS). Diretor do MuDI &#8211; Museu Di\u00e1rios do Isolamento. Dedica-se a estudos vinculados \u00e0 Museus, Ci\u00eancia, Divulga\u00e7\u00e3o Cient\u00edfica, Sociologia da Ci\u00eancia e Teoria da Sociedade do Espet\u00e1culo. Assumiu a tutoria do PET Diversidade e Toler\u00e2ncia em outubro de 2025.<\/p>\n<p><em><strong>Forma\u00e7\u00e3o acad\u00eamica<\/strong><\/em><br \/>\nDoutorado em Sociologia (Universidade Federal do Rio Grande do Sul, 2016)<br \/>\nMestrado em Ciencia da Informacao (Instituto Brasileiro de Informa\u00e7\u00e3o em Ci\u00eancia e Tecnologia, 2007)<br \/>\nGradua\u00e7\u00e3o em museologia (Universidade Federal do Estado do Rio de Janeiro, 2004)<\/p>\n<p><em><strong>\u00c1reas de atua\u00e7\u00e3o<\/strong><\/em><br \/>\nMuseologia<br \/>\nCi\u00eancia da Informa\u00e7\u00e3o<br \/>\nSociologia &#8211; Sociologia<\/p>\n","protected":false},"excerpt":{"rendered":"<p>DANIEL MAURICIO VIANA DE SOUZA Doutor em Sociologia pelo Programa de PPGS da Universidade Federal do Rio Grande do Sul &#8211; UFRGS, com per\u00edodo sandu\u00edche no Instituto de Ci\u00eancias Sociais (ICS) da Universidade de Lisboa (2016). Mestre em Ci\u00eancia da&#8230; <a class=\"more-link\" href=\"https:\/\/wp.ufpel.edu.br\/petdiversidade\/sobre-nos\/tutoria\/\">Continue lendo &rarr;<\/a><\/p>\n","protected":false},"author":365,"featured_media":0,"parent":18,"menu_order":0,"comment_status":"closed","ping_status":"closed","template":"","meta":{"footnotes":""},"class_list":["post-1294","page","type-page","status-publish","hentry"],"_links":{"self":[{"href":"https:\/\/wp.ufpel.edu.br\/petdiversidade\/wp-json\/wp\/v2\/pages\/1294","targetHints":{"allow":["GET"]}}],"collection":[{"href":"https:\/\/wp.ufpel.edu.br\/petdiversidade\/wp-json\/wp\/v2\/pages"}],"about":[{"href":"https:\/\/wp.ufpel.edu.br\/petdiversidade\/wp-json\/wp\/v2\/types\/page"}],"author":[{"embeddable":true,"href":"https:\/\/wp.ufpel.edu.br\/petdiversidade\/wp-json\/wp\/v2\/users\/365"}],"replies":[{"embeddable":true,"href":"https:\/\/wp.ufpel.edu.br\/petdiversidade\/wp-json\/wp\/v2\/comments?post=1294"}],"version-history":[{"count":4,"href":"https:\/\/wp.ufpel.edu.br\/petdiversidade\/wp-json\/wp\/v2\/pages\/1294\/revisions"}],"predecessor-version":[{"id":1597,"href":"https:\/\/wp.ufpel.edu.br\/petdiversidade\/wp-json\/wp\/v2\/pages\/1294\/revisions\/1597"}],"up":[{"embeddable":true,"href":"https:\/\/wp.ufpel.edu.br\/petdiversidade\/wp-json\/wp\/v2\/pages\/18"}],"wp:attachment":[{"href":"https:\/\/wp.ufpel.edu.br\/petdiversidade\/wp-json\/wp\/v2\/media?parent=1294"}],"curies":[{"name":"wp","href":"https:\/\/api.w.org\/{rel}","templated":true}]}}