{"id":79,"date":"2023-10-12T15:00:16","date_gmt":"2023-10-12T18:00:16","guid":{"rendered":"https:\/\/wp.ufpel.edu.br\/petconservacaoerestauro\/?page_id=79"},"modified":"2023-10-12T15:01:03","modified_gmt":"2023-10-12T18:01:03","slug":"atestados","status":"publish","type":"page","link":"https:\/\/wp.ufpel.edu.br\/petconservacaoerestauro\/atestados\/","title":{"rendered":"Atestados"},"content":{"rendered":"<p class=\"font_8 wixui-rich-text__text\"><span class=\"wixui-rich-text__text\">Aqui voc\u00ea tem acesso aos atestados digitais dos eventos organizados do PET nos quais voc\u00ea participou.\u00a0<\/span><\/p>\n<p class=\"font_8 wixui-rich-text__text\"><span class=\"wixui-rich-text__text\">\u200b<\/span><span class=\"wixui-rich-text__text\">Para voc\u00ea ter acesso, basta voc\u00ea dar\u00a0um click duplo\u00a0no\u00a0Link dispon\u00edvel.<\/span><\/p>\n<p class=\"font_8 wixui-rich-text__text\"><span class=\"wixui-rich-text__text\">Os atestados ser\u00e3o emitidos conforme assinado na ata de presen\u00e7a do evento.<\/span><\/p>\n<p class=\"font_8 wixui-rich-text__text\"><span class=\"wixui-rich-text__text\"><span class=\"color_15 wixui-rich-text__text\">Caso voc\u00ea n\u00e3o tenha uma conta, procure seu atestado de acordo com o ano e o nome da atividade que participou. Se j\u00e1 tiver uma conta basta pesquisar seu nome na caixa de pesquisa na parte superior direita.<\/span><\/span><\/p>\n<p class=\"font_8 wixui-rich-text__text\"><span class=\"color_15 wixui-rich-text__text\"><span class=\"wixui-rich-text__text\">Tamb\u00e9m \u00e9 poss\u00edvel importa-los para sua conta clicando com o bot\u00e3o direito e selecionando a op\u00e7\u00e3o\u00a0&#8216;importar&#8217;.<\/span><\/span><\/p>\n<p class=\"font_8 wixui-rich-text__text\"><span style=\"font-size: 14pt;\"><strong><span class=\"wixui-rich-text__text\"><span class=\"color_15 wixui-rich-text__text\"><span class=\"wixGuard wixui-rich-text__text\">LINK:\u00a0<a href=\"https:\/\/mega.nz\/folder\/jyRSTApB#pjZCaW5_ZOn421U1g6JXSA\u200b\">https:\/\/mega.nz\/folder\/jyRSTApB#pjZCaW5_ZOn421U1g6JXSA\u200b<\/a><\/span><\/span><\/span><\/strong><\/span><\/p>\n","protected":false},"excerpt":{"rendered":"<p>Aqui voc\u00ea tem acesso aos atestados digitais dos eventos organizados do PET nos quais voc\u00ea participou.\u00a0 \u200bPara voc\u00ea ter acesso, basta voc\u00ea dar\u00a0um click duplo\u00a0no\u00a0Link dispon\u00edvel. Os atestados ser\u00e3o emitidos conforme assinado na ata de presen\u00e7a do evento. Caso voc\u00ea n\u00e3o tenha uma conta, procure seu atestado de acordo com o ano e o nome [&hellip;]<\/p>\n","protected":false},"author":864,"featured_media":0,"parent":0,"menu_order":1,"comment_status":"closed","ping_status":"closed","template":"","meta":{"footnotes":""},"class_list":["post-79","page","type-page","status-publish","hentry"],"_links":{"self":[{"href":"https:\/\/wp.ufpel.edu.br\/petconservacaoerestauro\/wp-json\/wp\/v2\/pages\/79","targetHints":{"allow":["GET"]}}],"collection":[{"href":"https:\/\/wp.ufpel.edu.br\/petconservacaoerestauro\/wp-json\/wp\/v2\/pages"}],"about":[{"href":"https:\/\/wp.ufpel.edu.br\/petconservacaoerestauro\/wp-json\/wp\/v2\/types\/page"}],"author":[{"embeddable":true,"href":"https:\/\/wp.ufpel.edu.br\/petconservacaoerestauro\/wp-json\/wp\/v2\/users\/864"}],"replies":[{"embeddable":true,"href":"https:\/\/wp.ufpel.edu.br\/petconservacaoerestauro\/wp-json\/wp\/v2\/comments?post=79"}],"version-history":[{"count":3,"href":"https:\/\/wp.ufpel.edu.br\/petconservacaoerestauro\/wp-json\/wp\/v2\/pages\/79\/revisions"}],"predecessor-version":[{"id":82,"href":"https:\/\/wp.ufpel.edu.br\/petconservacaoerestauro\/wp-json\/wp\/v2\/pages\/79\/revisions\/82"}],"wp:attachment":[{"href":"https:\/\/wp.ufpel.edu.br\/petconservacaoerestauro\/wp-json\/wp\/v2\/media?parent=79"}],"curies":[{"name":"wp","href":"https:\/\/api.w.org\/{rel}","templated":true}]}}