{"id":182,"date":"2023-10-12T21:33:09","date_gmt":"2023-10-13T00:33:09","guid":{"rendered":"https:\/\/wp.ufpel.edu.br\/petconservacaoerestauro\/?page_id=182"},"modified":"2025-05-26T22:18:37","modified_gmt":"2025-05-27T01:18:37","slug":"relatorios-anuais","status":"publish","type":"page","link":"https:\/\/wp.ufpel.edu.br\/petconservacaoerestauro\/sobre\/relatorios-anuais\/","title":{"rendered":"Relat\u00f3rios Anuais"},"content":{"rendered":"<p>Nesta p\u00e1gina est\u00e3o os relat\u00f3rios de atividades anuais.<\/p>\n<p>&nbsp;<\/p>\n<p><a href=\"https:\/\/wp.ufpel.edu.br\/petconservacaoerestauro\/files\/2025\/05\/relatorio-pet-2024.pdf\">Relato\u0301rio PET-CR 2024<\/a><\/p>\n<p><a href=\"https:\/\/wp.ufpel.edu.br\/petconservacaoerestauro\/files\/2024\/03\/relato\u0301rio-pet-2023.pdf\">Relato\u0301rio PET-CR 2023<\/a><\/p>\n<p><a href=\"https:\/\/wp.ufpel.edu.br\/petconservacaoerestauro\/files\/2023\/10\/Relatorio-PET-CR-2022.pdf\">Relat\u00f3rio PET-CR 2022<\/a><\/p>\n<p><a href=\"https:\/\/wp.ufpel.edu.br\/petconservacaoerestauro\/files\/2023\/10\/Relatorio-PET-CR-2021.pdf\">Relat\u00f3rio PET-CR 2021<\/a><\/p>\n<p><a href=\"https:\/\/wp.ufpel.edu.br\/petconservacaoerestauro\/files\/2023\/10\/Relatorio-PET-CR-2020.pdf\">Relat\u00f3rio PET-CR 2020<\/a><\/p>\n<p><a href=\"https:\/\/wp.ufpel.edu.br\/petconservacaoerestauro\/files\/2023\/10\/Relatorio-PET-CR-2019.pdf\">Relat\u00f3rio PET-CR 2019<\/a><\/p>\n<p><a href=\"https:\/\/wp.ufpel.edu.br\/petconservacaoerestauro\/files\/2023\/10\/Relatorio-PET-CR-2018.pdf\">Relat\u00f3rio PET-CR 2018<\/a><\/p>\n<p><a href=\"https:\/\/wp.ufpel.edu.br\/petconservacaoerestauro\/files\/2023\/10\/Relatorio-PET-CR-2017.pdf\">Relat\u00f3rio PET-CR 2017<\/a><\/p>\n<p><a href=\"https:\/\/wp.ufpel.edu.br\/petconservacaoerestauro\/files\/2023\/10\/Relatorio-PET-CR-2015.pdf\">Relat\u00f3rio PET-CR 2015<\/a><\/p>\n<p><a href=\"https:\/\/wp.ufpel.edu.br\/petconservacaoerestauro\/files\/2023\/10\/Relatorio-PET-CR-2014.pdf\">Relat\u00f3rio PET-CR 2014<\/a><\/p>\n","protected":false},"excerpt":{"rendered":"<p>Nesta p\u00e1gina est\u00e3o os relat\u00f3rios de atividades anuais. &nbsp; Relato\u0301rio PET-CR 2024 Relato\u0301rio PET-CR 2023 Relat\u00f3rio PET-CR 2022 Relat\u00f3rio PET-CR 2021 Relat\u00f3rio PET-CR 2020 Relat\u00f3rio PET-CR 2019 Relat\u00f3rio PET-CR 2018 Relat\u00f3rio PET-CR 2017 Relat\u00f3rio PET-CR 2015 Relat\u00f3rio PET-CR 2014<\/p>\n","protected":false},"author":864,"featured_media":0,"parent":77,"menu_order":0,"comment_status":"closed","ping_status":"closed","template":"","meta":{"footnotes":""},"class_list":["post-182","page","type-page","status-publish","hentry"],"_links":{"self":[{"href":"https:\/\/wp.ufpel.edu.br\/petconservacaoerestauro\/wp-json\/wp\/v2\/pages\/182","targetHints":{"allow":["GET"]}}],"collection":[{"href":"https:\/\/wp.ufpel.edu.br\/petconservacaoerestauro\/wp-json\/wp\/v2\/pages"}],"about":[{"href":"https:\/\/wp.ufpel.edu.br\/petconservacaoerestauro\/wp-json\/wp\/v2\/types\/page"}],"author":[{"embeddable":true,"href":"https:\/\/wp.ufpel.edu.br\/petconservacaoerestauro\/wp-json\/wp\/v2\/users\/864"}],"replies":[{"embeddable":true,"href":"https:\/\/wp.ufpel.edu.br\/petconservacaoerestauro\/wp-json\/wp\/v2\/comments?post=182"}],"version-history":[{"count":4,"href":"https:\/\/wp.ufpel.edu.br\/petconservacaoerestauro\/wp-json\/wp\/v2\/pages\/182\/revisions"}],"predecessor-version":[{"id":604,"href":"https:\/\/wp.ufpel.edu.br\/petconservacaoerestauro\/wp-json\/wp\/v2\/pages\/182\/revisions\/604"}],"up":[{"embeddable":true,"href":"https:\/\/wp.ufpel.edu.br\/petconservacaoerestauro\/wp-json\/wp\/v2\/pages\/77"}],"wp:attachment":[{"href":"https:\/\/wp.ufpel.edu.br\/petconservacaoerestauro\/wp-json\/wp\/v2\/media?parent=182"}],"curies":[{"name":"wp","href":"https:\/\/api.w.org\/{rel}","templated":true}]}}