{"id":135,"date":"2023-10-12T16:33:41","date_gmt":"2023-10-12T19:33:41","guid":{"rendered":"https:\/\/wp.ufpel.edu.br\/petconservacaoerestauro\/?page_id=135"},"modified":"2023-10-12T17:01:45","modified_gmt":"2023-10-12T20:01:45","slug":"petifique-se","status":"publish","type":"page","link":"https:\/\/wp.ufpel.edu.br\/petconservacaoerestauro\/petifique-se\/","title":{"rendered":"Petifique-se"},"content":{"rendered":"<p class=\"font_8 wixui-rich-text__text\" style=\"text-align: justify;\"><strong><span class=\"wixui-rich-text__text\">Interessado em fazer parte do grupo PET-CR?<\/span><\/strong><\/p>\n<p class=\"font_8 wixui-rich-text__text\" style=\"text-align: justify;\"><span class=\"wixui-rich-text__text\">Primeiramente leia o Manual de Orienta\u00e7\u00f5es B\u00e1sicas do PET (disponiblizado abaixo), ele \u00e9 o manual de embasamento das a\u00e7\u00f5es e objetivos do PET.<\/span><\/p>\n<p class=\"font_8 wixui-rich-text__text\" style=\"text-align: justify;\"><span class=\"wixui-rich-text__text\">Procure participar e se interar nas a\u00e7\u00f5es e eventos do PET, e tamb\u00e9m de outras atividades extracurriculares.<\/span><\/p>\n<p class=\"font_8 wixui-rich-text__text\" style=\"text-align: justify;\"><span class=\"wixui-rich-text__text\">Espere abrir algum edital de sele\u00e7\u00e3o para bolsista, ou seja um volunt\u00e1rio!<\/span><\/p>\n<p class=\"font_8 wixui-rich-text__text\" style=\"text-align: justify;\"><span class=\"wixui-rich-text__text\">Seja voc\u00ea tamb\u00e9m parte deste grupo!<\/span><\/p>\n<p class=\"font_8 wixui-rich-text__text\" style=\"text-align: justify;\"><span class=\"wixui-rich-text__text\">Qualquer d\u00favida entre em contato com algum petiano.<\/span><\/p>\n<p>&nbsp;<\/p>\n<p><strong><a href=\"https:\/\/wp.ufpel.edu.br\/petconservacaoerestauro\/files\/2023\/10\/Manual-de-Orientacoes-Basicas.pdf\">Manual de Orienta\u00e7\u00f5es B\u00e1sicas<\/a><\/strong><\/p>\n<p><strong><a href=\"https:\/\/wp.ufpel.edu.br\/petconservacaoerestauro\/files\/2023\/10\/Ficha-de-Inscricao-do-Edital-01-2023.docx\">Ficha de Inscri\u00e7\u00e3o do Edital 01-2023<\/a><\/strong><\/p>\n<p><strong><a href=\"https:\/\/wp.ufpel.edu.br\/petconservacaoerestauro\/files\/2023\/10\/Modelo-do-Plano-Semanal-de-Trabalho-do-Edital-01-2023.docx\">Modelo do Plano Semanal de Trabalho do Edital 01-2023<\/a><\/strong><\/p>\n<p><strong><a href=\"https:\/\/wp.ufpel.edu.br\/petconservacaoerestauro\/files\/2023\/10\/Modelo-do-Memorial-Descritivo-do-Edital-01-2023.docx\">Modelo do Memorial Descritivo do Edital 01-2023<\/a><\/strong><\/p>\n","protected":false},"excerpt":{"rendered":"<p>Interessado em fazer parte do grupo PET-CR? Primeiramente leia o Manual de Orienta\u00e7\u00f5es B\u00e1sicas do PET (disponiblizado abaixo), ele \u00e9 o manual de embasamento das a\u00e7\u00f5es e objetivos do PET. Procure participar e se interar nas a\u00e7\u00f5es e eventos do PET, e tamb\u00e9m de outras atividades extracurriculares. Espere abrir algum edital de sele\u00e7\u00e3o para bolsista, [&hellip;]<\/p>\n","protected":false},"author":864,"featured_media":0,"parent":0,"menu_order":0,"comment_status":"closed","ping_status":"closed","template":"","meta":{"footnotes":""},"class_list":["post-135","page","type-page","status-publish","hentry"],"_links":{"self":[{"href":"https:\/\/wp.ufpel.edu.br\/petconservacaoerestauro\/wp-json\/wp\/v2\/pages\/135","targetHints":{"allow":["GET"]}}],"collection":[{"href":"https:\/\/wp.ufpel.edu.br\/petconservacaoerestauro\/wp-json\/wp\/v2\/pages"}],"about":[{"href":"https:\/\/wp.ufpel.edu.br\/petconservacaoerestauro\/wp-json\/wp\/v2\/types\/page"}],"author":[{"embeddable":true,"href":"https:\/\/wp.ufpel.edu.br\/petconservacaoerestauro\/wp-json\/wp\/v2\/users\/864"}],"replies":[{"embeddable":true,"href":"https:\/\/wp.ufpel.edu.br\/petconservacaoerestauro\/wp-json\/wp\/v2\/comments?post=135"}],"version-history":[{"count":2,"href":"https:\/\/wp.ufpel.edu.br\/petconservacaoerestauro\/wp-json\/wp\/v2\/pages\/135\/revisions"}],"predecessor-version":[{"id":142,"href":"https:\/\/wp.ufpel.edu.br\/petconservacaoerestauro\/wp-json\/wp\/v2\/pages\/135\/revisions\/142"}],"wp:attachment":[{"href":"https:\/\/wp.ufpel.edu.br\/petconservacaoerestauro\/wp-json\/wp\/v2\/media?parent=135"}],"curies":[{"name":"wp","href":"https:\/\/api.w.org\/{rel}","templated":true}]}}