{"id":13,"date":"2023-10-11T21:34:05","date_gmt":"2023-10-12T00:34:05","guid":{"rendered":"https:\/\/wp.ufpel.edu.br\/petconservacaoerestauro\/?page_id=13"},"modified":"2025-12-16T18:51:23","modified_gmt":"2025-12-16T21:51:23","slug":"volumes","status":"publish","type":"page","link":"https:\/\/wp.ufpel.edu.br\/petconservacaoerestauro\/boletim\/volumes\/","title":{"rendered":"Edi\u00e7\u00f5es Anteriores"},"content":{"rendered":"<p>Aqui voc\u00ea ir\u00e1 encontrar todos os volumes j\u00e1 publicados do Boletim PET Conserva\u00e7\u00e3o e Restauro:<\/p>\n<p><a href=\"https:\/\/wp.ufpel.edu.br\/petconservacaoerestauro\/files\/2025\/12\/BOLETIM-PET-CR_2025.pdf\">Boletim PET Conserva\u00e7\u00e3o e Restauro Vol. 20<\/a><\/p>\n<p><a href=\"https:\/\/wp.ufpel.edu.br\/petconservacaoerestauro\/files\/2024\/12\/Boletim-PET-CR-19-ed.pdf\">Boletim PET Conserva\u00e7\u00e3o e Restauro Vol. 19<\/a><\/p>\n<p><a href=\"https:\/\/wp.ufpel.edu.br\/petconservacaoerestauro\/files\/2024\/10\/Boletim-Vol.18.pdf\">Boletim PET Conserva\u00e7\u00e3o e Restauro Vol. 18<\/a><\/p>\n<p><a href=\"https:\/\/wp.ufpel.edu.br\/petconservacaoerestauro\/files\/2024\/10\/Boletim-PET-CR-Vol.-17.pdf\">Boletim PET Conserva\u00e7\u00e3o e Restauro Vol. 17<\/a><\/p>\n<p><a href=\"https:\/\/wp.ufpel.edu.br\/petconservacaoerestauro\/files\/2024\/10\/Boletim-PET-CR-Vol.-16.pdf\">Boletim PET Conserva\u00e7\u00e3o e Restauro Vol. 16<\/a><\/p>\n<p><a href=\"https:\/\/wp.ufpel.edu.br\/petconservacaoerestauro\/files\/2024\/10\/Boletim-PET-CR-Vol.-15.pdf\">Boletim PET Conserva\u00e7\u00e3o e Restauro Vol.15<\/a><\/p>\n<p><a href=\"https:\/\/wp.ufpel.edu.br\/petconservacaoerestauro\/files\/2024\/10\/Boletim-PET-CR-Vol.14.pdf\">Boletim PET Conserva\u00e7\u00e3o e Restauro Vol.14<\/a><\/p>\n<p><a href=\"https:\/\/wp.ufpel.edu.br\/petconservacaoerestauro\/files\/2024\/10\/Boletim-PET-CR-Vol.-13-editado.pdf\">Boletim PET Conserva\u00e7\u00e3o e Restauro Vol.13<\/a><\/p>\n<p><a href=\"https:\/\/wp.ufpel.edu.br\/petconservacaoerestauro\/files\/2024\/10\/Boletim-PET-CR-Vol.-12-editado.pdf\">Boletim PET Conserva\u00e7\u00e3o e Restauro Vol.12<\/a><\/p>\n<p><a href=\"https:\/\/wp.ufpel.edu.br\/petconservacaoerestauro\/files\/2024\/10\/Boletim-PET-CR-Vol.11.pdf\">Boletim PET Conserva\u00e7\u00e3o e Restauro Vol.11<\/a><\/p>\n<p>&nbsp;<\/p>\n<p>Formato anterior:<\/p>\n<p><a href=\"https:\/\/wp.ufpel.edu.br\/petconservacaoerestauro\/files\/2023\/10\/Boletim-PET-CR-Vol.-10.pdf\">Boletim PET-CR Vol. 10<\/a><\/p>\n<p><a href=\"https:\/\/wp.ufpel.edu.br\/petconservacaoerestauro\/files\/2023\/10\/Boletim-PET-CR-Vol.-9.pdf\">Boletim PET-CR Vol. 9<\/a><\/p>\n<p><a href=\"https:\/\/wp.ufpel.edu.br\/petconservacaoerestauro\/files\/2023\/10\/Boletim-PET-CR-Vol.-8.pdf\">Boletim PET-CR Vol. 8<\/a><\/p>\n<p><a href=\"https:\/\/wp.ufpel.edu.br\/petconservacaoerestauro\/files\/2023\/10\/Boletim-PET-CR-Vol.-7.pdf\">Boletim PET-CR Vol. 7<\/a><\/p>\n<p><a href=\"https:\/\/wp.ufpel.edu.br\/petconservacaoerestauro\/files\/2023\/10\/Boletim-PET-CR-Vol.-6.pdf\">Boletim PET-CR Vol. 6<\/a><\/p>\n<p><a href=\"https:\/\/wp.ufpel.edu.br\/petconservacaoerestauro\/files\/2023\/10\/Boletim-PET-CR-Vol.-5.pdf\">Boletim PET-CR Vol. 5<\/a><\/p>\n<p><a href=\"https:\/\/wp.ufpel.edu.br\/petconservacaoerestauro\/files\/2023\/10\/Boletim-PET-CR-Vol.-4.pdf\">Boletim PET-CR Vol. 4<\/a><\/p>\n<p><a href=\"https:\/\/wp.ufpel.edu.br\/petconservacaoerestauro\/files\/2023\/10\/Boletim-PET-CR-Vol.-3.pdf\">Boletim PET-CR Vol. 3<\/a><\/p>\n<p><a href=\"https:\/\/wp.ufpel.edu.br\/petconservacaoerestauro\/files\/2023\/10\/Boletim-PET-CR-Vol.-2.pdf\">Boletim PET-CR Vol. 2<\/a><\/p>\n<p><a href=\"https:\/\/wp.ufpel.edu.br\/petconservacaoerestauro\/files\/2023\/10\/Boletim-PET-CR-Vol.-1.pdf\">Boletim PET-CR Vol. 1<\/a><\/p>\n","protected":false},"excerpt":{"rendered":"<p>Aqui voc\u00ea ir\u00e1 encontrar todos os volumes j\u00e1 publicados do Boletim PET Conserva\u00e7\u00e3o e Restauro: Boletim PET Conserva\u00e7\u00e3o e Restauro Vol. 20 Boletim PET Conserva\u00e7\u00e3o e Restauro Vol. 19 Boletim PET Conserva\u00e7\u00e3o e Restauro Vol. 18 Boletim PET Conserva\u00e7\u00e3o e Restauro Vol. 17 Boletim PET Conserva\u00e7\u00e3o e Restauro Vol. 16 Boletim PET Conserva\u00e7\u00e3o e Restauro [&hellip;]<\/p>\n","protected":false},"author":864,"featured_media":0,"parent":2,"menu_order":0,"comment_status":"closed","ping_status":"closed","template":"","meta":{"footnotes":""},"class_list":["post-13","page","type-page","status-publish","hentry"],"_links":{"self":[{"href":"https:\/\/wp.ufpel.edu.br\/petconservacaoerestauro\/wp-json\/wp\/v2\/pages\/13","targetHints":{"allow":["GET"]}}],"collection":[{"href":"https:\/\/wp.ufpel.edu.br\/petconservacaoerestauro\/wp-json\/wp\/v2\/pages"}],"about":[{"href":"https:\/\/wp.ufpel.edu.br\/petconservacaoerestauro\/wp-json\/wp\/v2\/types\/page"}],"author":[{"embeddable":true,"href":"https:\/\/wp.ufpel.edu.br\/petconservacaoerestauro\/wp-json\/wp\/v2\/users\/864"}],"replies":[{"embeddable":true,"href":"https:\/\/wp.ufpel.edu.br\/petconservacaoerestauro\/wp-json\/wp\/v2\/comments?post=13"}],"version-history":[{"count":3,"href":"https:\/\/wp.ufpel.edu.br\/petconservacaoerestauro\/wp-json\/wp\/v2\/pages\/13\/revisions"}],"predecessor-version":[{"id":650,"href":"https:\/\/wp.ufpel.edu.br\/petconservacaoerestauro\/wp-json\/wp\/v2\/pages\/13\/revisions\/650"}],"up":[{"embeddable":true,"href":"https:\/\/wp.ufpel.edu.br\/petconservacaoerestauro\/wp-json\/wp\/v2\/pages\/2"}],"wp:attachment":[{"href":"https:\/\/wp.ufpel.edu.br\/petconservacaoerestauro\/wp-json\/wp\/v2\/media?parent=13"}],"curies":[{"name":"wp","href":"https:\/\/api.w.org\/{rel}","templated":true}]}}