{"id":106,"date":"2023-10-12T15:43:30","date_gmt":"2023-10-12T18:43:30","guid":{"rendered":"https:\/\/wp.ufpel.edu.br\/petconservacaoerestauro\/?page_id=106"},"modified":"2025-11-19T16:28:16","modified_gmt":"2025-11-19T19:28:16","slug":"patianos-egressos","status":"publish","type":"page","link":"https:\/\/wp.ufpel.edu.br\/petconservacaoerestauro\/sobre\/patianos-egressos\/","title":{"rendered":"Petianos Egressos"},"content":{"rendered":"<h2><span style=\"font-size: 12pt;\">69 &#8211; Ana Beatriz Moreira de Lima<\/span><\/h2>\n<h2><span style=\"font-size: 12pt;\">68 &#8211; D\u00e9bora da Silva Oliveira<\/span><\/h2>\n<h2><span style=\"font-size: 12pt;\">67 &#8211; Ant\u00f4nio Ramos de Santana Neto<\/span><\/h2>\n<h2><span style=\"font-size: 12pt;\">66 &#8211;\u00a0Camila Borges Coelho<\/span><\/h2>\n<h2><span style=\"font-size: 12pt;\">65 &#8211; Andreia Salvadori<\/span><\/h2>\n<h2><span style=\"font-size: 12pt;\">64 &#8211; Alessandra Samara Bernardino dos Santos\u00a0<\/span><\/h2>\n<h2><span style=\"font-size: 12pt;\">63 &#8211; Joyce Freitas Sousa<\/span><\/h2>\n<h2><span style=\"font-size: 12pt;\">62 &#8211; Lu\u00edza da Silva Couto<\/span><\/h2>\n<h2><span style=\"font-size: 12pt;\">61 &#8211; Clarissa Martins <strong>Neutzling<\/strong><\/span><\/h2>\n<h2><span class=\"wixui-rich-text__text\" style=\"font-size: 12pt;\">60 &#8211; Nat\u00e1lia Corr\u00eaa Couto<\/span><\/h2>\n<h2><span class=\"wixui-rich-text__text\" style=\"font-size: 12pt;\">59 &#8211; M\u00e1rcio Damaceno<\/span><\/h2>\n<h2><span class=\"wixui-rich-text__text\" style=\"font-size: 12pt;\">58 &#8211; Hugo Luiz Barreto da Silva<\/span><\/h2>\n<h2><span class=\"wixui-rich-text__text\" style=\"font-size: 12pt;\">57 &#8211; Maria Yasmin Barbosa Ara\u00fajo<\/span><\/h2>\n<h2><span class=\"wixui-rich-text__text\" style=\"font-size: 12pt;\">56 &#8211; Clara Ribeiro do Vale Teixeira<\/span><\/h2>\n<h2><span class=\"wixui-rich-text__text\" style=\"font-size: 12pt;\">55 &#8211; Renata Almeida Teles<\/span><\/h2>\n<h2><span class=\"wixui-rich-text__text\" style=\"font-size: 12pt;\">54 &#8211; Sophia Bettini Gomes<\/span><\/h2>\n<h2><span class=\"wixui-rich-text__text\" style=\"font-size: 12pt;\">53 &#8211; Ana Ortega de Freitas<\/span><\/h2>\n<h2><span class=\"wixui-rich-text__text\" style=\"font-size: 12pt;\">52 &#8211; Andr\u00e9 Alexandre Gasperi<\/span><\/h2>\n<h2><span class=\"wixui-rich-text__text\" style=\"font-size: 12pt;\">52 &#8211; Jullieinny Machado Sedrez<\/span><\/h2>\n<h2><span class=\"wixui-rich-text__text\" style=\"font-size: 12pt;\">51 &#8211; Ana Carolina Fernandes da Silva<\/span><\/h2>\n<h2><span class=\"wixui-rich-text__text\" style=\"font-size: 12pt;\">50 &#8211; Nat\u00e1lia Correa Soares<\/span><\/h2>\n<h2><span class=\"wixui-rich-text__text\" style=\"font-size: 12pt;\">49 &#8211; Let\u00edcia Quintana Lopes<\/span><\/h2>\n<h2><span class=\"wixui-rich-text__text\" style=\"font-size: 12pt;\">48 &#8211; Bruna Cristina Gentil<\/span><\/h2>\n<h2><span class=\"wixui-rich-text__text\" style=\"font-size: 12pt;\">47 &#8211; Katya de Lara<\/span><\/h2>\n<h2><span class=\"wixui-rich-text__text\" style=\"font-size: 12pt;\">46 &#8211; Lupehuara da C. Gomes<\/span><\/h2>\n<h2><span class=\"wixui-rich-text__text\" style=\"font-size: 12pt;\">45 &#8211; Tatiani Alves Rodrigues de Abreu<\/span><\/h2>\n<h2><span class=\"wixui-rich-text__text\" style=\"font-size: 12pt;\">44 &#8211;\u00a0P\u00e9trya Bri\u00e3o Bischoff<\/span><\/h2>\n<h2><span class=\"wixui-rich-text__text\" style=\"font-size: 12pt;\">43 &#8211; Carolina Let\u00edcia Nagata<\/span><\/h2>\n<h2><span class=\"wixui-rich-text__text\" style=\"font-size: 12pt;\">42 &#8211; Milene Sequeira<\/span><\/h2>\n<h2><span class=\"wixui-rich-text__text\" style=\"font-size: 12pt;\">41 &#8211; Caroline Megier Meller<\/span><\/h2>\n<h2><span class=\"wixui-rich-text__text\" style=\"font-size: 12pt;\">40 &#8211; C\u00edcero Thiago Baltazar<\/span><\/h2>\n<h2><span class=\"wixui-rich-text__text\" style=\"font-size: 12pt;\">39 &#8211; Marina Rodrigues da Silva Alves\u00a0<\/span><\/h2>\n<h2><span class=\"wixui-rich-text__text\" style=\"font-size: 12pt;\">38 &#8211; Mariana Gomes\u00a0<\/span><\/h2>\n<h2><span class=\"wixui-rich-text__text\" style=\"font-size: 12pt;\">37 &#8211; Sandra Cedrez Amacedo Oliveira<\/span><\/h2>\n<h2 class=\"font_5 wixui-rich-text__text\"><span class=\"wixui-rich-text__text\" style=\"font-size: 12pt;\">36<span class=\"inherit-font-size wixui-rich-text__text\">\u00a0<\/span>&#8211;\u00a0Elisa Elias Cabete<\/span><\/h2>\n<h2 class=\"font_5 wixui-rich-text__text\"><span class=\"wixui-rich-text__text\" style=\"font-size: 12pt;\">35 &#8211; Zarlete Beatriz Machado W\u00fcrdig\u00a0<\/span><\/h2>\n<h2 class=\"font_5 wixui-rich-text__text\"><span class=\"wixui-rich-text__text\" style=\"font-size: 12pt;\">34 &#8211;\u00a0N\u00edkolas Teodoro Moura\u00a0<\/span><\/h2>\n<h2 class=\"font_5 wixui-rich-text__text\"><span class=\"wixui-rich-text__text\" style=\"font-size: 12pt;\">33 &#8211; Ana Carolina Brito<\/span><\/h2>\n<h2 class=\"font_5 wixui-rich-text__text\"><span class=\"wixui-rich-text__text\" style=\"font-size: 12pt;\">32 &#8211; Francielle Rosa\u00a0<\/span><\/h2>\n<h2 class=\"font_5 wixui-rich-text__text\"><span class=\"wixui-rich-text__text\" style=\"font-size: 12pt;\">31 &#8211; Adriane Tejado\u00a0<\/span><\/h2>\n<h2 class=\"font_5 wixui-rich-text__text\"><span class=\"wixui-rich-text__text\" style=\"font-size: 12pt;\">30 &#8211; Larissa Fonseca\u00a0<\/span><\/h2>\n<h2 class=\"font_5 wixui-rich-text__text\"><span class=\"wixui-rich-text__text\" style=\"font-size: 12pt;\">29 &#8211; Rafael Nolasco\u00a0<\/span><\/h2>\n<h2 class=\"font_5 wixui-rich-text__text\"><span class=\"wixui-rich-text__text\" style=\"font-size: 12pt;\">28 &#8211; B\u00e1rbara Moraes\u00a0<\/span><\/h2>\n<h2 class=\"font_5 wixui-rich-text__text\"><span class=\"wixui-rich-text__text\" style=\"font-size: 12pt;\">27 &#8211; Simone Bittercourt<\/span><\/h2>\n<h2 class=\"font_5 wixui-rich-text__text\"><span class=\"wixui-rich-text__text\" style=\"font-size: 12pt;\">26 &#8211; Ot\u00e1vio Oliveira\u00a0<\/span><\/h2>\n<h2 class=\"font_5 wixui-rich-text__text\"><span class=\"wixui-rich-text__text\" style=\"font-size: 12pt;\">25 &#8211; Andr\u00e9 Luis Moragno\u00a0<\/span><\/h2>\n<h2 class=\"font_5 wixui-rich-text__text\"><span class=\"wixui-rich-text__text\" style=\"font-size: 12pt;\">24 &#8211; Milena Missai<\/span><\/h2>\n<h2 class=\"font_5 wixui-rich-text__text\"><span class=\"wixui-rich-text__text\" style=\"font-size: 12pt;\">23 &#8211; Eloisa do Carmo\u00a0<\/span><\/h2>\n<h2 class=\"font_5 wixui-rich-text__text\"><span class=\"wixui-rich-text__text\" style=\"font-size: 12pt;\">22 &#8211; Claudia Cavalho<\/span><\/h2>\n<h2 class=\"font_5 wixui-rich-text__text\"><span class=\"wixui-rich-text__text\" style=\"font-size: 12pt;\">21 &#8211; Ana Carolina Kohn<\/span><\/h2>\n<h2 class=\"font_5 wixui-rich-text__text\"><span class=\"wixui-rich-text__text\" style=\"font-size: 12pt;\">20 &#8211; Juliana Rodrighiero\u00a0<\/span><\/h2>\n<h2 class=\"font_5 wixui-rich-text__text\"><span class=\"wixui-rich-text__text\" style=\"font-size: 12pt;\">19 &#8211; Pamela Pereira\u00a0<\/span><\/h2>\n<h2 class=\"font_5 wixui-rich-text__text\"><span class=\"wixui-rich-text__text\" style=\"font-size: 12pt;\">18 &#8211; Mirella Moraes\u00a0<\/span><\/h2>\n<h2 class=\"font_5 wixui-rich-text__text\"><span class=\"wixui-rich-text__text\" style=\"font-size: 12pt;\">17 &#8211; Tarsila Rizzi\u00a0<\/span><\/h2>\n<h2 class=\"font_5 wixui-rich-text__text\"><span class=\"wixui-rich-text__text\" style=\"font-size: 12pt;\">16 &#8211; Eduardo Ara\u00fajo\u00a0<\/span><\/h2>\n<h2 class=\"font_5 wixui-rich-text__text\"><span class=\"wixui-rich-text__text\" style=\"font-size: 12pt;\">15 &#8211; Pricilla Pinheiro\u00a0<\/span><\/h2>\n<h2 class=\"font_5 wixui-rich-text__text\"><span class=\"wixui-rich-text__text\" style=\"font-size: 12pt;\">14 &#8211; Jiaro Kaster\u00a0<\/span><\/h2>\n<h2 class=\"font_5 wixui-rich-text__text\"><span class=\"wixui-rich-text__text\" style=\"font-size: 12pt;\">13 &#8211; Cristine Rodrigues\u00a0<\/span><\/h2>\n<h2 class=\"font_5 wixui-rich-text__text\"><span class=\"wixui-rich-text__text\" style=\"font-size: 12pt;\">12 &#8211; J\u00faliana Cavallieri<\/span><\/h2>\n<h2 class=\"font_5 wixui-rich-text__text\"><span class=\"wixui-rich-text__text\" style=\"font-size: 12pt;\">11 &#8211; Adriano Konradt\u00a0<\/span><\/h2>\n<h2 class=\"font_5 wixui-rich-text__text\"><span class=\"wixui-rich-text__text\" style=\"font-size: 12pt;\">10 &#8211; Joana Brakling\u00a0<\/span><\/h2>\n<h2 class=\"font_5 wixui-rich-text__text\"><span class=\"wixui-rich-text__text\" style=\"font-size: 12pt;\">9 &#8211; Martha Possapo<\/span><\/h2>\n<h2 class=\"font_5 wixui-rich-text__text\"><span class=\"wixui-rich-text__text\" style=\"font-size: 12pt;\">8 &#8211; Ra\u00edssa Gar\u00e1\u00a0<\/span><\/h2>\n<h2 class=\"font_5 wixui-rich-text__text\"><span class=\"wixui-rich-text__text\" style=\"font-size: 12pt;\">7 &#8211; Mariana Isquierdo\u00a0<\/span><\/h2>\n<h2 class=\"font_5 wixui-rich-text__text\"><span class=\"wixui-rich-text__text\" style=\"font-size: 12pt;\">6 &#8211; Suelen Neubert\u00a0<\/span><\/h2>\n<h2 class=\"font_5 wixui-rich-text__text\"><span class=\"wixui-rich-text__text\" style=\"font-size: 12pt;\">5 &#8211; Juliana Ca\u00e7ais\u00a0<\/span><\/h2>\n<h2 class=\"font_5 wixui-rich-text__text\"><span class=\"wixui-rich-text__text\" style=\"font-size: 12pt;\">4 &#8211; Caroline Peixoto<\/span><\/h2>\n<h2 class=\"font_5 wixui-rich-text__text\"><span class=\"wixui-rich-text__text\" style=\"font-size: 12pt;\">3 &#8211; Claudia Nogueira\u00a0<\/span><\/h2>\n<h2 class=\"font_5 wixui-rich-text__text\"><span class=\"wixui-rich-text__text\" style=\"font-size: 12pt;\">2 &#8211; Bianca Gon\u00e7alves\u00a0<\/span><\/h2>\n<h2 class=\"font_5 wixui-rich-text__text\"><span class=\"wixui-rich-text__text\" style=\"font-size: 12pt;\">1 &#8211; Bruna Lobato<\/span><\/h2>\n","protected":false},"excerpt":{"rendered":"<p>69 &#8211; Ana Beatriz Moreira de Lima 68 &#8211; D\u00e9bora da Silva Oliveira 67 &#8211; Ant\u00f4nio Ramos de Santana Neto 66 &#8211;\u00a0Camila Borges Coelho 65 &#8211; Andreia Salvadori 64 &#8211; Alessandra Samara Bernardino dos Santos\u00a0 63 &#8211; Joyce Freitas Sousa 62 &#8211; Lu\u00edza da Silva Couto 61 &#8211; Clarissa Martins Neutzling 60 &#8211; Nat\u00e1lia Corr\u00eaa [&hellip;]<\/p>\n","protected":false},"author":864,"featured_media":0,"parent":77,"menu_order":0,"comment_status":"closed","ping_status":"closed","template":"","meta":{"footnotes":""},"class_list":["post-106","page","type-page","status-publish","hentry"],"_links":{"self":[{"href":"https:\/\/wp.ufpel.edu.br\/petconservacaoerestauro\/wp-json\/wp\/v2\/pages\/106","targetHints":{"allow":["GET"]}}],"collection":[{"href":"https:\/\/wp.ufpel.edu.br\/petconservacaoerestauro\/wp-json\/wp\/v2\/pages"}],"about":[{"href":"https:\/\/wp.ufpel.edu.br\/petconservacaoerestauro\/wp-json\/wp\/v2\/types\/page"}],"author":[{"embeddable":true,"href":"https:\/\/wp.ufpel.edu.br\/petconservacaoerestauro\/wp-json\/wp\/v2\/users\/864"}],"replies":[{"embeddable":true,"href":"https:\/\/wp.ufpel.edu.br\/petconservacaoerestauro\/wp-json\/wp\/v2\/comments?post=106"}],"version-history":[{"count":3,"href":"https:\/\/wp.ufpel.edu.br\/petconservacaoerestauro\/wp-json\/wp\/v2\/pages\/106\/revisions"}],"predecessor-version":[{"id":636,"href":"https:\/\/wp.ufpel.edu.br\/petconservacaoerestauro\/wp-json\/wp\/v2\/pages\/106\/revisions\/636"}],"up":[{"embeddable":true,"href":"https:\/\/wp.ufpel.edu.br\/petconservacaoerestauro\/wp-json\/wp\/v2\/pages\/77"}],"wp:attachment":[{"href":"https:\/\/wp.ufpel.edu.br\/petconservacaoerestauro\/wp-json\/wp\/v2\/media?parent=106"}],"curies":[{"name":"wp","href":"https:\/\/api.w.org\/{rel}","templated":true}]}}