{"id":490,"date":"2019-01-17T14:08:31","date_gmt":"2019-01-17T16:08:31","guid":{"rendered":"https:\/\/wp.ufpel.edu.br\/petcomp\/?page_id=490"},"modified":"2023-11-02T15:34:05","modified_gmt":"2023-11-02T18:34:05","slug":"relatorio","status":"publish","type":"page","link":"https:\/\/wp.ufpel.edu.br\/petcomp\/relatorio\/","title":{"rendered":"Relat\u00f3rio"},"content":{"rendered":"<div id=\"pl-490\"  class=\"panel-layout\" ><div id=\"pg-490-0\"  class=\"panel-grid panel-no-style\" ><div id=\"pgc-490-0-0\"  class=\"panel-grid-cell\" ><div id=\"panel-490-0-0-0\" class=\"widget_text so-panel widget widget_custom_html panel-first-child panel-last-child\" data-index=\"0\" ><div class=\"textwidget custom-html-widget\"><script>\n  window.onload = () => {\n\t\/\/est\u00e1 p\u00e1gina \u00e9 apenas um direconamento para outra p\u00e1gina. Quando o link do pdf do relat\u00f3rio mudar, mude aqui abaixo.\n \u00a0 \u00a0 location.href = \"https:\/\/wp.ufpel.edu.br\/petcomp\/files\/2023\/06\/Relatorio-2022.pdf\";\n  }\n<\/script>\n\n<style>\n\t#masthead {\n\t\tdisplay: none;\n\t}\n\n\t#colophon {\n\t\tdisplay: none;\n\t}\n\n\tbody,\n\t#main,\n\t#page-wrapper {\n\t\tmin-height: 100vh;\n\t}\n\n<\/style><\/div><\/div><\/div><\/div><\/div>","protected":false},"excerpt":{"rendered":"","protected":false},"author":829,"featured_media":0,"parent":0,"menu_order":0,"comment_status":"closed","ping_status":"closed","template":"","meta":{"footnotes":""},"class_list":["post-490","page","type-page","status-publish","hentry","post"],"jetpack_sharing_enabled":true,"_links":{"self":[{"href":"https:\/\/wp.ufpel.edu.br\/petcomp\/wp-json\/wp\/v2\/pages\/490","targetHints":{"allow":["GET"]}}],"collection":[{"href":"https:\/\/wp.ufpel.edu.br\/petcomp\/wp-json\/wp\/v2\/pages"}],"about":[{"href":"https:\/\/wp.ufpel.edu.br\/petcomp\/wp-json\/wp\/v2\/types\/page"}],"author":[{"embeddable":true,"href":"https:\/\/wp.ufpel.edu.br\/petcomp\/wp-json\/wp\/v2\/users\/829"}],"replies":[{"embeddable":true,"href":"https:\/\/wp.ufpel.edu.br\/petcomp\/wp-json\/wp\/v2\/comments?post=490"}],"version-history":[{"count":10,"href":"https:\/\/wp.ufpel.edu.br\/petcomp\/wp-json\/wp\/v2\/pages\/490\/revisions"}],"predecessor-version":[{"id":1724,"href":"https:\/\/wp.ufpel.edu.br\/petcomp\/wp-json\/wp\/v2\/pages\/490\/revisions\/1724"}],"wp:attachment":[{"href":"https:\/\/wp.ufpel.edu.br\/petcomp\/wp-json\/wp\/v2\/media?parent=490"}],"curies":[{"name":"wp","href":"https:\/\/api.w.org\/{rel}","templated":true}]}}