{"id":1899,"date":"2025-02-26T16:00:36","date_gmt":"2025-02-26T19:00:36","guid":{"rendered":"https:\/\/wp.ufpel.edu.br\/petcomp\/?page_id=1899"},"modified":"2025-04-23T16:09:45","modified_gmt":"2025-04-23T19:09:45","slug":"unapi","status":"publish","type":"page","link":"https:\/\/wp.ufpel.edu.br\/petcomp\/unapi\/","title":{"rendered":"Unapi"},"content":{"rendered":"<div id=\"pl-1899\"  class=\"panel-layout\" ><div id=\"pg-1899-0\"  class=\"panel-grid panel-no-style\" ><div id=\"pgc-1899-0-0\"  class=\"panel-grid-cell\" ><div id=\"panel-1899-0-0-0\" class=\"widget_text so-panel widget widget_custom_html panel-first-child panel-last-child\" data-index=\"0\" ><div class=\"textwidget custom-html-widget\"><style>\n\t@import url('https:\/\/fonts.googleapis.com\/css2?family=Open+Sans:ital,wght@0,300;0,400;0,500;0,600;0,800;1,300;1,400;1,600;1,700;1,800&display=swap');\n\n\t* {\n\t\tmargin: 0;\n\t\tpadding: 0;\n\t\tbox-sizing: border-box;\n\t\ttext-decoration: none;\n\t\tlist-style: none;\n\t}\n\n\t#masthead {\n\t\tdisplay: none;\n\t}\n\n\t#main {\n\t\tpadding: 0;\n\t}\n\n\t.full-container {\n\t\tmargin-left: 0 !important;\n\t\tmargin-right: 0 !important;\n\t\twidth: 100% !important;\n\t\tmax-width: 100% !important;\n\t}\n\n\t#colophon {\n\t\tbackground-color: #6526B6;\n\t\tmin-height: 230px;\n\t}\n\n\tarticle.post .entry-header,\n\tarticle.page .entry-header {\n\t\tmargin: 0;\n\t}\n\n\tbody,\n\t#main,\n\t#page-wrapper {\n\t\tmin-height: calc(100vh - 230px);\n\t}\n\n\t.entry-content h1,\n\t.entry-content p,\n\t.entry-content ul li {\n\t\tmargin: 0;\n\t}\n\n\t.widget iframe,\n\t.entry-content iframe {\n\t\tmax-width: 373px;\n\t}\n\n\t.fluid-width-video-wrapper iframe {\n\t\tposition: static;\n\t}\n\n\t.fluid-width-video-wrapper {\n\t\tpadding: 0 !important;\n\t}\n\n\tbody {\n\t\tfont-family: 'Open Sans', sans-serif !important;\n\t\tbackground-color: #FCF9FE !important;\n\t}\n\n\t.logosInicio {\n\t\tdisplay: flex;\n\t\tjustify-content: center;\n\t\tgap: 5%;\n\t\tmargin-bottom: 5%;\n\t}\n\n\t.logosInicio img {\n\t\theight: 220px;\n\t\twidth: auto;\n\t}\n\n\t.container {\n\t\tdisplay: flex;\n\t\tjustify-content: center;\n\t\tflex-direction: column;\n\t\tgap: 24px;\n\t\tmargin-bottom: 5%;\n\t\tpadding: 0 5%;\n\t}\n\n\t.container h1 {\n\t\ttext-align: center;\n\t\tcolor: #6526B6;\n\t\tfont-size: xx-large;\n\t\tfont-weight: 600;\n\t}\n\n\t.container p {\n\t\ttext-align: justify;\n\t\tcolor: #444255;\n\t\tfont-weight: 500;\n\t\tfont-size: medium;\n\t}\n\t\n\t.container ul {\n\t\ttext-align: justify;\n\t\tcolor: #444255;\n\t\tfont-weight: 500;\n\t\tfont-size: medium;\n\t}\n\n\t.section-projects {\n\t\tdisplay: flex;\n\t\tpadding: 0 5%;\n\t\tjustify-content: center;\n\t\tflex-wrap: wrap;\n\t\tgap: 24px;\n\t\tmargin-bottom: 5%;\n\t}\n\n\t.project-card {\n\t\tbox-shadow: 2px 2px 4px rgba(0, 0, 0, 0.5);\n\t\tborder: 2px solid #6526B6;\n\t\twidth: 320px;\n\t\tgap: 12px;\n\t\tjustify-content: space-between;\n\t\tdisplay: flex;\n\t\tflex-direction: column;\n\t\talign-items: center;\n\t\tborder-radius: 16px;\n\t\tpadding: 12px;\n\t}\n\n\t.project-card h1 {\n\t\ttext-align: center;\n\t\tcolor: #6526B6;\n\t\tfont-size: xx-large;\n\t\tfont-weight: 600;\n\t}\n\n\t.project-card button {\n\t\tborder: none;\n\t\tcolor: #fff;\n\t\tdisplay: flex;\n\t\twidth: 100%;\n\t\tborder-radius: 12px;\n\t\tpadding: 0;\n\t}\n\n\t.project-card button a {\n\t\ttext-decoration: none;\n\t\tcolor: #fff;\n\t\tfont-weight: 500;\n\t\tfont-size: medium;\n\t\twidth: 100%;\n\t\tpadding: 8px 12px;\n\t\tbackground-color: #6526B6;\n\t\tborder-radius: 12px;\n\t}\n\n\t.noLinkPresenca {\n\t\tpointer-events: none;\n\t\tcursor: default;\n\t\tbackground-color: rgba(101, 38, 182, 0.5) !important;\n\t}\n\n\t.project-card button a:hover {\n\t\tbackground-color: rgba(101, 38, 182, 0.8);\n\t}\n\n\t.entry-content a:hover {\n\t\tcolor: #fff;\n\t}\n\t\n\t.carousel {\n\t\tposition: relative;\n\t\twidth: 100%;\n\t\theight: 300px;\n\t\toverflow: hidden;\n\t}\n\n\t.carousel .carousel-item {\n\t\tposition: absolute;\n\t\twidth: 30%;\n\t\theight: auto;\n\t\tobject-fit: contain;\n\t\tleft: 105%;\n\t\topacity: 0;\n\t\ttransition: all 1.5s ease-in-out;\n\t}\n\n\t.carousel .carousel-item.previous {\n\t\tleft: -35%;\n\t\topacity: 0;\n\t}\n\n\t.carousel .carousel-item.one {\n\t\tleft: 0;\n\t\topacity: 1;\n\t}\n\n\t.carousel .carousel-item.two {\n\t\tleft: 35%;\n\t\topacity: 1;\n\t}\n\n\t.carousel .carousel-item.three {\n\t\tleft: 70%;\n\t\topacity: 1;\n\t}\n\n\t@media screen and (max-width: 930px) {\n\t\t.section-home img {\n\t\t\tdisplay: none;\n\t\t}\n\t}\n<\/style>\n\n<body>\n\t<header class=\"header\">\n\t\t<img decoding=\"async\" src=\"https:\/\/wp.ufpel.edu.br\/petcomp\/files\/2025\/04\/PET-site-e1745434315359.png\" alt=\"\">\n\t\t<div id=\"menu-icon\">&#9776;<\/div>\n\t\t<ul id=\"menu\">\n\t\t\t<li class=\"active\"><a href=\"https:\/\/wp.ufpel.edu.br\/petcomp\/\">In\u00edcio<\/a><\/li>\n\t\t\t<li><a href=\"https:\/\/wp.ufpel.edu.br\/petcomp\/projetos\/\">Projetos<\/a><\/li>\n\t\t\t<li><a href=\"https:\/\/wp.ufpel.edu.br\/petcomp\/redes-sociais\/\">Redes Sociais<\/a><\/li>\n\t\t\t<li><a href=\"https:\/\/wp.ufpel.edu.br\/petcomp\/equipe\/\">Equipe<\/a><\/li>\n\t\t\t<li><a href=\"https:\/\/wp.ufpel.edu.br\/petcomp\/guia-do-aluno\/\" target=\"_blank\">Guia do Aluno<\/a><\/li>\n\t\t\t<li>\n\t\t\t\t<a href=\"#\">Outros<\/a>\n\t\t\t\t<ul>\n\t\t\t\t\t<li><a href=\"https:\/\/wp.ufpel.edu.br\/petcomp\/fotos\/\">Fotos<\/a><\/li>\n          <li><a href=\"https:\/\/wp.ufpel.edu.br\/petcomp\/planejamento\/\" target=\"_blank\">Planejamento<\/a><\/li>\n          <li><a href=\"https:\/\/wp.ufpel.edu.br\/petcomp\/relatorio\/\" target=\"_blank\">Relat\u00f3rio<\/a><\/li>\n\t\t\t\t<\/ul>\n\t\t\t<\/li>\n\t\t<\/ul>\n\t<\/header>\n\t\n\t<div class=\"logosInicio\">\n\t\t<img decoding=\"async\" src=\"https:\/\/wp.ufpel.edu.br\/petcomp\/files\/2025\/02\/unapi-logo-horizontal-e1740591881967.png\" alt=\"\">\n\t<\/div>\n\t\n\t<section class=\"container\">\n\t\t<h1> Objetivo <\/h1>\n\t\t<p>\n\t\t\tNo mundo cada vez mais digital, muitos idosos enfrentam dificuldades no uso de celulares e acesso \u00e0 internet, o que pode limitar sua independ\u00eancia e inclus\u00e3o social. Para enfrentar esse desafio, o grupo PET Computa\u00e7\u00e3o da Universidade Federal de Pelotas (UFPel), em parceria com a Universidade Aberta Para Idosos (UNAPI), desenvolveu um curso de inform\u00e1tica b\u00e1sica voltado a esse p\u00fablico.\n\t\t\tO curso visa capacitar idosos no uso de celulares, ajudando-os a navegar na internet, utilizar aplicativos essenciais e melhorar sua seguran\u00e7a digital. Dessa forma, busca-se aumentar a autonomia desse p\u00fablico no dia a dia.\n\t\t<\/p>\n\t<\/section>\n\t\n\t<section class=\"container\">\n\t\t<h1> Metodologia <\/h1>\n\t\t<p>\n\t\t\tO projeto teve in\u00edcio no ano de 2023 e foi estruturado com base na experi\u00eancia acad\u00eamica anterior com o projeto Inclus\u00e3o Digital e Diversidade na UFPel. As aulas foram desenvolvidas em formato pr\u00e1tico e abordaram temas como configura\u00e7\u00f5es b\u00e1sicas do Android, uso de e-mail e redes sociais, al\u00e9m de aplicativos de mobilidade. Foram organizadas duas turmas, e cada aula incluiu atividades pr\u00e1ticas e materiais impressos para refor\u00e7ar o aprendizado.\n\t\t<\/p>\n\t\t<p>\n\t\t\tAs aulas abordaram os seguintes conte\u00fados:\n\t\t<\/p>\n\t\t<ul>\n\t\t\t<li>Aula 1 - Configura\u00e7\u00f5es b\u00e1sicas do Android e ferramentas de acessibilidade;<\/li>\n\t\t\t<li>Aula 2 - Entendendo como funcionam as ferramentas de busca e e-mail;<\/li>\n\t\t\t<li>Aula 3 - Aplicativos b\u00e1sicos do celular (galeria, contatos e armazenamento);<\/li>\n\t\t\t<li>Aula 4 - Aplicativos de mobilidade e transporte p\u00fablico e privado;<\/li>\n\t\t\t<li>Aula 5 - Conhecendo as principais redes sociais e gerenciando suas contas nelas;<\/li>\n\t\t\t<li>Aula 6 - Aula extra para sanar d\u00favidas.<\/li>\n\t\t<\/ul>\n\t<\/section>\n\t\n\t<section class=\"container\">\n\t\t<h1>Impactos e Perspectivas<\/h1>\n\t\t<p>\n\t\t\tOs primeiros resultados mostraram melhora no aprendizado e aumento da confian\u00e7a dos participantes no uso do celular. Al\u00e9m disso, muitos alunos destacaram o interesse em aprender mais sobre seguran\u00e7a digital e aplicativos de transporte. Com o sucesso inicial, a expectativa \u00e9 que o curso seja aprimorado e expandido para atender um p\u00fablico ainda maior no futuro. Este projeto \u00e9 um exemplo de como a tecnologia pode ser utilizada para promover inclus\u00e3o e qualidade de vida, garantindo que mais pessoas possam usufruir dos benef\u00edcios do mundo digital.\n\t\t<\/p>\n\t<\/section>\n\n\t<section class=\"container\">\n\t\t<p>\n\t\t\tConfira abaixo o material ministrado em cada aula:\n\t\t<\/p>\n\t\n\t\t<section class=\"section-projects\">\n\t\t\t<section class=\"project-card\">\n\t\t\t\t<h1>Aula 1<\/h1>\n\t\t\t\t<button>\n\t\t\t\t\t<a href=\"https:\/\/wp.ufpel.edu.br\/petcomp\/files\/2025\/02\/Aula-1.pdf\" rel=\"noopener\" target=\"_blank\">\n\t\t\t\t\t\tSaiba mais\n\t\t\t\t\t<\/a>\n\t\t\t\t<\/button>\n\t\t\t<\/section>\n\n\t\t\t<section class=\"project-card\">\n\t\t\t\t<h1>Aula 2<\/h1>\n\t\t\t\t<button>\n\t\t\t\t\t<a href=\"https:\/\/wp.ufpel.edu.br\/petcomp\/files\/2025\/02\/Aula-2.pdf\" rel=\"noopener\" target=\"_blank\">\n\t\t\t\t\t\tSaiba mais\n\t\t\t\t\t<\/a>\n\t\t\t\t<\/button>\n\t\t\t<\/section>\n\n\t\t\t<section class=\"project-card\">\n\t\t\t\t<h1>Aula 3<\/h1>\n\t\t\t\t<button>\n\t\t\t\t\t<a href=\"https:\/\/wp.ufpel.edu.br\/petcomp\/files\/2025\/02\/Aula-3.pdf\" rel=\"noopener\" target=\"_blank\">\n\t\t\t\t\t\tSaiba mais\n\t\t\t\t\t<\/a>\n\t\t\t\t<\/button>\n\t\t\t<\/section>\n\n\t\t\t<section class=\"project-card\">\n\t\t\t\t<h1>Aula 4<\/h1>\n\t\t\t\t<button>\n\t\t\t\t\t<a href=\"https:\/\/wp.ufpel.edu.br\/petcomp\/files\/2025\/02\/Aula-4.pdf\" rel=\"noopener\" target=\"_blank\">\n\t\t\t\t\t\tSaiba Mais\n\t\t\t\t\t<\/a>\n\t\t\t\t<\/button>\n\t\t\t<\/section>\n\n\t\t\t<section class=\"project-card\">\n\t\t\t\t<h1>Aula 5<\/h1>\n\t\t\t\t<button>\n\t\t\t\t\t<a href=\"https:\/\/wp.ufpel.edu.br\/petcomp\/files\/2025\/02\/Aula-5.pdf\" rel=\"noopener\" target=\"_blank\">\n\t\t\t\t\t\tSaiba mais\n\t\t\t\t\t<\/a>\n\t\t\t\t<\/button>\n\t\t\t<\/section>\n\t\t<\/section>\t\n\t<\/section>\n\t\n\t<section class=\"container\">\n\t\t<h1> Galeria <\/h1>\n\n\t\t<div class=\"carousel\">\n\t\t\t<img decoding=\"async\" class=\"carousel-item\" src=\"https:\/\/wp.ufpel.edu.br\/petcomp\/files\/2025\/02\/unapi-foto-3.jpeg\" alt=\"\">\n\t\t\t<img decoding=\"async\" class=\"carousel-item\" src=\"https:\/\/wp.ufpel.edu.br\/petcomp\/files\/2025\/02\/unapi-foto-4-e1740598894568.jpeg\" alt=\"\">\n\t\t\t<img decoding=\"async\" class=\"carousel-item\" src=\"https:\/\/wp.ufpel.edu.br\/petcomp\/files\/2025\/02\/unapi-foto-2.jpeg\" alt=\"\">\n\t\t\t<img decoding=\"async\" class=\"carousel-item\" src=\"https:\/\/wp.ufpel.edu.br\/petcomp\/files\/2025\/02\/unapi-foto-1.jpeg\" alt=\"\">\n\t\t<\/div>\n\t<\/section>\n<\/body>\n\t\n<script>\n\tconst menuIcon = document.getElementById('menu-icon');\n\tconst menu = document.getElementById('menu');\n\tconst liksPresenca = document.querySelectorAll('.linkPresenca');\n\n\tliksPresenca.forEach((link) => {\n\t\tif (link.getAttribute('href') === '') {\n\t\t\tlink.classList.add('noLinkPresenca');\n\t\t}\n\t});\n\n\tmenuIcon.addEventListener('click', () => {\n\t\tif (menu.style.display === 'none' || menu.style.display === '') {\n\t\t\tmenu.style.display = 'flex';\n\t\t} else {\n\t\t\tmenu.style.display = 'none';\n\t\t}\n\t});\n\t\n\t\tfunction handleResize() {\n\t\tvar slides = document.querySelectorAll('.carousel-item')\n\t\tconst carousel = document.querySelector('.carousel');\n\t\tcarousel.style.height = slides[0].clientHeight + 'px';\n\t}\n\n\twindow.onload = function () {\n\t\thandleResize();\n\t\tvar slides = document.querySelectorAll('.carousel-item'),\n\t\t\tcurrentIndex = 0;\n\n\t\tfunction updateCarousel() {\n\n\t\t\tfor (var i = 0; i < slides.length; i++) {\n\t\t\t\tslides[i].classList.remove('previous', 'one', 'two', 'three');\n\t\t\t}\n\n\t\t\tslides[currentIndex].classList.add('one');\n\t\t\tslides[(currentIndex + 1) % slides.length].classList.add('two');\n\t\t\tslides[(currentIndex + 2) % slides.length].classList.add('three');\n\t\t\tslides[(currentIndex - 1 + slides.length) % slides.length].classList.add('previous');\n\t\t}\n\n\t\tsetInterval(function () {\n\t\t\tcurrentIndex = (currentIndex + 1) % slides.length;\n\t\t\tfor (var i = 0; i < slides.length; i++) {\n\t\t\t\tslides[i].classList.remove('three');\n\t\t\t}\n\t\t\tupdateCarousel();\n\t\t\thandleResize();\n\t\t}, 3000);\n\n\t\tupdateCarousel();\n\t}\n<\/script><\/div><\/div><\/div><\/div><\/div>","protected":false},"excerpt":{"rendered":"<p>&#9776; In\u00edcio Projetos Redes Sociais Equipe Guia do Aluno Outros Fotos Planejamento Relat\u00f3rio Objetivo No mundo cada vez mais digital, muitos idosos enfrentam dificuldades no uso de celulares e acesso \u00e0 internet, o que pode limitar sua independ\u00eancia e inclus\u00e3o social. Para enfrentar esse desafio, o grupo PET Computa\u00e7\u00e3o da Universidade Federal de Pelotas (UFPel), [&hellip;]<\/p>\n","protected":false},"author":829,"featured_media":0,"parent":0,"menu_order":0,"comment_status":"closed","ping_status":"closed","template":"","meta":{"footnotes":""},"class_list":["post-1899","page","type-page","status-publish","hentry","post"],"jetpack_sharing_enabled":true,"_links":{"self":[{"href":"https:\/\/wp.ufpel.edu.br\/petcomp\/wp-json\/wp\/v2\/pages\/1899","targetHints":{"allow":["GET"]}}],"collection":[{"href":"https:\/\/wp.ufpel.edu.br\/petcomp\/wp-json\/wp\/v2\/pages"}],"about":[{"href":"https:\/\/wp.ufpel.edu.br\/petcomp\/wp-json\/wp\/v2\/types\/page"}],"author":[{"embeddable":true,"href":"https:\/\/wp.ufpel.edu.br\/petcomp\/wp-json\/wp\/v2\/users\/829"}],"replies":[{"embeddable":true,"href":"https:\/\/wp.ufpel.edu.br\/petcomp\/wp-json\/wp\/v2\/comments?post=1899"}],"version-history":[{"count":21,"href":"https:\/\/wp.ufpel.edu.br\/petcomp\/wp-json\/wp\/v2\/pages\/1899\/revisions"}],"predecessor-version":[{"id":1968,"href":"https:\/\/wp.ufpel.edu.br\/petcomp\/wp-json\/wp\/v2\/pages\/1899\/revisions\/1968"}],"wp:attachment":[{"href":"https:\/\/wp.ufpel.edu.br\/petcomp\/wp-json\/wp\/v2\/media?parent=1899"}],"curies":[{"name":"wp","href":"https:\/\/api.w.org\/{rel}","templated":true}]}}