{"id":1840,"date":"2025-02-26T09:25:41","date_gmt":"2025-02-26T12:25:41","guid":{"rendered":"https:\/\/wp.ufpel.edu.br\/petcomp\/?page_id=1840"},"modified":"2025-04-23T15:59:50","modified_gmt":"2025-04-23T18:59:50","slug":"lixo-eletronico","status":"publish","type":"page","link":"https:\/\/wp.ufpel.edu.br\/petcomp\/lixo-eletronico\/","title":{"rendered":"Lixo Eletr\u00f4nico"},"content":{"rendered":"<div id=\"pl-1840\"  class=\"panel-layout\" ><div id=\"pg-1840-0\"  class=\"panel-grid panel-no-style\" ><div id=\"pgc-1840-0-0\"  class=\"panel-grid-cell\" ><div id=\"panel-1840-0-0-0\" class=\"widget_text so-panel widget widget_custom_html panel-first-child panel-last-child\" data-index=\"0\" ><div class=\"textwidget custom-html-widget\"><style>\n\t@import url('https:\/\/fonts.googleapis.com\/css2?family=Open+Sans:ital,wght@0,300;0,400;0,500;0,600;0,800;1,300;1,400;1,600;1,700;1,800&display=swap');\n\n\t* {\n\t\tmargin: 0;\n\t\tpadding: 0;\n\t\tbox-sizing: border-box;\n\t\ttext-decoration: none;\n\t\tlist-style: none;\n\t}\n\n\t#masthead {\n\t\tdisplay: none;\n\t}\n\n\t#main {\n\t\tpadding: 0;\n\t}\n\n\t.full-container {\n\t\tmargin-left: 0 !important;\n\t\tmargin-right: 0 !important;\n\t\twidth: 100% !important;\n\t\tmax-width: 100% !important;\n\t}\n\n\t#colophon {\n\t\tbackground-color: #6526B6;\n\t\tmin-height: 230px;\n\t}\n\n\tarticle.post .entry-header,\n\tarticle.page .entry-header {\n\t\tmargin: 0;\n\t}\n\n\tbody,\n\t#main,\n\t#page-wrapper {\n\t\tmin-height: calc(100vh - 230px);\n\t}\n\n\t.entry-content h1,\n\t.entry-content p,\n\t.entry-content ul li {\n\t\tmargin: 0;\n\t}\n\n\t.widget iframe,\n\t.entry-content iframe {\n\t\tmax-width: 373px;\n\t}\n\n\t.fluid-width-video-wrapper iframe {\n\t\tposition: static;\n\t}\n\n\t.fluid-width-video-wrapper {\n\t\tpadding: 0 !important;\n\t}\n\n\tbody {\n\t\tfont-family: 'Open Sans', sans-serif !important;\n\t\tbackground-color: #FCF9FE !important;\n\t}\n\n\t.logosInicio {\n\t\tdisplay: flex;\n\t\tjustify-content: center;\n\t\tgap: 5%;\n\t\tmargin-bottom: 5%;\n\t}\n\n\t.logosInicio img {\n\t\theight: 220px;\n\t\twidth: auto;\n\t}\n\n\t.container {\n\t\tdisplay: flex;\n\t\tjustify-content: center;\n\t\tflex-direction: column;\n\t\tgap: 24px;\n\t\tmargin-bottom: 5%;\n\t\tpadding: 0 5%;\n\t}\n\n\t.container h1 {\n\t\ttext-align: center;\n\t\tcolor: #6526B6;\n\t\tfont-size: xx-large;\n\t\tfont-weight: 600;\n\t}\n\n\t.container p {\n\t\ttext-align: justify;\n\t\tcolor: #444255;\n\t\tfont-weight: 500;\n\t\tfont-size: medium;\n\t}\n\n\t.section-projects {\n\t\tdisplay: flex;\n\t\tpadding: 0 5%;\n\t\tjustify-content: center;\n\t\tflex-wrap: wrap;\n\t\tgap: 24px;\n\t\tmargin-bottom: 5%;\n\t}\n\n\t.project-card {\n\t\tbox-shadow: 2px 2px 4px rgba(0, 0, 0, 0.5);\n\t\tborder: 2px solid #6526B6;\n\t\twidth: 320px;\n\t\tgap: 12px;\n\t\tjustify-content: space-between;\n\t\tdisplay: flex;\n\t\tflex-direction: column;\n\t\talign-items: center;\n\t\tborder-radius: 16px;\n\t\tpadding: 12px;\n\t}\n\n\t.project-card h1 {\n\t\ttext-align: center;\n\t\tcolor: #6526B6;\n\t\tfont-size: xx-large;\n\t\tfont-weight: 600;\n\t}\n\n\t.project-card button {\n\t\tborder: none;\n\t\tcolor: #fff;\n\t\tdisplay: flex;\n\t\twidth: 100%;\n\t\tborder-radius: 12px;\n\t\tpadding: 0;\n\t}\n\n\t.project-card button a {\n\t\ttext-decoration: none;\n\t\tcolor: #fff;\n\t\tfont-weight: 500;\n\t\tfont-size: medium;\n\t\twidth: 100%;\n\t\tpadding: 8px 12px;\n\t\tbackground-color: #6526B6;\n\t\tborder-radius: 12px;\n\t}\n\n\t.noLinkPresenca {\n\t\tpointer-events: none;\n\t\tcursor: default;\n\t\tbackground-color: rgba(101, 38, 182, 0.5) !important;\n\t}\n\n\t.project-card button a:hover {\n\t\tbackground-color: rgba(101, 38, 182, 0.8);\n\t}\n\n\t.entry-content a:hover {\n\t\tcolor: #fff;\n\t}\n\n\t@media screen and (max-width: 930px) {\n\t\t.section-home img {\n\t\t\tdisplay: none;\n\t\t}\n\t}\n<\/style>\n\n<body>\n\t<header class=\"header\">\n\t\t<img decoding=\"async\" src=\"https:\/\/wp.ufpel.edu.br\/petcomp\/files\/2025\/04\/PET-site-e1745434315359.png\" alt=\"\">\n\t\t<div id=\"menu-icon\">&#9776;<\/div>\n\t\t<ul id=\"menu\">\n\t\t\t<li class=\"active\"><a href=\"https:\/\/wp.ufpel.edu.br\/petcomp\/\">In\u00edcio<\/a><\/li>\n\t\t\t<li><a href=\"https:\/\/wp.ufpel.edu.br\/petcomp\/projetos\/\">Projetos<\/a><\/li>\n\t\t\t<li><a href=\"https:\/\/wp.ufpel.edu.br\/petcomp\/redes-sociais\/\">Redes Sociais<\/a><\/li>\n\t\t\t<li><a href=\"https:\/\/wp.ufpel.edu.br\/petcomp\/equipe\/\">Equipe<\/a><\/li>\n\t\t\t<li><a href=\"https:\/\/wp.ufpel.edu.br\/petcomp\/guia-do-aluno\/\" target=\"_blank\">Guia do Aluno<\/a><\/li>\n\t\t\t<li>\n\t\t\t\t<a href=\"#\">Outros<\/a>\n\t\t\t\t<ul>\n\t\t\t\t\t<li><a href=\"https:\/\/wp.ufpel.edu.br\/petcomp\/fotos\/\">Fotos<\/a><\/li>\n          <li><a href=\"https:\/\/wp.ufpel.edu.br\/petcomp\/planejamento\/\" target=\"_blank\">Planejamento<\/a><\/li>\n          <li><a href=\"https:\/\/wp.ufpel.edu.br\/petcomp\/relatorio\/\" target=\"_blank\">Relat\u00f3rio<\/a><\/li>\n\t\t\t\t<\/ul>\n\t\t\t<\/li>\n\t\t<\/ul>\n\t<\/header>\n\n\t<div class=\"logosInicio\">\n\t\t<img decoding=\"async\" src=\"https:\/\/wp.ufpel.edu.br\/petcomp\/files\/2025\/02\/lixo-eletronico-site-horizontal-2-e1740570786595.png\" alt=\"\">\n\t<\/div>\n\n\t<section class=\"container\">\n\t\t<h1> Objetivo <\/h1>\n\t\t<p>\n\t\t\tO projeto tem como objetivo sensibilizar a comunidade sobre os problemas ambientais causados pelo lixo eletr\u00f4nico, promovendo pr\u00e1ticas sustent\u00e1veis de descarte e reutiliza\u00e7\u00e3o. Sua estrutura foi dividida em v\u00e1rias etapas, come\u00e7ando com a pesquisa sobre impactos ambientais e melhores pr\u00e1ticas de reciclagem. Em seguida, ocorreu a fase de conscientiza\u00e7\u00e3o, com a cria\u00e7\u00e3o de materiais educativos, eventos e v\u00eddeos explicativos. Por fim, a implementa\u00e7\u00e3o incluiu a instala\u00e7\u00e3o de pontos de coleta no campus universit\u00e1rio e a divulga\u00e7\u00e3o da campanha para incentivar a participa\u00e7\u00e3o ativa da comunidade.\n\t\t<\/p>\n\t<\/section>\t\n<\/body>\n\t\n<script>\n\tconst menuIcon = document.getElementById('menu-icon');\n\tconst menu = document.getElementById('menu');\n\tconst liksPresenca = document.querySelectorAll('.linkPresenca');\n\n\tliksPresenca.forEach((link) => {\n\t\tif (link.getAttribute('href') === '') {\n\t\t\tlink.classList.add('noLinkPresenca');\n\t\t}\n\t});\n\n\tmenuIcon.addEventListener('click', () => {\n\t\tif (menu.style.display === 'none' || menu.style.display === '') {\n\t\t\tmenu.style.display = 'flex';\n\t\t} else {\n\t\t\tmenu.style.display = 'none';\n\t\t}\n\t});\n<\/script><\/div><\/div><\/div><\/div><\/div>","protected":false},"excerpt":{"rendered":"<p>&#9776; In\u00edcio Projetos Redes Sociais Equipe Guia do Aluno Outros Fotos Planejamento Relat\u00f3rio Objetivo O projeto tem como objetivo sensibilizar a comunidade sobre os problemas ambientais causados pelo lixo eletr\u00f4nico, promovendo pr\u00e1ticas sustent\u00e1veis de descarte e reutiliza\u00e7\u00e3o. Sua estrutura foi dividida em v\u00e1rias etapas, come\u00e7ando com a pesquisa sobre impactos ambientais e melhores pr\u00e1ticas de [&hellip;]<\/p>\n","protected":false},"author":829,"featured_media":0,"parent":0,"menu_order":0,"comment_status":"closed","ping_status":"closed","template":"","meta":{"footnotes":""},"class_list":["post-1840","page","type-page","status-publish","hentry","post"],"jetpack_sharing_enabled":true,"_links":{"self":[{"href":"https:\/\/wp.ufpel.edu.br\/petcomp\/wp-json\/wp\/v2\/pages\/1840","targetHints":{"allow":["GET"]}}],"collection":[{"href":"https:\/\/wp.ufpel.edu.br\/petcomp\/wp-json\/wp\/v2\/pages"}],"about":[{"href":"https:\/\/wp.ufpel.edu.br\/petcomp\/wp-json\/wp\/v2\/types\/page"}],"author":[{"embeddable":true,"href":"https:\/\/wp.ufpel.edu.br\/petcomp\/wp-json\/wp\/v2\/users\/829"}],"replies":[{"embeddable":true,"href":"https:\/\/wp.ufpel.edu.br\/petcomp\/wp-json\/wp\/v2\/comments?post=1840"}],"version-history":[{"count":14,"href":"https:\/\/wp.ufpel.edu.br\/petcomp\/wp-json\/wp\/v2\/pages\/1840\/revisions"}],"predecessor-version":[{"id":1964,"href":"https:\/\/wp.ufpel.edu.br\/petcomp\/wp-json\/wp\/v2\/pages\/1840\/revisions\/1964"}],"wp:attachment":[{"href":"https:\/\/wp.ufpel.edu.br\/petcomp\/wp-json\/wp\/v2\/media?parent=1840"}],"curies":[{"name":"wp","href":"https:\/\/api.w.org\/{rel}","templated":true}]}}