{"id":1771,"date":"2023-12-11T11:21:06","date_gmt":"2023-12-11T14:21:06","guid":{"rendered":"https:\/\/wp.ufpel.edu.br\/petcomp\/?page_id=1771"},"modified":"2025-04-23T15:56:34","modified_gmt":"2025-04-23T18:56:34","slug":"compile-academic","status":"publish","type":"page","link":"https:\/\/wp.ufpel.edu.br\/petcomp\/compile-academic\/","title":{"rendered":"Compile.academic"},"content":{"rendered":"<div id=\"pl-1771\"  class=\"panel-layout\" ><div id=\"pg-1771-0\"  class=\"panel-grid panel-no-style\" ><div id=\"pgc-1771-0-0\"  class=\"panel-grid-cell\" ><div id=\"panel-1771-0-0-0\" class=\"widget_text so-panel widget widget_custom_html panel-first-child panel-last-child\" data-index=\"0\" ><div class=\"textwidget custom-html-widget\"><style>\n\t@import url('https:\/\/fonts.googleapis.com\/css2?family=Open+Sans:ital,wght@0,300;0,400;0,500;0,600;0,800;1,300;1,400;1,600;1,700;1,800&display=swap');\n\n\t* {\n\t\tmargin: 0;\n\t\tpadding: 0;\n\t\tbox-sizing: border-box;\n\t\ttext-decoration: none;\n\t\tlist-style: none;\n\t}\n\n\t#masthead {\n\t\tdisplay: none;\n\t}\n\n\t#main {\n\t\tpadding: 0;\n\t}\n\n\t.full-container {\n\t\tmargin-left: 0 !important;\n\t\tmargin-right: 0 !important;\n\t\twidth: 100% !important;\n\t\tmax-width: 100% !important;\n\t}\n\n\t#colophon {\n\t\tbackground-color: #6526B6;\n\t\tmin-height: 230px;\n\t}\n\n\tarticle.post .entry-header,\n\tarticle.page .entry-header {\n\t\tmargin: 0;\n\t}\n\n\tbody,\n\t#main,\n\t#page-wrapper {\n\t\tmin-height: calc(100vh - 230px);\n\t}\n\n\t.entry-content h1,\n\t.entry-content p,\n\t.entry-content ul li {\n\t\tmargin: 0;\n\t}\n\n\t.widget iframe,\n\t.entry-content iframe {\n\t\tmax-width: 373px;\n\t}\n\n\t.fluid-width-video-wrapper iframe {\n\t\tposition: static;\n\t}\n\n\t.fluid-width-video-wrapper {\n\t\tpadding: 0 !important;\n\t}\n\n\tbody {\n\t\tfont-family: 'Open Sans', sans-serif !important;\n\t\tbackground-color: #FCF9FE !important;\n\t}\n\n\t.logosInicio {\n\t\tdisplay: flex;\n\t\tjustify-content: center;\n\t\tgap: 5%;\n\t\tmargin-bottom: 5%;\n\t}\n\n\t.logosInicio img {\n\t\theight: 220px;\n\t\twidth: auto;\n\t}\n\n\t.container {\n\t\tdisplay: flex;\n\t\tjustify-content: center;\n\t\tflex-direction: column;\n\t\tgap: 24px;\n\t\tmargin-bottom: 5%;\n\t\tpadding: 0 5%;\n\t}\n\n\t.container h1 {\n\t\ttext-align: center;\n\t\tcolor: #6526B6;\n\t\tfont-size: xx-large;\n\t\tfont-weight: 600;\n\t}\n\n\t.container p {\n\t\ttext-align: center;\n\t\tcolor: #444255;\n\t\tfont-weight: 500;\n\t\tfont-size: medium;\n\t}\n\n\t.section-projects {\n\t\tdisplay: flex;\n\t\tpadding: 0 5%;\n\t\tjustify-content: center;\n\t\tflex-wrap: wrap;\n\t\tgap: 24px;\n\t\tmargin-bottom: 5%;\n\t}\n\n\t.project-card {\n\t\tbox-shadow: 2px 2px 4px rgba(0, 0, 0, 0.5);\n\t\tborder: 2px solid #6526B6;\n\t\twidth: 320px;\n\t\tgap: 12px;\n\t\tjustify-content: space-between;\n\t\tdisplay: flex;\n\t\tflex-direction: column;\n\t\talign-items: center;\n\t\tborder-radius: 16px;\n\t\tpadding: 12px;\n\t}\n\n\t.project-card h1 {\n\t\ttext-align: center;\n\t\tcolor: #6526B6;\n\t\tfont-size: xx-large;\n\t\tfont-weight: 600;\n\t}\n\n\t.project-card button {\n\t\tborder: none;\n\t\tcolor: #fff;\n\t\tdisplay: flex;\n\t\twidth: 100%;\n\t\tborder-radius: 12px;\n\t\tpadding: 0;\n\t}\n\n\t.project-card button a {\n\t\ttext-decoration: none;\n\t\tcolor: #fff;\n\t\tfont-weight: 500;\n\t\tfont-size: medium;\n\t\twidth: 100%;\n\t\tpadding: 8px 12px;\n\t\tbackground-color: #6526B6;\n\t\tborder-radius: 12px;\n\t}\n\n\t.noLinkPresenca {\n\t\tpointer-events: none;\n\t\tcursor: default;\n\t\tbackground-color: rgba(101, 38, 182, 0.5) !important;\n\t}\n\n\t.project-card button a:hover {\n\t\tbackground-color: rgba(101, 38, 182, 0.8);\n\t}\n\n\t.entry-content a:hover {\n\t\tcolor: #fff;\n\t}\n\n\t@media screen and (max-width: 930px) {\n\t\t.section-home img {\n\t\t\tdisplay: none;\n\t\t}\n\t}\n<\/style>\n\n<body>\n\t<header class=\"header\">\n\t\t<img decoding=\"async\" src=\"https:\/\/wp.ufpel.edu.br\/petcomp\/files\/2025\/04\/PET-site-e1745434315359.png\" alt=\"\">\n\t\t<div id=\"menu-icon\">&#9776;<\/div>\n\t\t<ul id=\"menu\">\n\t\t\t<li class=\"active\"><a href=\"https:\/\/wp.ufpel.edu.br\/petcomp\/\">In\u00edcio<\/a><\/li>\n\t\t\t<li><a href=\"https:\/\/wp.ufpel.edu.br\/petcomp\/projetos\/\">Projetos<\/a><\/li>\n\t\t\t<li><a href=\"https:\/\/wp.ufpel.edu.br\/petcomp\/redes-sociais\/\">Redes Sociais<\/a><\/li>\n\t\t\t<li><a href=\"https:\/\/wp.ufpel.edu.br\/petcomp\/equipe\/\">Equipe<\/a><\/li>\n\t\t\t<li><a href=\"https:\/\/wp.ufpel.edu.br\/petcomp\/guia-do-aluno\/\" target=\"_blank\">Guia do Aluno<\/a><\/li>\n\t\t\t<li>\n\t\t\t\t<a href=\"#\">Outros<\/a>\n\t\t\t\t<ul>\n\t\t\t\t\t<li><a href=\"https:\/\/wp.ufpel.edu.br\/petcomp\/fotos\/\">Fotos<\/a><\/li>\n          <li><a href=\"https:\/\/wp.ufpel.edu.br\/petcomp\/planejamento\/\" target=\"_blank\">Planejamento<\/a><\/li>\n          <li><a href=\"https:\/\/wp.ufpel.edu.br\/petcomp\/relatorio\/\" target=\"_blank\">Relat\u00f3rio<\/a><\/li>\n\t\t\t\t<\/ul>\n\t\t\t<\/li>\n\t\t<\/ul>\n\t<\/header>\n\n\t<div class=\"logosInicio\">\n\t\t<img decoding=\"async\" src=\"https:\/\/wp.ufpel.edu.br\/petcomp\/files\/2023\/12\/logo-compile.academic-horizontal.png\" alt=\"\">\n\t<\/div>\n\n\t<section class=\"container\">\n\t\t<h1> Objetivo <\/h1>\n\t\t<p>\n\t\t\tInspirado no Compile.exe, o Grupo PET Computa\u00e7\u00e3o lan\u00e7ou um novo projeto denominado Compile.academic. O objetivo \u00e9 combater a evas\u00e3o e oferecer suporte aos estudantes matriculados em disciplinas fundamentais de programa\u00e7\u00e3o, tais como Algoritmos e Programa\u00e7\u00e3o, Programa\u00e7\u00e3o de Computadores e Algoritmos e Estruturas de Dados 1.\n\t\t<\/p>\n\t\t<p>Confira abaixo o material de refor\u00e7o para cada disciplina:<\/p>\n\t<\/section>\n\n\t<section class=\"section-projects\">\n\t\t<section class=\"project-card\">\n\t\t\t<h1>AEP<\/h1>\n\t\t\t<button>\n\t\t\t\t<a href=\"https:\/\/drive.google.com\/drive\/u\/1\/folders\/1jNbyU1MFLVx3LOQjq2x4BJF-V557TBWw\" rel=\"noopener\" target=\"_blank\">\n\t\t\t\t\tMaterial\n\t\t\t\t<\/a>\n\t\t\t<\/button>\n<!-- \t\t\t<button> -->\n\t\t\t\t<!--\n\t\t\t\t\t\n\t\t\t\t\t\n\t\t\t\t\tPRESEN\u00c7A DE AEP\n\t\t\t\t\tcoloque o link do forms no href abaixo\n\n\t\t\t\t\n\t\t\t\t-->\n<!-- \t\t\t\t<a href=\"\" rel=\"noopener\" class=\"linkPresenca\" target=\"_blank\">\n\t\t\t\t\tPresen\u00e7a\n\t\t\t\t<\/a>\n\t\t\t<\/button> -->\n\t\t<\/section>\n\n\t\t<section class=\"project-card\">\n\t\t\t<h1>PC<\/h1>\n\t\t\t<button>\n\t\t\t\t<a href=\"https:\/\/drive.google.com\/drive\/folders\/1JPWW1tVsqgRrUqHlfETK4IjDd01Gmuad?usp=sharing\" rel=\"noopener\" target=\"_blank\">\n\t\t\t\t\tMaterial\n\t\t\t\t<\/a>\n\t\t\t<\/button>\n<!-- \t\t\t<button> -->\n\t\t\t\t<!--\n\t\t\t\t\t\n\t\t\t\t\t\n\t\t\t\t\tPRESEN\u00c7A DE PC\n\t\t\t\t\tcoloque o link do forms no href abaixo\n\n\t\t\t\t\n\t\t\t\t-->\n<!-- \t\t\t\t<a href=\"\" rel=\"noopener\" class=\"linkPresenca\" target=\"_blank\">\n\t\t\t\t\tPresen\u00e7a\n\t\t\t\t<\/a>\n\t\t\t<\/button> -->\n\t\t<\/section>\n\n\t\t<section class=\"project-card\">\n\t\t\t<h1>AED1<\/h1>\n\t\t\t<button>\n\t\t\t\t<a href=\"https:\/\/drive.google.com\/drive\/folders\/1fzr8l4iqMNOlDyhDYj9eaw9VD-rCd_47?usp=drive_link\" rel=\"noopener\" target=\"_blank\">\n\t\t\t\t\tMaterial\n\t\t\t\t<\/a>\n\t\t\t<\/button>\n<!-- \t\t\t<button> -->\n\t\t\t\t<!--\n\t\t\t\t\t\n\t\t\t\t\t\n\t\t\t\t\tPRESEN\u00c7A DE AED\n\t\t\t\t\tcoloque o link do forms no href abaixo\n\n\t\t\t\t\n\t\t\t\t-->\n<!-- \t\t\t\t<a href=\"\" rel=\"noopener\" class=\"linkPresenca\" target=\"_blank\">\n\t\t\t\t\tPresen\u00e7a\n\t\t\t\t<\/a>\n\t\t\t<\/button> -->\n\t\t<\/section>\n\t<\/section>\n<\/body>\n\t\n<script>\n\tconst menuIcon = document.getElementById('menu-icon');\n\tconst menu = document.getElementById('menu');\n\tconst liksPresenca = document.querySelectorAll('.linkPresenca');\n\n\tliksPresenca.forEach((link) => {\n\t\tif (link.getAttribute('href') === '') {\n\t\t\tlink.classList.add('noLinkPresenca');\n\t\t}\n\t});\n\n\tmenuIcon.addEventListener('click', () => {\n\t\tif (menu.style.display === 'none' || menu.style.display === '') {\n\t\t\tmenu.style.display = 'flex';\n\t\t} else {\n\t\t\tmenu.style.display = 'none';\n\t\t}\n\t});\n<\/script><\/div><\/div><\/div><\/div><\/div>","protected":false},"excerpt":{"rendered":"<p>&#9776; In\u00edcio Projetos Redes Sociais Equipe Guia do Aluno Outros Fotos Planejamento Relat\u00f3rio Objetivo Inspirado no Compile.exe, o Grupo PET Computa\u00e7\u00e3o lan\u00e7ou um novo projeto denominado Compile.academic. O objetivo \u00e9 combater a evas\u00e3o e oferecer suporte aos estudantes matriculados em disciplinas fundamentais de programa\u00e7\u00e3o, tais como Algoritmos e Programa\u00e7\u00e3o, Programa\u00e7\u00e3o de Computadores e Algoritmos e [&hellip;]<\/p>\n","protected":false},"author":829,"featured_media":0,"parent":0,"menu_order":0,"comment_status":"closed","ping_status":"closed","template":"","meta":{"footnotes":""},"class_list":["post-1771","page","type-page","status-publish","hentry","post"],"jetpack_sharing_enabled":true,"_links":{"self":[{"href":"https:\/\/wp.ufpel.edu.br\/petcomp\/wp-json\/wp\/v2\/pages\/1771","targetHints":{"allow":["GET"]}}],"collection":[{"href":"https:\/\/wp.ufpel.edu.br\/petcomp\/wp-json\/wp\/v2\/pages"}],"about":[{"href":"https:\/\/wp.ufpel.edu.br\/petcomp\/wp-json\/wp\/v2\/types\/page"}],"author":[{"embeddable":true,"href":"https:\/\/wp.ufpel.edu.br\/petcomp\/wp-json\/wp\/v2\/users\/829"}],"replies":[{"embeddable":true,"href":"https:\/\/wp.ufpel.edu.br\/petcomp\/wp-json\/wp\/v2\/comments?post=1771"}],"version-history":[{"count":12,"href":"https:\/\/wp.ufpel.edu.br\/petcomp\/wp-json\/wp\/v2\/pages\/1771\/revisions"}],"predecessor-version":[{"id":1958,"href":"https:\/\/wp.ufpel.edu.br\/petcomp\/wp-json\/wp\/v2\/pages\/1771\/revisions\/1958"}],"wp:attachment":[{"href":"https:\/\/wp.ufpel.edu.br\/petcomp\/wp-json\/wp\/v2\/media?parent=1771"}],"curies":[{"name":"wp","href":"https:\/\/api.w.org\/{rel}","templated":true}]}}