{"id":1728,"date":"2023-11-02T15:45:34","date_gmt":"2023-11-02T18:45:34","guid":{"rendered":"https:\/\/wp.ufpel.edu.br\/petcomp\/?page_id=1728"},"modified":"2025-04-23T15:58:59","modified_gmt":"2025-04-23T18:58:59","slug":"fotos","status":"publish","type":"page","link":"https:\/\/wp.ufpel.edu.br\/petcomp\/fotos\/","title":{"rendered":"Fotos"},"content":{"rendered":"<div id=\"pl-1728\"  class=\"panel-layout\" ><div id=\"pg-1728-0\"  class=\"panel-grid panel-no-style\" ><div id=\"pgc-1728-0-0\"  class=\"panel-grid-cell\" ><div id=\"panel-1728-0-0-0\" class=\"widget_text so-panel widget widget_custom_html panel-first-child panel-last-child\" data-index=\"0\" ><div class=\"textwidget custom-html-widget\"><style>\n\t@import url('https:\/\/fonts.googleapis.com\/css2?family=Open+Sans:ital,wght@0,300;0,400;0,500;0,600;0,800;1,300;1,400;1,600;1,700;1,800&display=swap');\n\n\t* {\n\t\tmargin: 0;\n\t\tpadding: 0;\n\t\tbox-sizing: border-box;\n\t\ttext-decoration: none;\n\t\tlist-style: none;\n\t}\n\n\t#masthead {\n\t\tdisplay: none;\n\t}\n\n\t#main {\n\t\tpadding: 0;\n\t}\n\n\t.full-container {\n\t\tmargin-left: 0 !important;\n\t\tmargin-right: 0 !important;\n\t\twidth: 100% !important;\n\t\tmax-width: 100% !important;\n\t}\n\n\t#colophon {\n\t\tbackground-color: #6526B6;\n\t\tmin-height: 230px;\n\t}\n\n\tarticle.post .entry-header,\n\tarticle.page .entry-header {\n\t\tmargin: 0;\n\t}\n\n\tbody,\n\t#main,\n\t#page-wrapper {\n\t\tmin-height: calc(100vh - 230px);\n\t}\n\n\t.entry-content h1 {\n\t\tfont-weight: 600;\n\t\tfont-size: large;\n\t\tmargin: 0 5%;\n\t\tmargin-bottom: 5%;\n\t\ttext-align: center;\n\t\tcolor: #444255;\n\t}\n\n\tbody {\n\t\tfont-family: 'Open Sans', sans-serif !important;\n\t\tbackground-color: #FCF9FE !important;\n\t}\n\n\t\/* @import url(\"https:\/\/wp.ufpel.edu.br\/petcomp\/files\/2020\/07\/41.jpg\"); *\/\n\t.photos {\n\t\tdisplay: flex;\n\t\tflex-wrap: wrap;\n\t\talign-items: center;\n\t\tjustify-content: center;\n\t\tpadding: 0 5%;\n\t\tmargin-bottom: 5%;\n\t\tgap: 20px;\n\t}\n\n\t.photos figure {\n\t\twidth: 48%;\n\t\tborder: 2px #6526B6 solid;\n\t\tbox-shadow: 4px 4px 8px 2px rgba(28, 28, 28, 0.2);\n\t\tmin-width: 280px;\n\t\tbackground-color: white;\n\t\t\/* margin: 3% auto; *\/\n\t\tpadding: 12px;\n\t}\n\n\t.photos figure img {\n\t\twidth: 100%;\n\t\tdisplay: block;\n\t}\n\n\t.photos figure figcaption {\n\t\tfont-size: large;\n\t\tfont-weight: 500;\n\t\tcolor: #444255;\n\t\tmargin: 0;\n\t\tpadding: 6px;\n\t}\n\n\t.wiggle1 {\n\t\tanimation: wiggle1 0.4s;\n\t}\n\n\t.wiggle {\n\t\tanimation: wiggle 0.4s;\n\t}\n\n\t.wiggle2 {\n\t\tanimation: wiggle2 0.4s;\n\t}\n\t\n\t.vertical {\n\t\twidth: 320px !important;\n\t}\n\t\n\/* \t.vertical img {\n\t\theight: 420px;\n\t\twidth: auto;\n\t} *\/\n\n\t@keyframes wiggle {\n\t\t0% {\n\t\t\ttransform: rotate(3);\n\t\t}\n\n\t\t45% {\n\t\t\ttransform: rotate(-3deg);\n\t\t}\n\n\t\t85% {\n\t\t\ttransform: rotate(-1deg);\n\t\t}\n\n\t\t100% {\n\t\t\ttransform: rotate(1deg);\n\t\t}\n\t}\n\n\t@keyframes wiggle1 {\n\t\t0% {\n\t\t\ttransform: rotate(-3);\n\t\t}\n\n\t\t45% {\n\t\t\ttransform: rotate(0deg);\n\t\t}\n\n\t\t85% {\n\t\t\ttransform: rotate(1deg);\n\t\t}\n\n\t\t100% {\n\t\t\ttransform: rotate(-1deg);\n\t\t}\n\t}\n\n\t@keyframes wiggle2 {\n\t\t0% {\n\t\t\ttransform: rotate(1);\n\t\t}\n\n\t\t45% {\n\t\t\ttransform: rotate(2deg);\n\t\t}\n\n\t\t85% {\n\t\t\ttransform: rotate(0deg);\n\t\t}\n\n\t\t100% {\n\t\t\ttransform: rotate(-1deg);\n\t\t}\n\t}\n\n\t\/* @media only screen and (min-width: 636px) and (max-width: 960px) {\n\t\tfigure {\n\t\t\twidth: 40%;\n\t\t\tmargin: 2%;\n\t\t\tfloat: left;\n\t\t}\n\n\t\tfigcaption {\n\t\t\tfont-size: 1.3em;\n\t\t}\n\t}\n\n\t@media only screen and (min-width: 961px) {\n\t\tfigure {\n\t\t\twidth: 27%;\n\t\t\tfloat: left;\n\t\t\tmargin: 1% 1%;\n\t\t}\n\n\t\tfigcaption {\n\t\t\tfont-size: 1.4em;\n\t\t}\n\t} *\/\n<\/style>\n\n<body>\n\t<header class=\"header\">\n\t\t<img decoding=\"async\" src=\"https:\/\/wp.ufpel.edu.br\/petcomp\/files\/2025\/04\/PET-site-e1745434315359.png\" alt=\"\">\n\t\t<div id=\"menu-icon\">&#9776;<\/div>\n\t\t<ul id=\"menu\">\n\t\t\t<li class=\"active\"><a href=\"https:\/\/wp.ufpel.edu.br\/petcomp\/\">In\u00edcio<\/a><\/li>\n\t\t\t<li><a href=\"https:\/\/wp.ufpel.edu.br\/petcomp\/projetos\/\">Projetos<\/a><\/li>\n\t\t\t<li><a href=\"https:\/\/wp.ufpel.edu.br\/petcomp\/redes-sociais\/\">Redes Sociais<\/a><\/li>\n\t\t\t<li><a href=\"https:\/\/wp.ufpel.edu.br\/petcomp\/equipe\/\">Equipe<\/a><\/li>\n\t\t\t<li><a href=\"https:\/\/wp.ufpel.edu.br\/petcomp\/guia-do-aluno\/\" target=\"_blank\">Guia do Aluno<\/a><\/li>\n\t\t\t<li>\n\t\t\t\t<a href=\"#\">Outros<\/a>\n\t\t\t\t<ul>\n\t\t\t\t\t<li><a href=\"https:\/\/wp.ufpel.edu.br\/petcomp\/fotos\/\">Fotos<\/a><\/li>\n          <li><a href=\"https:\/\/wp.ufpel.edu.br\/petcomp\/planejamento\/\" target=\"_blank\">Planejamento<\/a><\/li>\n          <li><a href=\"https:\/\/wp.ufpel.edu.br\/petcomp\/relatorio\/\" target=\"_blank\">Relat\u00f3rio<\/a><\/li>\n\t\t\t\t<\/ul>\n\t\t\t<\/li>\n\t\t<\/ul>\n\t<\/header>\n\n\t<div class=\"photos\">\n\t\t<figure class=\"wiggly wiggle2 vertical\">\n\t\t\t<img decoding=\"async\" src=\"https:\/\/wp.ufpel.edu.br\/petcomp\/files\/2024\/03\/organizacao-siiepe-2023-final.jpg\">\n\t\t\t<figcaption>Equipe de alunos da computa\u00e7\u00e3o presentes na organiza\u00e7\u00e3o do \u00faltimo dia da SIIEPE de 2023.\n\t\t\t<\/figcaption>\n\t\t<\/figure>\n\t\t\n\t\t<figure class=\"wiggly wiggle2\">\n\t\t\t<img decoding=\"async\" src=\"https:\/\/wp.ufpel.edu.br\/petcomp\/files\/2024\/03\/organizacao-siiepe-2023-inicio.jpg\">\n\t\t\t<figcaption>Equipe de alunos da computa\u00e7\u00e3o presentes na organiza\u00e7\u00e3o da SIIEPE de 2023.\n\t\t\t<\/figcaption>\n\t\t<\/figure>\n\t\t\n\t\t<figure class=\"wiggly wiggle2\">\n\t\t\t<img decoding=\"async\" src=\"https:\/\/wp.ufpel.edu.br\/petcomp\/files\/2024\/03\/festa-halloween-pet.jpg\">\n\t\t\t<figcaption>Festa de Halloween PET Computa\u00e7\u00e3o.\n\t\t\t<\/figcaption>\n\t\t<\/figure>\n\t\t\n\t\t<figure class=\"wiggly wiggle2\">\n\t\t\t<img decoding=\"async\" src=\"https:\/\/wp.ufpel.edu.br\/petcomp\/files\/2024\/03\/interpet-2023-julho.jpg\">\n\t\t\t<figcaption>PET Computa\u00e7\u00e3o no interpet de julho de 2023.\n\t\t\t<\/figcaption>\n\t\t<\/figure>\n\t\t\n\t\t<figure class=\"wiggly wiggle2\">\n\t\t\t<img decoding=\"async\" src=\"https:\/\/wp.ufpel.edu.br\/petcomp\/files\/2024\/03\/interpet-2023-marco.jpg\">\n\t\t\t<figcaption>PET Computa\u00e7\u00e3o no interpet de mar\u00e7o de 2023.\n\t\t\t<\/figcaption>\n\t\t<\/figure>\n\t\t\n\t\t<figure class=\"wiggly wiggle2\">\n\t\t\t<img decoding=\"async\" src=\"https:\/\/wp.ufpel.edu.br\/petcomp\/files\/2024\/03\/interpet-2022-novembro.jpg\">\n\t\t\t<figcaption>PET Computa\u00e7\u00e3o no interpet de novembro de 2022.\n\t\t\t<\/figcaption>\n\t\t<\/figure>\n\t\t\n\t\t<figure class=\"wiggly wiggle2\">\n\t\t\t<img decoding=\"async\" src=\"https:\/\/wp.ufpel.edu.br\/petcomp\/files\/2022\/04\/CBIE.jpeg\">\n\t\t\t<figcaption>PET Computa\u00e7\u00e3o participa da Organiza\u00e7\u00e3o do Congresso Brasileiro de Inform\u00e1tica na Educa\u00e7\u00e3o 2021.\n\t\t\t<\/figcaption>\n\t\t<\/figure>\n\n\t\t<figure class=\"wiggly wiggle1\">\n\t\t\t<img decoding=\"async\" src=\"https:\/\/wp.ufpel.edu.br\/petcomp\/files\/2020\/08\/Reuni\u00e3o.jpg\">\n\t\t\t<figcaption>Reuni\u00e3o online com a apresenta\u00e7\u00e3o dos novos petianos.<\/figcaption>\n\t\t<\/figure>\n\n\t\t<figure class=\"wiggly wiggle1\">\n\t\t\t<img decoding=\"async\" src=\"https:\/\/wp.ufpel.edu.br\/petcomp\/files\/2022\/04\/Mini-curso-classroom.jpeg\">\n\t\t\t<figcaption>WCurso de Google Classroom ofereciado para professores da rede p\u00fablica de ensino municipal e estadual\n\t\t\t\tem 2021.<\/figcaption>\n\t\t<\/figure>\n\n\t\t<figure class=\"wiggly wiggle1\">\n\t\t\t<img decoding=\"async\" src=\"https:\/\/wp.ufpel.edu.br\/petcomp\/files\/2020\/07\/14.jpg\">\n\t\t\t<figcaption>Montagem dos laborat\u00f3rios de ensino das novas depend\u00eancias da Computa\u00e7\u00e3o no Anglo em 2020.\n\t\t\t<\/figcaption>\n\t\t<\/figure>\n\n\t\t<figure class=\"wiggly wiggle\">\n\t\t\t<img decoding=\"async\" src=\"https:\/\/wp.ufpel.edu.br\/petcomp\/files\/2022\/04\/presentes-cbie.jpeg\">\n\t\t\t<figcaption>Organiza\u00e7\u00e3o do Congresso Brasileiro de Inform\u00e1tica na Educa\u00e7\u00e3o 2021.<\/figcaption>\n\t\t<\/figure>\n\n\t\t<figure class=\"wiggly wiggle1\">\n\t\t\t<img decoding=\"async\" src=\"https:\/\/wp.ufpel.edu.br\/petcomp\/files\/2020\/07\/6.jpg\">\n\t\t\t<figcaption>PET no casamento do tutor Leomar 2019.<\/figcaption>\n\t\t<\/figure>\n\n\t\t<figure class=\"wiggly wiggle1\">\n\t\t\t<img decoding=\"async\" src=\"https:\/\/wp.ufpel.edu.br\/petcomp\/files\/2020\/07\/13.jpg\">\n\t\t\t<figcaption>Presente de casamento dado ao tutor Leomar em 2019.<\/figcaption>\n\t\t<\/figure>\n\n\t\t<figure class=\"wiggly wiggle1\">\n\t\t\t<img decoding=\"async\" src=\"https:\/\/wp.ufpel.edu.br\/petcomp\/files\/2020\/07\/12.jpg\">\n\t\t\t<figcaption>Organiza\u00e7\u00e3o da SIIEPE 2019.<\/figcaption>\n\t\t<\/figure>\n\n\t\t<figure class=\"wiggly wiggle1\">\n\t\t\t<img decoding=\"async\" src=\"https:\/\/wp.ufpel.edu.br\/petcomp\/files\/2020\/07\/5.jpg\">\n\t\t\t<figcaption>Bad guys prontos para realizar a montagem dos equipamento da SIIEPE em 2019.<\/figcaption>\n\t\t<\/figure>\n\n\t\t<figure class=\"wiggly wiggle1\">\n\t\t\t<img decoding=\"async\" src=\"https:\/\/wp.ufpel.edu.br\/petcomp\/files\/2020\/07\/25.jpg\">\n\t\t\t<figcaption>Organiza\u00e7\u00e3o SACOMP & SASPI 2019.<\/figcaption>\n\t\t<\/figure>\n\n\t\t<figure class=\"wiggly wiggle1\">\n\t\t\t<img decoding=\"async\" src=\"https:\/\/wp.ufpel.edu.br\/petcomp\/files\/2020\/07\/24.jpg\">\n\t\t\t<figcaption>SACOMP & SASPI 2019.<\/figcaption>\n\t\t<\/figure>\n\n\t\t<figure class=\"wiggly wiggle1\">\n\t\t\t<img decoding=\"async\" src=\"https:\/\/wp.ufpel.edu.br\/petcomp\/files\/2020\/07\/21.jpg\">\n\t\t\t<figcaption>SACOMP & SASPI 2019.<\/figcaption>\n\t\t<\/figure>\n\n\t\t<figure class=\"wiggly wiggle1\">\n\t\t\t<img decoding=\"async\" src=\"https:\/\/wp.ufpel.edu.br\/petcomp\/files\/2020\/07\/23.jpg\">\n\t\t\t<figcaption>Galera da Computa\u00e7\u00e3o e da Agronomia durante o SULPET 2019.<\/figcaption>\n\t\t<\/figure>\n\n\t\t<figure class=\"wiggly wiggle1\">\n\t\t\t<img decoding=\"async\" src=\"https:\/\/wp.ufpel.edu.br\/petcomp\/files\/2020\/07\/22.jpg\">\n\t\t\t<figcaption>Abertura do SULPET 2019.<\/figcaption>\n\t\t<\/figure>\n\n\t\t<figure class=\"wiggly wiggle1\">\n\t\t\t<img decoding=\"async\" src=\"https:\/\/wp.ufpel.edu.br\/petcomp\/files\/2020\/07\/20.jpg\">\n\t\t\t<figcaption>Tutores na organiza\u00e7\u00e3o do SULPET 2019..<\/figcaption>\n\t\t<\/figure>\n\n\t\t<figure class=\"wiggly wiggle1\">\n\t\t\t<img decoding=\"async\" src=\"https:\/\/wp.ufpel.edu.br\/petcomp\/files\/2020\/07\/19.jpg\">\n\t\t\t<figcaption>Reuni\u00e3o de organiza\u00e7\u00e3o do SULPET 2019..<\/figcaption>\n\t\t<\/figure>\n\n\t\t<figure class=\"wiggly wiggle1\">\n\t\t\t<img decoding=\"async\" src=\"https:\/\/wp.ufpel.edu.br\/petcomp\/files\/2020\/07\/30.jpg\">\n\t\t\t<figcaption>Recep\u00e7\u00e3o aos alunos de escola p\u00fablica no \u00e2mbito do Projeto Vizinhan\u00e7a em 2019.<\/figcaption>\n\t\t<\/figure>\n\n\t\t<figure class=\"wiggly wiggle1\">\n\t\t\t<img decoding=\"async\" src=\"https:\/\/wp.ufpel.edu.br\/petcomp\/files\/2020\/07\/11.jpg\">\n\t\t\t<figcaption>Reuni\u00e3o de organiza\u00e7\u00e3o do SULPET 2019.<\/figcaption>\n\t\t<\/figure>\n\n\t\t<figure class=\"wiggly wiggle1\">\n\t\t\t<img decoding=\"async\" src=\"https:\/\/wp.ufpel.edu.br\/petcomp\/files\/2020\/07\/34-scaled.jpg\">\n\t\t\t<figcaption>Churrasco da Computa\u00e7\u00e3o 2018\/2.<\/figcaption>\n\t\t<\/figure>\n\n\t\t<figure class=\"wiggly wiggle1\">\n\t\t\t<img decoding=\"async\" src=\"https:\/\/wp.ufpel.edu.br\/petcomp\/files\/2020\/07\/41.jpg\">\n\t\t\t<figcaption>Apadrinhamento dos calouros da Computa\u00e7\u00e3o 2019\/1.<\/figcaption>\n\t\t<\/figure>\n\n\t\t<figure class=\"wiggly wiggle1\">\n\t\t\t<img decoding=\"async\" src=\"https:\/\/wp.ufpel.edu.br\/petcomp\/files\/2020\/07\/10.jpg\">\n\t\t\t<figcaption>Reuni\u00e3o de organiza\u00e7\u00e3o do SULPET 2019.<\/figcaption>\n\t\t<\/figure>\n\t<\/div>\n<\/body>\n\n<script>\n\tfunction type(target) {\n\t\t\/\/ Parar a digita\u00e7\u00e3o quando o hover estiver desativado\n\t\tif (target.Stop) {\n\t\t\treturn;\n\t\t}\n\t\tif (target.index < target.caption.length) {\n\t\t\ttarget.textContent += target.caption.charAt(target.index);\n\n\t\t\ttarget.index++;\n\n\t\t\tsetTimeout(function () {\n\t\t\t\ttype(target);\n\t\t\t}, 40);\n\t\t}\n\t}\n\n\tconst menuIcon = document.getElementById('menu-icon');\n\tconst menu = document.getElementById('menu');\n\n\tmenuIcon.addEventListener('click', () => {\n\t\tif (menu.style.display === 'none' || menu.style.display === '') {\n\t\t\tmenu.style.display = 'flex';\n\t\t} else {\n\t\t\tmenu.style.display = 'none';\n\t\t}\n\t});\n\n\tdocument.addEventListener(\"DOMContentLoaded\", function () {\n\t\tvar figures = document.querySelectorAll(\".wiggly\");\n\n\t\tfigures.forEach(function (figure) {\n\t\t\tvar caption = figure.querySelector(\"figcaption\");\n\n\t\t\tcaption.caption = caption.textContent;\n\t\t\tcaption.index = 0;\n\t\t\tcaption.textContent = \"\";\n\t\t\tcaption.Stop = false;\n\n\t\t\tvar img = figure.querySelector(\"img\");\n\n\t\t\tfigure.addEventListener(\"mouseenter\", function (e) {\n\t\t\t\tcaption.Stop = false;\n\t\t\t\ttype(caption);\n\t\t\t});\n\n\t\t\tfigure.addEventListener(\"mouseleave\", function () {\n\t\t\t\tcaption.Stop = true;\n\t\t\t\tcaption.textContent = \"\";\n\t\t\t\tcaption.index = 0;\n\t\t\t});\n\t\t});\n\t});\n<\/script><\/div><\/div><\/div><\/div><\/div>","protected":false},"excerpt":{"rendered":"<p>&#9776; In\u00edcio Projetos Redes Sociais Equipe Guia do Aluno Outros Fotos Planejamento Relat\u00f3rio Equipe de alunos da computa\u00e7\u00e3o presentes na organiza\u00e7\u00e3o do \u00faltimo dia da SIIEPE de 2023. Equipe de alunos da computa\u00e7\u00e3o presentes na organiza\u00e7\u00e3o da SIIEPE de 2023. Festa de Halloween PET Computa\u00e7\u00e3o. PET Computa\u00e7\u00e3o no interpet de julho de 2023. PET Computa\u00e7\u00e3o [&hellip;]<\/p>\n","protected":false},"author":829,"featured_media":0,"parent":0,"menu_order":0,"comment_status":"closed","ping_status":"closed","template":"","meta":{"footnotes":""},"class_list":["post-1728","page","type-page","status-publish","hentry","post"],"jetpack_sharing_enabled":true,"_links":{"self":[{"href":"https:\/\/wp.ufpel.edu.br\/petcomp\/wp-json\/wp\/v2\/pages\/1728","targetHints":{"allow":["GET"]}}],"collection":[{"href":"https:\/\/wp.ufpel.edu.br\/petcomp\/wp-json\/wp\/v2\/pages"}],"about":[{"href":"https:\/\/wp.ufpel.edu.br\/petcomp\/wp-json\/wp\/v2\/types\/page"}],"author":[{"embeddable":true,"href":"https:\/\/wp.ufpel.edu.br\/petcomp\/wp-json\/wp\/v2\/users\/829"}],"replies":[{"embeddable":true,"href":"https:\/\/wp.ufpel.edu.br\/petcomp\/wp-json\/wp\/v2\/comments?post=1728"}],"version-history":[{"count":13,"href":"https:\/\/wp.ufpel.edu.br\/petcomp\/wp-json\/wp\/v2\/pages\/1728\/revisions"}],"predecessor-version":[{"id":1962,"href":"https:\/\/wp.ufpel.edu.br\/petcomp\/wp-json\/wp\/v2\/pages\/1728\/revisions\/1962"}],"wp:attachment":[{"href":"https:\/\/wp.ufpel.edu.br\/petcomp\/wp-json\/wp\/v2\/media?parent=1728"}],"curies":[{"name":"wp","href":"https:\/\/api.w.org\/{rel}","templated":true}]}}