{"id":1638,"date":"2023-10-25T22:26:16","date_gmt":"2023-10-26T01:26:16","guid":{"rendered":"https:\/\/wp.ufpel.edu.br\/petcomp\/?page_id=1638"},"modified":"2025-12-04T17:02:51","modified_gmt":"2025-12-04T20:02:51","slug":"equipe","status":"publish","type":"page","link":"https:\/\/wp.ufpel.edu.br\/petcomp\/equipe\/","title":{"rendered":"Equipe"},"content":{"rendered":"<div id=\"pl-1638\"  class=\"panel-layout\" ><div id=\"pg-1638-0\"  class=\"panel-grid panel-no-style\" ><div id=\"pgc-1638-0-0\"  class=\"panel-grid-cell\" ><div id=\"panel-1638-0-0-0\" class=\"widget_text so-panel widget widget_custom_html panel-first-child panel-last-child\" data-index=\"0\" ><div class=\"textwidget custom-html-widget\"><style>\n\t@import url('https:\/\/fonts.googleapis.com\/css2?family=Open+Sans:ital,wght@0,300;0,400;0,500;0,600;0,800;1,300;1,400;1,600;1,700;1,800&display=swap');\n\n\t* {\n\t\tmargin: 0;\n\t\tpadding: 0;\n\t\tbox-sizing: border-box;\n\t\ttext-decoration: none;\n\t\tlist-style: none;\n\t}\n\n\t#masthead {\n\t\tdisplay: none;\n\t}\n\n\t#main {\n\t\tpadding: 0;\n\t}\n\n\t.full-container {\n\t\tmargin-left: 0 !important;\n\t\tmargin-right: 0 !important;\n\t\twidth: 100% !important;\n\t\tmax-width: 100% !important;\n\t}\n\n\t#colophon {\n\t\tbackground-color: #6526B6;\n\t\tmin-height: 230px;\n\t}\n\n\tarticle.post .entry-header,\n\tarticle.page .entry-header {\n\t\tmargin: 0;\n\t}\n\n\tbody,\n\t#main,\n\t#page-wrapper {\n\t\tmin-height: calc(100vh - 230px);\n\t}\n\n\t.entry-content h1 {\n\t\tfont-weight: 600;\n\t\tfont-size: large;\n\t\tmargin: 0;\n\t\t\/* \t\tmargin-bottom: 5%; *\/\n\t\ttext-align: center;\n\t\tcolor: #444255;\n\t}\n\n\tbody {\n\t\tfont-family: 'Open Sans', sans-serif !important;\n\t\tbackground-color: #FCF9FE !important;\n\t}\n\n\t.container {\n\t\tdisplay: flex;\n\t\tjustify-content: center;\n\t\tflex-direction: column;\n\t\tgap: 24px;\n\t\tmargin-bottom: 5%;\n\t\tpadding: 0 5%;\n\t}\n\n\t.container h1 {\n\t\ttext-align: center;\n\t\tcolor: #6526B6;\n\t\tfont-size: xx-large;\n\t\tfont-weight: 600;\n\t}\n\n\t.container p {\n\t\tcolor: #444255;\n\t\tfont-weight: 600;\n\t\ttext-align: center;\n\t\tfont-size: medium;\n\t\tmargin: 0;\n\t}\n\n\t.container .ex {\n\t\tdisplay: flex;\n\t\tflex-wrap: wrap;\n\t\tjustify-content: center;\n\t\tpadding: 0 10%;\n\t\tgap: 24px;\n\t}\n\n\t.container .ex p {\n\t\tcolor: #444255;\n\t\tfont-weight: 600;\n\t\ttext-align: center;\n\t\tfont-size: medium;\n\t\tmargin: 0;\n\t}\n\n\t.container-body {\n\t\tdisplay: flex;\n\t\tflex-direction: row;\n\t\t\/* align-items: center; *\/\n\t\tjustify-content: center;\n\t\tgap: 16px;\n\t\tflex-wrap: wrap;\n\t\tpadding: 0 10%;\n\t\tmargin-bottom: 5%;\n\t}\n\n\t.card {\n\t\tdisplay: flex;\n\t\tflex-direction: column;\n\t\talign-items: center;\n\t\tjustify-content: space-between;\n\t\tbox-shadow: 4px 4px 8px 2px rgba(28, 28, 28, 0.2);\n\t\tborder: solid 2px #6526B6;\n\t\tpadding: 20px 0px;\n\t\tborder-radius: 36px;\n\t\twidth: 220px;\n\t\tmin-height: 240px;\n\t\tbackground-color: #fff;\n\t}\n\n\t.card .container-img {\n\t\tdisplay: flex;\n\t\tjustify-content: center;\n\t\theight: 130px;\n\t}\n\n\t.card .container-img img {\n\t\theight: 100%;\n\t\twidth: auto;\n\t\tborder-radius: 50%;\n\t}\n\n\t.card h2 {\n\t\tcolor: #6526B6;\n\t\tfont-weight: 600;\n\t\tfont-size: large;\n\t\ttext-align: center;\n\t\tmargin: 0;\n\t}\n\n\t.card p {\n\t\tcolor: #444255;\n\t\tfont-weight: 500;\n\t\ttext-align: center;\n\t\tfont-size: medium;\n\t\tmargin: 0;\n\t\tmargin-top: 6px;\n\t}\n\n\t.contatos {\n\t\tdisplay: flex;\n\t\tjustify-content: center;\n\t\tgap: 12px;\n\t\twidth: 100%;\n\t}\n\n\t.contatos .social-link {\n\t\tdisplay: flex;\n\t\talign-items: center;\n\t\tjustify-content: center;\n\t\tcolor: #6526B6;\n\t\tcursor: pointer;\n\t\topacity: 0.2;\n\t\ttransition: opacity 0.2s ease-in-out, transform 0.2s ease-in-out;\n\t}\n\n\t.card .contatos .social-link:hover {\n\t\ttransform: scale(1.4);\n\t}\n\n\t.card:hover .contatos .social-link {\n\t\topacity: 1;\n\t}\n\n\t@media (max-width:640px) {\n\t\t.container-body {\n\t\t\tpadding: 0 12px;\n\t\t}\n\t}\n<\/style>\n\n<body>\n\t<header class=\"header\">\n\t\t<img decoding=\"async\" src=\"https:\/\/wp.ufpel.edu.br\/petcomp\/files\/2025\/04\/PET-site-e1745434315359.png\" alt=\"\">\n\t\t<div id=\"menu-icon\">&#9776;<\/div>\n\t\t<ul id=\"menu\">\n\t\t\t<li class=\"active\"><a href=\"https:\/\/wp.ufpel.edu.br\/petcomp\/\">In\u00edcio<\/a><\/li>\n\t\t\t<li><a href=\"https:\/\/wp.ufpel.edu.br\/petcomp\/projetos\/\">Projetos<\/a><\/li>\n\t\t\t<li><a href=\"https:\/\/wp.ufpel.edu.br\/petcomp\/redes-sociais\/\">Redes Sociais<\/a><\/li>\n\t\t\t<li><a href=\"https:\/\/wp.ufpel.edu.br\/petcomp\/equipe\/\">Equipe<\/a><\/li>\n\t\t\t<li><a href=\"https:\/\/wp.ufpel.edu.br\/petcomp\/guia-do-aluno\/\" target=\"_blank\">Guia do Aluno<\/a><\/li>\n\t\t\t<li>\n\t\t\t\t<a href=\"#\">Outros<\/a>\n\t\t\t\t<ul>\n\t\t\t\t\t<li><a href=\"https:\/\/wp.ufpel.edu.br\/petcomp\/fotos\/\">Fotos<\/a><\/li>\n          <li><a href=\"https:\/\/wp.ufpel.edu.br\/petcomp\/planejamento\/\" target=\"_blank\">Planejamento<\/a><\/li>\n          <li><a href=\"https:\/\/wp.ufpel.edu.br\/petcomp\/relatorio\/\" target=\"_blank\">Relat\u00f3rio<\/a><\/li>\n\t\t\t\t<\/ul>\n\t\t\t<\/li>\n\t\t<\/ul>\n\t<\/header>\n\n\t<div class=\"container\">\n\t\t<h1>Nossa Equipe<\/h1>\n\t\t<p>\n\t\t\tNossa equipe \u00e9 composta por um professor tutor e por alunos bolsistas dos cursos de Ci\u00eancia da Computa\u00e7\u00e3o e\n\t\t\tEngenharia da Computa\u00e7\u00e3o da Universidade Federal de Pelotas. <br>\n\t\t<\/p>\n\t<\/div>\n\n\t<!-- Professor tutor -->\n\t<div class=\"container-body\">\n\t\t<div class=\"card\">\n\t\t\t<div class=\"container-img\">\n\t\t\t\t<img decoding=\"async\" src=\"https:\/\/wp.ufpel.edu.br\/petcomp\/files\/2023\/10\/leo.png\" alt=\"\" loading=\"lazy\">\n\t\t\t<\/div>\n\t\t\t<div>\n\t\t\t\t<h2>Leomar Soares<\/h2>\n\t\t\t\t<p>Professor Tutor<\/p>\n\t\t\t<\/div>\n\t\t<\/div>\n\t<\/div>\n\n\t<!-- Alunos -->\n\t<div class=\"container-body\">\t\n\t\t\n\t\t<div class=\"card\">\n\t\t\t<div class=\"container-img\">\n\t\t\t\t<img decoding=\"async\" src=\"https:\/\/wp.ufpel.edu.br\/petcomp\/files\/2025\/05\/diogo-kruger-souto.jpeg\" alt=\"\" loading=\"lazy\">\n\t\t\t<\/div>\n\t\t\t<h2>Diogo Kr\u00fcger<\/h2>\n\t\t<\/div>\n\t\t\n\t\t<div class=\"card\">\n\t\t\t<div class=\"container-img\">\n\t\t\t\t<img decoding=\"async\" src=\"https:\/\/wp.ufpel.edu.br\/petcomp\/files\/2024\/06\/eduarda.jpg\" alt=\"\" loading=\"lazy\">\n\t\t\t<\/div>\n\t\t\t<h2>Eduarda Medeiros<\/h2>\n\t\t<\/div>\n\t\t\n\t\t<div class=\"card\">\n\t\t\t<div class=\"container-img\">\n\t\t\t\t<img decoding=\"async\" src=\"https:\/\/wp.ufpel.edu.br\/petcomp\/files\/2025\/02\/WhatsApp-Image-2025-02-24-at-10.25.00-e1740410913800.jpeg\" alt=\"\" loading=\"lazy\">\n\t\t\t<\/div>\n\t\t\t<h2>Hiago Muniz<\/h2>\n\t\t<\/div>\n\t\t\n\t\t<div class=\"card\">\n\t\t\t<div class=\"container-img\">\n\t\t\t\t<img decoding=\"async\" src=\"https:\/\/wp.ufpel.edu.br\/petcomp\/files\/2025\/05\/joao-vitor-lago-e1747136238104.jpeg\" alt=\"\" loading=\"lazy\">\n\t\t\t<\/div>\n\t\t\t<h2>Jo\u00e3o Lago<\/h2>\n\t\t<\/div>\n\n\t\t<div class=\"card\">\n\t\t\t<div class=\"container-img\">\n\t\t\t\t<img decoding=\"async\" src=\"https:\/\/wp.ufpel.edu.br\/petcomp\/files\/2024\/06\/kevin-1.jpg\" alt=\"\" loading=\"lazy\">\n\t\t\t<\/div>\n\t\t\t<h2>Kevin Rehbein<\/h2>\n\t\t<\/div>\n\n\t\t<div class=\"card\">\n\t\t\t<div class=\"container-img\">\n\t\t\t\t<img decoding=\"async\" src=\"https:\/\/wp.ufpel.edu.br\/petcomp\/files\/2025\/05\/lucas-lemes.jpeg\" alt=\"\" loading=\"lazy\">\n\t\t\t<\/div>\n\t\t\t<h2>Lucas Lemes<\/h2>\n\t\t<\/div>\n\t\t\t\n\t\t<div class=\"card\">\n\t\t\t<div class=\"container-img\">\n\t\t\t\t<img decoding=\"async\" src=\"https:\/\/wp.ufpel.edu.br\/petcomp\/files\/2025\/12\/Maria_Isabel.jpeg\" alt=\"\" loading=\"lazy\">\n\t\t\t<\/div>\n\t\t\t<h2>Maria Isabel<\/h2>\n\t\t<\/div>\t\n\n\t\t<div class=\"card\">\n\t\t\t<div class=\"container-img\">\n\t\t\t\t<img decoding=\"async\" src=\"https:\/\/wp.ufpel.edu.br\/petcomp\/files\/2024\/06\/matheus-e1740411098260.jpg\" alt=\"\" loading=\"lazy\">\n\t\t\t<\/div>\n\t\t\t<h2>Matheus Renan<\/h2>\n\t\t<\/div>\n\n\t\t<div class=\"card\">\n\t\t\t<div class=\"container-img\">\n\t\t\t\t<img decoding=\"async\" src=\"https:\/\/wp.ufpel.edu.br\/petcomp\/files\/2025\/12\/Pedro.jpeg\" alt=\"\" loading=\"lazy\">\n\t\t\t<\/div>\n\t\t\t<h2>Pedro de Freitas<\/h2>\n\t\t<\/div>\n\n\t\t<div class=\"card\">\n\t\t\t<div class=\"container-img\">\n\t\t\t\t<img decoding=\"async\" src=\"https:\/\/wp.ufpel.edu.br\/petcomp\/files\/2023\/10\/sant.png\" alt=\"\" loading=\"lazy\">\n\t\t\t<\/div>\n\t\t\t<h2>Santiago Martinez<\/h2>\n\t\t<\/div>\n\n\t\t<div class=\"card\">\n\t\t\t<div class=\"container-img\">\n\t\t\t\t<img decoding=\"async\" src=\"https:\/\/wp.ufpel.edu.br\/petcomp\/files\/2024\/06\/victor.jpg\" alt=\"\" loading=\"lazy\">\n\t\t\t<\/div>\n\t\t\t<h2>Victor Reiznautt<\/h2>\n\t\t<\/div>\n\n\t\t<div class=\"card\">\n\t\t\t<div class=\"container-img\">\n\t\t\t\t<img decoding=\"async\" src=\"https:\/\/wp.ufpel.edu.br\/petcomp\/files\/2025\/02\/Vinicius.jpeg\" alt=\"\" loading=\"lazy\">\n\t\t\t<\/div>\n\t\t\t<h2>Vin\u00edcius Lameir\u00e3o<\/h2>\n\n\t\t\t<!-- <div class=\"contatos\">\n\t\t\t\t<a class=\"social-link\" href=\"https:\/\/www.instagram.com\/cdtec.ufpel\/\" target=\"_blank\">\n\t\t\t\t\t<svg viewBox=\"0 0 16 16\" class=\"bi bi-instagram\" fill=\"currentColor\" height=\"32\" width=\"32\"\n\t\t\t\t\t\txmlns=\"http:\/\/www.w3.org\/2000\/svg\">\n\t\t\t\t\t\t<path fill=\"#6526B6\"\n\t\t\t\t\t\t\td=\"M8 0C5.829 0 5.556.01 4.703.048 3.85.088 3.269.222 2.76.42a3.917 3.917 0 0 0-1.417.923A3.927 3.927 0 0 0 .42 2.76C.222 3.268.087 3.85.048 4.7.01 5.555 0 5.827 0 8.001c0 2.172.01 2.444.048 3.297.04.852.174 1.433.372 1.942.205.526.478.972.923 1.417.444.445.89.719 1.416.923.51.198 1.09.333 1.942.372C5.555 15.99 5.827 16 8 16s2.444-.01 3.298-.048c.851-.04 1.434-.174 1.943-.372a3.916 3.916 0 0 0 1.416-.923c.445-.445.718-.891.923-1.417.197-.509.332-1.09.372-1.942C15.99 10.445 16 10.173 16 8s-.01-2.445-.048-3.299c-.04-.851-.175-1.433-.372-1.941a3.926 3.926 0 0 0-.923-1.417A3.911 3.911 0 0 0 13.24.42c-.51-.198-1.092-.333-1.943-.372C10.443.01 10.172 0 7.998 0h.003zm-.717 1.442h.718c2.136 0 2.389.007 3.232.046.78.035 1.204.166 1.486.275.373.145.64.319.92.599.28.28.453.546.598.92.11.281.24.705.275 1.485.039.843.047 1.096.047 3.231s-.008 2.389-.047 3.232c-.035.78-.166 1.203-.275 1.485a2.47 2.47 0 0 1-.599.919c-.28.28-.546.453-.92.598-.28.11-.704.24-1.485.276-.843.038-1.096.047-3.232.047s-2.39-.009-3.233-.047c-.78-.036-1.203-.166-1.485-.276a2.478 2.478 0 0 1-.92-.598 2.48 2.48 0 0 1-.6-.92c-.109-.281-.24-.705-.275-1.485-.038-.843-.046-1.096-.046-3.233 0-2.136.008-2.388.046-3.231.036-.78.166-1.204.276-1.486.145-.373.319-.64.599-.92.28-.28.546-.453.92-.598.282-.11.705-.24 1.485-.276.738-.034 1.024-.044 2.515-.045v.002zm4.988 1.328a.96.96 0 1 0 0 1.92.96.96 0 0 0 0-1.92zm-4.27 1.122a4.109 4.109 0 1 0 0 8.217 4.109 4.109 0 0 0 0-8.217zm0 1.441a2.667 2.667 0 1 1 0 5.334 2.667 2.667 0 0 1 0-5.334z\">\n\t\t\t\t\t\t<\/path>\n\t\t\t\t\t<\/svg>\n\t\t\t\t<\/a>\n\n\t\t\t\t<a class=\"social-link\" href=\"https:\/\/www.facebook.com\/cdtec.ufpel\" target=\"_blank\">\n\t\t\t\t\t<svg xmlns=\"http:\/\/www.w3.org\/2000\/svg\" width=\"32\" height=\"32\" fill=\"currentColor\" viewBox=\"0 0 24 24\">\n\t\t\t\t\t\t<path\n\t\t\t\t\t\t\td=\"M12 0c-6.626 0-12 5.373-12 12 0 5.302 3.438 9.8 8.207 11.387.599.111.793-.261.793-.577v-2.234c-3.338.726-4.033-1.416-4.033-1.416-.546-1.387-1.333-1.756-1.333-1.756-1.089-.745.083-.729.083-.729 1.205.084 1.839 1.237 1.839 1.237 1.07 1.834 2.807 1.304 3.492.997.107-.775.418-1.305.762-1.604-2.665-.305-5.467-1.334-5.467-5.931 0-1.311.469-2.381 1.236-3.221-.124-.303-.535-1.524.117-3.176 0 0 1.008-.322 3.301 1.23.957-.266 1.983-.399 3.003-.404 1.02.005 2.047.138 3.006.404 2.291-1.552 3.297-1.23 3.297-1.23.653 1.653.242 2.874.118 3.176.77.84 1.235 1.911 1.235 3.221 0 4.609-2.807 5.624-5.479 5.921.43.372.823 1.102.823 2.222v3.293c0 .319.192.694.801.576 4.765-1.589 8.199-6.086 8.199-11.386 0-6.627-5.373-12-12-12z\" \/>\n\t\t\t\t\t<\/svg>\n\t\t\t\t<\/a>\n\n\t\t\t\t<a class=\"social-link\" href=\"https:\/\/www.facebook.com\/cdtec.ufpel\" target=\"_blank\">\n\t\t\t\t\t<svg xmlns=\"http:\/\/www.w3.org\/2000\/svg\" width=\"32\" height=\"32\" fill=\"currentColor\" viewBox=\"0 0 24 24\">\n\t\t\t\t\t\t<path\n\t\t\t\t\t\t\td=\"M19 0h-14c-2.761 0-5 2.239-5 5v14c0 2.761 2.239 5 5 5h14c2.762 0 5-2.239 5-5v-14c0-2.761-2.238-5-5-5zm-11 19h-3v-11h3v11zm-1.5-12.268c-.966 0-1.75-.79-1.75-1.764s.784-1.764 1.75-1.764 1.75.79 1.75 1.764-.783 1.764-1.75 1.764zm13.5 12.268h-3v-5.604c0-3.368-4-3.113-4 0v5.604h-3v-11h3v1.765c1.396-2.586 7-2.777 7 2.476v6.759z\" \/>\n\t\t\t\t\t<\/svg>\n\t\t\t\t<\/a>\n\t\t\t<\/div> -->\n\t\t<\/div>\n\n\t\t\n\t<\/div>\n\n\t<!-- Ex tutor -->\n\t<div class=\"container\">\n\t\t<h1>Ex tutor<\/h1>\n\t\t<div class=\"ex\">\n\t\t\t<p>LUCIANO VOLCAN AGOSTINI<\/p>\n\t\t<\/div>\n\t<\/div>\n\n\t<!-- Ex petianos -->\n\t<div class=\"container\">\n\t\t<h1>Ex petianos<\/h1>\n\t\t<div class=\"ex\">\n\t\t\t<p>ALBERTO PORTANTIOLO KLEIN<\/p>\n\t\t\t<p>ALVARO JOAN GONCALVES DOS SANTOS<\/p>\n\t\t\t<p>AMY KUHN HAMMES<\/p>\n\t\t\t<p>ANDRWS AIRES VIEIRA<\/p>\n\t\t\t<p>ANDRESSA WERNER<\/p>\n\t\t\t<p>ANA CAROLINA KONRADT<\/p>\n\t\t\t<p>ANA AM\u00c9LIA TRAVERSI<\/p>\n\t\t\t<p>ANA LAURA WERLE PEREYRA<\/p>\n\t\t\t<p>ARTHUR PICCOLI<\/p>\n\t\t\t<p>BIANCA BEPPLER<\/p>\n\t\t\t<p>C\u00c2NDIDO SIGNORINI<\/p>\n\t\t\t<p>CAMILA DE MORAES RAMSON<\/p>\n\t\t\t<p>DANIEL SANTIN DEBASTIANI<\/p>\n\t\t\t<p>DAUAN GHISLENI ZOLINGER<\/p>\n\t\t\t<p>DARLEI SCHMEGEL<\/p>\n\t\t\t<p>DIEISON SOARES SILVEIRA<\/p>\n\t\t\t<p>DOMARYS CORREA<\/p>\n\t\t\t<p>EDUARDO FRANKLIN MODEL<\/p>\n\t\t\t<p>EMERSON VIEIRA<\/p>\n\t\t\t<p>GABRIEL BARROS DE PAULA<\/p>\n\t\t\t<p>GABRIEL PEGORARO GRUPPELLI<\/p>\n\t\t\t<p>GABRIEL ROCHA<\/p>\n\t\t\t<p>GABRIEL SICA SIEDLER<\/p>\n\t\t\t<p>GABRIELLA SELBACH STANIECKI<\/p>\n\t\t\t<p>GERSON MENEZES<\/p>\n\t\t\t<p>GIULIANE OLIVEIRA<\/p>\n\t\t\t<p>GUSTAVO WREGE GONCALVES<\/p>\n\t\t\t<p>HEITOR MATOZO<\/p>\n\t\t\t<p>ISABELA FERNANDES<\/p>\n\t\t\t<p>ISRAEL SILVA BARBARA<\/p>\n\t\t\t<p>JOSE CLAUDIO DE SOUZA JUNIOR<\/p>\n\t\t\t<p>JOSE VITOR SCHNEID DA SILVA<\/p>\n\t\t\t<p>JUATHAN COELHO DUARTE<\/p>\n\t\t\t<p>KARINE PESTANA RAMOS<\/p>\n\t\t\t<p>KATHE ISABELLE<\/p>\n\t\t\t<p>LARISSA SCHONHOFEN<\/p>\n\t\t\t<p>LETICIA SAMPAIO<\/p>\n\t\t\t<p>LIVIA SILVA DO AMARAL<\/p>\n\t\t\t<p>LOUISE QUEIROZ<\/p>\n\t\t\t<p>LUCAS FERREIRA<\/p>\n\t\t\t<p>LUCAS LESSA<\/p>\n\t\t\t<p>LUCIO LEAL BASTOS<\/p>\n\t\t\t<p>LU\u00cdSA TREPTOW RIBEIRO<\/p>\n\t\t\t<p>MARILINE LORINI<\/p>\n\t\t\t<p>MARIA J\u00daLIA LORENZONI<\/p>\n\t\t\t<p>MATHEUS EDUARDO RODRIGUES FREITAG<\/p>\n\t\t\t<p>MATHEUS GARCIA FAGUNDES<\/p>\n\t\t\t<p>MATHEUS GELSDORF<\/p>\n\t\t\t<p>MATHIAS EZEQUIEL<\/p>\n\t\t\t<p>MONIQUE NOGUEIRA FARIA<\/p>\n\t\t\t<p>PABLO MARGREFF<\/p>\n\t\t\t<p>PAMELA POLNOW GNUTZMANN<\/p>\n\t\t\t<p>PAULO EUGENIO FERREIRA FERNANDES<\/p>\n\t\t\t<p>PEDRO MOTA<\/p>\n\t\t\t<p>RAFAEL DA SILVA DUTRA<\/p>\n\t\t\t<p>RAFAEL SILVEIRA<\/p>\n\t\t\t<p>RAQUEL ZIMMER<\/p>\n\t\t\t<p>RENATA ZOTTIS JUNGES<\/p>\n\t\t\t<p>RUHAN AVILA DA CONCEICAO<\/p>\n\t\t\t<p>THALES CEZAR CASTRO<\/p>\n\t\t\t<p>THOMAS VIATROSKI<\/p>\n\t\t\t<p>TIAGO MACKEDANZ<\/p>\n\t\t\t<p>TULIO ISAAK DA SILVA BARBOSA<\/p>\n\t\t\t<p>VICENTE VEIGA<\/p>\n\t\t\t<p>VINICIUS NEVES POSSANI<\/p>\n\t\t\t<p>VINICIUS SILVA DE MORAES<\/p>\n\t\t\t<p>VITOR MANDOWSKI<\/p>\n\t\t\t<p>WILLIAM RODRIGUES<\/p>\n\t\t<\/div>\n\t<\/div>\n<\/body>\n\n<script>\n\tconst menuIcon = document.getElementById('menu-icon');\n\tconst menu = document.getElementById('menu');\n\n\tmenuIcon.addEventListener('click', () => {\n\t\tif (menu.style.display === 'none' || menu.style.display === '') {\n\t\t\tmenu.style.display = 'flex';\n\t\t} else {\n\t\t\tmenu.style.display = 'none';\n\t\t}\n\t});\n<\/script><\/div><\/div><\/div><\/div><\/div>","protected":false},"excerpt":{"rendered":"<p>&#9776; In\u00edcio Projetos Redes Sociais Equipe Guia do Aluno Outros Fotos Planejamento Relat\u00f3rio Nossa Equipe Nossa equipe \u00e9 composta por um professor tutor e por alunos bolsistas dos cursos de Ci\u00eancia da Computa\u00e7\u00e3o e Engenharia da Computa\u00e7\u00e3o da Universidade Federal de Pelotas. Leomar Soares Professor Tutor Diogo Kr\u00fcger Eduarda Medeiros Hiago Muniz Jo\u00e3o Lago Kevin [&hellip;]<\/p>\n","protected":false},"author":829,"featured_media":0,"parent":0,"menu_order":0,"comment_status":"closed","ping_status":"closed","template":"","meta":{"footnotes":""},"class_list":["post-1638","page","type-page","status-publish","hentry","post"],"jetpack_sharing_enabled":true,"_links":{"self":[{"href":"https:\/\/wp.ufpel.edu.br\/petcomp\/wp-json\/wp\/v2\/pages\/1638","targetHints":{"allow":["GET"]}}],"collection":[{"href":"https:\/\/wp.ufpel.edu.br\/petcomp\/wp-json\/wp\/v2\/pages"}],"about":[{"href":"https:\/\/wp.ufpel.edu.br\/petcomp\/wp-json\/wp\/v2\/types\/page"}],"author":[{"embeddable":true,"href":"https:\/\/wp.ufpel.edu.br\/petcomp\/wp-json\/wp\/v2\/users\/829"}],"replies":[{"embeddable":true,"href":"https:\/\/wp.ufpel.edu.br\/petcomp\/wp-json\/wp\/v2\/comments?post=1638"}],"version-history":[{"count":3,"href":"https:\/\/wp.ufpel.edu.br\/petcomp\/wp-json\/wp\/v2\/pages\/1638\/revisions"}],"predecessor-version":[{"id":2005,"href":"https:\/\/wp.ufpel.edu.br\/petcomp\/wp-json\/wp\/v2\/pages\/1638\/revisions\/2005"}],"wp:attachment":[{"href":"https:\/\/wp.ufpel.edu.br\/petcomp\/wp-json\/wp\/v2\/media?parent=1638"}],"curies":[{"name":"wp","href":"https:\/\/api.w.org\/{rel}","templated":true}]}}