{"id":1564,"date":"2023-10-19T20:13:59","date_gmt":"2023-10-19T23:13:59","guid":{"rendered":"https:\/\/wp.ufpel.edu.br\/petcomp\/?page_id=1564"},"modified":"2025-05-11T10:41:18","modified_gmt":"2025-05-11T13:41:18","slug":"projetos","status":"publish","type":"page","link":"https:\/\/wp.ufpel.edu.br\/petcomp\/projetos\/","title":{"rendered":"Projetos"},"content":{"rendered":"<div id=\"pl-1564\"  class=\"panel-layout\" ><div id=\"pg-1564-0\"  class=\"panel-grid panel-no-style\" ><div id=\"pgc-1564-0-0\"  class=\"panel-grid-cell\" ><div id=\"panel-1564-0-0-0\" class=\"widget_text so-panel widget widget_custom_html panel-first-child panel-last-child\" data-index=\"0\" ><div class=\"textwidget custom-html-widget\"><style>\n\t@import url('https:\/\/fonts.googleapis.com\/css2?family=Open+Sans:ital,wght@0,300;0,400;0,500;0,600;0,800;1,300;1,400;1,600;1,700;1,800&display=swap');\n\n\t* {\n\t\tmargin: 0;\n\t\tpadding: 0;\n\t\tbox-sizing: border-box;\n\t\ttext-decoration: none;\n\t\tlist-style: none;\n\t}\n\n\t#masthead {\n\t\tdisplay: none;\n\t}\n\n\t#main {\n\t\tpadding: 0;\n\t}\n\n\t.full-container {\n\t\tmargin-left: 0 !important;\n\t\tmargin-right: 0 !important;\n\t\twidth: 100% !important;\n\t\tmax-width: 100% !important;\n\t}\n\n\t#colophon {\n\t\tbackground-color: #6526B6;\n\t\tmin-height: 230px;\n\t}\n\n\tarticle.post .entry-header,\n\tarticle.page .entry-header {\n\t\tmargin: 0;\n\t}\n\n\tbody,\n\t#main,\n\t#page-wrapper {\n\t\tmin-height: calc(100vh - 230px);\n\t}\n\n\t.entry-content h1,\n\t.entry-content p,\n\t.entry-content ul li {\n\t\tmargin: 0;\n\t}\n\n\t.widget iframe,\n\t.entry-content iframe {\n\t\tmax-width: 373px;\n\t}\n\n\t.fluid-width-video-wrapper iframe {\n\t\tposition: static;\n\t}\n\n\t.fluid-width-video-wrapper {\n\t\tpadding: 0 !important;\n\t}\n\n\tbody {\n\t\tfont-family: 'Open Sans', sans-serif !important;\n\t\tbackground-color: #FCF9FE !important;\n\t}\n\n\t.section-home {\n\t\tdisplay: flex;\n\t\talign-items: center;\n\t\tgap: 0;\n\t\t\/* padding-left: 12%; *\/\n\t\t\/* margin-bottom: 3.5%; *\/\n\t\tpadding: 0 5%;\n\t\tmargin-bottom: 5%;\n\t}\n\n\t.section-home div {\n\t\tdisplay: flex;\n\t\tflex-direction: column;\n\t\talign-items: center;\n\t\twidth: 100%;\n\t\tgap: 24px;\n\t}\n\n\t.section-home div h1 {\n\t\tcolor: #6526B6;\n\t\tfont-size: xx-large;\n\t\tfont-weight: 600;\n\t}\n\n\t.section-home div p {\n\t\tcolor: #444255;\n\t\tfont-weight: 500;\n\t\tfont-size: medium;\n\t\ttext-align: justify;\n\t}\n\n\t.section-home img {\n\t\twidth: 40%;\n\t\theight: auto;\n\t}\n\n\t.section-projects {\n\t\tdisplay: flex;\n\t\tpadding: 0 5%;\n\t\tjustify-content: center;\n\t\tflex-wrap: wrap;\n\t\tgap: 24px;\n\t\tmargin-bottom: 5%;\n\t}\n\n\t.project-card {\n\t\tbox-shadow: 2px 2px 4px rgba(0, 0, 0, 0.5);\n\t\tborder: 2px solid #6526B6;\n\t\twidth: 320px;\n\t\tgap: 12px;\n\t\tdisplay: flex;\n\t\tflex-direction: column;\n\t\talign-items: center;\n\t\tjustify-content: space-between;\n\t\tborder-radius: 16px;\n\t\tpadding: 12px;\n\t}\n\n\t.project-card img {\n\t\t\t\/* width: 50%;\n\t\t\theight: auto; *\/\n\t\t\theight: 140px;\n\t\t\twidth: auto;\n\t}\n\n\t.project-card button {\n\t\tborder: none;\n\t\tcolor: #fff;\n\t\tbackground-color: #6526B6;\n\t\tborder-radius: 12px;\n\t\tdisplay: flex;\n\t\tpadding: 0;\n\t}\n\n\t.project-card button:hover {\n\t\tbackground-color: rgba(101, 38, 182, 0.9);\n\t}\n\n\t.project-card button a {\n\t\ttext-decoration: none;\n\t\tcolor: #fff;\n\t\tfont-weight: 500;\n\t\tfont-size: medium;\n\t\tpadding: 16px 24px;\n\t}\n \t.entry-content a:hover {\n\t\tcolor: #fff;\n\t}\n\n\t@media screen and (max-width: 930px) {\n\t\t.section-home img {\n\t\t\tdisplay: none;\n\t\t}\n\t}\n<\/style>\n\n<body>\n\t<header class=\"header\">\n\t\t<img decoding=\"async\" src=\"https:\/\/wp.ufpel.edu.br\/petcomp\/files\/2025\/04\/PET-site-e1745434315359.png\" alt=\"\">\n\t\t<div id=\"menu-icon\">&#9776;<\/div>\n\t\t<ul id=\"menu\">\n\t\t\t<li class=\"active\"><a href=\"https:\/\/wp.ufpel.edu.br\/petcomp\/\">In\u00edcio<\/a><\/li>\n\t\t\t<li><a href=\"https:\/\/wp.ufpel.edu.br\/petcomp\/projetos\/\">Projetos<\/a><\/li>\n\t\t\t<li><a href=\"https:\/\/wp.ufpel.edu.br\/petcomp\/redes-sociais\/\">Redes Sociais<\/a><\/li>\n\t\t\t<li><a href=\"https:\/\/wp.ufpel.edu.br\/petcomp\/equipe\/\">Equipe<\/a><\/li>\n\t\t\t<li><a href=\"https:\/\/wp.ufpel.edu.br\/petcomp\/guia-do-aluno\/\" target=\"_blank\">Guia do Aluno<\/a><\/li>\n\t\t\t<li>\n\t\t\t\t<a href=\"#\">Outros<\/a>\n\t\t\t\t<ul>\n\t\t\t\t\t<li><a href=\"https:\/\/wp.ufpel.edu.br\/petcomp\/fotos\/\">Fotos<\/a><\/li>\n          <li><a href=\"https:\/\/wp.ufpel.edu.br\/petcomp\/planejamento\/\" target=\"_blank\">Planejamento<\/a><\/li>\n          <li><a href=\"https:\/\/wp.ufpel.edu.br\/petcomp\/relatorio\/\" target=\"_blank\">Relat\u00f3rio<\/a><\/li>\n\t\t\t\t<\/ul>\n\t\t\t<\/li>\n\t\t<\/ul>\n\t<\/header>\n\n\t<section class=\"section-home\">\n\t\t<div>\n\t\t\t<h1>Conhe\u00e7a nossos projetos!<\/h1>\n\t\t\t<p>\n\t\t\t\tAlguns de nossos projetos em execu\u00e7\u00e3o, em desenvolvimento ou j\u00e1 conclu\u00eddos com sucesso, que englobam projetos de desenvolvimento tecnol\u00f3gico, inclus\u00e3o digital e pesquisas!\n\t\t\t<\/p>\n\t\t<\/div>\n\t\t<img decoding=\"async\" src=\"https:\/\/wp.ufpel.edu.br\/petcomp\/files\/2023\/10\/foguete.png\" alt=\"ilustra\u00e7\u00e3o de projetos\">\n\t<\/section>\n\n\t<section class=\"section-projects\">\n\t\t<section class=\"project-card\">\n\t\t\t<img decoding=\"async\" src=\"https:\/\/wp.ufpel.edu.br\/petcomp\/files\/2025\/02\/unapi-logo-e1740661173840.png\" alt=\"Logo do curso de Inform\u00e1tica para UNAPI\">\n\t\t\t<button>\n\t\t\t\t<a href=\"https:\/\/wp.ufpel.edu.br\/petcomp\/unapi\/\" rel=\"noopener\">\n\t\t\t\t\tSaiba mais\n\t\t\t\t<\/a>\n\t\t\t<\/button>\n\t\t<\/section>\n\n\t\t<section class=\"project-card\">\n\t\t\t<img decoding=\"async\" src=\"https:\/\/wp.ufpel.edu.br\/petcomp\/files\/2025\/02\/logo-eletronic-aware.png\" alt=\"Logo do projeto Lixo Eletr\u00f4nico\">\n\t\t\t<button>\n\t\t\t\t<a href=\"https:\/\/wp.ufpel.edu.br\/petcomp\/lixo-eletronico\/\" rel=\"noopener\">\n\t\t\t\t\tSaiba mais\n\t\t\t\t<\/a>\n\t\t\t<\/button>\n\t\t<\/section>\n\n\t\t<section class=\"project-card\">\n\t\t\t<img decoding=\"async\" src=\"https:\/\/wp.ufpel.edu.br\/petcomp\/files\/2025\/02\/Rank-Lattes-logo.png\" alt=\"Logo do projeto Rank Lattes\">\n\t\t\t<button>\n\t\t\t\t<a href=\" https:\/\/wp.ufpel.edu.br\/petcomp\/rank-lattes-2\/\" rel=\"noopener\">\n\t\t\t\t\tSaiba mais\n\t\t\t\t<\/a>\n\t\t\t<\/button>\n\t\t<\/section>\n\t\t\n\t\t<section class=\"project-card\">\n\t\t\t<img decoding=\"async\" src=\"https:\/\/wp.ufpel.edu.br\/petcomp\/files\/2023\/12\/logo-compile.academic-vertical.png\" alt=\"Logo do curso Compile.academic\">\n\t\t\t<button>\n\t\t\t\t<a href=\"https:\/\/wp.ufpel.edu.br\/petcomp\/compile-academic\/\" rel=\"noopener\">\n\t\t\t\t\tSaiba mais\n\t\t\t\t<\/a>\n\t\t\t<\/button>\n\t\t<\/section>\n\t\t\n\t\t<section class=\"project-card\">\n\t\t\t<img decoding=\"async\" src=\"https:\/\/wp.ufpel.edu.br\/petcomp\/files\/2023\/10\/compile6x6.png\" alt=\"Logo do curso Compile\">\n\t\t\t<button>\n\t\t\t\t<a href=\"https:\/\/wp.ufpel.edu.br\/petcomp\/compile-exe\/\" rel=\"noopener\">\n\t\t\t\t\tSaiba mais\n\t\t\t\t<\/a>\n\t\t\t<\/button>\n\t\t<\/section>\n\t\t\n\t\t<section class=\"project-card\">\n\t\t\t<img decoding=\"async\" src=\"https:\/\/wp.ufpel.edu.br\/petcomp\/files\/2023\/10\/diversidade6x6.png\" alt=\"Logo do curso diversidade\">\n\t\t\t<button>\n\t\t\t\t<a href=\"https:\/\/wp.ufpel.edu.br\/petcomp\/diversidade\/\" rel=\"noopener\">\n\t\t\t\t\tSaiba mais\n\t\t\t\t<\/a>\n\t\t\t<\/button>\n\t\t<\/section>\n\t\t\n\t\t<section class=\"project-card\">\n\t\t\t<img decoding=\"async\" src=\"https:\/\/wp.ufpel.edu.br\/petcomp\/files\/2023\/10\/VinhetaImagemCafeBinario.jpg\" alt=\"Logo do projeto Caf\u00e9 bin\u00e1rio\">\n\t\t\t<button>\n\t\t\t\t<a href=\"https:\/\/wp.ufpel.edu.br\/petcomp\/cafe-binario\/\" rel=\"noopener\">\n\t\t\t\t\tSaiba mais\n\t\t\t\t<\/a>\n\t\t\t<\/button>\n\t\t<\/section>\n\t\t\n\t<\/section>\n\n<\/body>\n\n<script>\n\tconst menuIcon = document.getElementById('menu-icon');\n\tconst menu = document.getElementById('menu');\n\n\tmenuIcon.addEventListener('click', () => {\n\t\tif (menu.style.display === 'none' || menu.style.display === '') {\n\t\t\tmenu.style.display = 'flex';\n\t\t} else {\n\t\t\tmenu.style.display = 'none';\n\t\t}\n\t});\n<\/script><\/div><\/div><\/div><\/div><\/div>","protected":false},"excerpt":{"rendered":"<p>&#9776; In\u00edcio Projetos Redes Sociais Equipe Guia do Aluno Outros Fotos Planejamento Relat\u00f3rio Conhe\u00e7a nossos projetos! Alguns de nossos projetos em execu\u00e7\u00e3o, em desenvolvimento ou j\u00e1 conclu\u00eddos com sucesso, que englobam projetos de desenvolvimento tecnol\u00f3gico, inclus\u00e3o digital e pesquisas! Saiba mais Saiba mais Saiba mais Saiba mais Saiba mais Saiba mais Saiba mais<\/p>\n","protected":false},"author":829,"featured_media":0,"parent":0,"menu_order":0,"comment_status":"closed","ping_status":"closed","template":"","meta":{"footnotes":""},"class_list":["post-1564","page","type-page","status-publish","hentry","post"],"jetpack_sharing_enabled":true,"_links":{"self":[{"href":"https:\/\/wp.ufpel.edu.br\/petcomp\/wp-json\/wp\/v2\/pages\/1564","targetHints":{"allow":["GET"]}}],"collection":[{"href":"https:\/\/wp.ufpel.edu.br\/petcomp\/wp-json\/wp\/v2\/pages"}],"about":[{"href":"https:\/\/wp.ufpel.edu.br\/petcomp\/wp-json\/wp\/v2\/types\/page"}],"author":[{"embeddable":true,"href":"https:\/\/wp.ufpel.edu.br\/petcomp\/wp-json\/wp\/v2\/users\/829"}],"replies":[{"embeddable":true,"href":"https:\/\/wp.ufpel.edu.br\/petcomp\/wp-json\/wp\/v2\/comments?post=1564"}],"version-history":[{"count":41,"href":"https:\/\/wp.ufpel.edu.br\/petcomp\/wp-json\/wp\/v2\/pages\/1564\/revisions"}],"predecessor-version":[{"id":1974,"href":"https:\/\/wp.ufpel.edu.br\/petcomp\/wp-json\/wp\/v2\/pages\/1564\/revisions\/1974"}],"wp:attachment":[{"href":"https:\/\/wp.ufpel.edu.br\/petcomp\/wp-json\/wp\/v2\/media?parent=1564"}],"curies":[{"name":"wp","href":"https:\/\/api.w.org\/{rel}","templated":true}]}}