{"id":1517,"date":"2023-10-18T15:24:25","date_gmt":"2023-10-18T18:24:25","guid":{"rendered":"https:\/\/wp.ufpel.edu.br\/petcomp\/?page_id=1517"},"modified":"2025-04-23T15:57:21","modified_gmt":"2025-04-23T18:57:21","slug":"compile-exe","status":"publish","type":"page","link":"https:\/\/wp.ufpel.edu.br\/petcomp\/compile-exe\/","title":{"rendered":"Compile.exe"},"content":{"rendered":"<div id=\"pl-1517\"  class=\"panel-layout\" ><div id=\"pg-1517-0\"  class=\"panel-grid panel-no-style\" ><div id=\"pgc-1517-0-0\"  class=\"panel-grid-cell\" ><div id=\"panel-1517-0-0-0\" class=\"widget_text so-panel widget widget_custom_html panel-first-child panel-last-child\" data-index=\"0\" ><div class=\"textwidget custom-html-widget\"><style>\n\t@import url('https:\/\/fonts.googleapis.com\/css2?family=Open+Sans:ital,wght@0,300;0,400;0,500;0,600;0,800;1,300;1,400;1,600;1,700;1,800&display=swap');\n\n\t* {\n\t\tmargin: 0;\n\t\tpadding: 0;\n\t\tbox-sizing: border-box;\n\t\ttext-decoration: none;\n\t\tlist-style: none;\n\t}\n\n\t#masthead {\n\t\tdisplay: none;\n\t}\n\n\t#main {\n\t\tpadding: 0;\n\t}\n\n\t.full-container {\n\t\tmargin-left: 0 !important;\n\t\tmargin-right: 0 !important;\n\t\twidth: 100% !important;\n\t\tmax-width: 100% !important;\n\t}\n\n\t#colophon {\n\t\tbackground-color: #6526B6;\n\t\tmin-height: 230px;\n\t}\n\n\tarticle.post .entry-header,\n\tarticle.page .entry-header {\n\t\tmargin: 0;\n\t}\n\n\tbody,\n\t#main,\n\t#page-wrapper {\n\t\tmin-height: calc(100vh - 230px);\n\t}\n\t.entry-content h1,\n\t.entry-content p,\n\t.entry-content ul li{\n\t\tmargin: 0;\n\t}\n\t.widget iframe,\n\t.entry-content iframe {\n\t\tmax-width: 373px;\n\t}\n\t.fluid-width-video-wrapper iframe {\n\t\tposition: static;\n\t}\n\t.fluid-width-video-wrapper {\n\t\tpadding: 0 !important;\n\t}\n\n\tbody {\n\t\tfont-family: 'Open Sans', sans-serif !important;\n\t\tbackground-color: #FCF9FE !important;\n\t}\n\n\t.logosInicio {\n\t\tdisplay: flex;\n\t\tjustify-content: center;\n\t\tgap: 5%;\n\t\tmargin-bottom: 5%;\n\t}\n\n\t.logosInicio img {\n\t\theight: 220px;\n\t\twidth: auto;\n\t}\n\n\t.container {\n\t\tdisplay: flex;\n\t\tjustify-content: center;\n\t\tflex-direction: column;\n\t\tgap: 24px;\n\t\tmargin-bottom: 5%;\n\t\tpadding: 0 5%;\n\t}\n\n\t.container h1 {\n\t\ttext-align: center;\n\t\tcolor: #FF9900;\n\t\tfont-size: xx-large;\n\t\tfont-weight: 600;\n\t}\n\n\t.container p {\n\t\ttext-align: center;\n\t\tcolor: #444255;\n\t\tfont-weight: 500;\n\t\tfont-size: medium;\n\t}\n\n\t.container-cards {\n\t\tdisplay: flex;\n\t\tflex-direction: column;\n\t\tgap: 24px;\n\t}\n\n\t.container-cards h1 {\n\t\ttext-align: center;\n\t\tcolor: #FF9900;\n\t\tfont-size: xx-large;\n\t\tfont-weight: 600;\n\t}\n\n\t.container-cards .cards {\n\t\t\tdisplay: flex;\n\t\t\tjustify-content: center;\n\t\t\tflex-direction: row;\n\t\t\tflex-wrap: wrap;\n\t\t\twidth: 100%;\n\t\t\tgap: 24px;\n\t\t\tpadding: 0 5%;\n\t\t\tmargin-bottom: 5%;\n\t\t}\n\n\t\t.container-cards .cards .card {\n\t\t\tdisplay: flex;\n\t\t\tflex-direction: column;\n\t\t\talign-items: center;\n\t\t\tjustify-content: space-between;\n\t\t\tbox-shadow: 4px 4px 8px 2px rgba(28, 28, 28, 0.2);\n\t\t\tborder: solid 2px #FF9900;\n\t\t\tpadding: 12px 0px;\n\t\t\tborder-radius: 36px;\n\t\t\twidth: 260px;\n\t\t\theight: 280px;\n\t\t\tbackground-color: #fff;\n\t\t}\n\n\t\t.container-cards .cards .card h1 {\n\t\t\ttext-align: center;\n\t\t\tcolor: #FF9900;\n\t\t\tfont-size: large;\n\t\t}\n\n\t\t.container-cards .cards .card button {\n\t\t\tdisplay: flex;\n\t\t\tfont-size: 16px;\n\t\t\tcolor: #fff;\n\t\t\tbackground-color: #FF9900;\n\t\t\tborder: none;\n\t\t\tborder-radius: 12px;\n\t\t\tpadding: 0;\n\t\t}\n\n\t\t.container-cards .cards .card button a {\n\t\t\ttext-decoration: none;\n\t\t\tcolor: inherit;\n\t\t\tfont-weight: 500;\n\t\t\tfont-size: medium;\n\t\t\tpadding: 16px 24px;\n\t\t}\n\n\t\t.container-cards .cards .card button:hover {\n\t\t\tbackground-color: rgba(255, 153, 0, .9)\n\t\t}\n\n\t.container-videoaulas {\n\t\tmargin-bottom: 5%;\n\t\tpadding: 0 5%;\n\t\tdisplay: flex;\n\t\tflex-direction: column;\n\t\tgap: 24px;\n\t}\n\n\t.container-videoaulas h1 {\n\t\ttext-align: center;\n\t\tcolor: #FF9900;\n\t\tfont-size: xx-large;\n\t\tfont-weight: 600;\n\t}\n\n\t.container-videoaulas div ul {\n\t\toverflow-x: auto;\n\t\tdisplay: flex;\n\t\tpadding: 8px;\n\t\tgap: 12px;\n\t\tmargin: 0;\n\t\tlist-style: none;\n\t}\n\t.container-videoaulas div ul li iframe {\n\t\twidth: 373px;\n\t\theight: 210px;\n\t}\n\n\t.carousel {\n\t\tposition: relative;\n\t\twidth: 100%;\n\t\theight: 300px;\n\t\toverflow: hidden;\n\t}\n\n\t.carousel .carousel-item {\n\t\tposition: absolute;\n\t\twidth: 30%;\n\t\theight: auto;\n\t\tobject-fit: contain;\n\t\tleft: 105%;\n\t\topacity: 0;\n\t\ttransition: all 1.5s ease-in-out;\n\t}\n\n\t.carousel .carousel-item.previous {\n\t\tleft: -35%;\n\t\topacity: 0;\n\t}\n\n\t.carousel .carousel-item.one {\n\t\tleft: 0;\n\t\topacity: 1;\n\t}\n\n\t.carousel .carousel-item.two {\n\t\tleft: 35%;\n\t\topacity: 1;\n\t}\n\n\t.carousel .carousel-item.three {\n\t\tleft: 70%;\n\t\topacity: 1;\n\t}\n\n\t@media (max-width:800px) {\n\t\t.logosInicio img {\n\t\t\theight: auto;\n\t\t\tmax-width: 60%;\n\t\t}\n\t}\n\n\t@media (max-width:600px) {\n\t\t.carousel .carousel-item {\n\t\t\twidth: 45%;\n\t\t}\n\n\t\t.carousel .carousel-item.previous {\n\t\t\tleft: -55%;\n\t\t}\n\n\t\t.carousel .carousel-item.two {\n\t\t\tleft: 55%;\n\t\t\topacity: 1;\n\t\t}\n\n\t\t.carousel .carousel-item.three {\n\t\t\tleft: 110%;\n\t\t\topacity: 0;\n\t\t}\n\t}\n\n\t@media (max-width:480px) {\n\t\t.carousel .carousel-item {\n\t\t\twidth: 100%;\n\t\t}\n\n\t\t.carousel .carousel-item.previous {\n\t\t\tleft: -110%;\n\t\t}\n\n\t\t.carousel .carousel-item.one {\n\t\t\topacity: 1;\n\t\t}\n\n\t\t.carousel .carousel-item.two {\n\t\t\tleft: 110%;\n\t\t\topacity: 0;\n\t\t}\n\n\t\t.carousel .carousel-item.three {\n\t\t\tleft: 110%;\n\t\t}\n\t}\n<\/style>\n\n<body>\n\t<header class=\"header\">\n\t\t<img decoding=\"async\" src=\"https:\/\/wp.ufpel.edu.br\/petcomp\/files\/2025\/04\/PET-site-e1745434315359.png\" alt=\"\">\n\t\t<div id=\"menu-icon\">&#9776;<\/div>\n\t\t<ul id=\"menu\">\n\t\t\t<li class=\"active\"><a href=\"https:\/\/wp.ufpel.edu.br\/petcomp\/\">In\u00edcio<\/a><\/li>\n\t\t\t<li><a href=\"https:\/\/wp.ufpel.edu.br\/petcomp\/projetos\/\">Projetos<\/a><\/li>\n\t\t\t<li><a href=\"https:\/\/wp.ufpel.edu.br\/petcomp\/redes-sociais\/\">Redes Sociais<\/a><\/li>\n\t\t\t<li><a href=\"https:\/\/wp.ufpel.edu.br\/petcomp\/equipe\/\">Equipe<\/a><\/li>\n\t\t\t<li><a href=\"https:\/\/wp.ufpel.edu.br\/petcomp\/guia-do-aluno\/\" target=\"_blank\">Guia do Aluno<\/a><\/li>\n\t\t\t<li>\n\t\t\t\t<a href=\"#\">Outros<\/a>\n\t\t\t\t<ul>\n\t\t\t\t\t<li><a href=\"https:\/\/wp.ufpel.edu.br\/petcomp\/fotos\/\">Fotos<\/a><\/li>\n          <li><a href=\"https:\/\/wp.ufpel.edu.br\/petcomp\/planejamento\/\" target=\"_blank\">Planejamento<\/a><\/li>\n          <li><a href=\"https:\/\/wp.ufpel.edu.br\/petcomp\/relatorio\/\" target=\"_blank\">Relat\u00f3rio<\/a><\/li>\n\t\t\t\t<\/ul>\n\t\t\t<\/li>\n\t\t<\/ul>\n\t<\/header>\n\n\t<div class=\"logosInicio\">\n\t\t<img decoding=\"async\" src=\"https:\/\/wp.ufpel.edu.br\/petcomp\/files\/2023\/07\/logo-compile.png\" alt=\"logo do curso de programa\u00e7\u00e3o chamado compile.exe\" \/>\n\t<\/div>\n\n\t<section class=\"container\">\n\t\t<h1> Objetivo <\/h1>\n\t\t<p> Compile.exe \u00e9 um curso introdut\u00f3rio de programa\u00e7\u00e3o em linguagem C, projetado para iniciantes.\n\t\t\tNosso objetivo principal \u00e9 desenvolver o racioc\u00ednio l\u00f3gico e computacional dos alunos, capacitando-os\n\t\t\tpara desenvolver algoritmos. O curso serve como um ponto de partida para aqueles que desejam ingressar\n\t\t\tem carreiras em tecnologia ou para qualquer pessoa que queira entender melhor como a tecnologia funciona,\n\t\t\ttornando-a mais acess\u00edvel e inclusiva. <\/p>\n\t<\/section>\n\n\t<section class=\"container-cards\">\n\t\t<h1>Material<\/h1>\n\t\t<div class=\"cards\">\n\t\t\t<!-- <div class=\"card\">\n\t\t\t<h1>Presen\u00e7a Semanal<\/h1>\n\t\t\t<img decoding=\"async\" src=\"https:\/\/wp.ufpel.edu.br\/petcomp\/files\/2023\/07\/midia-social.png\" alt=\"\" width=\"128\">\n\t\t\t<button>\n\t\t\t\t<a href=\"\" target=\"_blank\" rel=\"noopener\">Clique aqui<\/a>\n\t\t\t<\/button>\n\t\t<\/div> -->\n\n\t\t\t<div class=\"card\">\n\t\t\t\t<h1>Aulas<\/h1>\n\t\t\t\t<img decoding=\"async\" src=\"https:\/\/wp.ufpel.edu.br\/petcomp\/files\/2023\/07\/apresentacao-de-negocios.png\" alt=\"\" width=\"128\">\n\t\t\t\t<button>\n\t\t\t\t\t<a href=\"https:\/\/drive.google.com\/drive\/folders\/1QPnyigmEAX9SDcygnsjQkC2UjazKLQIm?usp=share_link\"\n\t\t\t\t\t\ttarget=\"_blank\" rel=\"noopener\">Clique aqui<\/a>\n\t\t\t\t<\/button>\n\t\t\t<\/div>\n\n\t\t\t<div class=\"card\">\n\t\t\t\t<h1>C\u00f3digos<\/h1>\n\t\t\t\t<img decoding=\"async\" src=\"https:\/\/wp.ufpel.edu.br\/petcomp\/files\/2023\/07\/algoritmo.png\" alt=\"\" width=\"128\">\n\t\t\t\t<button>\n\t\t\t\t\t<a href=\"https:\/\/drive.google.com\/drive\/folders\/1tkXHWj1c15qLrLS7J9IiT307w2EZ6wG5?usp=share_link\"\n\t\t\t\t\t\ttarget=\"_blank\" rel=\"noopener\">Clique aqui<\/a>\n\t\t\t\t<\/button>\n\t\t\t<\/div>\n\t\t<\/div>\n\t<\/section>\n\n\t<section class=\"container-videoaulas\">\n\t\t<h1>V\u00eddeo aulas<\/h1>\n\t\t<div>\n\t\t\t<ul>\n\t\t\t\t<li>\n\t\t\t\t\t<iframe loading=\"lazy\" title=\"YouTube video player\" src=\"https:\/\/www.youtube.com\/embed\/I92Di_A8xTo\" width=\"373\" height=\"210\"\n\t\t\t\t\t\tframeborder=\"0\" allowfullscreen=\"allowfullscreen\">\n\t\t\t\t\t<\/iframe>\n\t\t\t\t<\/li>\n\t\t\t\t<li>\n\t\t\t\t\t<iframe title=\"YouTube video player\" src=\"https:\/\/www.youtube.com\/embed\/Pme1eTke77M?si=_H36hYTbC_4tFRwy\"\n\t\t\t\t\t\twidth=\"373\" height=\"210\" frameborder=\"0\" allowfullscreen=\"allowfullscreen\">\n\t\t\t\t\t<\/iframe>\n\t\t\t\t<\/li>\n\t\t\t\t<li>\n\t\t\t\t\t<iframe title=\"YouTube video player\" src=\"https:\/\/www.youtube.com\/embed\/dk783L5aQuQ?si=TwD3bmyFd5qWawGl\"\n\t\t\t\t\t\twidth=\"373\" height=\"210\" frameborder=\"0\" allowfullscreen=\"allowfullscreen\">\n\t\t\t\t\t<\/iframe>\n\t\t\t\t<\/li>\n\t\t\t\t<li>\n\t\t\t\t\t<iframe title=\"YouTube video player\" src=\"https:\/\/www.youtube.com\/embed\/rk3D9mkd6q4?si=-l38moRHYrGlpwT2\"\n\t\t\t\t\t\twidth=\"373\" height=\"210\" frameborder=\"0\" allowfullscreen=\"allowfullscreen\">\n\t\t\t\t\t<\/iframe>\n\t\t\t\t<\/li>\n\t\t\t\t<li>\n\t\t\t\t\t<iframe loading=\"lazy\" width=\"373\" height=\"210\" src=\"https:\/\/www.youtube.com\/embed\/nJh_5rb4Yo8?si=JBJx1LPwIfqEsN_j\"\n\t\t\t\t\t\ttitle=\"YouTube video player\" frameborder=\"0\"\n\t\t\t\t\t\tallow=\"accelerometer; autoplay; clipboard-write; encrypted-media; gyroscope; picture-in-picture; web-share\"\n\t\t\t\t\t\tallowfullscreen><\/iframe>\n\t\t\t\t<\/li>\n\t\t\t<\/ul>\n\t\t<\/div>\n\t<\/section>\n\n\t<section class=\"container\">\n\t\t<h1> Encontros <\/h1>\n\t\t<p> Registros dos encontros presenciais durante o curso.<\/p>\n\n\t\t<div class=\"carousel\">\n\t\t\t<img decoding=\"async\" class=\"carousel-item\" src=\"https:\/\/wp.ufpel.edu.br\/petcomp\/files\/2023\/10\/compile-1.jpg\" alt=\"\">\n\t\t\t<img decoding=\"async\" class=\"carousel-item\" src=\"https:\/\/wp.ufpel.edu.br\/petcomp\/files\/2023\/10\/compile-2.jpeg\" alt=\"\">\n\t\t\t<img decoding=\"async\" class=\"carousel-item\" src=\"https:\/\/wp.ufpel.edu.br\/petcomp\/files\/2023\/10\/compile-3.jpg\" alt=\"\">\n\t\t\t<img decoding=\"async\" class=\"carousel-item\" src=\"https:\/\/wp.ufpel.edu.br\/petcomp\/files\/2023\/10\/compile-4.jpeg\" alt=\"\">\n\t\t\t<img decoding=\"async\" class=\"carousel-item\" src=\"https:\/\/wp.ufpel.edu.br\/petcomp\/files\/2023\/10\/compile-5-scaled.jpeg\" alt=\"\">\n\t\t\t<img decoding=\"async\" class=\"carousel-item\" src=\"https:\/\/wp.ufpel.edu.br\/petcomp\/files\/2023\/10\/compile-6-scaled.jpeg\" alt=\"\">\n\t\t\t<img decoding=\"async\" class=\"carousel-item\" src=\"https:\/\/wp.ufpel.edu.br\/petcomp\/files\/2023\/10\/compile-7.jpg\" alt=\"\">\n\t\t\t<img decoding=\"async\" class=\"carousel-item\" src=\"https:\/\/wp.ufpel.edu.br\/petcomp\/files\/2023\/10\/compile-8.jpeg\" alt=\"\">\n\t\t<\/div>\n\n\t<\/section>\n\n<\/body>\n\n<script>\n\tconst menuIcon = document.getElementById('menu-icon');\n\tconst menu = document.getElementById('menu');\n\n\tmenuIcon.addEventListener('click', () => {\n\t\tif (menu.style.display === 'none' || menu.style.display === '') {\n\t\t\tmenu.style.display = 'flex';\n\t\t} else {\n\t\t\tmenu.style.display = 'none';\n\t\t}\n\t});\n\n\tfunction handleResize() {\n\t\tvar slides = document.querySelectorAll('.carousel-item')\n\t\tconst carousel = document.querySelector('.carousel');\n\t\tcarousel.style.height = slides[0].clientHeight + 'px';\n\t}\n\n\twindow.onload = function () {\n\t\thandleResize();\n\t\tvar slides = document.querySelectorAll('.carousel-item'),\n\t\t\tcurrentIndex = 0;\n\n\t\tfunction updateCarousel() {\n\n\t\t\tfor (var i = 0; i < slides.length; i++) {\n\t\t\t\tslides[i].classList.remove('previous', 'one', 'two', 'three');\n\t\t\t}\n\n\t\t\tslides[currentIndex].classList.add('one');\n\t\t\tslides[(currentIndex + 1) % slides.length].classList.add('two');\n\t\t\tslides[(currentIndex + 2) % slides.length].classList.add('three');\n\t\t\tslides[(currentIndex - 1 + slides.length) % slides.length].classList.add('previous');\n\t\t}\n\n\t\tsetInterval(function () {\n\t\t\tcurrentIndex = (currentIndex + 1) % slides.length;\n\t\t\tfor (var i = 0; i < slides.length; i++) {\n\t\t\t\tslides[i].classList.remove('three');\n\t\t\t}\n\t\t\tupdateCarousel();\n\t\t\thandleResize();\n\t\t}, 3000);\n\n\t\tupdateCarousel();\n\t}\n<\/script><\/div><\/div><\/div><\/div><\/div>","protected":false},"excerpt":{"rendered":"<p>&#9776; In\u00edcio Projetos Redes Sociais Equipe Guia do Aluno Outros Fotos Planejamento Relat\u00f3rio Objetivo Compile.exe \u00e9 um curso introdut\u00f3rio de programa\u00e7\u00e3o em linguagem C, projetado para iniciantes. Nosso objetivo principal \u00e9 desenvolver o racioc\u00ednio l\u00f3gico e computacional dos alunos, capacitando-os para desenvolver algoritmos. O curso serve como um ponto de partida para aqueles que desejam [&hellip;]<\/p>\n","protected":false},"author":829,"featured_media":0,"parent":0,"menu_order":0,"comment_status":"closed","ping_status":"closed","template":"","meta":{"footnotes":""},"class_list":["post-1517","page","type-page","status-publish","hentry","post"],"jetpack_sharing_enabled":true,"_links":{"self":[{"href":"https:\/\/wp.ufpel.edu.br\/petcomp\/wp-json\/wp\/v2\/pages\/1517","targetHints":{"allow":["GET"]}}],"collection":[{"href":"https:\/\/wp.ufpel.edu.br\/petcomp\/wp-json\/wp\/v2\/pages"}],"about":[{"href":"https:\/\/wp.ufpel.edu.br\/petcomp\/wp-json\/wp\/v2\/types\/page"}],"author":[{"embeddable":true,"href":"https:\/\/wp.ufpel.edu.br\/petcomp\/wp-json\/wp\/v2\/users\/829"}],"replies":[{"embeddable":true,"href":"https:\/\/wp.ufpel.edu.br\/petcomp\/wp-json\/wp\/v2\/comments?post=1517"}],"version-history":[{"count":49,"href":"https:\/\/wp.ufpel.edu.br\/petcomp\/wp-json\/wp\/v2\/pages\/1517\/revisions"}],"predecessor-version":[{"id":1959,"href":"https:\/\/wp.ufpel.edu.br\/petcomp\/wp-json\/wp\/v2\/pages\/1517\/revisions\/1959"}],"wp:attachment":[{"href":"https:\/\/wp.ufpel.edu.br\/petcomp\/wp-json\/wp\/v2\/media?parent=1517"}],"curies":[{"name":"wp","href":"https:\/\/api.w.org\/{rel}","templated":true}]}}