{"id":1461,"date":"2023-10-18T01:18:58","date_gmt":"2023-10-18T04:18:58","guid":{"rendered":"https:\/\/wp.ufpel.edu.br\/petcomp\/?page_id=1461"},"modified":"2025-04-23T15:57:41","modified_gmt":"2025-04-23T18:57:41","slug":"diversidade","status":"publish","type":"page","link":"https:\/\/wp.ufpel.edu.br\/petcomp\/diversidade\/","title":{"rendered":"Diversidade"},"content":{"rendered":"<div id=\"pl-1461\"  class=\"panel-layout\" ><div id=\"pg-1461-0\"  class=\"panel-grid panel-no-style\" ><div id=\"pgc-1461-0-0\"  class=\"panel-grid-cell\" ><div id=\"panel-1461-0-0-0\" class=\"widget_text so-panel widget widget_custom_html panel-first-child panel-last-child\" data-index=\"0\" ><div class=\"textwidget custom-html-widget\"><style>\n@import url('https:\/\/fonts.googleapis.com\/css2?family=Open+Sans:ital,wght@0,300;0,400;0,500;0,600;0,800;1,300;1,400;1,600;1,700;1,800&display=swap');\n\n* {\n    margin: 0;\n    padding: 0;\n    box-sizing: border-box;\n    text-decoration: none;\n    list-style: none;\n}\n\n#masthead {\n    display: none;\n}\n\n#main {\n    padding: 0;\n}\n\n.full-container {\n    margin-left: 0 !important;\n    margin-right: 0 !important;\n    width: 100% !important;\n    max-width: 100% !important;\n}\n\n#colophon {\n    background-color: #6526B6;\n    min-height: 230px;\n}\n\narticle.post .entry-header,\narticle.page .entry-header {\n    margin: 0;\n}\n\nbody,\n#main,\n#page-wrapper {\n    min-height: calc(100vh - 230px);\n}\n\n.entry-content h1,\n.entry-content p {\n    margin: 0;\n}\n\nbody {\n    font-family: 'Open Sans', sans-serif !important;\n    background-color: #FCF9FE !important;\n}\n\n.logosInicio {\n    display: flex;\n    justify-content: center;\n    gap: 5%;\n    margin-bottom: 5%;\n}\n\n.logosInicio img {\n    width: auto;\n    height: 160px;\n}\n\n.container {\n    display: flex;\n    justify-content: center;\n    flex-direction: column;\n    gap: 24px;\n    margin-bottom: 5%;\n    padding: 0 5%;\n}\n\n.container h1 {\n    text-align: center;\n    color: #6526B6;\n    font-size: xx-large;\n\t\tfont-weight: 600;\n}\n\n.container p {\n    text-align: center;\n    color: #444255;\n    font-weight: 600;\n\t\tfont-size: medium;\n}\n\n.carousel {\n    position: relative;\n    width: 100%;\n    height: 290px;\n    overflow: hidden;\n}\n\n.carousel .carousel-item {\n    position: absolute;\n    width: 30%;\n    height: auto;\n    object-fit: contain;\n    left: 105%;\n    opacity: 0;\n    transition: all 1.5s ease-in-out;\n}\n\n.carousel .carousel-item.previous {\n    left: -35%;\n    opacity: 0;\n}\n\n.carousel .carousel-item.one {\n    left: 0;\n    opacity: 1;\n}\n\n.carousel .carousel-item.two {\n    left: 35%;\n    opacity: 1;\n}\n\n.carousel .carousel-item.three {\n    left: 70%;\n    opacity: 1;\n}\n\n@media (max-width:800px) {\n    .logosInicio img:first-child {\n        height: auto;\n        max-width: 50%;\n        object-fit: contain;\n    }\n\n    .logosInicio img:nth-child(2) {\n        height: auto;\n        max-width: 30%;\n        object-fit: contain;\n    }\n}\n\n@media (max-width:600px) {\n    .carousel .carousel-item {\n        width: 45%;\n    }\n\n    .carousel .carousel-item.previous {\n        left: -55%;\n    }\n\n    .carousel .carousel-item.two {\n        left: 55%;\n\t\t\t\topacity: 1;\n    }\n\n    .carousel .carousel-item.three {\n        left: 110%;\n\t\t\t\topacity: 0;\n    }\n}\n\n@media (max-width:480px) {\n    .carousel .carousel-item {\n        width: 100%;\n    }\n\n    .carousel .carousel-item.previous {\n        left: -110%;\n    }\n\t\n\t\t.carousel .carousel-item.one {\n\t\t\t\topacity: 1;\n\t\t}\n\n    .carousel .carousel-item.two {\n        left: 110%;\n\t\t\t\topacity: 0;\n    }\n\n    .carousel .carousel-item.three {\n        left: 110%;\n    }\n}\n<\/style>\n\n<body>\n\t<header class=\"header\">\n\t\t<img decoding=\"async\" src=\"https:\/\/wp.ufpel.edu.br\/petcomp\/files\/2025\/04\/PET-site-e1745434315359.png\" alt=\"\">\n\t\t<div id=\"menu-icon\">&#9776;<\/div>\n\t\t<ul id=\"menu\">\n\t\t\t<li class=\"active\"><a href=\"https:\/\/wp.ufpel.edu.br\/petcomp\/\">In\u00edcio<\/a><\/li>\n\t\t\t<li><a href=\"https:\/\/wp.ufpel.edu.br\/petcomp\/projetos\/\">Projetos<\/a><\/li>\n\t\t\t<li><a href=\"https:\/\/wp.ufpel.edu.br\/petcomp\/redes-sociais\/\">Redes Sociais<\/a><\/li>\n\t\t\t<li><a href=\"https:\/\/wp.ufpel.edu.br\/petcomp\/equipe\/\">Equipe<\/a><\/li>\n\t\t\t<li><a href=\"https:\/\/wp.ufpel.edu.br\/petcomp\/guia-do-aluno\/\" target=\"_blank\">Guia do Aluno<\/a><\/li>\n\t\t\t<li>\n\t\t\t\t<a href=\"#\">Outros<\/a>\n\t\t\t\t<ul>\n\t\t\t\t\t<li><a href=\"https:\/\/wp.ufpel.edu.br\/petcomp\/fotos\/\">Fotos<\/a><\/li>\n          <li><a href=\"https:\/\/wp.ufpel.edu.br\/petcomp\/planejamento\/\" target=\"_blank\">Planejamento<\/a><\/li>\n          <li><a href=\"https:\/\/wp.ufpel.edu.br\/petcomp\/relatorio\/\" target=\"_blank\">Relat\u00f3rio<\/a><\/li>\n\t\t\t\t<\/ul>\n\t\t\t<\/li>\n\t\t<\/ul>\n\t<\/header>\n\n\t<div class=\"logosInicio\">\n\t\t<img decoding=\"async\" src=\"https:\/\/wp.ufpel.edu.br\/petcomp\/files\/2023\/06\/logo-idd.png\" alt=\"\">\n\t\t<img decoding=\"async\" src=\"https:\/\/wp.ufpel.edu.br\/petcomp\/files\/2023\/10\/logo_curso_diversidade.png\" alt=\"\">\n\t<\/div>\n\n\t<div class=\"container\">\n\t\t<h1> Objetivo <\/h1>\n\t\t<p> O curso de inform\u00e1tica tem como objetivo democratizar o acesso ao ensino de inform\u00e1tica aos alunos da\n\t\t\tuniversidade. <br>\n\t\t\tO curso surgiu de uma parceria da PRAE com o PET Computa\u00e7\u00e3o. <br>\n\t\t\tAs aulas s\u00e3o compostas por explica\u00e7\u00f5es te\u00f3ricas e exerc\u00edcios pr\u00e1ticos. <br>\n\t\t\tOs alunos receberam uma apostila para revisarem o conte\u00fado em casa. <\/p>\n\t<\/div>\n\n\t<div class=\"container\">\n\t\t<h1> Encontros <\/h1>\n\t\t<p> Registros dos encontros presenciais para a aplica\u00e7\u00e3o do curso. <br>\n\t\t\tEm cada aula, \u00e9 abordada um t\u00f3pico. <\/p>\n\n\t\t<div class=\"carousel\">\n\t\t\t<img decoding=\"async\" class=\"carousel-item\" src=\"https:\/\/wp.ufpel.edu.br\/petcomp\/files\/2023\/10\/diversidade-1-scaled.jpg\" alt=\"\" loading=\"lazy\">\n\t\t\t<img decoding=\"async\" class=\"carousel-item\" src=\"https:\/\/wp.ufpel.edu.br\/petcomp\/files\/2023\/10\/diversidade-2-scaled.jpg\" alt=\"\" loading=\"lazy\">\n\t\t\t<img decoding=\"async\" class=\"carousel-item\" src=\"https:\/\/wp.ufpel.edu.br\/petcomp\/files\/2023\/10\/diversidade-3-scaled.jpg\" alt=\"\" loading=\"lazy\">\n\t\t\t<img decoding=\"async\" class=\"carousel-item\" src=\"https:\/\/wp.ufpel.edu.br\/petcomp\/files\/2023\/10\/diversidade-4-scaled.jpg\" alt=\"\" loading=\"lazy\">\n\t\t\t<img decoding=\"async\" class=\"carousel-item\" src=\"https:\/\/wp.ufpel.edu.br\/petcomp\/files\/2023\/10\/diversidade-5-scaled.jpg\" alt=\"\" loading=\"lazy\">\n\t\t\t<img decoding=\"async\" class=\"carousel-item\" src=\"https:\/\/wp.ufpel.edu.br\/petcomp\/files\/2023\/10\/diversidade-6-scaled.jpg\" alt=\"\" loading=\"lazy\">\n\t\t\t<img decoding=\"async\" class=\"carousel-item\" src=\"https:\/\/wp.ufpel.edu.br\/petcomp\/files\/2023\/10\/diversidade-7.jpg\" alt=\"\" loading=\"lazy\">\n\t\t\t<img decoding=\"async\" class=\"carousel-item\" src=\"https:\/\/wp.ufpel.edu.br\/petcomp\/files\/2023\/10\/diversidade-8.jpg\" alt=\"\">\n\t\t\t<img decoding=\"async\" class=\"carousel-item\" src=\"https:\/\/wp.ufpel.edu.br\/petcomp\/files\/2023\/10\/diversidade-9.jpeg\" alt=\"\">\n\t\t\t\n\t\t<\/div>\n\t<\/div>\n\n<\/body>\n\n<script>\n\tconst menuIcon = document.getElementById('menu-icon');\n\tconst menu = document.getElementById('menu');\n\n\tmenuIcon.addEventListener('click', () => {\n\t\tif (menu.style.display === 'none' || menu.style.display === '') {\n\t\t\tmenu.style.display = 'flex';\n\t\t} else {\n\t\t\tmenu.style.display = 'none';\n\t\t}\n\t});\n\n\tfunction handleResize() {\n\t\tvar slides = document.querySelectorAll('.carousel-item')\n\t\tconst carousel = document.querySelector('.carousel');\n\t\tcarousel.style.height = slides[0].clientHeight + 'px';\n\t}\n\n\twindow.onload = function () {\n\t\thandleResize();\n\t\tvar slides = document.querySelectorAll('.carousel-item'),\n\t\t\tcurrentIndex = 0;\n\n\t\tfunction updateCarousel() {\n\n\t\t\tfor (var i = 0; i < slides.length; i++) {\n\t\t\t\tslides[i].classList.remove('previous', 'one', 'two', 'three');\n\t\t\t}\n\n\t\t\tslides[currentIndex].classList.add('one');\n\t\t\tslides[(currentIndex + 1) % slides.length].classList.add('two');\n\t\t\tslides[(currentIndex + 2) % slides.length].classList.add('three');\n\t\t\tslides[(currentIndex - 1 + slides.length) % slides.length].classList.add('previous');\n\t\t}\n\n\t\tsetInterval(function () {\n\t\t\tcurrentIndex = (currentIndex + 1) % slides.length;\n\t\t\tfor (var i = 0; i < slides.length; i++) {\n\t\t\t\tslides[i].classList.remove('three');\n\t\t\t}\n\t\t\tupdateCarousel();\n\t\t\thandleResize();\n\t\t}, 3000);\n\n\t\tupdateCarousel();\n\t}\n<\/script><\/div><\/div><\/div><\/div><\/div>","protected":false},"excerpt":{"rendered":"<p>&#9776; In\u00edcio Projetos Redes Sociais Equipe Guia do Aluno Outros Fotos Planejamento Relat\u00f3rio Objetivo O curso de inform\u00e1tica tem como objetivo democratizar o acesso ao ensino de inform\u00e1tica aos alunos da universidade. O curso surgiu de uma parceria da PRAE com o PET Computa\u00e7\u00e3o. As aulas s\u00e3o compostas por explica\u00e7\u00f5es te\u00f3ricas e exerc\u00edcios pr\u00e1ticos. Os [&hellip;]<\/p>\n","protected":false},"author":829,"featured_media":0,"parent":0,"menu_order":0,"comment_status":"closed","ping_status":"closed","template":"","meta":{"footnotes":""},"class_list":["post-1461","page","type-page","status-publish","hentry","post"],"jetpack_sharing_enabled":true,"_links":{"self":[{"href":"https:\/\/wp.ufpel.edu.br\/petcomp\/wp-json\/wp\/v2\/pages\/1461","targetHints":{"allow":["GET"]}}],"collection":[{"href":"https:\/\/wp.ufpel.edu.br\/petcomp\/wp-json\/wp\/v2\/pages"}],"about":[{"href":"https:\/\/wp.ufpel.edu.br\/petcomp\/wp-json\/wp\/v2\/types\/page"}],"author":[{"embeddable":true,"href":"https:\/\/wp.ufpel.edu.br\/petcomp\/wp-json\/wp\/v2\/users\/829"}],"replies":[{"embeddable":true,"href":"https:\/\/wp.ufpel.edu.br\/petcomp\/wp-json\/wp\/v2\/comments?post=1461"}],"version-history":[{"count":34,"href":"https:\/\/wp.ufpel.edu.br\/petcomp\/wp-json\/wp\/v2\/pages\/1461\/revisions"}],"predecessor-version":[{"id":1960,"href":"https:\/\/wp.ufpel.edu.br\/petcomp\/wp-json\/wp\/v2\/pages\/1461\/revisions\/1960"}],"wp:attachment":[{"href":"https:\/\/wp.ufpel.edu.br\/petcomp\/wp-json\/wp\/v2\/media?parent=1461"}],"curies":[{"name":"wp","href":"https:\/\/api.w.org\/{rel}","templated":true}]}}