{"id":10,"date":"2018-03-25T21:21:06","date_gmt":"2018-03-26T00:21:06","guid":{"rendered":"https:\/\/wp.ufpel.edu.br\/petcomp\/?page_id=10"},"modified":"2025-05-22T14:44:12","modified_gmt":"2025-05-22T17:44:12","slug":"guia-do-aluno","status":"publish","type":"page","link":"https:\/\/wp.ufpel.edu.br\/petcomp\/guia-do-aluno\/","title":{"rendered":"Guia do Aluno"},"content":{"rendered":"<div id=\"pl-10\"  class=\"panel-layout\" ><div id=\"pg-10-0\"  class=\"panel-grid panel-no-style\" ><div id=\"pgc-10-0-0\"  class=\"panel-grid-cell\" ><div id=\"panel-10-0-0-0\" class=\"widget_text so-panel widget widget_custom_html panel-first-child panel-last-child\" data-index=\"0\" ><div class=\"textwidget custom-html-widget\"><script>\n  window.onload = () => {\n\t\/\/est\u00e1 p\u00e1gina \u00e9 apenas um direconamento para outra p\u00e1gina. Caso o link do pdf do guia do aluno mude, altere aqui abaixo.\n \u00a0 \u00a0 location.href = \"https:\/\/wp.ufpel.edu.br\/petcomp\/files\/2025\/05\/Guia-do-aluno-CC-EC.pdf\";\n  }\n<\/script>\n\n<style>\n\t#masthead {\n\t\tdisplay: none;\n\t}\n\n\t#colophon {\n\t\tdisplay: none;\n\t}\n\n\tbody,\n\t#main,\n\t#page-wrapper {\n\t\tmin-height: 100vh;\n\t}\n\n<\/style><\/div><\/div><\/div><\/div><\/div>","protected":false},"excerpt":{"rendered":"","protected":false},"author":829,"featured_media":0,"parent":0,"menu_order":0,"comment_status":"closed","ping_status":"closed","template":"","meta":{"footnotes":""},"class_list":["post-10","page","type-page","status-publish","hentry","post"],"jetpack_sharing_enabled":true,"_links":{"self":[{"href":"https:\/\/wp.ufpel.edu.br\/petcomp\/wp-json\/wp\/v2\/pages\/10","targetHints":{"allow":["GET"]}}],"collection":[{"href":"https:\/\/wp.ufpel.edu.br\/petcomp\/wp-json\/wp\/v2\/pages"}],"about":[{"href":"https:\/\/wp.ufpel.edu.br\/petcomp\/wp-json\/wp\/v2\/types\/page"}],"author":[{"embeddable":true,"href":"https:\/\/wp.ufpel.edu.br\/petcomp\/wp-json\/wp\/v2\/users\/829"}],"replies":[{"embeddable":true,"href":"https:\/\/wp.ufpel.edu.br\/petcomp\/wp-json\/wp\/v2\/comments?post=10"}],"version-history":[{"count":30,"href":"https:\/\/wp.ufpel.edu.br\/petcomp\/wp-json\/wp\/v2\/pages\/10\/revisions"}],"predecessor-version":[{"id":1991,"href":"https:\/\/wp.ufpel.edu.br\/petcomp\/wp-json\/wp\/v2\/pages\/10\/revisions\/1991"}],"wp:attachment":[{"href":"https:\/\/wp.ufpel.edu.br\/petcomp\/wp-json\/wp\/v2\/media?parent=10"}],"curies":[{"name":"wp","href":"https:\/\/api.w.org\/{rel}","templated":true}]}}