{"id":775,"date":"2019-02-26T18:33:31","date_gmt":"2019-02-26T21:33:31","guid":{"rendered":"https:\/\/wp.ufpel.edu.br\/petartesvisuais\/?page_id=775"},"modified":"2019-02-26T18:33:31","modified_gmt":"2019-02-26T21:33:31","slug":"encontro-internacional-de-pesquisa-em-ciencias-humanas","status":"publish","type":"page","link":"https:\/\/wp.ufpel.edu.br\/petartesvisuais\/encontro-internacional-de-pesquisa-em-ciencias-humanas\/","title":{"rendered":"Encontro Internacional de Pesquisa em Ci\u00eancias Humanas"},"content":{"rendered":"<p>Participaram das apresenta\u00e7\u00f5es de comunicadores os PETianos:<\/p>\n<p>Gabriela Cunha \u2013 <span style=\"font-weight: 400\">Publicou no II Encontro Internacional de Pesquisa em Ci\u00eancias Humanas seu artigo intitulado \u201c\u00c1quea \u2013 O Instante e o Haicai Fotogr\u00e1fico\u201d.<\/span><\/p>\n<p><a href=\"https:\/\/wp.ufpel.edu.br\/petartesvisuais\/files\/2019\/02\/f.png\"><img loading=\"lazy\" decoding=\"async\" class=\"aligncenter size-full wp-image-784\" src=\"https:\/\/wp.ufpel.edu.br\/petartesvisuais\/files\/2019\/02\/f.png\" alt=\"\" width=\"814\" height=\"273\" srcset=\"https:\/\/wp.ufpel.edu.br\/petartesvisuais\/files\/2019\/02\/f.png 814w, https:\/\/wp.ufpel.edu.br\/petartesvisuais\/files\/2019\/02\/f-212x71.png 212w, https:\/\/wp.ufpel.edu.br\/petartesvisuais\/files\/2019\/02\/f-424x142.png 424w, https:\/\/wp.ufpel.edu.br\/petartesvisuais\/files\/2019\/02\/f-768x258.png 768w\" sizes=\"auto, (max-width: 814px) 100vw, 814px\" \/><\/a><\/p>\n","protected":false},"excerpt":{"rendered":"<p>Participaram das apresenta\u00e7\u00f5es de comunicadores os PETianos: Gabriela Cunha \u2013 Publicou no II Encontro Internacional de Pesquisa em Ci\u00eancias Humanas seu artigo intitulado \u201c\u00c1quea \u2013 O Instante e o Haicai Fotogr\u00e1fico\u201d.<\/p>\n","protected":false},"author":557,"featured_media":0,"parent":0,"menu_order":0,"comment_status":"closed","ping_status":"closed","template":"","meta":{"_crdt_document":"","footnotes":""},"class_list":["post-775","page","type-page","status-publish","hentry"],"jetpack_sharing_enabled":true,"_links":{"self":[{"href":"https:\/\/wp.ufpel.edu.br\/petartesvisuais\/wp-json\/wp\/v2\/pages\/775","targetHints":{"allow":["GET"]}}],"collection":[{"href":"https:\/\/wp.ufpel.edu.br\/petartesvisuais\/wp-json\/wp\/v2\/pages"}],"about":[{"href":"https:\/\/wp.ufpel.edu.br\/petartesvisuais\/wp-json\/wp\/v2\/types\/page"}],"author":[{"embeddable":true,"href":"https:\/\/wp.ufpel.edu.br\/petartesvisuais\/wp-json\/wp\/v2\/users\/557"}],"replies":[{"embeddable":true,"href":"https:\/\/wp.ufpel.edu.br\/petartesvisuais\/wp-json\/wp\/v2\/comments?post=775"}],"version-history":[{"count":1,"href":"https:\/\/wp.ufpel.edu.br\/petartesvisuais\/wp-json\/wp\/v2\/pages\/775\/revisions"}],"predecessor-version":[{"id":785,"href":"https:\/\/wp.ufpel.edu.br\/petartesvisuais\/wp-json\/wp\/v2\/pages\/775\/revisions\/785"}],"wp:attachment":[{"href":"https:\/\/wp.ufpel.edu.br\/petartesvisuais\/wp-json\/wp\/v2\/media?parent=775"}],"curies":[{"name":"wp","href":"https:\/\/api.w.org\/{rel}","templated":true}]}}