{"id":763,"date":"2019-02-26T18:26:55","date_gmt":"2019-02-26T21:26:55","guid":{"rendered":"https:\/\/wp.ufpel.edu.br\/petartesvisuais\/?page_id=763"},"modified":"2019-02-26T18:26:55","modified_gmt":"2019-02-26T21:26:55","slug":"mostra-de-cinema-excentrico-noz-audiovisual","status":"publish","type":"page","link":"https:\/\/wp.ufpel.edu.br\/petartesvisuais\/mostra-de-cinema-excentrico-noz-audiovisual\/","title":{"rendered":"Mostra de Cinema Exc\u00eantrico &#8211; NOZ Audiovisual"},"content":{"rendered":"<p style=\"text-align: justify\"><b style=\"margin-bottom: 0px\">Mostra de Cinema Exc\u00eantrico Noz Audiovisual &#8211; 26 de outubro de 2018 &#8211; 17h<\/b><a href=\"https:\/\/wp.ufpel.edu.br\/petartesvisuais\/files\/2019\/02\/Cinema-Exc\u00eantrico-Mostra-NOZ-Audiovisual-Instituto-Goethe-POA.jpg\"><img loading=\"lazy\" decoding=\"async\" class=\"aligncenter size-full wp-image-765\" src=\"https:\/\/wp.ufpel.edu.br\/petartesvisuais\/files\/2019\/02\/Cinema-Exc\u00eantrico-Mostra-NOZ-Audiovisual-Instituto-Goethe-POA.jpg\" alt=\"\" width=\"960\" height=\"635\" srcset=\"https:\/\/wp.ufpel.edu.br\/petartesvisuais\/files\/2019\/02\/Cinema-Exc\u00eantrico-Mostra-NOZ-Audiovisual-Instituto-Goethe-POA.jpg 960w, https:\/\/wp.ufpel.edu.br\/petartesvisuais\/files\/2019\/02\/Cinema-Exc\u00eantrico-Mostra-NOZ-Audiovisual-Instituto-Goethe-POA-212x140.jpg 212w, https:\/\/wp.ufpel.edu.br\/petartesvisuais\/files\/2019\/02\/Cinema-Exc\u00eantrico-Mostra-NOZ-Audiovisual-Instituto-Goethe-POA-424x280.jpg 424w, https:\/\/wp.ufpel.edu.br\/petartesvisuais\/files\/2019\/02\/Cinema-Exc\u00eantrico-Mostra-NOZ-Audiovisual-Instituto-Goethe-POA-768x508.jpg 768w, https:\/\/wp.ufpel.edu.br\/petartesvisuais\/files\/2019\/02\/Cinema-Exc\u00eantrico-Mostra-NOZ-Audiovisual-Instituto-Goethe-POA-816x540.jpg 816w\" sizes=\"auto, (max-width: 960px) 100vw, 960px\" \/><\/a><span style=\"font-weight: 400\">A Mostra NOZ Audiovisual de Cinema Exc\u00eantrico celebra filmes de baixo or\u00e7amento que desafiam a forma cl\u00e1ssica de pensar e conceber o cinema. A sess\u00e3o busca promover olhares aos onirismos impressos em nosso cotidiano de forma a resgatar uma vis\u00e3o contemplativa e reflexiva que se torna essencial em nosso tempo. Os filmes da mostra utilizam de t\u00e9cnicas experimentais de montagem e efeitos visuais, al\u00e9m do mais, diferentes dispositivos de v\u00eddeos s\u00e3o usados para capta\u00e7\u00e3o. Todos os curtas-metragens da Mostra foram realizados pela Produtora NOZ Audiovisual, coletivo que nasceu na faculdade de cinema de Pelotas, abrangendo diferentes diretores em distintas propostas, como filme-ensaio, v\u00eddeo-m\u00fasica, fic\u00e7\u00e3o experimental e anima\u00e7\u00e3o Stop-Motion. <\/span><\/p>\n<p style=\"text-align: justify\"><span style=\"font-weight: 400\">A mostra \u00e9 voltada ao p\u00fablico em geral ou mais especificamente \u00e0 cineastas, artistas e m\u00fasicos.<\/span><\/p>\n<p style=\"text-align: justify\"><span style=\"font-weight: 400\">LOCAL<\/span><\/p>\n<p style=\"text-align: justify\"><span style=\"font-weight: 400\">Goethe Institut &#8211; Porto Alegre<\/span><\/p>\n<p style=\"text-align: justify\"><span style=\"font-weight: 400\">DURA\u00c7\u00c3O<\/span><\/p>\n<p style=\"text-align: justify\"><span style=\"font-weight: 400\">65 minutos<\/span><\/p>\n<p style=\"text-align: justify\"><span style=\"font-weight: 400\">FILMES<\/span><\/p>\n<p style=\"text-align: justify\"><span style=\"font-weight: 400\">Teia Engole Aranha (2015)<\/span><\/p>\n<p style=\"text-align: justify\"><span style=\"font-weight: 400\">QUIM:ERA (2015)<\/span><\/p>\n<p style=\"text-align: justify\"><span style=\"font-weight: 400\">An\u00ed Maritumi (2016)<\/span><\/p>\n<p style=\"text-align: justify\"><span style=\"font-weight: 400\">D\u00fabia S\u00edntese do Sil\u00eancio (2016)<\/span><\/p>\n<p style=\"text-align: justify\"><span style=\"font-weight: 400\">Intraproje\u00e7\u00e3o (2017)<\/span><\/p>\n<p style=\"text-align: justify\"><span style=\"font-weight: 400\">ENCERRAMENTO<\/span><\/p>\n<p style=\"text-align: justify\"><span style=\"font-weight: 400\">Conversa com os realizadores.<\/span><\/p>\n<p style=\"text-align: justify\"><a href=\"https:\/\/wp.ufpel.edu.br\/petartesvisuais\/files\/2019\/02\/IMG_4919.jpg\"><br \/>\n<img loading=\"lazy\" decoding=\"async\" class=\"aligncenter size-full wp-image-766\" src=\"https:\/\/wp.ufpel.edu.br\/petartesvisuais\/files\/2019\/02\/IMG_4919.jpg\" alt=\"\" width=\"5184\" height=\"3456\" srcset=\"https:\/\/wp.ufpel.edu.br\/petartesvisuais\/files\/2019\/02\/IMG_4919.jpg 5184w, https:\/\/wp.ufpel.edu.br\/petartesvisuais\/files\/2019\/02\/IMG_4919-212x141.jpg 212w, https:\/\/wp.ufpel.edu.br\/petartesvisuais\/files\/2019\/02\/IMG_4919-424x283.jpg 424w, https:\/\/wp.ufpel.edu.br\/petartesvisuais\/files\/2019\/02\/IMG_4919-768x512.jpg 768w, https:\/\/wp.ufpel.edu.br\/petartesvisuais\/files\/2019\/02\/IMG_4919-816x544.jpg 816w\" sizes=\"auto, (max-width: 5184px) 100vw, 5184px\" \/><\/a><\/p>\n","protected":false},"excerpt":{"rendered":"<p>Mostra de Cinema Exc\u00eantrico Noz Audiovisual &#8211; 26 de outubro de 2018 &#8211; 17hA Mostra NOZ Audiovisual de Cinema Exc\u00eantrico celebra filmes de baixo or\u00e7amento que desafiam a forma cl\u00e1ssica de pensar e conceber o cinema. A sess\u00e3o busca promover olhares aos onirismos impressos em nosso cotidiano de forma a resgatar uma vis\u00e3o contemplativa e [&hellip;]<\/p>\n","protected":false},"author":557,"featured_media":0,"parent":0,"menu_order":0,"comment_status":"closed","ping_status":"closed","template":"","meta":{"jetpack_post_was_ever_published":false,"footnotes":""},"class_list":["post-763","page","type-page","status-publish","hentry"],"jetpack_sharing_enabled":true,"_links":{"self":[{"href":"https:\/\/wp.ufpel.edu.br\/petartesvisuais\/wp-json\/wp\/v2\/pages\/763","targetHints":{"allow":["GET"]}}],"collection":[{"href":"https:\/\/wp.ufpel.edu.br\/petartesvisuais\/wp-json\/wp\/v2\/pages"}],"about":[{"href":"https:\/\/wp.ufpel.edu.br\/petartesvisuais\/wp-json\/wp\/v2\/types\/page"}],"author":[{"embeddable":true,"href":"https:\/\/wp.ufpel.edu.br\/petartesvisuais\/wp-json\/wp\/v2\/users\/557"}],"replies":[{"embeddable":true,"href":"https:\/\/wp.ufpel.edu.br\/petartesvisuais\/wp-json\/wp\/v2\/comments?post=763"}],"version-history":[{"count":1,"href":"https:\/\/wp.ufpel.edu.br\/petartesvisuais\/wp-json\/wp\/v2\/pages\/763\/revisions"}],"predecessor-version":[{"id":767,"href":"https:\/\/wp.ufpel.edu.br\/petartesvisuais\/wp-json\/wp\/v2\/pages\/763\/revisions\/767"}],"wp:attachment":[{"href":"https:\/\/wp.ufpel.edu.br\/petartesvisuais\/wp-json\/wp\/v2\/media?parent=763"}],"curies":[{"name":"wp","href":"https:\/\/api.w.org\/{rel}","templated":true}]}}