{"id":758,"date":"2019-02-26T18:31:46","date_gmt":"2019-02-26T21:31:46","guid":{"rendered":"https:\/\/wp.ufpel.edu.br\/petartesvisuais\/?page_id=758"},"modified":"2019-02-26T18:31:46","modified_gmt":"2019-02-26T21:31:46","slug":"chama-a-palavra-chama-as-coisas","status":"publish","type":"page","link":"https:\/\/wp.ufpel.edu.br\/petartesvisuais\/chama-a-palavra-chama-as-coisas\/","title":{"rendered":"Chama! A Palavra chama as Coisas"},"content":{"rendered":"<p>Participaram das apresenta\u00e7\u00f5es de comunicadores os PETianos:<\/p>\n<p>Gabriela Cunha &#8211; <span style=\"font-weight: 400\">Publicou na Semana Acad\u00eamica das Artes Visuais \u2013 A Palavra CHAMA as Coisas seu artigo intitulado \u201c\u00c1quea \u2013 A Po\u00e9tica do Instante e o Haicai Fotogr\u00e1fico\u201d.<\/span><\/p>\n<p><a href=\"https:\/\/wp.ufpel.edu.br\/petartesvisuais\/files\/2019\/02\/30072847_1972736506088867_8506316062024000497_o.jpg\"><img loading=\"lazy\" decoding=\"async\" class=\"aligncenter size-full wp-image-773\" src=\"https:\/\/wp.ufpel.edu.br\/petartesvisuais\/files\/2019\/02\/30072847_1972736506088867_8506316062024000497_o.jpg\" alt=\"\" width=\"1200\" height=\"628\" srcset=\"https:\/\/wp.ufpel.edu.br\/petartesvisuais\/files\/2019\/02\/30072847_1972736506088867_8506316062024000497_o.jpg 1200w, https:\/\/wp.ufpel.edu.br\/petartesvisuais\/files\/2019\/02\/30072847_1972736506088867_8506316062024000497_o-212x111.jpg 212w, https:\/\/wp.ufpel.edu.br\/petartesvisuais\/files\/2019\/02\/30072847_1972736506088867_8506316062024000497_o-424x222.jpg 424w, https:\/\/wp.ufpel.edu.br\/petartesvisuais\/files\/2019\/02\/30072847_1972736506088867_8506316062024000497_o-768x402.jpg 768w, https:\/\/wp.ufpel.edu.br\/petartesvisuais\/files\/2019\/02\/30072847_1972736506088867_8506316062024000497_o-816x427.jpg 816w\" sizes=\"auto, (max-width: 1200px) 100vw, 1200px\" \/><\/a><\/p>\n<p>&nbsp;<\/p>\n<p><a href=\"https:\/\/wp.ufpel.edu.br\/petartesvisuais\/files\/2019\/02\/33127453_2018415224854328_6692404657509105664_n.jpg\"><img loading=\"lazy\" decoding=\"async\" class=\"aligncenter size-full wp-image-768\" src=\"https:\/\/wp.ufpel.edu.br\/petartesvisuais\/files\/2019\/02\/33127453_2018415224854328_6692404657509105664_n.jpg\" alt=\"\" width=\"960\" height=\"720\" srcset=\"https:\/\/wp.ufpel.edu.br\/petartesvisuais\/files\/2019\/02\/33127453_2018415224854328_6692404657509105664_n.jpg 960w, https:\/\/wp.ufpel.edu.br\/petartesvisuais\/files\/2019\/02\/33127453_2018415224854328_6692404657509105664_n-212x159.jpg 212w, https:\/\/wp.ufpel.edu.br\/petartesvisuais\/files\/2019\/02\/33127453_2018415224854328_6692404657509105664_n-424x318.jpg 424w, https:\/\/wp.ufpel.edu.br\/petartesvisuais\/files\/2019\/02\/33127453_2018415224854328_6692404657509105664_n-768x576.jpg 768w, https:\/\/wp.ufpel.edu.br\/petartesvisuais\/files\/2019\/02\/33127453_2018415224854328_6692404657509105664_n-816x612.jpg 816w\" sizes=\"auto, (max-width: 960px) 100vw, 960px\" \/><\/a> <a href=\"https:\/\/wp.ufpel.edu.br\/petartesvisuais\/files\/2019\/02\/33151241_2018415121521005_6656590913797619712_n.jpg\"><img loading=\"lazy\" decoding=\"async\" class=\"aligncenter size-full wp-image-769\" src=\"https:\/\/wp.ufpel.edu.br\/petartesvisuais\/files\/2019\/02\/33151241_2018415121521005_6656590913797619712_n.jpg\" alt=\"\" width=\"960\" height=\"720\" srcset=\"https:\/\/wp.ufpel.edu.br\/petartesvisuais\/files\/2019\/02\/33151241_2018415121521005_6656590913797619712_n.jpg 960w, https:\/\/wp.ufpel.edu.br\/petartesvisuais\/files\/2019\/02\/33151241_2018415121521005_6656590913797619712_n-212x159.jpg 212w, https:\/\/wp.ufpel.edu.br\/petartesvisuais\/files\/2019\/02\/33151241_2018415121521005_6656590913797619712_n-424x318.jpg 424w, https:\/\/wp.ufpel.edu.br\/petartesvisuais\/files\/2019\/02\/33151241_2018415121521005_6656590913797619712_n-768x576.jpg 768w, https:\/\/wp.ufpel.edu.br\/petartesvisuais\/files\/2019\/02\/33151241_2018415121521005_6656590913797619712_n-816x612.jpg 816w\" sizes=\"auto, (max-width: 960px) 100vw, 960px\" \/><\/a><\/p>\n","protected":false},"excerpt":{"rendered":"<p>Participaram das apresenta\u00e7\u00f5es de comunicadores os PETianos: Gabriela Cunha &#8211; Publicou na Semana Acad\u00eamica das Artes Visuais \u2013 A Palavra CHAMA as Coisas seu artigo intitulado \u201c\u00c1quea \u2013 A Po\u00e9tica do Instante e o Haicai Fotogr\u00e1fico\u201d. &nbsp;<\/p>\n","protected":false},"author":557,"featured_media":0,"parent":0,"menu_order":0,"comment_status":"closed","ping_status":"closed","template":"","meta":{"jetpack_post_was_ever_published":false,"footnotes":""},"class_list":["post-758","page","type-page","status-publish","hentry"],"jetpack_sharing_enabled":true,"_links":{"self":[{"href":"https:\/\/wp.ufpel.edu.br\/petartesvisuais\/wp-json\/wp\/v2\/pages\/758","targetHints":{"allow":["GET"]}}],"collection":[{"href":"https:\/\/wp.ufpel.edu.br\/petartesvisuais\/wp-json\/wp\/v2\/pages"}],"about":[{"href":"https:\/\/wp.ufpel.edu.br\/petartesvisuais\/wp-json\/wp\/v2\/types\/page"}],"author":[{"embeddable":true,"href":"https:\/\/wp.ufpel.edu.br\/petartesvisuais\/wp-json\/wp\/v2\/users\/557"}],"replies":[{"embeddable":true,"href":"https:\/\/wp.ufpel.edu.br\/petartesvisuais\/wp-json\/wp\/v2\/comments?post=758"}],"version-history":[{"count":1,"href":"https:\/\/wp.ufpel.edu.br\/petartesvisuais\/wp-json\/wp\/v2\/pages\/758\/revisions"}],"predecessor-version":[{"id":774,"href":"https:\/\/wp.ufpel.edu.br\/petartesvisuais\/wp-json\/wp\/v2\/pages\/758\/revisions\/774"}],"wp:attachment":[{"href":"https:\/\/wp.ufpel.edu.br\/petartesvisuais\/wp-json\/wp\/v2\/media?parent=758"}],"curies":[{"name":"wp","href":"https:\/\/api.w.org\/{rel}","templated":true}]}}