{"id":742,"date":"2019-02-26T18:03:59","date_gmt":"2019-02-26T21:03:59","guid":{"rendered":"https:\/\/wp.ufpel.edu.br\/petartesvisuais\/?page_id=742"},"modified":"2019-02-26T18:03:59","modified_gmt":"2019-02-26T21:03:59","slug":"nucleo-de-desenho-e-quadrinhos","status":"publish","type":"page","link":"https:\/\/wp.ufpel.edu.br\/petartesvisuais\/nucleo-de-desenho-e-quadrinhos\/","title":{"rendered":"N\u00facleo de Desenho e Quadrinhos"},"content":{"rendered":"<p style=\"text-align: justify\"><b>N\u00facleo de Desenho e Quadrinhos<\/b><span style=\"font-weight: 400\">, coordenado pelo Prof. Andr\u00e9 Macedo, re\u00fane interessados na cria\u00e7\u00e3o, pesquisa, exibi\u00e7\u00e3o e divulga\u00e7\u00e3o da produ\u00e7\u00e3o realizada no Centro de Artes sobre desenhos e quadrinhos. O grupo investe em oficinas oferecidas para a comunidade, encontros com artistas gr\u00e1ficos, mostras e festivais de desenhos, quadrinhos e desenho animado. Participaram desse n\u00facleo, as bolsistas Amanda Azevedo, Jennifer Neves e Gabriele Pohlmann, ministraram oficinas de Design de Personagem, produziram hist\u00f3rias em quadrinhos e desenvolveram pesquisas que foram apresentadas em eventos acad\u00eamicos.<\/span><\/p>\n<p><a href=\"https:\/\/wp.ufpel.edu.br\/petartesvisuais\/files\/2019\/02\/WhatsApp-Image-2019-02-26-at-14.08.59.jpeg\"><img loading=\"lazy\" decoding=\"async\" class=\"aligncenter size-full wp-image-603\" src=\"https:\/\/wp.ufpel.edu.br\/petartesvisuais\/files\/2019\/02\/WhatsApp-Image-2019-02-26-at-14.08.59.jpeg\" alt=\"\" width=\"1280\" height=\"960\" srcset=\"https:\/\/wp.ufpel.edu.br\/petartesvisuais\/files\/2019\/02\/WhatsApp-Image-2019-02-26-at-14.08.59.jpeg 1280w, https:\/\/wp.ufpel.edu.br\/petartesvisuais\/files\/2019\/02\/WhatsApp-Image-2019-02-26-at-14.08.59-212x159.jpeg 212w, https:\/\/wp.ufpel.edu.br\/petartesvisuais\/files\/2019\/02\/WhatsApp-Image-2019-02-26-at-14.08.59-424x318.jpeg 424w, https:\/\/wp.ufpel.edu.br\/petartesvisuais\/files\/2019\/02\/WhatsApp-Image-2019-02-26-at-14.08.59-768x576.jpeg 768w, https:\/\/wp.ufpel.edu.br\/petartesvisuais\/files\/2019\/02\/WhatsApp-Image-2019-02-26-at-14.08.59-816x612.jpeg 816w\" sizes=\"auto, (max-width: 1280px) 100vw, 1280px\" \/><\/a> <a href=\"https:\/\/wp.ufpel.edu.br\/petartesvisuais\/files\/2019\/02\/WhatsApp-Image-2019-02-26-at-14.08.58-2.jpeg\"><img loading=\"lazy\" decoding=\"async\" class=\"aligncenter size-full wp-image-599\" src=\"https:\/\/wp.ufpel.edu.br\/petartesvisuais\/files\/2019\/02\/WhatsApp-Image-2019-02-26-at-14.08.58-2.jpeg\" alt=\"\" width=\"1280\" height=\"960\" srcset=\"https:\/\/wp.ufpel.edu.br\/petartesvisuais\/files\/2019\/02\/WhatsApp-Image-2019-02-26-at-14.08.58-2.jpeg 1280w, https:\/\/wp.ufpel.edu.br\/petartesvisuais\/files\/2019\/02\/WhatsApp-Image-2019-02-26-at-14.08.58-2-212x159.jpeg 212w, https:\/\/wp.ufpel.edu.br\/petartesvisuais\/files\/2019\/02\/WhatsApp-Image-2019-02-26-at-14.08.58-2-424x318.jpeg 424w, https:\/\/wp.ufpel.edu.br\/petartesvisuais\/files\/2019\/02\/WhatsApp-Image-2019-02-26-at-14.08.58-2-768x576.jpeg 768w, https:\/\/wp.ufpel.edu.br\/petartesvisuais\/files\/2019\/02\/WhatsApp-Image-2019-02-26-at-14.08.58-2-816x612.jpeg 816w\" sizes=\"auto, (max-width: 1280px) 100vw, 1280px\" \/><\/a> <a href=\"https:\/\/wp.ufpel.edu.br\/petartesvisuais\/files\/2019\/02\/WhatsApp-Image-2019-02-26-at-14.08.59-2.jpeg\"><img loading=\"lazy\" decoding=\"async\" class=\"aligncenter size-full wp-image-602\" src=\"https:\/\/wp.ufpel.edu.br\/petartesvisuais\/files\/2019\/02\/WhatsApp-Image-2019-02-26-at-14.08.59-2.jpeg\" alt=\"\" width=\"1280\" height=\"960\" srcset=\"https:\/\/wp.ufpel.edu.br\/petartesvisuais\/files\/2019\/02\/WhatsApp-Image-2019-02-26-at-14.08.59-2.jpeg 1280w, https:\/\/wp.ufpel.edu.br\/petartesvisuais\/files\/2019\/02\/WhatsApp-Image-2019-02-26-at-14.08.59-2-212x159.jpeg 212w, https:\/\/wp.ufpel.edu.br\/petartesvisuais\/files\/2019\/02\/WhatsApp-Image-2019-02-26-at-14.08.59-2-424x318.jpeg 424w, https:\/\/wp.ufpel.edu.br\/petartesvisuais\/files\/2019\/02\/WhatsApp-Image-2019-02-26-at-14.08.59-2-768x576.jpeg 768w, https:\/\/wp.ufpel.edu.br\/petartesvisuais\/files\/2019\/02\/WhatsApp-Image-2019-02-26-at-14.08.59-2-816x612.jpeg 816w\" sizes=\"auto, (max-width: 1280px) 100vw, 1280px\" \/><\/a> <a href=\"https:\/\/wp.ufpel.edu.br\/petartesvisuais\/files\/2019\/02\/WhatsApp-Image-2019-02-26-at-14.08.58.jpeg\"><img loading=\"lazy\" decoding=\"async\" class=\"aligncenter size-full wp-image-600\" src=\"https:\/\/wp.ufpel.edu.br\/petartesvisuais\/files\/2019\/02\/WhatsApp-Image-2019-02-26-at-14.08.58.jpeg\" alt=\"\" width=\"1280\" height=\"960\" \/><\/a> <a href=\"https:\/\/wp.ufpel.edu.br\/petartesvisuais\/files\/2019\/02\/WhatsApp-Image-2019-02-26-at-14.08.58-1.jpeg\"><img loading=\"lazy\" decoding=\"async\" class=\"aligncenter size-full wp-image-598\" src=\"https:\/\/wp.ufpel.edu.br\/petartesvisuais\/files\/2019\/02\/WhatsApp-Image-2019-02-26-at-14.08.58-1.jpeg\" alt=\"\" width=\"1280\" height=\"960\" \/><\/a> <a href=\"https:\/\/wp.ufpel.edu.br\/petartesvisuais\/files\/2019\/02\/WhatsApp-Image-2019-02-26-at-14.08.59-1.jpeg\"><img loading=\"lazy\" decoding=\"async\" class=\"aligncenter size-full wp-image-601\" src=\"https:\/\/wp.ufpel.edu.br\/petartesvisuais\/files\/2019\/02\/WhatsApp-Image-2019-02-26-at-14.08.59-1.jpeg\" alt=\"\" width=\"480\" height=\"360\" \/><\/a><\/p>\n","protected":false},"excerpt":{"rendered":"<p>N\u00facleo de Desenho e Quadrinhos, coordenado pelo Prof. Andr\u00e9 Macedo, re\u00fane interessados na cria\u00e7\u00e3o, pesquisa, exibi\u00e7\u00e3o e divulga\u00e7\u00e3o da produ\u00e7\u00e3o realizada no Centro de Artes sobre desenhos e quadrinhos. O grupo investe em oficinas oferecidas para a comunidade, encontros com artistas gr\u00e1ficos, mostras e festivais de desenhos, quadrinhos e desenho animado. Participaram desse n\u00facleo, as [&hellip;]<\/p>\n","protected":false},"author":557,"featured_media":0,"parent":0,"menu_order":0,"comment_status":"closed","ping_status":"closed","template":"","meta":{"jetpack_post_was_ever_published":false,"footnotes":""},"class_list":["post-742","page","type-page","status-publish","hentry"],"jetpack_sharing_enabled":true,"_links":{"self":[{"href":"https:\/\/wp.ufpel.edu.br\/petartesvisuais\/wp-json\/wp\/v2\/pages\/742","targetHints":{"allow":["GET"]}}],"collection":[{"href":"https:\/\/wp.ufpel.edu.br\/petartesvisuais\/wp-json\/wp\/v2\/pages"}],"about":[{"href":"https:\/\/wp.ufpel.edu.br\/petartesvisuais\/wp-json\/wp\/v2\/types\/page"}],"author":[{"embeddable":true,"href":"https:\/\/wp.ufpel.edu.br\/petartesvisuais\/wp-json\/wp\/v2\/users\/557"}],"replies":[{"embeddable":true,"href":"https:\/\/wp.ufpel.edu.br\/petartesvisuais\/wp-json\/wp\/v2\/comments?post=742"}],"version-history":[{"count":1,"href":"https:\/\/wp.ufpel.edu.br\/petartesvisuais\/wp-json\/wp\/v2\/pages\/742\/revisions"}],"predecessor-version":[{"id":746,"href":"https:\/\/wp.ufpel.edu.br\/petartesvisuais\/wp-json\/wp\/v2\/pages\/742\/revisions\/746"}],"wp:attachment":[{"href":"https:\/\/wp.ufpel.edu.br\/petartesvisuais\/wp-json\/wp\/v2\/media?parent=742"}],"curies":[{"name":"wp","href":"https:\/\/api.w.org\/{rel}","templated":true}]}}