{"id":699,"date":"2019-02-26T17:36:06","date_gmt":"2019-02-26T20:36:06","guid":{"rendered":"https:\/\/wp.ufpel.edu.br\/petartesvisuais\/?page_id=699"},"modified":"2019-02-26T17:51:30","modified_gmt":"2019-02-26T20:51:30","slug":"grupo-de-pesquisa-arte-e-engenharia","status":"publish","type":"page","link":"https:\/\/wp.ufpel.edu.br\/petartesvisuais\/grupo-de-pesquisa-arte-e-engenharia\/","title":{"rendered":"Grupo de Pesquisa Arte e Engenharia"},"content":{"rendered":"<p style=\"text-align: justify\"><b>Grupo de Pesquisa Arte e Engenharia<\/b><span style=\"font-weight: 400\">, coordenado pela Profa. Dra. Angela Pohlmann e pelo Prof. Reginaldo Tavares, o grupo interdisciplinar aproxima essas duas \u00e1reas de conhecimento, estabelecendo o interc\u00e2mbio entre professores e estudantes de artes visuais, design e engenharia eletr\u00f4nica em projetos coletivos e colaborativos que incluem objetos de arte, artefatos e engenhocas, v\u00eddeos e m\u00e1quinas. Participou desse grupo a bolsista J\u00e9ssica Porci\u00fancula com pesquisa sobre objetos sonoros.<\/span><\/p>\n<p><a href=\"https:\/\/wp.ufpel.edu.br\/petartesvisuais\/files\/2019\/02\/oficinas-somza\u00e7o.jpg\"><img loading=\"lazy\" decoding=\"async\" class=\"aligncenter size-full wp-image-716\" src=\"https:\/\/wp.ufpel.edu.br\/petartesvisuais\/files\/2019\/02\/oficinas-somza\u00e7o.jpg\" alt=\"\" width=\"2480\" height=\"2480\" srcset=\"https:\/\/wp.ufpel.edu.br\/petartesvisuais\/files\/2019\/02\/oficinas-somza\u00e7o.jpg 2480w, https:\/\/wp.ufpel.edu.br\/petartesvisuais\/files\/2019\/02\/oficinas-somza\u00e7o-159x159.jpg 159w, https:\/\/wp.ufpel.edu.br\/petartesvisuais\/files\/2019\/02\/oficinas-somza\u00e7o-318x318.jpg 318w, https:\/\/wp.ufpel.edu.br\/petartesvisuais\/files\/2019\/02\/oficinas-somza\u00e7o-768x768.jpg 768w, https:\/\/wp.ufpel.edu.br\/petartesvisuais\/files\/2019\/02\/oficinas-somza\u00e7o-88x88.jpg 88w, https:\/\/wp.ufpel.edu.br\/petartesvisuais\/files\/2019\/02\/oficinas-somza\u00e7o-816x816.jpg 816w\" sizes=\"auto, (max-width: 2480px) 100vw, 2480px\" \/><\/a><a href=\"https:\/\/wp.ufpel.edu.br\/petartesvisuais\/files\/2019\/02\/l4t3nc14-cartaz.jpg\"><img loading=\"lazy\" decoding=\"async\" class=\"aligncenter size-full wp-image-722\" src=\"https:\/\/wp.ufpel.edu.br\/petartesvisuais\/files\/2019\/02\/l4t3nc14-cartaz.jpg\" alt=\"\" width=\"3304\" height=\"3304\" srcset=\"https:\/\/wp.ufpel.edu.br\/petartesvisuais\/files\/2019\/02\/l4t3nc14-cartaz.jpg 3304w, https:\/\/wp.ufpel.edu.br\/petartesvisuais\/files\/2019\/02\/l4t3nc14-cartaz-159x159.jpg 159w, https:\/\/wp.ufpel.edu.br\/petartesvisuais\/files\/2019\/02\/l4t3nc14-cartaz-318x318.jpg 318w, https:\/\/wp.ufpel.edu.br\/petartesvisuais\/files\/2019\/02\/l4t3nc14-cartaz-768x768.jpg 768w, https:\/\/wp.ufpel.edu.br\/petartesvisuais\/files\/2019\/02\/l4t3nc14-cartaz-88x88.jpg 88w, https:\/\/wp.ufpel.edu.br\/petartesvisuais\/files\/2019\/02\/l4t3nc14-cartaz-816x816.jpg 816w\" sizes=\"auto, (max-width: 3304px) 100vw, 3304px\" \/><\/a><a href=\"https:\/\/wp.ufpel.edu.br\/petartesvisuais\/files\/2019\/02\/DSC_0021.jpg\"><img loading=\"lazy\" decoding=\"async\" class=\"aligncenter size-full wp-image-718\" src=\"https:\/\/wp.ufpel.edu.br\/petartesvisuais\/files\/2019\/02\/DSC_0021.jpg\" alt=\"\" width=\"3216\" height=\"2136\" srcset=\"https:\/\/wp.ufpel.edu.br\/petartesvisuais\/files\/2019\/02\/DSC_0021.jpg 3216w, https:\/\/wp.ufpel.edu.br\/petartesvisuais\/files\/2019\/02\/DSC_0021-212x141.jpg 212w, https:\/\/wp.ufpel.edu.br\/petartesvisuais\/files\/2019\/02\/DSC_0021-424x282.jpg 424w, https:\/\/wp.ufpel.edu.br\/petartesvisuais\/files\/2019\/02\/DSC_0021-768x510.jpg 768w, https:\/\/wp.ufpel.edu.br\/petartesvisuais\/files\/2019\/02\/DSC_0021-816x542.jpg 816w\" sizes=\"auto, (max-width: 3216px) 100vw, 3216px\" \/><\/a><a href=\"https:\/\/wp.ufpel.edu.br\/petartesvisuais\/files\/2019\/02\/DSC_0065.jpg\"><img loading=\"lazy\" decoding=\"async\" class=\"aligncenter size-full wp-image-719\" src=\"https:\/\/wp.ufpel.edu.br\/petartesvisuais\/files\/2019\/02\/DSC_0065.jpg\" alt=\"\" width=\"3216\" height=\"2136\" srcset=\"https:\/\/wp.ufpel.edu.br\/petartesvisuais\/files\/2019\/02\/DSC_0065.jpg 3216w, https:\/\/wp.ufpel.edu.br\/petartesvisuais\/files\/2019\/02\/DSC_0065-212x141.jpg 212w, https:\/\/wp.ufpel.edu.br\/petartesvisuais\/files\/2019\/02\/DSC_0065-424x282.jpg 424w, https:\/\/wp.ufpel.edu.br\/petartesvisuais\/files\/2019\/02\/DSC_0065-768x510.jpg 768w, https:\/\/wp.ufpel.edu.br\/petartesvisuais\/files\/2019\/02\/DSC_0065-816x542.jpg 816w\" sizes=\"auto, (max-width: 3216px) 100vw, 3216px\" \/><\/a><a href=\"https:\/\/wp.ufpel.edu.br\/petartesvisuais\/files\/2019\/02\/DSC_0074.jpg\"><img loading=\"lazy\" decoding=\"async\" class=\"aligncenter size-full wp-image-720\" src=\"https:\/\/wp.ufpel.edu.br\/petartesvisuais\/files\/2019\/02\/DSC_0074.jpg\" alt=\"\" width=\"3216\" height=\"2136\" srcset=\"https:\/\/wp.ufpel.edu.br\/petartesvisuais\/files\/2019\/02\/DSC_0074.jpg 3216w, https:\/\/wp.ufpel.edu.br\/petartesvisuais\/files\/2019\/02\/DSC_0074-212x141.jpg 212w, https:\/\/wp.ufpel.edu.br\/petartesvisuais\/files\/2019\/02\/DSC_0074-424x282.jpg 424w, https:\/\/wp.ufpel.edu.br\/petartesvisuais\/files\/2019\/02\/DSC_0074-768x510.jpg 768w, https:\/\/wp.ufpel.edu.br\/petartesvisuais\/files\/2019\/02\/DSC_0074-816x542.jpg 816w\" sizes=\"auto, (max-width: 3216px) 100vw, 3216px\" \/><\/a><a href=\"https:\/\/wp.ufpel.edu.br\/petartesvisuais\/files\/2019\/02\/DSC_0098.jpg\"><img loading=\"lazy\" decoding=\"async\" class=\"aligncenter size-full wp-image-721\" src=\"https:\/\/wp.ufpel.edu.br\/petartesvisuais\/files\/2019\/02\/DSC_0098.jpg\" alt=\"\" width=\"3216\" height=\"2136\" srcset=\"https:\/\/wp.ufpel.edu.br\/petartesvisuais\/files\/2019\/02\/DSC_0098.jpg 3216w, https:\/\/wp.ufpel.edu.br\/petartesvisuais\/files\/2019\/02\/DSC_0098-212x141.jpg 212w, https:\/\/wp.ufpel.edu.br\/petartesvisuais\/files\/2019\/02\/DSC_0098-424x282.jpg 424w, https:\/\/wp.ufpel.edu.br\/petartesvisuais\/files\/2019\/02\/DSC_0098-768x510.jpg 768w, https:\/\/wp.ufpel.edu.br\/petartesvisuais\/files\/2019\/02\/DSC_0098-816x542.jpg 816w\" sizes=\"auto, (max-width: 3216px) 100vw, 3216px\" \/><\/a><\/p>\n","protected":false},"excerpt":{"rendered":"<p>Grupo de Pesquisa Arte e Engenharia, coordenado pela Profa. Dra. Angela Pohlmann e pelo Prof. Reginaldo Tavares, o grupo interdisciplinar aproxima essas duas \u00e1reas de conhecimento, estabelecendo o interc\u00e2mbio entre professores e estudantes de artes visuais, design e engenharia eletr\u00f4nica em projetos coletivos e colaborativos que incluem objetos de arte, artefatos e engenhocas, v\u00eddeos e [&hellip;]<\/p>\n","protected":false},"author":557,"featured_media":0,"parent":0,"menu_order":0,"comment_status":"closed","ping_status":"closed","template":"","meta":{"jetpack_post_was_ever_published":false,"footnotes":""},"class_list":["post-699","page","type-page","status-publish","hentry"],"jetpack_sharing_enabled":true,"_links":{"self":[{"href":"https:\/\/wp.ufpel.edu.br\/petartesvisuais\/wp-json\/wp\/v2\/pages\/699","targetHints":{"allow":["GET"]}}],"collection":[{"href":"https:\/\/wp.ufpel.edu.br\/petartesvisuais\/wp-json\/wp\/v2\/pages"}],"about":[{"href":"https:\/\/wp.ufpel.edu.br\/petartesvisuais\/wp-json\/wp\/v2\/types\/page"}],"author":[{"embeddable":true,"href":"https:\/\/wp.ufpel.edu.br\/petartesvisuais\/wp-json\/wp\/v2\/users\/557"}],"replies":[{"embeddable":true,"href":"https:\/\/wp.ufpel.edu.br\/petartesvisuais\/wp-json\/wp\/v2\/comments?post=699"}],"version-history":[{"count":3,"href":"https:\/\/wp.ufpel.edu.br\/petartesvisuais\/wp-json\/wp\/v2\/pages\/699\/revisions"}],"predecessor-version":[{"id":723,"href":"https:\/\/wp.ufpel.edu.br\/petartesvisuais\/wp-json\/wp\/v2\/pages\/699\/revisions\/723"}],"wp:attachment":[{"href":"https:\/\/wp.ufpel.edu.br\/petartesvisuais\/wp-json\/wp\/v2\/media?parent=699"}],"curies":[{"name":"wp","href":"https:\/\/api.w.org\/{rel}","templated":true}]}}