{"id":694,"date":"2019-02-26T17:37:24","date_gmt":"2019-02-26T20:37:24","guid":{"rendered":"https:\/\/wp.ufpel.edu.br\/petartesvisuais\/?page_id=694"},"modified":"2019-02-26T17:37:24","modified_gmt":"2019-02-26T20:37:24","slug":"chico-machado","status":"publish","type":"page","link":"https:\/\/wp.ufpel.edu.br\/petartesvisuais\/chico-machado\/","title":{"rendered":"Chico Machado"},"content":{"rendered":"<p>&#8220;Na pr\u00f3xima segunda-feira (05\/11) \u00e0s 15:30, na sala 502 do Centro de Artes da UFPel, receberemos o Prof. Chico Machado para uma palestra sobre sua produ\u00e7\u00e3o que transita entre a m\u00fasica experimental e as artes visuais.<\/p>\n<p>O Chico Machado \u00e9 professor do Departamento de Artes Dram\u00e1ticas da UFRGS e artista sonoro, sua palestra abord\u00e1 sua intensa produ\u00e7\u00e3o desenvolvida ao longo dos \u00faltimos 20 anos, que transita entre a m\u00fasica e as artes visuais.<\/p>\n<p>Contamos com a presen\u00e7a de todxs&#8221;<\/p>\n<p><a href=\"https:\/\/wp.ufpel.edu.br\/petartesvisuais\/files\/2019\/02\/45096535_1972023856215720_7729744413177413632_n.jpg\"><img loading=\"lazy\" decoding=\"async\" class=\"aligncenter size-full wp-image-703\" src=\"https:\/\/wp.ufpel.edu.br\/petartesvisuais\/files\/2019\/02\/45096535_1972023856215720_7729744413177413632_n.jpg\" alt=\"\" width=\"824\" height=\"960\" \/><\/a><\/p>\n<p>&#8220;Pr\u00f3xima segunda-feria, dia 05, tem conversa no Centro de Artes \u00e0s 15:30 e performance \u00e0s 20h no Corredor 14 em Pelotas (Rua Francisco Xavier, 14 &#8211; no Porto). Convido os amigos e interessados <span class=\"_47e3 _5mfr\" title=\"Emoticon wink\"><img loading=\"lazy\" decoding=\"async\" class=\"img\" role=\"presentation\" src=\"https:\/\/static.xx.fbcdn.net\/images\/emoji.php\/v9\/t57\/1\/16\/1f609.png\" alt=\"\" width=\"16\" height=\"16\" \/><span class=\"_7oe\" aria-hidden=\"true\">;)&#8221;<\/span><\/span><\/p>\n<p><a href=\"https:\/\/wp.ufpel.edu.br\/petartesvisuais\/files\/2019\/02\/45135302_10156717021564417_6506757642487070720_n.jpg\"><img loading=\"lazy\" decoding=\"async\" class=\"aligncenter size-full wp-image-696\" src=\"https:\/\/wp.ufpel.edu.br\/petartesvisuais\/files\/2019\/02\/45135302_10156717021564417_6506757642487070720_n.jpg\" alt=\"\" width=\"960\" height=\"935\" srcset=\"https:\/\/wp.ufpel.edu.br\/petartesvisuais\/files\/2019\/02\/45135302_10156717021564417_6506757642487070720_n.jpg 960w, https:\/\/wp.ufpel.edu.br\/petartesvisuais\/files\/2019\/02\/45135302_10156717021564417_6506757642487070720_n-163x159.jpg 163w, https:\/\/wp.ufpel.edu.br\/petartesvisuais\/files\/2019\/02\/45135302_10156717021564417_6506757642487070720_n-327x318.jpg 327w, https:\/\/wp.ufpel.edu.br\/petartesvisuais\/files\/2019\/02\/45135302_10156717021564417_6506757642487070720_n-768x748.jpg 768w, https:\/\/wp.ufpel.edu.br\/petartesvisuais\/files\/2019\/02\/45135302_10156717021564417_6506757642487070720_n-816x795.jpg 816w\" sizes=\"auto, (max-width: 960px) 100vw, 960px\" \/><\/a><\/p>\n","protected":false},"excerpt":{"rendered":"<p>&#8220;Na pr\u00f3xima segunda-feira (05\/11) \u00e0s 15:30, na sala 502 do Centro de Artes da UFPel, receberemos o Prof. Chico Machado para uma palestra sobre sua produ\u00e7\u00e3o que transita entre a m\u00fasica experimental e as artes visuais. O Chico Machado \u00e9 professor do Departamento de Artes Dram\u00e1ticas da UFRGS e artista sonoro, sua palestra abord\u00e1 sua [&hellip;]<\/p>\n","protected":false},"author":557,"featured_media":0,"parent":0,"menu_order":0,"comment_status":"closed","ping_status":"closed","template":"","meta":{"jetpack_post_was_ever_published":false,"footnotes":""},"class_list":["post-694","page","type-page","status-publish","hentry"],"jetpack_sharing_enabled":true,"_links":{"self":[{"href":"https:\/\/wp.ufpel.edu.br\/petartesvisuais\/wp-json\/wp\/v2\/pages\/694","targetHints":{"allow":["GET"]}}],"collection":[{"href":"https:\/\/wp.ufpel.edu.br\/petartesvisuais\/wp-json\/wp\/v2\/pages"}],"about":[{"href":"https:\/\/wp.ufpel.edu.br\/petartesvisuais\/wp-json\/wp\/v2\/types\/page"}],"author":[{"embeddable":true,"href":"https:\/\/wp.ufpel.edu.br\/petartesvisuais\/wp-json\/wp\/v2\/users\/557"}],"replies":[{"embeddable":true,"href":"https:\/\/wp.ufpel.edu.br\/petartesvisuais\/wp-json\/wp\/v2\/comments?post=694"}],"version-history":[{"count":1,"href":"https:\/\/wp.ufpel.edu.br\/petartesvisuais\/wp-json\/wp\/v2\/pages\/694\/revisions"}],"predecessor-version":[{"id":704,"href":"https:\/\/wp.ufpel.edu.br\/petartesvisuais\/wp-json\/wp\/v2\/pages\/694\/revisions\/704"}],"wp:attachment":[{"href":"https:\/\/wp.ufpel.edu.br\/petartesvisuais\/wp-json\/wp\/v2\/media?parent=694"}],"curies":[{"name":"wp","href":"https:\/\/api.w.org\/{rel}","templated":true}]}}