{"id":685,"date":"2019-02-26T17:29:28","date_gmt":"2019-02-26T20:29:28","guid":{"rendered":"https:\/\/wp.ufpel.edu.br\/petartesvisuais\/?page_id=685"},"modified":"2020-01-13T11:39:47","modified_gmt":"2020-01-13T14:39:47","slug":"grupo-de-estudos-sobre-a-profundidade","status":"publish","type":"page","link":"https:\/\/wp.ufpel.edu.br\/petartesvisuais\/grupo-de-estudos-sobre-a-profundidade\/","title":{"rendered":"Grupo de Estudos sobre a Profundidade"},"content":{"rendered":"<p style=\"text-align: justify\"><b>Grupo de Estudos sobre a Profundidade, <\/b><span style=\"font-weight: 400\"><strong>coordenado pela Profa. Dra. Martha Gomes Freitas,<\/strong> re\u00fane interessados em desenvolver pesquisas pr\u00e1tico-reflexivas trazendo a profundidade como quest\u00e3o. Um desvelar que se coloca atrav\u00e9s da imers\u00e3o, da sobreposi\u00e7\u00e3o e da dist\u00e2ncia. Nessa dire\u00e7\u00e3o articulam-se interesses pr\u00f3prios e atravessamentos que dizem respeito ao corpo e aos lugares que ele ocupa, \u00e0s mem\u00f3rias e as sensa\u00e7\u00f5es que podem compromet\u00ea-lo e ativ\u00e1-lo. Participou desse grupo a bolsista Stela Kubiaki, que produziu um ensaio a partir dos estudos realizados, apresentado e publicado no CIC\/UFPel\/2018. Em 2019, a petiana a apresentou a produ\u00e7\u00e3o intelectual: O GESTO COMO PROCEDIMENTO E A\u00c7\u00c3O PO\u00c9TICA\u00a0 no CIC &#8211; XXVIII Congresso de Inicia\u00e7\u00e3o Cient\u00edfica, vinculada tamb\u00e9m, ao Projeto de Pesquisa: Estudo sobre a profundidade.<\/span><\/p>\n<p>link: http:\/\/cti.ufpel.edu.br\/siepe\/arquivos\/2019\/LA_02199.pdf<\/p>\n<p>&nbsp;<\/p>\n<p>&nbsp;<\/p>\n","protected":false},"excerpt":{"rendered":"<p>Grupo de Estudos sobre a Profundidade, coordenado pela Profa. Dra. Martha Gomes Freitas, re\u00fane interessados em desenvolver pesquisas pr\u00e1tico-reflexivas trazendo a profundidade como quest\u00e3o. Um desvelar que se coloca atrav\u00e9s da imers\u00e3o, da sobreposi\u00e7\u00e3o e da dist\u00e2ncia. Nessa dire\u00e7\u00e3o articulam-se interesses pr\u00f3prios e atravessamentos que dizem respeito ao corpo e aos lugares que ele ocupa, [&hellip;]<\/p>\n","protected":false},"author":557,"featured_media":0,"parent":0,"menu_order":0,"comment_status":"closed","ping_status":"closed","template":"","meta":{"jetpack_post_was_ever_published":false,"footnotes":""},"class_list":["post-685","page","type-page","status-publish","hentry"],"jetpack_sharing_enabled":true,"_links":{"self":[{"href":"https:\/\/wp.ufpel.edu.br\/petartesvisuais\/wp-json\/wp\/v2\/pages\/685","targetHints":{"allow":["GET"]}}],"collection":[{"href":"https:\/\/wp.ufpel.edu.br\/petartesvisuais\/wp-json\/wp\/v2\/pages"}],"about":[{"href":"https:\/\/wp.ufpel.edu.br\/petartesvisuais\/wp-json\/wp\/v2\/types\/page"}],"author":[{"embeddable":true,"href":"https:\/\/wp.ufpel.edu.br\/petartesvisuais\/wp-json\/wp\/v2\/users\/557"}],"replies":[{"embeddable":true,"href":"https:\/\/wp.ufpel.edu.br\/petartesvisuais\/wp-json\/wp\/v2\/comments?post=685"}],"version-history":[{"count":4,"href":"https:\/\/wp.ufpel.edu.br\/petartesvisuais\/wp-json\/wp\/v2\/pages\/685\/revisions"}],"predecessor-version":[{"id":1230,"href":"https:\/\/wp.ufpel.edu.br\/petartesvisuais\/wp-json\/wp\/v2\/pages\/685\/revisions\/1230"}],"wp:attachment":[{"href":"https:\/\/wp.ufpel.edu.br\/petartesvisuais\/wp-json\/wp\/v2\/media?parent=685"}],"curies":[{"name":"wp","href":"https:\/\/api.w.org\/{rel}","templated":true}]}}