{"id":662,"date":"2019-02-26T17:12:50","date_gmt":"2019-02-26T20:12:50","guid":{"rendered":"https:\/\/wp.ufpel.edu.br\/petartesvisuais\/?page_id=662"},"modified":"2019-02-26T17:53:40","modified_gmt":"2019-02-26T20:53:40","slug":"grupo-de-pesquisa-e-extensao-lugares-livro-dimensoes-materiais-e-poeticas","status":"publish","type":"page","link":"https:\/\/wp.ufpel.edu.br\/petartesvisuais\/grupo-de-pesquisa-e-extensao-lugares-livro-dimensoes-materiais-e-poeticas\/","title":{"rendered":"Grupo de Pesquisa e Extens\u00e3o Lugares-Livro &#8211; Dimens\u00f5es Materiais e Po\u00e9ticas"},"content":{"rendered":"<p style=\"text-align: justify\"><b>Lugares Livros &#8211; Dimens\u00f5es materiais e po\u00e9ticas, <\/b><span style=\"font-weight: 400\">o grupo \u00e9 coordenado pela Profa. Dra. Helene Sacco, reunindo pesquisadores interessados no Livro de Artista, contemplando a observa\u00e7\u00e3o, aspectos hist\u00f3ricos, seu fazer e compartilhamento com a comunidade, atrav\u00e9s de a\u00e7\u00f5es, oficinas, interven\u00e7\u00f5es, exposi\u00e7\u00f5es e feiras. Partindo da investiga\u00e7\u00e3o, levantamento e an\u00e1lise reflexiva das produ\u00e7\u00f5es inventariadas na arte contempor\u00e2nea, os participantes s\u00e3o convocados a articular rela\u00e7\u00f5es poss\u00edveis com suas pesquisas pessoais na cria\u00e7\u00e3o de livros, seja de \u00fanicos ou m\u00faltiplos, contribuindo no desenvolvimento das pesquisas discentes. Participaram desse grupo, que se re\u00fane semanalmente, possibilitando uma intensa produ\u00e7\u00e3o po\u00e9tica, bibliogr\u00e1fica e extensionista, as bolsistas: Stela Kubiak, Gabriela Cunha e Gabriela Costa.<\/span><\/p>\n<p>Conhe\u00e7a mais sobre o grupo: https:\/\/wp.ufpel.edu.br\/lugareslivro\/<\/p>\n<p><a href=\"https:\/\/wp.ufpel.edu.br\/petartesvisuais\/files\/2019\/02\/lugares.jpg\"><img loading=\"lazy\" decoding=\"async\" class=\"aligncenter size-full wp-image-593\" src=\"https:\/\/wp.ufpel.edu.br\/petartesvisuais\/files\/2019\/02\/lugares.jpg\" alt=\"\" width=\"960\" height=\"640\" srcset=\"https:\/\/wp.ufpel.edu.br\/petartesvisuais\/files\/2019\/02\/lugares.jpg 960w, https:\/\/wp.ufpel.edu.br\/petartesvisuais\/files\/2019\/02\/lugares-212x141.jpg 212w, https:\/\/wp.ufpel.edu.br\/petartesvisuais\/files\/2019\/02\/lugares-424x283.jpg 424w, https:\/\/wp.ufpel.edu.br\/petartesvisuais\/files\/2019\/02\/lugares-768x512.jpg 768w, https:\/\/wp.ufpel.edu.br\/petartesvisuais\/files\/2019\/02\/lugares-816x544.jpg 816w\" sizes=\"auto, (max-width: 960px) 100vw, 960px\" \/><\/a><a href=\"https:\/\/wp.ufpel.edu.br\/petartesvisuais\/files\/2019\/02\/livro-1.jpg\"><img loading=\"lazy\" decoding=\"async\" class=\"aligncenter size-full wp-image-678\" src=\"https:\/\/wp.ufpel.edu.br\/petartesvisuais\/files\/2019\/02\/livro-1.jpg\" alt=\"\" width=\"960\" height=\"540\" srcset=\"https:\/\/wp.ufpel.edu.br\/petartesvisuais\/files\/2019\/02\/livro-1.jpg 960w, https:\/\/wp.ufpel.edu.br\/petartesvisuais\/files\/2019\/02\/livro-1-212x119.jpg 212w, https:\/\/wp.ufpel.edu.br\/petartesvisuais\/files\/2019\/02\/livro-1-424x239.jpg 424w, https:\/\/wp.ufpel.edu.br\/petartesvisuais\/files\/2019\/02\/livro-1-768x432.jpg 768w, https:\/\/wp.ufpel.edu.br\/petartesvisuais\/files\/2019\/02\/livro-1-816x459.jpg 816w\" sizes=\"auto, (max-width: 960px) 100vw, 960px\" \/><\/a><a href=\"https:\/\/wp.ufpel.edu.br\/petartesvisuais\/files\/2019\/02\/lugares-livro-1.jpg\"><img loading=\"lazy\" decoding=\"async\" class=\"aligncenter size-full wp-image-680\" src=\"https:\/\/wp.ufpel.edu.br\/petartesvisuais\/files\/2019\/02\/lugares-livro-1.jpg\" alt=\"\" width=\"540\" height=\"960\" srcset=\"https:\/\/wp.ufpel.edu.br\/petartesvisuais\/files\/2019\/02\/lugares-livro-1.jpg 540w, https:\/\/wp.ufpel.edu.br\/petartesvisuais\/files\/2019\/02\/lugares-livro-1-89x159.jpg 89w, https:\/\/wp.ufpel.edu.br\/petartesvisuais\/files\/2019\/02\/lugares-livro-1-179x318.jpg 179w\" sizes=\"auto, (max-width: 540px) 100vw, 540px\" \/><\/a><a href=\"https:\/\/wp.ufpel.edu.br\/petartesvisuais\/files\/2019\/02\/Exposi\u00e7\u00e3o-Co-fluir-o-tempo-da-imagem-BH.png\"><img loading=\"lazy\" decoding=\"async\" class=\"aligncenter size-full wp-image-724\" src=\"https:\/\/wp.ufpel.edu.br\/petartesvisuais\/files\/2019\/02\/Exposi\u00e7\u00e3o-Co-fluir-o-tempo-da-imagem-BH.png\" alt=\"\" width=\"1362\" height=\"692\" srcset=\"https:\/\/wp.ufpel.edu.br\/petartesvisuais\/files\/2019\/02\/Exposi\u00e7\u00e3o-Co-fluir-o-tempo-da-imagem-BH.png 1362w, https:\/\/wp.ufpel.edu.br\/petartesvisuais\/files\/2019\/02\/Exposi\u00e7\u00e3o-Co-fluir-o-tempo-da-imagem-BH-212x108.png 212w, https:\/\/wp.ufpel.edu.br\/petartesvisuais\/files\/2019\/02\/Exposi\u00e7\u00e3o-Co-fluir-o-tempo-da-imagem-BH-424x215.png 424w, https:\/\/wp.ufpel.edu.br\/petartesvisuais\/files\/2019\/02\/Exposi\u00e7\u00e3o-Co-fluir-o-tempo-da-imagem-BH-768x390.png 768w, https:\/\/wp.ufpel.edu.br\/petartesvisuais\/files\/2019\/02\/Exposi\u00e7\u00e3o-Co-fluir-o-tempo-da-imagem-BH-816x415.png 816w\" sizes=\"auto, (max-width: 1362px) 100vw, 1362px\" \/><\/a><\/p>\n","protected":false},"excerpt":{"rendered":"<p>Lugares Livros &#8211; Dimens\u00f5es materiais e po\u00e9ticas, o grupo \u00e9 coordenado pela Profa. Dra. Helene Sacco, reunindo pesquisadores interessados no Livro de Artista, contemplando a observa\u00e7\u00e3o, aspectos hist\u00f3ricos, seu fazer e compartilhamento com a comunidade, atrav\u00e9s de a\u00e7\u00f5es, oficinas, interven\u00e7\u00f5es, exposi\u00e7\u00f5es e feiras. Partindo da investiga\u00e7\u00e3o, levantamento e an\u00e1lise reflexiva das produ\u00e7\u00f5es inventariadas na arte [&hellip;]<\/p>\n","protected":false},"author":557,"featured_media":0,"parent":0,"menu_order":0,"comment_status":"closed","ping_status":"closed","template":"","meta":{"jetpack_post_was_ever_published":false,"footnotes":""},"class_list":["post-662","page","type-page","status-publish","hentry"],"jetpack_sharing_enabled":true,"_links":{"self":[{"href":"https:\/\/wp.ufpel.edu.br\/petartesvisuais\/wp-json\/wp\/v2\/pages\/662","targetHints":{"allow":["GET"]}}],"collection":[{"href":"https:\/\/wp.ufpel.edu.br\/petartesvisuais\/wp-json\/wp\/v2\/pages"}],"about":[{"href":"https:\/\/wp.ufpel.edu.br\/petartesvisuais\/wp-json\/wp\/v2\/types\/page"}],"author":[{"embeddable":true,"href":"https:\/\/wp.ufpel.edu.br\/petartesvisuais\/wp-json\/wp\/v2\/users\/557"}],"replies":[{"embeddable":true,"href":"https:\/\/wp.ufpel.edu.br\/petartesvisuais\/wp-json\/wp\/v2\/comments?post=662"}],"version-history":[{"count":2,"href":"https:\/\/wp.ufpel.edu.br\/petartesvisuais\/wp-json\/wp\/v2\/pages\/662\/revisions"}],"predecessor-version":[{"id":725,"href":"https:\/\/wp.ufpel.edu.br\/petartesvisuais\/wp-json\/wp\/v2\/pages\/662\/revisions\/725"}],"wp:attachment":[{"href":"https:\/\/wp.ufpel.edu.br\/petartesvisuais\/wp-json\/wp\/v2\/media?parent=662"}],"curies":[{"name":"wp","href":"https:\/\/api.w.org\/{rel}","templated":true}]}}